{"id":8796,"date":"2020-12-05T13:17:51","date_gmt":"2020-12-05T13:17:51","guid":{"rendered":"https:\/\/taski.com\/conseils-dexperts\/nettoyage-mecanique\/"},"modified":"2023-10-03T08:44:52","modified_gmt":"2023-10-03T08:44:52","slug":"nettoyage-mecanique","status":"publish","type":"page","link":"https:\/\/staging.taski.com\/fr\/pourquoi-taski\/conseils-dexperts\/nettoyage-mecanique\/","title":{"rendered":"Nettoyage m\u00e9canis\u00e9"},"content":{"rendered":"<div class=\"wpb-content-wrapper\"><p>[vc_row][vc_column]\n  <div class=\"main-banner-block full-width content-video-no\" style=\"background-image:url(https:\/\/staging.taski.com\/wp-content\/uploads\/2021\/05\/swingo-250-0021.jpg);\">\n         <div class=\"main-banner-block-i\">\n      <div class=\"row\">\n       <div class=\"mbb-fl\">\n        <div class=\"main-banner-block-content\">\n            <h2>O\u00f9 en \u00eates-vous dans l'\u00e9volution du nettoyage ?<br \/>\nVoici les principales raisons pour lesquelles les machines sont bien plus efficaces que les m\u00e9thodes manuelles...<\/h2>\n            <div class=\"button-wrapper\">\n                        <\/div>\n        <\/div>\n               <\/div>\n      <\/div>\n\n\n    <\/div>\n  <\/div>\n  <div class=\"cl-fl\"><\/div>\n[\/vc_column][\/vc_row][vc_row][vc_column]\n  <div class=\"page-description-block style-dark\">\n    <div class=\"page-description-block-i\">\n      <div class=\"row\">\n        <div class=\"page-description-content\">\n          <\/div><\/div><\/div><\/div><\/p>\n<h2>Nettoyage m\u00e9canis\u00e9<\/h2>\n<p>Pour ceux qui souhaitent obtenir le meilleur r\u00e9sultat de nettoyage possible, le nettoyage m\u00e9canique est sup\u00e9rieur au lavage \u00e0 plat \u00e0 tous points de vue pour atteindre l&rsquo;<strong>excellence en mati\u00e8re de nettoyage.<\/strong><\/p>\n<p>\u2713 Am\u00e9lioration de la vitesse &#8211; prend moins de temps pr\u00e9cieux pour le nettoyage afin que vous puissiez vous <strong><\/strong><strong>vous concentrer sur les t\u00e2ches de nettoyage \u00e0 plus haut risque ou plus valoris\u00e9es.<\/strong><\/p>\n<p><img alt=\"\" loading=\"lazy\" decoding=\"async\" class=\"alignnone wp-image-2990\" src=\"https:\/\/taski.com\/wp-content\/uploads\/2021\/01\/More-productive-image.png\" alt=\"\" width=\"701\" height=\"224\" srcset=\"https:\/\/staging.taski.com\/wp-content\/uploads\/2021\/01\/More-productive-image.png 1240w, https:\/\/staging.taski.com\/wp-content\/uploads\/2021\/01\/More-productive-image-600x192.png 600w\" sizes=\"auto, (max-width: 701px) 100vw, 701px\" \/><\/p>\n<p>\u2713 R\u00e9sultat de nettoyage sup\u00e9rieur &#8211; les machines appliquent <strong>10 x plus de pression de nettoyage<\/strong> pour un meilleur r\u00e9sultat de nettoyage, elles travaillent plus rapidement et laissent les sols beaucoup plus secs. Une <strong>op\u00e9ration automatis\u00e9e <\/strong>en <strong>une seule fois.<\/strong><\/p>\n<p><img alt=\"\" loading=\"lazy\" decoding=\"async\" class=\"alignnone wp-image-2988\" src=\"https:\/\/taski.com\/wp-content\/uploads\/2021\/01\/Cleaner-floors-image.png\" alt=\"\" width=\"699\" height=\"226\" srcset=\"https:\/\/staging.taski.com\/wp-content\/uploads\/2021\/01\/Cleaner-floors-image.png 1242w, https:\/\/staging.taski.com\/wp-content\/uploads\/2021\/01\/Cleaner-floors-image-600x194.png 600w\" sizes=\"auto, (max-width: 699px) 100vw, 699px\" \/><\/p>\n<p>\u2713 Plus s\u00fbr &#8211; les machines rendent votre environnement de travail plus s\u00fbr. Les machines <strong>\u00e9liminent 65% d&rsquo;eau en plus<\/strong> que le balayage humide. <strong><\/strong><strong>Moins d&rsquo;eau = moins de glissades.<\/strong><\/p>\n<p><img alt=\"\" loading=\"lazy\" decoding=\"async\" class=\"alignnone wp-image-2989\" src=\"https:\/\/taski.com\/wp-content\/uploads\/2021\/01\/Safer-Floors-image.png\" alt=\"\" width=\"700\" height=\"231\" srcset=\"https:\/\/staging.taski.com\/wp-content\/uploads\/2021\/01\/Safer-Floors-image.png 1242w, https:\/\/staging.taski.com\/wp-content\/uploads\/2021\/01\/Safer-Floors-image-600x198.png 600w\" sizes=\"auto, (max-width: 700px) 100vw, 700px\" \/><\/p>\n<p>\u2713 Hygi\u00e9nique &#8211; les machines rendent votre environnement de travail plus hygi\u00e9nique. Les machines \u00e9liminent <strong>5 fois plus de salissures.<\/strong> <strong><\/strong><strong>Moins de salissures = moins de germes.<\/strong><\/p>\n<p>\u2713 Mieux pour votre personnel &#8211; les machines sont <strong>plus ergonomiques et moins fatigantes<\/strong> pour les op\u00e9rateurs. Ils peuvent m\u00eame choisir de faire du v\u00e9lo tout en nettoyant !<\/p>\n<p>\u2713 Co\u00fbts r\u00e9duits et moins de d\u00e9chets &#8211; les machines utilisent moins d&rsquo;eau et moins de produits chimiques. <strong>Plus s\u00fbr + moins cher = tout simplement bien mieux !<\/strong><\/p>\n        <\/div>\n      \n    \n  \n  <div class=\"cl-fl\"><\/div>\n[\/vc_column][\/vc_row][vc_row css=\u00a0\u00bb.vc_custom_1607164076720{padding-top: 90px !important;padding-bottom: 190px !important;}\u00a0\u00bb][vc_column][vc_column_text css=\u00a0\u00bb.vc_custom_1608052861471{padding-bottom: 90px !important;}\u00a0\u00bb]\n<h2 style=\"text-align: center;\">T\u00e9l\u00e9chargements<\/h2>\n<p>[\/vc_column_text][vc_row_inner css=\u00a0\u00bb.vc_custom_1607161003581{padding-bottom: 50px !important;}\u00a0\u00bb][vc_column_inner width=\u00a0\u00bb1\/3&Prime;]  <div class=\"feature-icon-w\">\n    <div class=\"feature-icon-i\">\n     <a href=\"https:\/\/taski.com\/wp-content\/uploads\/2021\/07\/Brochure-Machines-TASKI-2021.pdf\" target=\"_blank\">       <div class=\"feature-tbl\">\n        <div class=\"feature-cell image-cell\">\n          <img decoding=\"async\" class=\"aligncenter size-full\" alt=\"\" src=\"https:\/\/staging.taski.com\/wp-content\/uploads\/2020\/12\/icon-document.png\"\/>\n        <\/div>\n        <div class=\"feature-cell description-cell\">\n          <p>Brochure Machines TASKI<\/p>\n        <\/div>\n       <\/div>\n        <\/a>       <div class=\"cl-fl\"><\/div>\n    <\/div>\n  <\/div>\n[\/vc_column_inner][\/vc_row_inner][\/vc_column][\/vc_row][vc_row css=\u00a0\u00bb.vc_custom_1607327415736{background-color: #fafafa !important;}\u00a0\u00bb][vc_column]\n  <div class=\"two-cta-block\">\n    <div class=\"two-cta-block-i\">\n      <div class=\"row\">\n        <div class=\"two-cta-block-grid\">\n           <div class=\"two-cta-item\">\n            <div class=\"tci-i\">\n             <div class=\"tci-item-content\">\n                <h5>Vous souhaitez nous contacter ?<\/h5>\n                <a href=\"\/news-help-contacts\/ask-paul-contact\/\"><p>CONTACTEZ-NOUS<\/p><\/a>\n             <\/div>\n            <\/div>\n           <\/div>\n           <div class=\"two-cta-item\">\n            <div class=\"tci-i\">\n             <div class=\"tci-item-content\">\n                <h5>Une question ?<br \/>\n<strong>Consultez notre FAQ<\/strong><\/h5>\n                <a href=\"\/faq\/\"><p>FAQ<\/p><\/a>\n             <\/div>\n            <\/div>\n           <\/div>\n        <\/div>\n      <\/div>\n    <\/div>\n  <\/div>\n  <div class=\"cl-fl\"><\/div>\n[\/vc_column][\/vc_row]<\/p>\n","protected":false},"excerpt":{"rendered":"<p>O\u00f9 en \u00eates-vous dans l&rsquo;\u00e9volution du nettoyage ?<br \/>\nVoici les principales raisons pour lesquelles les machines sont bien meilleures que le balai \u00e0 franges&#8230;<\/p>\n","protected":false},"author":1,"featured_media":18129,"parent":8310,"menu_order":679,"comment_status":"closed","ping_status":"closed","template":"","meta":{"_acf_changed":false,"_seopress_robots_primary_cat":"","_seopress_titles_title":"","_seopress_titles_desc":"","_seopress_robots_index":"","inline_featured_image":false,"footnotes":""},"class_list":["post-8796","page","type-page","status-publish","has-post-thumbnail","hentry"],"acf":[],"_links":{"self":[{"href":"https:\/\/staging.taski.com\/fr\/wp-json\/wp\/v2\/pages\/8796","targetHints":{"allow":["GET"]}}],"collection":[{"href":"https:\/\/staging.taski.com\/fr\/wp-json\/wp\/v2\/pages"}],"about":[{"href":"https:\/\/staging.taski.com\/fr\/wp-json\/wp\/v2\/types\/page"}],"author":[{"embeddable":true,"href":"https:\/\/staging.taski.com\/fr\/wp-json\/wp\/v2\/users\/1"}],"replies":[{"embeddable":true,"href":"https:\/\/staging.taski.com\/fr\/wp-json\/wp\/v2\/comments?post=8796"}],"version-history":[{"count":0,"href":"https:\/\/staging.taski.com\/fr\/wp-json\/wp\/v2\/pages\/8796\/revisions"}],"up":[{"embeddable":true,"href":"https:\/\/staging.taski.com\/fr\/wp-json\/wp\/v2\/pages\/8310"}],"wp:featuredmedia":[{"embeddable":true,"href":"https:\/\/staging.taski.com\/fr\/wp-json\/wp\/v2\/media\/18129"}],"wp:attachment":[{"href":"https:\/\/staging.taski.com\/fr\/wp-json\/wp\/v2\/media?parent=8796"}],"curies":[{"name":"wp","href":"https:\/\/api.w.org\/{rel}","templated":true}]}}