{"id":8724,"date":"2020-12-05T13:16:40","date_gmt":"2020-12-05T13:16:40","guid":{"rendered":"https:\/\/taski.com\/conseils-dexperts\/outils-electroniques\/"},"modified":"2021-09-10T10:29:19","modified_gmt":"2021-09-10T10:29:19","slug":"outils-electroniques","status":"publish","type":"page","link":"https:\/\/staging.taski.com\/fr\/pourquoi-taski\/conseils-dexperts\/outils-electroniques\/","title":{"rendered":"Outils \u00e9lectroniques"},"content":{"rendered":"<div class=\"wpb-content-wrapper\"><p>[vc_row][vc_column]\n  <div class=\"main-banner-block full-width content-video-no\" style=\"background-image:url(https:\/\/staging.taski.com\/wp-content\/uploads\/2020\/12\/electronic-tools-1.jpg);\">\n         <div class=\"main-banner-block-i\">\n      <div class=\"row\">\n       <div class=\"mbb-fl\">\n        <div class=\"main-banner-block-content\">\n            <h2>Des outils \u00e9lectroniques qui vous permettent de devenir votre propre expert du bout des doigts.<br \/>\n<strong>TASKI Selector \/ TASKI APP \/ IntelliTrail Analytics \/ Assistance \u00e0 distance<\/strong><\/h2>\n            <div class=\"button-wrapper\">\n                        <\/div>\n        <\/div>\n               <\/div>\n      <\/div>\n\n\n    <\/div>\n  <\/div>\n  <div class=\"cl-fl\"><\/div>\n[\/vc_column][\/vc_row][vc_row][vc_column]\n  <div class=\"page-description-block style-dark\">\n    <div class=\"page-description-block-i\">\n      <div class=\"row\">\n        <div class=\"page-description-content\">\n          <\/div><\/div><\/div><\/div><\/p>\n<h2>Outils \u00e9lectroniques<\/h2>\n<p><span data-sheets-value=\"{\" data-sheets-userformat=\"{\" data-sheets-textstyleruns=\"[null,0,{\"><strong><img alt=\"\" loading=\"lazy\" decoding=\"async\" class=\"alignnone wp-image-1246\" src=\"https:\/\/taski.com\/wp-content\/uploads\/2020\/12\/fleet-management-300x204.jpg\" alt=\"\" width=\"500\" height=\"340\" \/><\/strong><\/span><\/p>\n<p><span data-sheets-value=\"{\" data-sheets-userformat=\"{\" data-sheets-textstyleruns=\"[null,0,{\"><strong>S\u00e9lecteur TASKI<\/strong><br \/>\nUn outil de mod\u00e9lisation tr\u00e8s sophistiqu\u00e9 pour concevoir votre machine id\u00e9ale, qui calcule m\u00eame votre co\u00fbt total de nettoyage. Cliquez ici pour le <a href=\"\/selecteur-taski\/?lang=fr\">s\u00e9lecteur TASKI.<\/a><\/span><\/p>\n<p><strong><img alt=\"\" loading=\"lazy\" decoding=\"async\" class=\"alignnone wp-image-676\" src=\"https:\/\/taski.com\/wp-content\/uploads\/2020\/12\/electronic-tools-1-300x169.jpg\" alt=\"\" width=\"500\" height=\"282\" \/><\/strong><\/p>\n<p><strong>TASKI App<\/strong><br \/>\nAcc\u00e9dez \u00e0 presque tout TASKI via votre t\u00e9l\u00e9phone ou votre tablette en un seul endroit. Cliquez ici pour t\u00e9l\u00e9charger l&rsquo;<a href=\"https:\/\/taski.com\/selecteur-taski\/?lang=fr\">application TASKI<\/a><\/p>\n<p><strong><img alt=\"\" loading=\"lazy\" decoding=\"async\" class=\"alignnone wp-image-520\" src=\"https:\/\/taski.com\/wp-content\/uploads\/2020\/12\/internet-of-clean-300x300.jpg\" alt=\"\" width=\"500\" height=\"500\" srcset=\"https:\/\/staging.taski.com\/wp-content\/uploads\/2020\/12\/internet-of-clean-300x300.jpg 300w, https:\/\/staging.taski.com\/wp-content\/uploads\/2020\/12\/internet-of-clean-100x100.jpg 100w, https:\/\/staging.taski.com\/wp-content\/uploads\/2020\/12\/internet-of-clean.jpg 600w\" sizes=\"auto, (max-width: 500px) 100vw, 500px\" \/><\/strong><\/p>\n<p><strong>TASKI IntelliTrail<\/strong><br \/>\nUn outil d&rsquo;analyse \u00e9lectronique pour faire de vous un expert en gestion de flotte. Cliquez ici pour <a href=\"https:\/\/taski.com\/intelligent-solution\/intellitrail-telemetrie-avancee-pour-la-gestion-de-flotte\/?lang=fr\">IntelliTrail<\/a><\/p>\n<p><strong><img alt=\"\" loading=\"lazy\" decoding=\"async\" class=\"alignnone wp-image-526\" src=\"https:\/\/taski.com\/wp-content\/uploads\/2020\/12\/taski-helps-300x300.jpg\" alt=\"\" width=\"500\" height=\"500\" srcset=\"https:\/\/staging.taski.com\/wp-content\/uploads\/2020\/12\/taski-helps-300x300.jpg 300w, https:\/\/staging.taski.com\/wp-content\/uploads\/2020\/12\/taski-helps-100x100.jpg 100w, https:\/\/staging.taski.com\/wp-content\/uploads\/2020\/12\/taski-helps.jpg 400w\" sizes=\"auto, (max-width: 500px) 100vw, 500px\" \/><\/strong><\/p>\n<p><strong>Assistance \u00e0 distance<\/strong><br \/>\nPour les cas o\u00f9 nos experts ne peuvent pas \u00eatre pr\u00e9sents en personne. Nos experts diagnostiqueront \u00e0 distance et r\u00e9soudront les probl\u00e8mes en temps r\u00e9el.<\/p>\n        <\/div>\n      \n    \n  \n  <div class=\"cl-fl\"><\/div>\n[\/vc_column][\/vc_row][vc_row css=\u00a0\u00bb.vc_custom_1607327415736{background-color: #fafafa !important;}\u00a0\u00bb][vc_column]\n  <div class=\"two-cta-block\">\n    <div class=\"two-cta-block-i\">\n      <div class=\"row\">\n        <div class=\"two-cta-block-grid\">\n           <div class=\"two-cta-item\">\n            <div class=\"tci-i\">\n             <div class=\"tci-item-content\">\n                <h5>Vous souhaitez<br \/>\nnous contacter ?<\/h5>\n                <a href=\"\/contact-us\/\"><p>Contactez-nous<\/p><\/a>\n             <\/div>\n            <\/div>\n           <\/div>\n           <div class=\"two-cta-item\">\n            <div class=\"tci-i\">\n             <div class=\"tci-item-content\">\n                <h5>Vous avez une question ? <strong>Parcourez nos FAQs<\/strong><br \/>\nou contactez nos experts.<\/h5>\n                <a href=\"\/faq\/\"><p>FAQ<\/p><\/a>\n             <\/div>\n            <\/div>\n           <\/div>\n        <\/div>\n      <\/div>\n    <\/div>\n  <\/div>\n  <div class=\"cl-fl\"><\/div>\n[\/vc_column][\/vc_row]\n","protected":false},"excerpt":{"rendered":"<p>Des outils \u00e9lectroniques qui vous permettent de devenir votre propre expert du bout des doigts.<br \/>\nTASKI Selector \/TASKI APP\/ IntelliTrail Analytics \/ T\u00e9l\u00e9guidage<\/p>\n","protected":false},"author":1,"featured_media":8728,"parent":8310,"menu_order":664,"comment_status":"closed","ping_status":"closed","template":"","meta":{"_acf_changed":false,"_seopress_robots_primary_cat":"","_seopress_titles_title":"","_seopress_titles_desc":"","_seopress_robots_index":"","inline_featured_image":false,"footnotes":""},"class_list":["post-8724","page","type-page","status-publish","has-post-thumbnail","hentry"],"acf":[],"_links":{"self":[{"href":"https:\/\/staging.taski.com\/fr\/wp-json\/wp\/v2\/pages\/8724","targetHints":{"allow":["GET"]}}],"collection":[{"href":"https:\/\/staging.taski.com\/fr\/wp-json\/wp\/v2\/pages"}],"about":[{"href":"https:\/\/staging.taski.com\/fr\/wp-json\/wp\/v2\/types\/page"}],"author":[{"embeddable":true,"href":"https:\/\/staging.taski.com\/fr\/wp-json\/wp\/v2\/users\/1"}],"replies":[{"embeddable":true,"href":"https:\/\/staging.taski.com\/fr\/wp-json\/wp\/v2\/comments?post=8724"}],"version-history":[{"count":0,"href":"https:\/\/staging.taski.com\/fr\/wp-json\/wp\/v2\/pages\/8724\/revisions"}],"up":[{"embeddable":true,"href":"https:\/\/staging.taski.com\/fr\/wp-json\/wp\/v2\/pages\/8310"}],"wp:featuredmedia":[{"embeddable":true,"href":"https:\/\/staging.taski.com\/fr\/wp-json\/wp\/v2\/media\/8728"}],"wp:attachment":[{"href":"https:\/\/staging.taski.com\/fr\/wp-json\/wp\/v2\/media?parent=8724"}],"curies":[{"name":"wp","href":"https:\/\/api.w.org\/{rel}","templated":true}]}}