{"id":8711,"date":"2020-12-05T13:15:42","date_gmt":"2020-12-05T13:15:42","guid":{"rendered":"https:\/\/taski.com\/conseils-dexperts\/nos-experts\/"},"modified":"2021-09-01T14:01:42","modified_gmt":"2021-09-01T14:01:42","slug":"nos-experts","status":"publish","type":"page","link":"https:\/\/staging.taski.com\/fr\/pourquoi-taski\/conseils-dexperts\/nos-experts\/","title":{"rendered":"Nos experts"},"content":{"rendered":"<div class=\"wpb-content-wrapper\"><p>[vc_row][vc_column]\n  <div class=\"main-banner-block full-width content-video-no\" style=\"background-image:url(https:\/\/staging.taski.com\/wp-content\/uploads\/2020\/12\/our-experts-1.jpg);\">\n         <div class=\"main-banner-block-i\">\n      <div class=\"row\">\n       <div class=\"mbb-fl\">\n        <div class=\"main-banner-block-content\">\n            <h2>Vos propres conseillers experts en nettoyage.<br \/>\nNotre approche consultative permet d'obtenir les meilleurs conseils d'experts.<\/h2>\n            <div class=\"button-wrapper\">\n                        <\/div>\n        <\/div>\n               <\/div>\n      <\/div>\n\n\n    <\/div>\n  <\/div>\n  <div class=\"cl-fl\"><\/div>\n[\/vc_column][\/vc_row][vc_row][vc_column]\n  <div class=\"page-description-block style-dark\">\n    <div class=\"page-description-block-i\">\n      <div class=\"row\">\n        <div class=\"page-description-content\">\n          <\/div><\/div><\/div><\/div><\/p>\n<h2>Nos experts<\/h2>\n<ul>\n<li>Une \u00e9quipe d&rsquo;experts hautement qualifi\u00e9s et tr\u00e8s exp\u00e9riment\u00e9s<\/li>\n<li>Connaissance de l&rsquo;ensemble du portefeuille &#8211; produits chimiques, ustensiles et machines de nettoyage<\/li>\n<li>Des experts reconnus<\/li>\n<li>Soutien mondial avec partage des meilleures pratiques et tendances march\u00e9<\/li>\n<li>L&rsquo;excellence en mati\u00e8re de nettoyage<\/li>\n<li>Form\u00e9s \u00e0 l&rsquo;expertise des applications les plus r\u00e9centes<\/li>\n<li>Des outils de pointe tels qu&rsquo;IntelliTrail<\/li>\n<li>Les outils d&rsquo;audit tels qu&rsquo;IntelliTrail Analytics pour aider les clients \u00e0 faire les meilleurs choix<\/li>\n<li>Nos outils d&rsquo;assistance \u00e0 distance nous permettent de fournir de l&rsquo;aide et des conseils m\u00eame lorsque nous ne pouvons pas \u00eatre pr\u00e9sents en personne.<br \/>\n<img alt=\"\" loading=\"lazy\" decoding=\"async\" class=\"alignnone wp-image-518\" src=\"https:\/\/taski.com\/wp-content\/uploads\/2020\/12\/expert-advice-300x300.jpg\" alt=\"\" width=\"280\" height=\"280\" srcset=\"https:\/\/staging.taski.com\/wp-content\/uploads\/2020\/12\/expert-advice-300x300.jpg 300w, https:\/\/staging.taski.com\/wp-content\/uploads\/2020\/12\/expert-advice-100x100.jpg 100w, https:\/\/staging.taski.com\/wp-content\/uploads\/2020\/12\/expert-advice.jpg 600w\" sizes=\"auto, (max-width: 280px) 100vw, 280px\" \/><img alt=\"\" loading=\"lazy\" decoding=\"async\" class=\"alignnone wp-image-50\" src=\"https:\/\/taski.com\/wp-content\/uploads\/2020\/11\/why-taski-300x271.jpg\" alt=\"\" width=\"310\" height=\"280\" \/><img alt=\"\" loading=\"lazy\" decoding=\"async\" class=\"alignnone wp-image-529\" src=\"https:\/\/taski.com\/wp-content\/uploads\/2020\/12\/taski-supports-300x300.jpg\" alt=\"\" width=\"280\" height=\"280\" srcset=\"https:\/\/staging.taski.com\/wp-content\/uploads\/2020\/12\/taski-supports-300x300.jpg 300w, https:\/\/staging.taski.com\/wp-content\/uploads\/2020\/12\/taski-supports-100x100.jpg 100w, https:\/\/staging.taski.com\/wp-content\/uploads\/2020\/12\/taski-supports.jpg 400w\" sizes=\"auto, (max-width: 280px) 100vw, 280px\" \/><\/li>\n<\/ul>\n<p>Vous avez une question ? Rendez-vous sur notre page Contact et nos experts se feront un plaisir de vous aider.<\/p>\n        <\/div>\n      \n    \n  \n  <div class=\"cl-fl\"><\/div>\n[\/vc_column][\/vc_row][vc_row css=\u00a0\u00bb.vc_custom_1607327415736{background-color: #fafafa !important;}\u00a0\u00bb][vc_column]\n  <div class=\"two-cta-block\">\n    <div class=\"two-cta-block-i\">\n      <div class=\"row\">\n        <div class=\"two-cta-block-grid\">\n           <div class=\"two-cta-item\">\n            <div class=\"tci-i\">\n             <div class=\"tci-item-content\">\n                <h5>Vous souhaitez nous contacter ?<\/h5>\n                <a href=\"\/news-help-contacts\/ask-paul-contact\/\"><p>CONTACTEZ-NOUS<\/p><\/a>\n             <\/div>\n            <\/div>\n           <\/div>\n           <div class=\"two-cta-item\">\n            <div class=\"tci-i\">\n             <div class=\"tci-item-content\">\n                <h5><strong>Consultez notre FAQ<\/strong><br \/>\nou contactez l'un de nos experts.<\/h5>\n                <a href=\"\/faq\/\"><p>FAQ<\/p><\/a>\n             <\/div>\n            <\/div>\n           <\/div>\n        <\/div>\n      <\/div>\n    <\/div>\n  <\/div>\n  <div class=\"cl-fl\"><\/div>\n[\/vc_column][\/vc_row]\n","protected":false},"excerpt":{"rendered":"<p>Vos propres conseillers experts en nettoyage. Notre approche consultative permet d&rsquo;obtenir les meilleurs conseils d&rsquo;experts.<\/p>\n","protected":false},"author":1,"featured_media":8713,"parent":8310,"menu_order":668,"comment_status":"closed","ping_status":"closed","template":"","meta":{"_acf_changed":false,"_seopress_robots_primary_cat":"","_seopress_titles_title":"","_seopress_titles_desc":"","_seopress_robots_index":"","inline_featured_image":false,"footnotes":""},"class_list":["post-8711","page","type-page","status-publish","has-post-thumbnail","hentry"],"acf":[],"_links":{"self":[{"href":"https:\/\/staging.taski.com\/fr\/wp-json\/wp\/v2\/pages\/8711","targetHints":{"allow":["GET"]}}],"collection":[{"href":"https:\/\/staging.taski.com\/fr\/wp-json\/wp\/v2\/pages"}],"about":[{"href":"https:\/\/staging.taski.com\/fr\/wp-json\/wp\/v2\/types\/page"}],"author":[{"embeddable":true,"href":"https:\/\/staging.taski.com\/fr\/wp-json\/wp\/v2\/users\/1"}],"replies":[{"embeddable":true,"href":"https:\/\/staging.taski.com\/fr\/wp-json\/wp\/v2\/comments?post=8711"}],"version-history":[{"count":0,"href":"https:\/\/staging.taski.com\/fr\/wp-json\/wp\/v2\/pages\/8711\/revisions"}],"up":[{"embeddable":true,"href":"https:\/\/staging.taski.com\/fr\/wp-json\/wp\/v2\/pages\/8310"}],"wp:featuredmedia":[{"embeddable":true,"href":"https:\/\/staging.taski.com\/fr\/wp-json\/wp\/v2\/media\/8713"}],"wp:attachment":[{"href":"https:\/\/staging.taski.com\/fr\/wp-json\/wp\/v2\/media?parent=8711"}],"curies":[{"name":"wp","href":"https:\/\/api.w.org\/{rel}","templated":true}]}}