{"id":8597,"date":"2020-11-30T16:02:46","date_gmt":"2020-11-30T16:02:46","guid":{"rendered":"https:\/\/taski.com\/hospitalite\/"},"modified":"2021-07-28T14:49:38","modified_gmt":"2021-07-28T14:49:38","slug":"hospitalite","status":"publish","type":"page","link":"https:\/\/staging.taski.com\/fr\/pourquoi-taski\/vos-marches-et-secteurs\/hospitalite\/","title":{"rendered":"H\u00f4tellerie"},"content":{"rendered":"<div class=\"wpb-content-wrapper\"><p>[vc_row][vc_column]\n  <div class=\"page-intro-block size-fit-image style-dark font-large\">\n         <div class=\"page-intro-block-i\">\n      <div class=\"row\">\n        <div class=\"page-intro-content\">\n            <div class=\"title-block\">\n                                     <h2><span class=\"pt\">H\u00f4tellerie<\/span>Avez-vous besoin d'am\u00e9liorer l'exp\u00e9rience de vos clients et de promouvoir <strong>les normes d'hygi\u00e8ne<\/strong>de votre <strong>marque ?<\/strong><br \/>\nTASKI peut vous aider.<\/h2>\n                                                 <\/div>\n            <div class=\"page-intro-image\">\n                                <div class=\"page-intro-image-alt\">\n                    \n                    <img decoding=\"async\" src=\"https:\/\/staging.taski.com\/wp-content\/uploads\/2021\/01\/HOSPITALITY_12_FLOOR_CLEANING-1.jpg\" alt=\"\" \/>\n\n                <\/div>\n            <\/div>\n        <\/div>\n      <\/div>\n\n\n    <\/div>\n  <\/div>\n  <div class=\"cl-fl\"><\/div>\n[\/vc_column][\/vc_row][vc_row css=\u00a0\u00bb.vc_custom_1606587476742{padding-top: 80px !important;padding-bottom: 95px !important;}\u00a0\u00bb][vc_column][vc_row_inner][vc_column_inner]\n  <div class=\"page-video-block\">\n    <div class=\"page-video-block-i\">\n      <div class=\"row\">\n        <div class=\"page-video-block-content\">\n            <div class=\"title-block\">\n                 <h2>Quels sont vos d\u00e9fis principaux ?<\/h2>\n            <\/div>\n            <div class=\"page-video-image\">\n                \n              <a href=\"#\" class=\"video-player-link\" data-video-id=\"485944451\" data-src=\"https:\/\/player.vimeo.com\/video\/485944451\">\n                <img decoding=\"async\" src=\"https:\/\/staging.taski.com\/wp-content\/uploads\/2021\/01\/Hospitality-needs-image.jpg\" alt=\"Quels sont vos d\u00e9fis principaux ? Image\" \/>\n\n     <div class=\"page-video-video-abs\"><div class=\"video-embed\"><iframe loading=\"lazy\" id=\"\" src=\"\" width=\"100%\" height=\"100%\" frameborder=\"0\" style=\"position:absolute;top:0;left:0;width:100%;height:100%;\"   allow=\"autoplay; fullscreen\" muted webkitallowfullscreen mozallowfullscreen allowfullscreen><\/iframe><\/div><\/div>              <\/a>\n            <\/div>\n        <\/div>\n      <\/div>\n\n\n    <\/div>\n  <\/div>\n  <div class=\"cl-fl\"><\/div>\n[\/vc_column_inner][\/vc_row_inner][\/vc_column][\/vc_row][vc_row css=\u00a0\u00bb.vc_custom_1608033524076{padding-top: 80px !important;padding-bottom: 80px !important;background-color: #ffffff !important;}\u00a0\u00bb][vc_column]\n  <div class=\"taski-carousel-block \" style=\"\">\n    <div class=\"taski-carousel-block-i\">\n\n      <div class=\"taski-carousel-title\"><p>Nous comprenons les besoins de votre secteur<\/p><\/div>\n      <div class=\"row\">\n       <div class=\"taski-carousel-holder\">\n        <div class=\"taski-carousel owl-carousel owl-theme\" id=\"taski-carousel\">\n                                    <div class=\"item taski-slide\">\n                            <div class=\"its-i\">\n                <div class=\"media-w\">\n                    <div class=\"image\">\n                      <div class=\"image-i\">\n                        <img decoding=\"async\" src=\"https:\/\/staging.taski.com\/wp-content\/uploads\/2020\/12\/sustainability.svg\" \/>\n                      <\/div>\n                    <\/div>\n                <\/div>\n                <div class=\"text\">\n                    <div class=\"title\">D\u00e9veloppement Durable<\/div>\n                    <p>R\u00e9duisez les d\u00e9penses \u00e9nerg\u00e9tiques jusqu'\u00e0 76% pour atteindre vos objectifs de d\u00e9veloppement durable. <strong>Jetez un coup d'\u0153il \u00e0 nos solutions intelligentes.<\/strong> Des technologies et des produits con\u00e7us pour utiliser moins d'\u00e9nergie, moins d'eau, moins de produits chimiques et moins de d\u00e9chets.<\/p>\n                                    <\/div>\n              <\/div>\n                          <\/div>\n            <div class=\"item taski-slide\">\n                            <div class=\"its-i\">\n                <div class=\"media-w\">\n                    <div class=\"image\">\n                      <div class=\"image-i\">\n                        <img decoding=\"async\" src=\"https:\/\/staging.taski.com\/wp-content\/uploads\/2020\/12\/people-safety.svg\" \/>\n                      <\/div>\n                    <\/div>\n                <\/div>\n                <div class=\"text\">\n                    <div class=\"title\">S\u00e9curit\u00e9 des personnes<\/div>\n                    <p>Prot\u00e9gez votre \u00e9quipe et vos clients en am\u00e9liorant l'hygi\u00e8ne, la qualit\u00e9 de l'air et la s\u00e9curit\u00e9 des sols. Passez aux filtres HEPA et aux <strong>autolaveuses \u00e0 batterie TASKI.<\/strong> Deux changements simples pour une meilleure qualit\u00e9 de l'air et des sols plus s\u00fbrs et plus hygi\u00e9niques.<\/p>\n                                    <\/div>\n              <\/div>\n                          <\/div>\n            <div class=\"item taski-slide\">\n                            <div class=\"its-i\">\n                <div class=\"media-w\">\n                    <div class=\"image\">\n                      <div class=\"image-i\">\n                        <img decoding=\"async\" src=\"https:\/\/staging.taski.com\/wp-content\/uploads\/2020\/12\/customer-experience.svg\" \/>\n                      <\/div>\n                    <\/div>\n                <\/div>\n                <div class=\"text\">\n                    <div class=\"title\">Exp\u00e9rience Clients<\/div>\n                    <p>Cr\u00e9ez une exp\u00e9rience m\u00e9morable pour vos clients. Passez moins de temps \u00e0 nettoyer et consacrez leur plus de temps gr\u00e2ce \u00e0 nos derniers <strong>aspirateurs et autolaveuses \u00e0 batterie Li-Ion sans c\u00e2ble.<\/strong><\/p>\n                                    <\/div>\n              <\/div>\n                          <\/div>\n            <div class=\"item taski-slide\">\n                            <div class=\"its-i\">\n                <div class=\"media-w\">\n                    <div class=\"image\">\n                      <div class=\"image-i\">\n                        <img decoding=\"async\" src=\"https:\/\/staging.taski.com\/wp-content\/uploads\/2020\/12\/asset-protection.svg\" \/>\n                      <\/div>\n                    <\/div>\n                <\/div>\n                <div class=\"text\">\n                    <div class=\"title\">Protection de vos biens<\/div>\n                    <p>Vous \u00eates fier de votre patrimoine, prot\u00e9gez vos biens tout en am\u00e9liorant l'apparence. Nos <strong>autolaveuses swingo et nos nettoyeurs de moquettes procarpet<\/strong> vous permettront de conserver un aspect \u00e9tincelant.<\/p>\n                                    <\/div>\n              <\/div>\n                          <\/div>\n            <div class=\"item taski-slide\">\n                            <div class=\"its-i\">\n                <div class=\"media-w\">\n                    <div class=\"image\">\n                      <div class=\"image-i\">\n                        <img decoding=\"async\" src=\"https:\/\/staging.taski.com\/wp-content\/uploads\/2020\/12\/operational-efficiency.svg\" \/>\n                      <\/div>\n                    <\/div>\n                <\/div>\n                <div class=\"text\">\n                    <div class=\"title\">Efficacit\u00e9 op\u00e9rationnelle<\/div>\n                    <p>Augmentez votre efficacit\u00e9 op\u00e9rationnelle gr\u00e2ce \u00e0 l'innovation. \u00c9conomisez du temps improductif en adoptant des aspirateurs \u00e0 batterie sans c\u00e2ble. Jetez un coup d'\u0153il \u00e0 nos <strong>aspirateurs \u00e0 batterie AERO.<\/strong><\/p>\n                                    <\/div>\n              <\/div>\n                          <\/div>\n                    <\/div>\n\n        <div class=\"taski-carousel-navigation\">\n          <div class=\"nav-left\">\n            <a href=\"#\"><i class=\"fa fa-chevron-left\"><\/i><\/a>\n          <\/div>\n          <div class=\"nav-description\">\n\n          <\/div>\n          <div class=\"nav-right\">\n            <a href=\"#\"><i class=\"fa fa-chevron-right\"><\/i><\/a>\n          <\/div>\n        <\/div>\n       <\/div>\n      <\/div>\n   <\/div>\n  <\/div>\n  <div class=\"cl-fl\"><\/div>\n[\/vc_column][\/vc_row][vc_row css=\u00a0\u00bb.vc_custom_1609953197470{padding-top: 80px !important;padding-bottom: 80px !important;background-color: #595959 !important;}\u00a0\u00bb][vc_column][vc_row_inner][vc_column_inner]\n  <div class=\"testimonials-block\">\n    <div class=\"testimonials-block-i\">\n      <div class=\"row\">\n        <div class=\"title-block\">\n            <h2>Ce que disent nos clients<\/h2>\n        <\/div>\n\n        <div class=\"testimonials-grid\">\n           <div class=\"testimonial-item\">\n            <div class=\"ti-i\">\n             <img decoding=\"async\" src=\"https:\/\/staging.taski.com\/wp-content\/uploads\/2020\/11\/testimonial-1.jpg\" alt=\"Image\" \/>\n             <div class=\"test-item-content\">\n                <div class=\"test-item-title\">Dans une r\u00e9gion c\u00f4ti\u00e8re comp\u00e9titive du sud de la France, un h\u00f4tel s'est tourn\u00e9 vers Diversey pour <strong>am\u00e9liorer le taux d'occupation.<\/strong><\/div>\n                <div class=\"test-item-text\"><p>\u201cNous voulons que nos clients appr\u00e9cient notre bar et nos salles \u00e0 manger. Avec l'aide de TASKI, nos sols, nos moquettes et nos tissus d'ameublement sont superbes. Je peux voir que mes clients appr\u00e9cient l'environnement que nous avons cr\u00e9\u00e9 pour eux\u201d.<\/p><\/div>\n             <\/div>\n            <\/div>\n           <\/div>\n           <div class=\"testimonial-item\">\n            <div class=\"ti-i\">\n             <img decoding=\"async\" src=\"https:\/\/staging.taski.com\/wp-content\/uploads\/2020\/11\/testimonial-2.jpg\" alt=\"Image\" \/>\n             <div class=\"test-item-content\">\n                <div class=\"test-item-title\">Une cha\u00eene h\u00f4teli\u00e8re internationale devait r\u00e9pondre aux politiques\/pressions en mati\u00e8re de d\u00e9veloppement durable.<br \/>\nTASKI a pu aider en se concentrant sur les machines qui r\u00e9duisent la consommation d'\u00e9nergie, d'eau et de consommables.<\/div>\n                <div class=\"test-item-text\"><p>\u201cLe personnel remarque le silence et me rappelle les \u00e9conomies d'\u00e9nergie r\u00e9alis\u00e9es gr\u00e2ce \u00e0 nos nouveaux aspirateurs TASKI AERO.\u201d<\/p><\/div>\n             <\/div>\n            <\/div>\n           <\/div>\n           <div class=\"testimonial-item\">\n            <div class=\"ti-i\">\n             <img decoding=\"async\" src=\"https:\/\/staging.taski.com\/wp-content\/uploads\/2020\/11\/testimonial-3.jpg\" alt=\"Image\" \/>\n             <div class=\"test-item-content\">\n                <div class=\"test-item-title\">Suite \u00e0 la construction r\u00e9cente d'un nouvel h\u00f4tel co\u00fbteux en Chine, le directeur national a fait appel \u00e0 Diversey pour l'<strong>aider \u00e0 prot\u00e9ger son investissement<\/strong>.<\/div>\n                <div class=\"test-item-text\"><\/div>\n             <\/div>\n            <\/div>\n           <\/div>\n\n        <\/div>\n\n      <\/div>\n    <\/div>\n  <\/div>\n  <div class=\"cl-fl\"><\/div>\n[\/vc_column_inner][\/vc_row_inner][\/vc_column][\/vc_row][vc_row][vc_column]\n  <div class=\"three-cta-block\">\n    <div class=\"three-cta-block-i\">\n      <div class=\"row\">\n        <div class=\"three-cta-block-grid\">\n           <div class=\"three-cta-item\">\n            <div class=\"tci-i\">\n             <div class=\"tci-item-content\">\n                <h5><strong>Voir<\/strong><br \/>nos<br \/>solutions<\/h5>\n                <a href=\"\/products-innovations-solutions\/\"><p>PRODUITS,<br \/>SOLUTIONS ET<br \/>INNOVATIONS<\/p><\/a>\n             <\/div>\n            <\/div>\n           <\/div>\n           <div class=\"three-cta-item\">\n            <div class=\"tci-i\">\n             <div class=\"tci-item-content\">\n                <h5><strong>Acheter<\/strong><br \/>TASKI<\/h5>\n                <a href=\"\/shop\/\"><p>MA<br \/>BOUTIQUE<br \/>TASKI<\/p><\/a>\n             <\/div>\n            <\/div>\n           <\/div>\n           <div class=\"three-cta-item\">\n            <div class=\"tci-i\">\n             <div class=\"tci-item-content\">\n                <h5><strong>Poser<\/strong><br \/>une<br \/>question<\/h5>\n                <a href=\"\/news-help-contacts\/\"><p>CONTACTEZ<br \/>NOUS<\/p><\/a>\n             <\/div>\n            <\/div>\n           <\/div>\n        <\/div>\n      <\/div>\n    <\/div>\n  <\/div>\n  <div class=\"cl-fl\"><\/div>\n[\/vc_column][\/vc_row]<\/p>\n<\/div>","protected":false},"excerpt":{"rendered":"<p>Les solutions de machines TASKI pour une exp\u00e9rience client am\u00e9lior\u00e9e et la protection de votre marque.<\/p>\n","protected":false},"author":1,"featured_media":52956,"parent":9282,"menu_order":599,"comment_status":"closed","ping_status":"closed","template":"","meta":{"_acf_changed":false,"_seopress_robots_primary_cat":"","_seopress_titles_title":"","_seopress_titles_desc":"","_seopress_robots_index":"","inline_featured_image":false,"footnotes":""},"class_list":["post-8597","page","type-page","status-publish","has-post-thumbnail","hentry"],"acf":[],"_links":{"self":[{"href":"https:\/\/staging.taski.com\/fr\/wp-json\/wp\/v2\/pages\/8597","targetHints":{"allow":["GET"]}}],"collection":[{"href":"https:\/\/staging.taski.com\/fr\/wp-json\/wp\/v2\/pages"}],"about":[{"href":"https:\/\/staging.taski.com\/fr\/wp-json\/wp\/v2\/types\/page"}],"author":[{"embeddable":true,"href":"https:\/\/staging.taski.com\/fr\/wp-json\/wp\/v2\/users\/1"}],"replies":[{"embeddable":true,"href":"https:\/\/staging.taski.com\/fr\/wp-json\/wp\/v2\/comments?post=8597"}],"version-history":[{"count":0,"href":"https:\/\/staging.taski.com\/fr\/wp-json\/wp\/v2\/pages\/8597\/revisions"}],"up":[{"embeddable":true,"href":"https:\/\/staging.taski.com\/fr\/wp-json\/wp\/v2\/pages\/9282"}],"wp:featuredmedia":[{"embeddable":true,"href":"https:\/\/staging.taski.com\/fr\/wp-json\/wp\/v2\/media\/52956"}],"wp:attachment":[{"href":"https:\/\/staging.taski.com\/fr\/wp-json\/wp\/v2\/media?parent=8597"}],"curies":[{"name":"wp","href":"https:\/\/api.w.org\/{rel}","templated":true}]}}