{"id":8401,"date":"2020-11-30T14:05:31","date_gmt":"2020-11-30T14:05:31","guid":{"rendered":"https:\/\/taski.com\/selecteur-taski\/"},"modified":"2025-12-16T18:39:53","modified_gmt":"2025-12-16T18:39:53","slug":"selecteur-taski","status":"publish","type":"page","link":"https:\/\/staging.taski.com\/fr\/selecteur-taski\/","title":{"rendered":"S\u00e9lecteur TASKI"},"content":{"rendered":"<div class=\"wpb-content-wrapper\"><p>[vc_row][vc_column][vc_empty_space height=\u00a0\u00bb60px\u00a0\u00bb]\n  <div class=\"page-intro-block size-fit-image style-dark font-medium\">\n         <div class=\"page-intro-block-i\">\n      <div class=\"row\">\n        <div class=\"page-intro-content\">\n            <div class=\"title-block\">\n                                     <h2>S\u00e9lectionnez et configurez la solution optimale pour vos besoins de nettoyage<\/h2>\n                    <p>Le S\u00e9lecteur TASKI est un outil de mod\u00e9lisation qui vous aide \u00e0 trouver <strong>la machine parfaite.<\/strong><br \/>\nVous pouvez construire <strong>votre propre configuration<\/strong>.<br \/>\nIl peut m\u00eame calculer le co\u00fbt total du nettoyage pour les trois machines les plus performantes en fonction de vos choix.<\/p>\n                             <\/div>\n            <div class=\"page-intro-image\">\n                                <div class=\"page-intro-image-alt\">\n                    \n                    <img decoding=\"async\" src=\"https:\/\/staging.taski.com\/wp-content\/uploads\/2020\/12\/fleet-management.jpg\" alt=\"\" \/>\n\n                <\/div>\n            <\/div>\n        <\/div>\n      <\/div>\n\n\n    <\/div>\n  <\/div>\n  <div class=\"cl-fl\"><\/div>\n[\/vc_column][\/vc_row][vc_row][vc_column]\n    <div class=\"taski-selector-block\">\n        <div class=\"row\">\n            \n            <div class=\"taski-selector-title\">Nous avons imagin\u00e9 3 fa\u00e7ons de vous aider \u00e0 choisir votre machine de nettoyage Ultime<\/div>\n            \n            <div class=\"taski-selector-nav\">\n                <div class=\"taski-selector-nav-item\">        \n                    <a href=\"\/taski-selector\/machine-finder\/\">\n                        <div class=\"sq\">\n                            <div class=\"image\"><img decoding=\"async\" src=\"https:\/\/staging.taski.com\/wp-content\/uploads\/2020\/12\/85288_IntelliTrail.png\" \/><\/div>\n                            <h3>Trouvez<strong>votre machine<\/strong><\/h3>       \n                        <\/div>\n                        <p>Suivez notre processus simple pour<br \/>vous aider \u00e0 trouver la meilleure machine<br \/> pour votre industrie<\/p>\n                    <\/a>    \n                <\/div>\n                <div class=\"taski-selector-nav-item\">        \n                    <a href=\"\/taski-selector\/machine-builder\/\">\n                        <div class=\"sq\">\n                            <div class=\"image\"><img decoding=\"async\" src=\"https:\/\/staging.taski.com\/wp-content\/uploads\/2020\/12\/85288-Tools-and-accessories.png\" \/><\/div>\n                            <h3>Constructeur <strong>de machines<\/strong><\/h3>       \n                        <\/div>\n                        <p>Construisez et configurez votre<br \/>machine optimale<\/p>\n                    <\/a>    \n                <\/div>\n                <div class=\"taski-selector-nav-item\">        \n                    <a href=\"\/taski-selector\/cost-calculator\/\">\n                        <div class=\"sq\">\n                            <div class=\"image\"><img decoding=\"async\" src=\"https:\/\/staging.taski.com\/wp-content\/uploads\/2020\/12\/85288_Cost.png\" \/><\/div>\n                            <h3>Calculateur <strong>de co\u00fbts<\/strong><\/h3>       \n                        <\/div>\n                        <p>Comparez et s\u00e9lectionnez la <br \/>machine avec le co\u00fbt d'exploitation<br \/> le plus faible<\/p>\n                    <\/a>    \n                <\/div>                                \n            <\/div>\n        \n        <\/div>         \n    <\/div>                \n   \n[\/vc_column][\/vc_row][vc_row][vc_column]\n  <div class=\"page-description-block style-dark\">\n    <div class=\"page-description-block-i\">\n      <div class=\"row\">\n        <div class=\"page-description-content\">\n          <\/div><\/div><\/div><\/div><\/p>\n<h2>Le S\u00e9lecteur TASKI est un<br \/>\n<strong>outil <\/strong>sophistiqu\u00e9<br \/>\npour mod\u00e9liser la s\u00e9lection de machines parfaite.<\/h2>\n<p>Vous d\u00e9cidez quel mod\u00e8le et quelles options, vous obtenez votre<br \/>\nConfiguration ULTIMATE.<\/p>\n        <\/div>\n      \n    \n  \n  <div class=\"cl-fl\"><\/div>\n[\/vc_column][\/vc_row]\n","protected":false},"excerpt":{"rendered":"<p>[vc_row][vc_column][vc_empty_space height=\u00a0\u00bb60px\u00a0\u00bb][\/vc_column][\/vc_row][vc_row][vc_column][\/vc_column][\/vc_row][vc_row][vc_column][\/vc_column][\/vc_row]<\/p>\n","protected":false},"author":1,"featured_media":0,"parent":0,"menu_order":710,"comment_status":"closed","ping_status":"closed","template":"page-selector.php","meta":{"_acf_changed":false,"_seopress_robots_primary_cat":"","_seopress_titles_title":"","_seopress_titles_desc":"","_seopress_robots_index":"","inline_featured_image":false,"footnotes":""},"class_list":["post-8401","page","type-page","status-publish","hentry"],"acf":[],"_links":{"self":[{"href":"https:\/\/staging.taski.com\/fr\/wp-json\/wp\/v2\/pages\/8401","targetHints":{"allow":["GET"]}}],"collection":[{"href":"https:\/\/staging.taski.com\/fr\/wp-json\/wp\/v2\/pages"}],"about":[{"href":"https:\/\/staging.taski.com\/fr\/wp-json\/wp\/v2\/types\/page"}],"author":[{"embeddable":true,"href":"https:\/\/staging.taski.com\/fr\/wp-json\/wp\/v2\/users\/1"}],"replies":[{"embeddable":true,"href":"https:\/\/staging.taski.com\/fr\/wp-json\/wp\/v2\/comments?post=8401"}],"version-history":[{"count":2,"href":"https:\/\/staging.taski.com\/fr\/wp-json\/wp\/v2\/pages\/8401\/revisions"}],"predecessor-version":[{"id":55790,"href":"https:\/\/staging.taski.com\/fr\/wp-json\/wp\/v2\/pages\/8401\/revisions\/55790"}],"wp:attachment":[{"href":"https:\/\/staging.taski.com\/fr\/wp-json\/wp\/v2\/media?parent=8401"}],"curies":[{"name":"wp","href":"https:\/\/api.w.org\/{rel}","templated":true}]}}