{"id":8310,"date":"2020-11-30T09:07:09","date_gmt":"2020-11-30T09:07:09","guid":{"rendered":"https:\/\/taski.com\/conseils-dexperts\/"},"modified":"2023-10-03T08:33:47","modified_gmt":"2023-10-03T08:33:47","slug":"conseils-dexperts","status":"publish","type":"page","link":"https:\/\/staging.taski.com\/fr\/pourquoi-taski\/conseils-dexperts\/","title":{"rendered":"Conseils d&rsquo;experts"},"content":{"rendered":"<div class=\"wpb-content-wrapper\"><p>[vc_row][vc_column]\n  <div class=\"page-intro-block size-fit-image style-dark font-large\">\n         <div class=\"page-intro-block-i\">\n      <div class=\"row\">\n        <div class=\"page-intro-content\">\n            <div class=\"title-block\">\n                                     <h2>Nous partageons avec vous nos <strong>conseils d'experts<\/strong><\/h2>\n                                                 <\/div>\n            <div class=\"page-intro-image\">\n                                <div class=\"page-intro-image-alt\">\n                    \n                    <img decoding=\"async\" src=\"https:\/\/staging.taski.com\/wp-content\/uploads\/2020\/12\/expert-advice-1.jpg\" alt=\"\" \/>\n\n                <\/div>\n            <\/div>\n        <\/div>\n      <\/div>\n\n\n    <\/div>\n  <\/div>\n  <div class=\"cl-fl\"><\/div>\n[\/vc_column][\/vc_row][vc_row css=\u00a0\u00bb.vc_custom_1608124915381{padding-top: 70px !important;padding-bottom: 90px !important;}\u00a0\u00bb][vc_column]\n\n\n  <div class=\"taski-carousel-block\">\n    <div class=\"taski-carousel-block-i\">\n      <div class=\"row\">\n       <div class=\"taski-carousel-holder\">\n        <div class=\"taski-carousel owl-carousel owl-theme\" id=\"taski-carousel\">\n                               <div class=\"item taski-slide\">\n              <div class=\"its-i\">\n                <div class=\"media-w\">\n                    <div class=\"image\">\n                      <div class=\"image-i\">\n                        <img decoding=\"async\" src=\"https:\/\/staging.taski.com\/wp-content\/uploads\/2021\/01\/Sinners-Circle.png\" \/>\n                      <\/div>\n                    <\/div>\n                <\/div>\n                <div class=\"text\">\n                    <div class=\"title\">Le cercle de nettoyage<\/div>\n                    <p>Chez TASKI et Diversey, nous comprenons vraiment tous les aspects du nettoyage et de l'hygi\u00e8ne. Gr\u00e2ce \u00e0 notre vaste portefeuille, nous sommes id\u00e9alement positionn\u00e9s pour \u00eatre votre partenaire parfait en mati\u00e8re d'hygi\u00e8ne.<\/p>\n                    <div class=\"btn\"><a href=\"https:\/\/staging.taski.com\/fr\/pourquoi-taski\/conseils-dexperts\/le-cercle-de-nettoyage\/\">En savoir plus<\/a><\/div>\n                <\/div>\n              <\/div>\n            <\/div>\n                                <div class=\"item taski-slide\">\n              <div class=\"its-i\">\n                <div class=\"media-w\">\n                    <div class=\"image\">\n                      <div class=\"image-i\">\n                        <img decoding=\"async\" src=\"https:\/\/staging.taski.com\/wp-content\/uploads\/2020\/12\/electronic-tools-1.jpg\" \/>\n                      <\/div>\n                    <\/div>\n                <\/div>\n                <div class=\"text\">\n                    <div class=\"title\">Outils \u00e9lectroniques<\/div>\n                    <p>Des outils \u00e9lectroniques qui vous permettent de devenir votre propre expert du bout des doigts.\r\nTASKI Selector \/TASKI APP\/ IntelliTrail Analytics \/ T\u00e9l\u00e9guidage<\/p>\n                    <div class=\"btn\"><a href=\"https:\/\/staging.taski.com\/fr\/pourquoi-taski\/conseils-dexperts\/outils-electroniques\/\">En savoir plus<\/a><\/div>\n                <\/div>\n              <\/div>\n            <\/div>\n                                <div class=\"item taski-slide\">\n              <div class=\"its-i\">\n                <div class=\"media-w\">\n                    <div class=\"image\">\n                      <div class=\"image-i\">\n                        <img decoding=\"async\" src=\"https:\/\/staging.taski.com\/wp-content\/uploads\/2020\/12\/virtual-floor-care-expert-1.jpg\" \/>\n                      <\/div>\n                    <\/div>\n                <\/div>\n                <div class=\"text\">\n                    <div class=\"title\">Expertise en mati\u00e8re d&rsquo;entretien des sols<\/div>\n                    <p>Chez TASKI, lorsque vous achetez nos machines, vous b\u00e9n\u00e9ficiez gratuitement de votre propre expert en entretien des sols ! Nous exploiterons les synergies des machines de nettoyage ULTIME avec les produits chimiques de pointe pour l'entretien des sols.<\/p>\n                    <div class=\"btn\"><a href=\"https:\/\/staging.taski.com\/fr\/pourquoi-taski\/conseils-dexperts\/expertise-en-matiere-dentretien-des-sols\/\">En savoir plus<\/a><\/div>\n                <\/div>\n              <\/div>\n            <\/div>\n                                <div class=\"item taski-slide\">\n              <div class=\"its-i\">\n                <div class=\"media-w\">\n                    <div class=\"image\">\n                      <div class=\"image-i\">\n                        <img decoding=\"async\" src=\"https:\/\/staging.taski.com\/wp-content\/uploads\/2020\/12\/our-experts-1.jpg\" \/>\n                      <\/div>\n                    <\/div>\n                <\/div>\n                <div class=\"text\">\n                    <div class=\"title\">Nos experts<\/div>\n                    <p>Vos propres conseillers experts en nettoyage. Notre approche consultative permet d'obtenir les meilleurs conseils d'experts.<\/p>\n                    <div class=\"btn\"><a href=\"https:\/\/staging.taski.com\/fr\/pourquoi-taski\/conseils-dexperts\/nos-experts\/\">En savoir plus<\/a><\/div>\n                <\/div>\n              <\/div>\n            <\/div>\n                                <div class=\"item taski-slide\">\n              <div class=\"its-i\">\n                <div class=\"media-w\">\n                    <div class=\"image\">\n                      <div class=\"image-i\">\n                        <img decoding=\"async\" src=\"https:\/\/staging.taski.com\/wp-content\/uploads\/2020\/12\/engineers.jpg\" \/>\n                      <\/div>\n                    <\/div>\n                <\/div>\n                <div class=\"text\">\n                    <div class=\"title\">Outils de formation<\/div>\n                    <p>Une gamme de mat\u00e9riel de formation simple \u00e0 suivre pour une utilisation efficace et en toute s\u00e9curit\u00e9.<\/p>\n                    <div class=\"btn\"><a href=\"https:\/\/staging.taski.com\/fr\/pourquoi-taski\/conseils-dexperts\/outils-de-formation\/\">En savoir plus<\/a><\/div>\n                <\/div>\n              <\/div>\n            <\/div>\n                                <div class=\"item taski-slide\">\n              <div class=\"its-i\">\n                <div class=\"media-w\">\n                    <div class=\"image\">\n                      <div class=\"image-i\">\n                        <img decoding=\"async\" src=\"https:\/\/staging.taski.com\/wp-content\/uploads\/2020\/12\/virtual-carpet-care-expert-1.jpg\" \/>\n                      <\/div>\n                    <\/div>\n                <\/div>\n                <div class=\"text\">\n                    <div class=\"title\">Expertise en mati\u00e8re d&rsquo;entretien des moquettes<\/div>\n                    <p>Les moquettes et les surfaces en tissu doivent \u00eatre nettoy\u00e9es et entretenues fr\u00e9quemment. \r\nLes experts de TASKI sont l\u00e0 pour vous aider en vous proposant les meilleures pratiques et des conseils sur les meilleurs produits pour vos tapis et tissus.<\/p>\n                    <div class=\"btn\"><a href=\"https:\/\/staging.taski.com\/fr\/pourquoi-taski\/conseils-dexperts\/expertise-en-matiere-dentretien-des-moquettes\/\">En savoir plus<\/a><\/div>\n                <\/div>\n              <\/div>\n            <\/div>\n                                <div class=\"item taski-slide\">\n              <div class=\"its-i\">\n                <div class=\"media-w\">\n                    <div class=\"image\">\n                      <div class=\"image-i\">\n                        <img decoding=\"async\" src=\"https:\/\/staging.taski.com\/wp-content\/uploads\/2021\/05\/swingo-250-0021.jpg\" \/>\n                      <\/div>\n                    <\/div>\n                <\/div>\n                <div class=\"text\">\n                    <div class=\"title\">Nettoyage m\u00e9canis\u00e9<\/div>\n                    <p>O\u00f9 en \u00eates-vous dans l'\u00e9volution du nettoyage ? \r\nVoici les principales raisons pour lesquelles les machines sont bien meilleures que le balai \u00e0 franges...<\/p>\n                    <div class=\"btn\"><a href=\"https:\/\/staging.taski.com\/fr\/pourquoi-taski\/conseils-dexperts\/nettoyage-mecanique\/\">En savoir plus<\/a><\/div>\n                <\/div>\n              <\/div>\n            <\/div>\n                            <\/div>\n\n        <div class=\"taski-carousel-navigation\">\n          <div class=\"nav-left\">\n            <a href=\"#\"><i class=\"fa fa-chevron-left\"><\/i><\/a>\n          <\/div>\n          <div class=\"nav-description\">\n\n          <\/div>\n          <div class=\"nav-right\">\n            <a href=\"#\"><i class=\"fa fa-chevron-right\"><\/i><\/a>\n          <\/div>\n        <\/div>\n      <\/div>\n     <\/div>\n   <\/div>\n  <\/div>\n\n[\/vc_column][\/vc_row][vc_row css=\u00a0\u00bb.vc_custom_1608124737169{padding-bottom: 0px !important;}\u00a0\u00bb][vc_column]\n  <div class=\"page-description-block style-dark\">\n    <div class=\"page-description-block-i\">\n      <div class=\"row\">\n        <div class=\"page-description-content\">\n          <\/div><\/div><\/div><\/div><\/p>\n<h2>Les connaissances approfondies de Diversey sur les tendances globales, r\u00e9gionales et locales<br \/>\net la connaissance des probl\u00e9matiques clients ont toujours aid\u00e9 TASKI \u00e0 rester en <strong>t\u00eate de la concurrence.<\/strong><\/h2>\n<\/div>\n      \n    \n  \n  <div class=\"cl-fl\"><\/div>\n[\/vc_column][\/vc_row]\n","protected":false},"excerpt":{"rendered":"<p>[vc_row][vc_column][\/vc_column][\/vc_row][vc_row css=\u00a0\u00bb.vc_custom_1608124915381{padding-top: 70px !important;padding-bottom: 90px !important;}\u00a0\u00bb][vc_column][\/vc_column][\/vc_row][vc_row css=\u00a0\u00bb.vc_custom_1608124737169{padding-bottom: 0px !important;}\u00a0\u00bb][vc_column][\/vc_column][\/vc_row]<\/p>\n","protected":false},"author":1,"featured_media":0,"parent":9134,"menu_order":652,"comment_status":"closed","ping_status":"closed","template":"","meta":{"_acf_changed":false,"_seopress_robots_primary_cat":"","_seopress_titles_title":"","_seopress_titles_desc":"","_seopress_robots_index":"","inline_featured_image":false,"footnotes":""},"class_list":["post-8310","page","type-page","status-publish","hentry"],"acf":[],"_links":{"self":[{"href":"https:\/\/staging.taski.com\/fr\/wp-json\/wp\/v2\/pages\/8310","targetHints":{"allow":["GET"]}}],"collection":[{"href":"https:\/\/staging.taski.com\/fr\/wp-json\/wp\/v2\/pages"}],"about":[{"href":"https:\/\/staging.taski.com\/fr\/wp-json\/wp\/v2\/types\/page"}],"author":[{"embeddable":true,"href":"https:\/\/staging.taski.com\/fr\/wp-json\/wp\/v2\/users\/1"}],"replies":[{"embeddable":true,"href":"https:\/\/staging.taski.com\/fr\/wp-json\/wp\/v2\/comments?post=8310"}],"version-history":[{"count":0,"href":"https:\/\/staging.taski.com\/fr\/wp-json\/wp\/v2\/pages\/8310\/revisions"}],"up":[{"embeddable":true,"href":"https:\/\/staging.taski.com\/fr\/wp-json\/wp\/v2\/pages\/9134"}],"wp:attachment":[{"href":"https:\/\/staging.taski.com\/fr\/wp-json\/wp\/v2\/media?parent=8310"}],"curies":[{"name":"wp","href":"https:\/\/api.w.org\/{rel}","templated":true}]}}