{"id":7871,"date":"2020-11-30T16:22:37","date_gmt":"2020-11-30T16:22:37","guid":{"rendered":"https:\/\/taski.com\/fabrication\/"},"modified":"2021-08-20T10:44:45","modified_gmt":"2021-08-20T10:44:45","slug":"fabrication","status":"publish","type":"page","link":"https:\/\/staging.taski.com\/fr\/pourquoi-taski\/vos-marches-et-secteurs\/fabrication\/","title":{"rendered":"Industrie"},"content":{"rendered":"<div class=\"wpb-content-wrapper\"><p>[vc_row][vc_column]\n  <div class=\"page-intro-block size-fit-image style-dark font-large\">\n         <div class=\"page-intro-block-i\">\n      <div class=\"row\">\n        <div class=\"page-intro-content\">\n            <div class=\"title-block\">\n                                     <h2><span class=\"pt\">Industrie<\/span>Vous avez besoin de maintenir vos installations <strong>propres et s\u00fbres, ainsi que de r\u00e9duire et ma\u00eetriser vos co\u00fbts ? <\/strong><br \/>\nTASKI peut vous aider.<\/h2>\n                                                 <\/div>\n            <div class=\"page-intro-image\">\n                                <div class=\"page-intro-image-alt\">\n                    \n                    <img decoding=\"async\" src=\"https:\/\/staging.taski.com\/wp-content\/uploads\/2020\/11\/manufacturing.jpg\" alt=\"\" \/>\n\n                <\/div>\n            <\/div>\n        <\/div>\n      <\/div>\n\n\n    <\/div>\n  <\/div>\n  <div class=\"cl-fl\"><\/div>\n[\/vc_column][\/vc_row][vc_row css=\u00a0\u00bb.vc_custom_1606587476742{padding-top: 80px !important;padding-bottom: 95px !important;}\u00a0\u00bb][vc_column][vc_row_inner][vc_column_inner]\n  <div class=\"page-video-block\">\n    <div class=\"page-video-block-i\">\n      <div class=\"row\">\n        <div class=\"page-video-block-content\">\n            <div class=\"title-block\">\n                 <h2>Quels sont vos d\u00e9fis principaux ?<\/h2>\n            <\/div>\n            <div class=\"page-video-image\">\n                \n              <a href=\"#\" class=\"video-player-link\" data-video-id=\"485944886\" data-src=\"https:\/\/player.vimeo.com\/video\/485944886\">\n                <img decoding=\"async\" src=\"https:\/\/staging.taski.com\/wp-content\/uploads\/2021\/01\/Manufacturing-need-image.jpg\" alt=\"Quels sont vos d\u00e9fis principaux ? Image\" \/>\n\n     <div class=\"page-video-video-abs\"><div class=\"video-embed\"><iframe loading=\"lazy\" id=\"\" src=\"\" width=\"100%\" height=\"100%\" frameborder=\"0\" style=\"position:absolute;top:0;left:0;width:100%;height:100%;\"   allow=\"autoplay; fullscreen\" muted webkitallowfullscreen mozallowfullscreen allowfullscreen><\/iframe><\/div><\/div>              <\/a>\n            <\/div>\n        <\/div>\n      <\/div>\n\n\n    <\/div>\n  <\/div>\n  <div class=\"cl-fl\"><\/div>\n[\/vc_column_inner][\/vc_row_inner][\/vc_column][\/vc_row][vc_row][vc_column]\n  <div class=\"taski-carousel-block \" style=\"\">\n    <div class=\"taski-carousel-block-i\">\n\n      <div class=\"taski-carousel-title\"><p>Nous comprenons les besoins de votre secteur<\/p><\/div>\n      <div class=\"row\">\n       <div class=\"taski-carousel-holder\">\n        <div class=\"taski-carousel owl-carousel owl-theme\" id=\"taski-carousel\">\n                                    <div class=\"item taski-slide\">\n                            <div class=\"its-i\">\n                <div class=\"media-w\">\n                    <div class=\"image\">\n                      <div class=\"image-i\">\n                        <img decoding=\"async\" src=\"https:\/\/staging.taski.com\/wp-content\/uploads\/2020\/12\/operational-efficiency.svg\" \/>\n                      <\/div>\n                    <\/div>\n                <\/div>\n                <div class=\"text\">\n                    <div class=\"title\">Efficacit\u00e9 op\u00e9rationnelle<\/div>\n                    <p>Augmentez votre efficacit\u00e9 op\u00e9rationnelle et passez moins de temps \u00e0 nettoyer. D\u00e9couvrez notre <strong>autolaveuse<\/strong> 2in1 <strong>IntelliSweep.<\/strong> Elle balaie et nettoie en un seul passage, ce qui permet de gagner 30% de temps.<\/p>\n                                    <\/div>\n              <\/div>\n                          <\/div>\n            <div class=\"item taski-slide\">\n                            <div class=\"its-i\">\n                <div class=\"media-w\">\n                    <div class=\"image\">\n                      <div class=\"image-i\">\n                        <img decoding=\"async\" src=\"https:\/\/staging.taski.com\/wp-content\/uploads\/2020\/12\/people-safety.svg\" \/>\n                      <\/div>\n                    <\/div>\n                <\/div>\n                <div class=\"text\">\n                    <div class=\"title\">Hygi\u00e8ne et s\u00e9curit\u00e9<\/div>\n                    <p>Am\u00e9liorez l'hygi\u00e8ne et gardez vos sols s\u00fbrs. Les <strong>balayeuses et les autolaveuses TASKI<\/strong> sont con\u00e7ues pour un nettoyage en un seul passage, pour des sols plus s\u00fbrs et plus propres.<\/p>\n                                    <\/div>\n              <\/div>\n                          <\/div>\n            <div class=\"item taski-slide\">\n                            <div class=\"its-i\">\n                <div class=\"media-w\">\n                    <div class=\"image\">\n                      <div class=\"image-i\">\n                        <img decoding=\"async\" src=\"https:\/\/staging.taski.com\/wp-content\/uploads\/2020\/12\/profitable-growth.svg\" \/>\n                      <\/div>\n                    <\/div>\n                <\/div>\n                <div class=\"text\">\n                    <div class=\"title\">Croissance Rentable<\/div>\n                    <p>R\u00e9duisez vos co\u00fbts en m\u00e9canisant une plus grande partie de votre nettoyage pour am\u00e9liorer votre rentabilit\u00e9. Jetez un coup d'\u0153il \u00e0 nos <strong>autolaveuses autoport\u00e9es hautement productives et \u00e0 notre station de remplissage rapide.<\/strong><\/p>\n                                    <\/div>\n              <\/div>\n                          <\/div>\n            <div class=\"item taski-slide\">\n                            <div class=\"its-i\">\n                <div class=\"media-w\">\n                    <div class=\"image\">\n                      <div class=\"image-i\">\n                        <img decoding=\"async\" src=\"https:\/\/staging.taski.com\/wp-content\/uploads\/2020\/12\/working-capital-optimisation.svg\" \/>\n                      <\/div>\n                    <\/div>\n                <\/div>\n                <div class=\"text\">\n                    <div class=\"title\">Optimisation du Fonds de Roulement<\/div>\n                    <p>Investissez intelligemment. Faites travailler votre argent plus dur pour vous. Am\u00e9liorez votre retour sur investissement. D\u00e9couvrez nos <strong>autolaveuses \u00e0 conducteur port\u00e9 et \u00e0 conducteur debout, y compris IntelliSweep<\/strong>, pour voir comment vous pouvez maximiser le rendement de votre investissement.<\/p>\n                                    <\/div>\n              <\/div>\n                          <\/div>\n            <div class=\"item taski-slide\">\n                            <div class=\"its-i\">\n                <div class=\"media-w\">\n                    <div class=\"image\">\n                      <div class=\"image-i\">\n                        <img decoding=\"async\" src=\"https:\/\/staging.taski.com\/wp-content\/uploads\/2020\/12\/cost-control.svg\" \/>\n                      <\/div>\n                    <\/div>\n                <\/div>\n                <div class=\"text\">\n                    <div class=\"title\">Contr\u00f4le des co\u00fbts<\/div>\n                    <p>R\u00e9duisez votre co\u00fbt de possession et de nettoyage gr\u00e2ce \u00e0 un financement et une gestion de flotte flexibles. Jetez un coup d'\u0153il \u00e0 nos <strong>solutions intelligentes<\/strong> comprenant le suivi et l'analyse pour contr\u00f4ler vos co\u00fbts.<\/p>\n                                    <\/div>\n              <\/div>\n                          <\/div>\n                    <\/div>\n\n        <div class=\"taski-carousel-navigation\">\n          <div class=\"nav-left\">\n            <a href=\"#\"><i class=\"fa fa-chevron-left\"><\/i><\/a>\n          <\/div>\n          <div class=\"nav-description\">\n\n          <\/div>\n          <div class=\"nav-right\">\n            <a href=\"#\"><i class=\"fa fa-chevron-right\"><\/i><\/a>\n          <\/div>\n        <\/div>\n       <\/div>\n      <\/div>\n   <\/div>\n  <\/div>\n  <div class=\"cl-fl\"><\/div>\n[\/vc_column][\/vc_row][vc_row css=\u00a0\u00bb.vc_custom_1606653988515{padding-top: 80px !important;padding-bottom: 80px !important;background-color: #505050 !important;}\u00a0\u00bb][vc_column][vc_row_inner][vc_column_inner]\n  <div class=\"testimonials-block\">\n    <div class=\"testimonials-block-i\">\n      <div class=\"row\">\n        <div class=\"title-block\">\n            <h2>Ce que disent nos clients<\/h2>\n        <\/div>\n\n        <div class=\"testimonials-grid\">\n           <div class=\"testimonial-item\">\n            <div class=\"ti-i\">\n             <img decoding=\"async\" src=\"https:\/\/staging.taski.com\/wp-content\/uploads\/2020\/11\/testimonial-1.jpg\" alt=\"Image\" \/>\n             <div class=\"test-item-content\">\n                <div class=\"test-item-title\">La production \u00e9lectronique a des co\u00fbts tr\u00e8s \u00e9lev\u00e9s et nous travaillons selon des normes d'hygi\u00e8ne tr\u00e8s strictes. <strong>Seul TASKI avait l'expertise n\u00e9cessaire pour fournir la solution parfaite.<\/strong><\/div>\n                <div class=\"test-item-text\"><p>\u201cLes pertes de production ou l'\u00e9chec du contr\u00f4le de la qualit\u00e9 ne sont tout simplement pas tol\u00e9r\u00e9s ici. Avec l'aide des experts de TASKI, nous avons pu mettre en place un programme de nettoyage en un seul passage, combinant machine et produit chimique. Nous avons m\u00eame opt\u00e9 pour un produit de nettoyage Diversey antistatique et nous sommes pass\u00e9s \u00e0 des filtres HEPA.\u201d<\/p><\/div>\n             <\/div>\n            <\/div>\n           <\/div>\n           <div class=\"testimonial-item\">\n            <div class=\"ti-i\">\n             <img decoding=\"async\" src=\"https:\/\/staging.taski.com\/wp-content\/uploads\/2020\/11\/testimonial-2.jpg\" alt=\"Image\" \/>\n             <div class=\"test-item-content\">\n                <div class=\"test-item-title\">La rotation du personnel \u00e9tait un probl\u00e8me. TASKI <strong>a aid\u00e9 un fabricant de machines \u00e0 am\u00e9liorer sa productivit\u00e9<\/strong>, mais a \u00e9galement rendu le travail de nettoyage plus facile et plus confortable.<\/div>\n                <div class=\"test-item-text\"><p>\u201cNous savons que notre cha\u00eene de production n'est pas l'endroit le plus agr\u00e9able \u00e0 vivre et que garder le personnel de nettoyage \u00e9tait un probl\u00e8me. L'adoption d'autolaveuses \u00e0 conducteur port\u00e9 leur permet de s'asseoir dans le confort et la s\u00e9curit\u00e9. Le temps que nous avons gagn\u00e9 avec les autoport\u00e9es signifie que nous pouvons maintenant leur accorder des pauses plus longues, donc tout le monde est gagnant.\u201d<\/p><\/div>\n             <\/div>\n            <\/div>\n           <\/div>\n           <div class=\"testimonial-item\">\n            <div class=\"ti-i\">\n             <img decoding=\"async\" src=\"https:\/\/staging.taski.com\/wp-content\/uploads\/2020\/11\/testimonial-3.jpg\" alt=\"Image\" \/>\n             <div class=\"test-item-content\">\n                <div class=\"test-item-title\">Dans un b\u00e2timent abritant une cha\u00eene de production fonctionnant 24 heures sur 24 et 7 jours sur 7, le nettoyage \u00e9tait un \u00e9l\u00e9ment essentiel du processus. Cependant, une usine alimentaire scandinave avait besoin de <strong>nouveaux moyens pour nettoyer rapidement.<\/strong><\/div>\n                <div class=\"test-item-text\"><p>\u201cNous avons r\u00e9duit notre temps de nettoyage des sols de 30% en passant \u00e0 une machine \u00e0 conducteur debout. C'\u00e9tait parfait, elle \u00e9tait assez petite pour \u00eatre agile mais nettoyait tellement plus vite. Elle a m\u00eame trouv\u00e9 sa place dans le m\u00eame magasin de nettoyage\u201d.<\/p><\/div>\n             <\/div>\n            <\/div>\n           <\/div>\n\n        <\/div>\n\n      <\/div>\n    <\/div>\n  <\/div>\n  <div class=\"cl-fl\"><\/div>\n[\/vc_column_inner][\/vc_row_inner][\/vc_column][\/vc_row][vc_row][vc_column][vc_row_inner][vc_column_inner]\n  <div class=\"three-cta-block\">\n    <div class=\"three-cta-block-i\">\n      <div class=\"row\">\n        <div class=\"three-cta-block-grid\">\n           <div class=\"three-cta-item\">\n            <div class=\"tci-i\">\n             <div class=\"tci-item-content\">\n                <h5><strong>Voir<\/strong><br \/>nos<br \/>solutions<\/h5>\n                <a href=\"\/products-innovations-solutions\/\"><p>PRODUITS,<br \/>SOLUTIONS ET<br \/>INNOVATIONS<\/p><\/a>\n             <\/div>\n            <\/div>\n           <\/div>\n           <div class=\"three-cta-item\">\n            <div class=\"tci-i\">\n             <div class=\"tci-item-content\">\n                <h5><strong>Acheter<\/strong><br \/>TASKI<\/h5>\n                <a href=\"\/shop\/\"><p>MA<br \/>BOUTIQUE<br \/>TASKI<\/p><\/a>\n             <\/div>\n            <\/div>\n           <\/div>\n           <div class=\"three-cta-item\">\n            <div class=\"tci-i\">\n             <div class=\"tci-item-content\">\n                <h5><strong>Poser<\/strong><br \/>une<br \/>question<\/h5>\n                <a href=\"\/news-help-contacts\/\"><p>CONTACTEZ<br \/>NOUS<\/p><\/a>\n             <\/div>\n            <\/div>\n           <\/div>\n        <\/div>\n      <\/div>\n    <\/div>\n  <\/div>\n  <div class=\"cl-fl\"><\/div>\n[\/vc_column_inner][\/vc_row_inner][\/vc_column][\/vc_row]<\/p>\n<\/div>","protected":false},"excerpt":{"rendered":"<p>Les solutions de machines TASKI minimisent les perturbations pour votre entreprise et vous aident \u00e0 minimiser les co\u00fbts.<\/p>\n","protected":false},"author":1,"featured_media":7884,"parent":9282,"menu_order":640,"comment_status":"closed","ping_status":"closed","template":"","meta":{"_acf_changed":false,"_seopress_robots_primary_cat":"","_seopress_titles_title":"","_seopress_titles_desc":"","_seopress_robots_index":"","inline_featured_image":false,"footnotes":""},"class_list":["post-7871","page","type-page","status-publish","has-post-thumbnail","hentry"],"acf":[],"_links":{"self":[{"href":"https:\/\/staging.taski.com\/fr\/wp-json\/wp\/v2\/pages\/7871","targetHints":{"allow":["GET"]}}],"collection":[{"href":"https:\/\/staging.taski.com\/fr\/wp-json\/wp\/v2\/pages"}],"about":[{"href":"https:\/\/staging.taski.com\/fr\/wp-json\/wp\/v2\/types\/page"}],"author":[{"embeddable":true,"href":"https:\/\/staging.taski.com\/fr\/wp-json\/wp\/v2\/users\/1"}],"replies":[{"embeddable":true,"href":"https:\/\/staging.taski.com\/fr\/wp-json\/wp\/v2\/comments?post=7871"}],"version-history":[{"count":0,"href":"https:\/\/staging.taski.com\/fr\/wp-json\/wp\/v2\/pages\/7871\/revisions"}],"up":[{"embeddable":true,"href":"https:\/\/staging.taski.com\/fr\/wp-json\/wp\/v2\/pages\/9282"}],"wp:featuredmedia":[{"embeddable":true,"href":"https:\/\/staging.taski.com\/fr\/wp-json\/wp\/v2\/media\/7884"}],"wp:attachment":[{"href":"https:\/\/staging.taski.com\/fr\/wp-json\/wp\/v2\/media?parent=7871"}],"curies":[{"name":"wp","href":"https:\/\/api.w.org\/{rel}","templated":true}]}}