{"id":7869,"date":"2020-12-03T07:48:37","date_gmt":"2020-12-03T07:48:37","guid":{"rendered":"https:\/\/taski.com\/disques-simples\/"},"modified":"2026-03-06T16:22:12","modified_gmt":"2026-03-06T16:22:12","slug":"monobrosses","status":"publish","type":"page","link":"https:\/\/staging.taski.com\/fr\/produits-innovations-et-solutions\/produits\/monobrosses\/","title":{"rendered":"Monobrosses"},"content":{"rendered":"<div class=\"wpb-content-wrapper\"><p>[vc_row][vc_column]\n  <div class=\"page-intro-block size-fit-image style-dark font-large\">\n         <div class=\"page-intro-block-i\">\n      <div class=\"row\">\n        <div class=\"page-intro-content\">\n            <div class=\"title-block\">\n                                     <h2><span class=\"pt\">Monobrosses<\/span>La gamme ergodisc est l\u00e9gendaire pour sa <strong>qualit\u00e9 et sa fiabilit\u00e9.<\/strong> <strong> une conception, une construction et une pr\u00e9cision in\u00e9gal\u00e9es.<\/strong><\/h2>\n                                                 <\/div>\n            <div class=\"page-intro-image\">\n                                <div class=\"page-intro-image-alt\">\n                    \n                    <img decoding=\"async\" src=\"https:\/\/staging.taski.com\/wp-content\/uploads\/2020\/12\/DSC_0012-scaled.jpg\" alt=\"\" \/>\n\n                <\/div>\n            <\/div>\n        <\/div>\n      <\/div>\n\n\n    <\/div>\n  <\/div>\n  <div class=\"cl-fl\"><\/div>\n[\/vc_column][\/vc_row][vc_row][vc_column][vc_basic_grid post_type=\u00a0\u00bbtaski-products\u00a0\u00bb style=\u00a0\u00bbload-more\u00a0\u00bb show_filter=\u00a0\u00bbyes\u00a0\u00bb element_width=\u00a0\u00bb2&Prime; gap=\u00a0\u00bb35&Prime; orderby=\u00a0\u00bbmenu_order\u00a0\u00bb order=\u00a0\u00bbASC\u00a0\u00bb filter_style=\u00a0\u00bbdefault-less-rounded\u00a0\u00bb filter_color=\u00a0\u00bborange\u00a0\u00bb filter_size=\u00a0\u00bblg\u00a0\u00bb item=\u00a0\u00bb50527&Prime; css=\u00a0\u00bb.vc_custom_1772814106519{margin-top: 20px !important;margin-bottom: 80px !important;}\u00a0\u00bb max_items=\u00a0\u00bb-1&Prime; items_per_page=\u00a0\u00bb6&Prime; grid_id=\u00a0\u00bbvc_gid:1772814070455-ef6c3fa4-63e8-1&Prime; taxonomies=\u00a0\u00bb206&Prime; filter_source=\u00a0\u00bbtaski_product__category\u00a0\u00bb exclude_filter=\u00a0\u00bb20&Prime; filter_default_title=\u00a0\u00bbAll\u00a0\u00bb btn_title=\u00a0\u00bbLoad more\u00a0\u00bb][\/vc_column][\/vc_row][vc_row css=\u00a0\u00bb.vc_custom_1606587476742{padding-top: 80px !important;padding-bottom: 95px !important;}\u00a0\u00bb][vc_column]\n  <div class=\"product-description-block style-light image-left\">\n    <div class=\"product-description-block-i\">\n        <div class=\"product-description-block-content\">\n          <div class=\"product-description-block-title\">\n                            <div class=\"pdbt-icon\"><img decoding=\"async\" src=\"https:\/\/staging.taski.com\/wp-content\/uploads\/2020\/12\/dollar.png\" \/><\/div>\n                <div class=\"pdbt-text\">Co\u00fbt total de possession<\/div>\n                      <\/div>\n          <div class=\"product-description-block-text\"><p>Gr\u00e2ce \u00e0 la qualit\u00e9 et \u00e0 la robustesse l\u00e9gendaires de TASKI, la gamme ergodisc ne cesse de progresser.<\/p>\n<p>Ultra fiables, les machines ergodisc <strong>fourniront une prestation sans faille<\/strong> et repr\u00e9sentent un <strong>excellent rapport qualit\u00e9-prix<\/strong>.<\/p>\n<\/div>\n        <\/div>\n        <div class=\"product-description-block-image\" style=\"background-image:url(https:\/\/staging.taski.com\/wp-content\/uploads\/2021\/01\/Ergo-Disc_2_mediumsize-scaled.jpg)\">\n\n        <\/div>\n    <\/div>\n  <\/div>\n  <div class=\"cl-fl\"><\/div>\n\n  <div class=\"product-description-block style-dark image-right\">\n    <div class=\"product-description-block-i\">\n        <div class=\"product-description-block-content\">\n          <div class=\"product-description-block-title\">\n                            <div class=\"pdbt-icon\"><img decoding=\"async\" src=\"https:\/\/staging.taski.com\/wp-content\/uploads\/2020\/12\/clock.png\" \/><\/div>\n                <div class=\"pdbt-text\">Efficacit\u00e9 op\u00e9rationnelle<\/div>\n                      <\/div>\n          <div class=\"product-description-block-text\"><p>Quand le temps est de l&rsquo;argent, ergodiscs fait sont travail <strong>du premier coup, sans faute<\/strong>.<\/p>\n<\/div>\n        <\/div>\n        <div class=\"product-description-block-image\" style=\"background-image:url(https:\/\/staging.taski.com\/wp-content\/uploads\/2020\/12\/single-discs.jpg)\">\n\n        <\/div>\n    <\/div>\n  <\/div>\n  <div class=\"cl-fl\"><\/div>\n\n  <div class=\"product-description-block style-light image-left\">\n    <div class=\"product-description-block-i\">\n        <div class=\"product-description-block-content\">\n          <div class=\"product-description-block-title\">\n                            <div class=\"pdbt-icon\"><img decoding=\"async\" src=\"https:\/\/staging.taski.com\/wp-content\/uploads\/2020\/12\/people.png\" \/><\/div>\n                <div class=\"pdbt-text\">Personnes et s\u00e9curit\u00e9<\/div>\n                      <\/div>\n          <div class=\"product-description-block-text\"><p>La poign\u00e9e<strong>ergonomique<\/strong> r\u00e9glable avec protection des mains, le d\u00e9marrage en douceur et le fonctionnement par vibrations permettent de <strong>r\u00e9duire la fatigue de votre \u00e9quipe<\/strong>.<\/p>\n<\/div>\n        <\/div>\n        <div class=\"product-description-block-image\" style=\"background-image:url(https:\/\/staging.taski.com\/wp-content\/uploads\/2021\/01\/ergodisc-165-Image-4.jpg)\">\n\n        <\/div>\n    <\/div>\n  <\/div>\n  <div class=\"cl-fl\"><\/div>\n[\/vc_column][\/vc_row][vc_row][vc_column][vc_row_inner][vc_column_inner]\n  <div class=\"three-cta-block\">\n    <div class=\"three-cta-block-i\">\n      <div class=\"row\">\n        <div class=\"three-cta-block-grid\">\n           <div class=\"three-cta-item\">\n            <div class=\"tci-i\">\n             <div class=\"tci-item-content\">\n                <h5>&lt;strong&gt;Voir notre&lt;\/strong&gt;<br \/>\nIndustrie<br \/>\nSolutions<\/h5>\n                <a href=\"\/products-innovations-solutions\/\"><p>PRODUITS,<br \/>SOLUTIONS ET<br \/>INNOVATIONS<\/p><\/a>\n             <\/div>\n            <\/div>\n           <\/div>\n           <div class=\"three-cta-item\">\n            <div class=\"tci-i\">\n             <div class=\"tci-item-content\">\n                <h5>&lt;strong&gt;Voir les derni\u00e8res&lt;\/strong&gt;<br \/>\nTASKI<br \/>\ninnovations<\/h5>\n                <a href=\"\/shop\/\"><p>MA<br \/>BOUTIQUE<br \/>TASKI<\/p><\/a>\n             <\/div>\n            <\/div>\n           <\/div>\n           <div class=\"three-cta-item\">\n            <div class=\"tci-i\">\n             <div class=\"tci-item-content\">\n                <h5>&lt;strong&gt;Contactez-nous&lt;\/strong&gt;<br \/>\navec<br \/>\nnous<\/h5>\n                <a href=\"\/news-help-contacts\/\"><p>CONTACTEZ<br \/>NOUS<\/p><\/a>\n             <\/div>\n            <\/div>\n           <\/div>\n        <\/div>\n      <\/div>\n    <\/div>\n  <\/div>\n  <div class=\"cl-fl\"><\/div>\n[\/vc_column_inner][\/vc_row_inner][\/vc_column][\/vc_row][vc_row][vc_column][vc_basic_grid post_type=\u00a0\u00bbtaski-products\u00a0\u00bb style=\u00a0\u00bbload-more\u00a0\u00bb show_filter=\u00a0\u00bbyes\u00a0\u00bb element_width=\u00a0\u00bb2&Prime; gap=\u00a0\u00bb35&Prime; orderby=\u00a0\u00bbmenu_order\u00a0\u00bb order=\u00a0\u00bbASC\u00a0\u00bb filter_style=\u00a0\u00bbdefault-less-rounded\u00a0\u00bb filter_color=\u00a0\u00bborange\u00a0\u00bb filter_size=\u00a0\u00bblg\u00a0\u00bb item=\u00a0\u00bb50527&Prime; css=\u00a0\u00bb.vc_custom_1772812524450{margin-top: 20px !important;margin-bottom: 80px !important;}\u00a0\u00bb max_items=\u00a0\u00bb-1&Prime; items_per_page=\u00a0\u00bb6&Prime; grid_id=\u00a0\u00bbvc_gid:1772814070456-79abcbf3-fbc4-9&Prime; taxonomies=\u00a0\u00bb206&Prime; filter_source=\u00a0\u00bbtaski_product__category\u00a0\u00bb exclude_filter=\u00a0\u00bb20&Prime; filter_default_title=\u00a0\u00bbAll\u00a0\u00bb btn_title=\u00a0\u00bbLoad more\u00a0\u00bb][\/vc_column][\/vc_row]<\/p>\n<\/div>","protected":false},"excerpt":{"rendered":"<p>[vc_row][vc_column][\/vc_column][\/vc_row][vc_row][vc_column][vc_basic_grid post_type=\u00a0\u00bbtaski-products\u00a0\u00bb style=\u00a0\u00bbload-more\u00a0\u00bb show_filter=\u00a0\u00bbyes\u00a0\u00bb element_width=\u00a0\u00bb2&Prime; gap=\u00a0\u00bb35&Prime; orderby=\u00a0\u00bbmenu_order\u00a0\u00bb order=\u00a0\u00bbASC\u00a0\u00bb filter_style=\u00a0\u00bbdefault-less-rounded\u00a0\u00bb filter_color=\u00a0\u00bborange\u00a0\u00bb filter_size=\u00a0\u00bblg\u00a0\u00bb item=\u00a0\u00bb50527&Prime; css=\u00a0\u00bb.vc_custom_1772814106519{margin-top: 20px !important;margin-bottom: 80px !important;}\u00a0\u00bb max_items=\u00a0\u00bb-1&Prime; items_per_page=\u00a0\u00bb6&Prime; grid_id=\u00a0\u00bbvc_gid:1772814070455-ef6c3fa4-63e8-1&Prime; taxonomies=\u00a0\u00bb206&Prime; filter_source=\u00a0\u00bbtaski_product__category\u00a0\u00bb exclude_filter=\u00a0\u00bb20&Prime; filter_default_title=\u00a0\u00bbAll\u00a0\u00bb btn_title=\u00a0\u00bbLoad more\u00a0\u00bb][\/vc_column][\/vc_row][vc_row css=\u00a0\u00bb.vc_custom_1606587476742{padding-top: 80px !important;padding-bottom: 95px !important;}\u00a0\u00bb][vc_column][\/vc_column][\/vc_row][vc_row][vc_column][vc_row_inner][vc_column_inner][\/vc_column_inner][\/vc_row_inner][\/vc_column][\/vc_row][vc_row][vc_column][vc_basic_grid post_type=\u00a0\u00bbtaski-products\u00a0\u00bb style=\u00a0\u00bbload-more\u00a0\u00bb show_filter=\u00a0\u00bbyes\u00a0\u00bb element_width=\u00a0\u00bb2&Prime; gap=\u00a0\u00bb35&Prime; orderby=\u00a0\u00bbmenu_order\u00a0\u00bb order=\u00a0\u00bbASC\u00a0\u00bb filter_style=\u00a0\u00bbdefault-less-rounded\u00a0\u00bb filter_color=\u00a0\u00bborange\u00a0\u00bb filter_size=\u00a0\u00bblg\u00a0\u00bb item=\u00a0\u00bb50527&Prime; css=\u00a0\u00bb.vc_custom_1772812524450{margin-top: 20px !important;margin-bottom: 80px !important;}\u00a0\u00bb max_items=\u00a0\u00bb-1&Prime; items_per_page=\u00a0\u00bb6&Prime; grid_id=\u00a0\u00bbvc_gid:1772814070456-79abcbf3-fbc4-9&Prime; taxonomies=\u00a0\u00bb206&Prime; filter_source=\u00a0\u00bbtaski_product__category\u00a0\u00bb exclude_filter=\u00a0\u00bb20&Prime; filter_default_title=\u00a0\u00bbAll\u00a0\u00bb btn_title=\u00a0\u00bbLoad [&hellip;]<\/p>\n","protected":false},"author":1,"featured_media":0,"parent":7870,"menu_order":361,"comment_status":"closed","ping_status":"closed","template":"page-products.php","meta":{"_acf_changed":false,"_seopress_robots_primary_cat":"","_seopress_titles_title":"","_seopress_titles_desc":"","_seopress_robots_index":"","inline_featured_image":false,"footnotes":""},"class_list":["post-7869","page","type-page","status-publish","hentry"],"acf":[],"_links":{"self":[{"href":"https:\/\/staging.taski.com\/fr\/wp-json\/wp\/v2\/pages\/7869","targetHints":{"allow":["GET"]}}],"collection":[{"href":"https:\/\/staging.taski.com\/fr\/wp-json\/wp\/v2\/pages"}],"about":[{"href":"https:\/\/staging.taski.com\/fr\/wp-json\/wp\/v2\/types\/page"}],"author":[{"embeddable":true,"href":"https:\/\/staging.taski.com\/fr\/wp-json\/wp\/v2\/users\/1"}],"replies":[{"embeddable":true,"href":"https:\/\/staging.taski.com\/fr\/wp-json\/wp\/v2\/comments?post=7869"}],"version-history":[{"count":3,"href":"https:\/\/staging.taski.com\/fr\/wp-json\/wp\/v2\/pages\/7869\/revisions"}],"predecessor-version":[{"id":56104,"href":"https:\/\/staging.taski.com\/fr\/wp-json\/wp\/v2\/pages\/7869\/revisions\/56104"}],"up":[{"embeddable":true,"href":"https:\/\/staging.taski.com\/fr\/wp-json\/wp\/v2\/pages\/7870"}],"wp:attachment":[{"href":"https:\/\/staging.taski.com\/fr\/wp-json\/wp\/v2\/media?parent=7869"}],"curies":[{"name":"wp","href":"https:\/\/api.w.org\/{rel}","templated":true}]}}