{"id":7868,"date":"2020-11-30T15:51:23","date_gmt":"2020-11-30T15:51:23","guid":{"rendered":"https:\/\/taski.com\/vente-au-detail\/"},"modified":"2023-10-03T08:24:23","modified_gmt":"2023-10-03T08:24:23","slug":"retail","status":"publish","type":"page","link":"https:\/\/staging.taski.com\/fr\/pourquoi-taski\/vos-marches-et-secteurs\/retail\/","title":{"rendered":"Retail"},"content":{"rendered":"<div class=\"wpb-content-wrapper\"><p>[vc_row][vc_column]\n  <div class=\"page-intro-block size-fit-image style-dark font-large\">\n         <div class=\"page-intro-block-i\">\n      <div class=\"row\">\n        <div class=\"page-intro-content\">\n            <div class=\"title-block\">\n                                     <h2><span class=\"pt\">Retail<\/span>Vous voulez &lt;strong&gt;contr\u00f4ler les co\u00fbts de nettoyage et am\u00e9liorer l'exp\u00e9rience de vos clients en magasin ?&lt;\/strong&gt;<br \/>\nTASKI peut vous aider.<\/h2>\n                                                 <\/div>\n            <div class=\"page-intro-image\">\n                                <div class=\"page-intro-image-alt\">\n                    \n                    <img decoding=\"async\" src=\"https:\/\/staging.taski.com\/wp-content\/uploads\/2021\/01\/RETAIL_36_SW995_Cleaning_floor-3-1.jpg\" alt=\"\" \/>\n\n                <\/div>\n            <\/div>\n        <\/div>\n      <\/div>\n\n\n    <\/div>\n  <\/div>\n  <div class=\"cl-fl\"><\/div>\n[\/vc_column][\/vc_row][vc_row css=\u00a0\u00bb.vc_custom_1606587476742{padding-top: 80px !important;padding-bottom: 95px !important;}\u00a0\u00bb][vc_column][vc_row_inner][vc_column_inner]\n  <div class=\"page-video-block\">\n    <div class=\"page-video-block-i\">\n      <div class=\"row\">\n        <div class=\"page-video-block-content\">\n            <div class=\"title-block\">\n                 <h2>Quels sont vos d\u00e9fis prioritaires ?<\/h2>\n            <\/div>\n            <div class=\"page-video-image\">\n                \n              <a href=\"#\" class=\"video-player-link\" data-video-id=\"485944575\" data-src=\"https:\/\/player.vimeo.com\/video\/485944575\">\n                <img decoding=\"async\" src=\"https:\/\/staging.taski.com\/wp-content\/uploads\/2021\/01\/Retail-needs-image-1.jpg\" alt=\"Quels sont vos d\u00e9fis prioritaires ? Image\" \/>\n\n     <div class=\"page-video-video-abs\"><div class=\"video-embed\"><iframe loading=\"lazy\" id=\"\" src=\"\" width=\"100%\" height=\"100%\" frameborder=\"0\" style=\"position:absolute;top:0;left:0;width:100%;height:100%;\"   allow=\"autoplay; fullscreen\" muted webkitallowfullscreen mozallowfullscreen allowfullscreen><\/iframe><\/div><\/div>              <\/a>\n            <\/div>\n        <\/div>\n      <\/div>\n\n\n    <\/div>\n  <\/div>\n  <div class=\"cl-fl\"><\/div>\n[\/vc_column_inner][\/vc_row_inner][\/vc_column][\/vc_row][vc_row css=\u00a0\u00bb.vc_custom_1606587476742{padding-top: 80px !important;padding-bottom: 95px !important;}\u00a0\u00bb][vc_column]\n  <div class=\"taski-carousel-block \" style=\"\">\n    <div class=\"taski-carousel-block-i\">\n\n      <div class=\"taski-carousel-title\"><p>Nous comprenons les besoins de votre secteur<\/p><\/div>\n      <div class=\"row\">\n       <div class=\"taski-carousel-holder\">\n        <div class=\"taski-carousel owl-carousel owl-theme\" id=\"taski-carousel\">\n                                    <div class=\"item taski-slide\">\n                            <div class=\"its-i\">\n                <div class=\"media-w\">\n                    <div class=\"image\">\n                      <div class=\"image-i\">\n                        <img decoding=\"async\" src=\"https:\/\/staging.taski.com\/wp-content\/uploads\/2020\/12\/customer-experience.svg\" \/>\n                      <\/div>\n                    <\/div>\n                <\/div>\n                <div class=\"text\">\n                    <div class=\"title\">Exp\u00e9rience Client<\/div>\n                    <p>Impressionnez vos clients et renforcez votre marque avec des sols plus propres et plus s\u00fbrs. <strong>Les autolaveuses TASKI swingo et les tampons diamant\u00e9s Twister offrent des r\u00e9sultats imbattables.<\/strong><\/p>\n                                    <\/div>\n              <\/div>\n                          <\/div>\n            <div class=\"item taski-slide\">\n                            <div class=\"its-i\">\n                <div class=\"media-w\">\n                    <div class=\"image\">\n                      <div class=\"image-i\">\n                        <img decoding=\"async\" src=\"https:\/\/staging.taski.com\/wp-content\/uploads\/2020\/12\/cost-control.svg\" \/>\n                      <\/div>\n                    <\/div>\n                <\/div>\n                <div class=\"text\">\n                    <div class=\"title\">Contr\u00f4le des co\u00fbts<\/div>\n                    <p>R\u00e9duisez votre co\u00fbt de propri\u00e9t\u00e9 et votre co\u00fbt de nettoyage gr\u00e2ce \u00e0 un financement et une gestion de flotte flexibles. Jetez un coup d'\u0153il \u00e0 nos &lt;strong&gt;options&lt;\/strong&gt;flexibles &lt;strong&gt;de financement et de service.&lt;\/strong&gt;<\/p>\n                                    <\/div>\n              <\/div>\n                          <\/div>\n            <div class=\"item taski-slide\">\n                            <div class=\"its-i\">\n                <div class=\"media-w\">\n                    <div class=\"image\">\n                      <div class=\"image-i\">\n                        <img decoding=\"async\" src=\"https:\/\/staging.taski.com\/wp-content\/uploads\/2020\/12\/operational-efficiency.svg\" \/>\n                      <\/div>\n                    <\/div>\n                <\/div>\n                <div class=\"text\">\n                    <div class=\"title\">Efficacit\u00e9 op\u00e9rationnelle<\/div>\n                    <p>Augmentez l'efficacit\u00e9 op\u00e9rationnelle en maximisant la productivit\u00e9 et en minimisant les temps d'arr\u00eat. Pourquoi marcher quand on peut conduire ? Jetez un coup d'\u0153il \u00e0 nos &lt;strong&gt;derni\u00e8res micro-machines conductibles. &lt;\/strong&gt;<\/p>\n                                    <\/div>\n              <\/div>\n                          <\/div>\n            <div class=\"item taski-slide\">\n                            <div class=\"its-i\">\n                <div class=\"media-w\">\n                    <div class=\"image\">\n                      <div class=\"image-i\">\n                        <img decoding=\"async\" src=\"https:\/\/staging.taski.com\/wp-content\/uploads\/2020\/12\/sustainability.svg\" \/>\n                      <\/div>\n                    <\/div>\n                <\/div>\n                <div class=\"text\">\n                    <div class=\"title\">D\u00e9veloppement Durable<\/div>\n                    <p>R\u00e9duisez les services publics jusqu'\u00e0 76 % et r\u00e9pondez \u00e0 vos besoins en mati\u00e8re de durabilit\u00e9. Jetez un coup d'\u0153il \u00e0 &lt;strong&gt;IntelliFlow et IntelliDose, qui ne sont que deux de nos solutions intelligentes.&lt;\/strong&gt;<\/p>\n                                    <\/div>\n              <\/div>\n                          <\/div>\n            <div class=\"item taski-slide\">\n                            <div class=\"its-i\">\n                <div class=\"media-w\">\n                    <div class=\"image\">\n                      <div class=\"image-i\">\n                        <img decoding=\"async\" src=\"https:\/\/staging.taski.com\/wp-content\/uploads\/2020\/12\/people-safety.svg\" \/>\n                      <\/div>\n                    <\/div>\n                <\/div>\n                <div class=\"text\">\n                    <div class=\"title\">Personnes et s\u00e9curit\u00e9<\/div>\n                    <p>Prot\u00e9gez vos clients et votre marque avec des sols plus propres et plus s\u00fbrs. M\u00e9canisez davantage votre nettoyage, jetez un coup d'\u0153il \u00e0 nos &lt;strong&gt;autolaveuses \u00e0 micro-batterie,&lt;\/strong&gt; con\u00e7ues pour remplacer la serpilli\u00e8re.<\/p>\n                                    <\/div>\n              <\/div>\n                          <\/div>\n                    <\/div>\n\n        <div class=\"taski-carousel-navigation\">\n          <div class=\"nav-left\">\n            <a href=\"#\"><i class=\"fa fa-chevron-left\"><\/i><\/a>\n          <\/div>\n          <div class=\"nav-description\">\n\n          <\/div>\n          <div class=\"nav-right\">\n            <a href=\"#\"><i class=\"fa fa-chevron-right\"><\/i><\/a>\n          <\/div>\n        <\/div>\n       <\/div>\n      <\/div>\n   <\/div>\n  <\/div>\n  <div class=\"cl-fl\"><\/div>\n[\/vc_column][\/vc_row][vc_row css=\u00a0\u00bb.vc_custom_1606653988515{padding-top: 80px !important;padding-bottom: 80px !important;background-color: #505050 !important;}\u00a0\u00bb][vc_column][vc_row_inner][vc_column_inner]\n  <div class=\"testimonials-block\">\n    <div class=\"testimonials-block-i\">\n      <div class=\"row\">\n        <div class=\"title-block\">\n            <h2>Ce que disent nos clients<\/h2>\n        <\/div>\n\n        <div class=\"testimonials-grid\">\n           <div class=\"testimonial-item\">\n            <div class=\"ti-i\">\n             <img decoding=\"async\" src=\"https:\/\/staging.taski.com\/wp-content\/uploads\/2020\/11\/testimonial-1.jpg\" alt=\"Image\" \/>\n             <div class=\"test-item-content\">\n                <div class=\"test-item-title\">Ayant besoin d'am\u00e9liorer ses r\u00e9sultats, un d\u00e9taillant a contact\u00e9 TASKI pour am\u00e9liorer l'&lt;strong&gt;exp\u00e9rience en magasin&lt;\/strong&gt;.<\/div>\n                <div class=\"test-item-text\"><p>&quot;Nos statistiques montrent que les acheteurs d\u00e9pensent plus dans un magasin propre, ils d\u00e9pensent encore plus si les sols sont super brillants. En ce qui nous concerne, brillance \u00e9gale euros !&quot;.<\/p><\/div>\n             <\/div>\n            <\/div>\n           <\/div>\n           <div class=\"testimonial-item\">\n            <div class=\"ti-i\">\n             <img decoding=\"async\" src=\"https:\/\/staging.taski.com\/wp-content\/uploads\/2020\/11\/testimonial-2.jpg\" alt=\"Image\" \/>\n             <div class=\"test-item-content\">\n                <div class=\"test-item-title\">Suite \u00e0 une r\u00e9cente expansion d'une cha\u00eene britannique, son directeur de division a appel\u00e9 TASKI pour l'&lt;strong&gt;aider \u00e0 prot\u00e9ger ses \u00e9normes investissements dans les nouveaux magasins.&lt;\/strong&gt;<\/div>\n                <div class=\"test-item-text\"><p>&quot;TASKI a mod\u00e9lis\u00e9 le nouveau magasin en utilisant diff\u00e9rentes combinaisons de ses machines pour obtenir le m\u00e9lange parfait. Ils nous ont donn\u00e9 un co\u00fbt mensuel par magasin pour la machine et le service. Ils ont \u00e9galement mod\u00e9lis\u00e9 le leasing pour moi, mais notre directeur financier a fait les calculs et le retour sur investissement \u00e9tait si rapide que nous avons opt\u00e9 pour l'achat.&quot;<\/p><\/div>\n             <\/div>\n            <\/div>\n           <\/div>\n           <div class=\"testimonial-item\">\n            <div class=\"ti-i\">\n             <img decoding=\"async\" src=\"https:\/\/staging.taski.com\/wp-content\/uploads\/2020\/11\/testimonial-3.jpg\" alt=\"Image\" \/>\n             <div class=\"test-item-content\">\n                <div class=\"test-item-title\">Une tr\u00e8s grande cha\u00eene aux \u00c9tats-Unis a consult\u00e9 TASKI pour l'&lt;strong&gt;aider \u00e0 r\u00e9duire les co\u00fbts totaux de nettoyage&lt;\/strong&gt;.<\/div>\n                <div class=\"test-item-text\"><p>&quot;Nous avons test\u00e9 les autolaveuses autoport\u00e9es Swingo de TASKI, les tampons diamant\u00e9s Twister et leur Service Station 300. Les r\u00e9sultats nous ont \u00e9poustoufl\u00e9s. Ils ont enregistr\u00e9 les r\u00e9sultats avant et apr\u00e8s. Le magasin s'est visiblement am\u00e9lior\u00e9 et le temps gagn\u00e9 en utilisant leur station de recharge a facilit\u00e9 la d\u00e9cision d'opter pour TASKI &quot;.<\/p><\/div>\n             <\/div>\n            <\/div>\n           <\/div>\n\n        <\/div>\n\n      <\/div>\n    <\/div>\n  <\/div>\n  <div class=\"cl-fl\"><\/div>\n[\/vc_column_inner][\/vc_row_inner][\/vc_column][\/vc_row][vc_row][vc_column][vc_column_text]<\/p>\n<h3 style=\"text-align: center;\">Download our Industry brochures and product guides<\/h3>\n<p>[\/vc_column_text][\/vc_column][\/vc_row][vc_row][vc_column width=\u00a0\u00bb1\/3&Prime;]  <div class=\"feature-icon-w\">\n    <div class=\"feature-icon-i\">\n     <a href=\"https:\/\/taski.com\/wp-content\/uploads\/2021\/01\/Retail-Sector-Brochure.pdf\" target=\"_blank\">       <div class=\"feature-tbl\">\n        <div class=\"feature-cell image-cell\">\n          <img decoding=\"async\" class=\"aligncenter size-full\" alt=\"\" src=\"https:\/\/staging.taski.com\/wp-content\/uploads\/2020\/12\/icon-document.png\"\/>\n        <\/div>\n        <div class=\"feature-cell description-cell\">\n          <p>Retail Sector Brochure<\/p>\n        <\/div>\n       <\/div>\n        <\/a>       <div class=\"cl-fl\"><\/div>\n    <\/div>\n  <\/div>\n[\/vc_column][vc_column width=\u00a0\u00bb1\/3&Prime;]  <div class=\"feature-icon-w\">\n    <div class=\"feature-icon-i\">\n     <a href=\"https:\/\/taski.com\/wp-content\/uploads\/2021\/01\/Retail-Sector-Product-To-Use-Charts.pdf\" target=\"_blank\">       <div class=\"feature-tbl\">\n        <div class=\"feature-cell image-cell\">\n          <img decoding=\"async\" class=\"aligncenter size-full\" alt=\"\" src=\"https:\/\/staging.taski.com\/wp-content\/uploads\/2020\/12\/icon-document.png\"\/>\n        <\/div>\n        <div class=\"feature-cell description-cell\">\n          <p>Retail Product to Use Charts<\/p>\n        <\/div>\n       <\/div>\n        <\/a>       <div class=\"cl-fl\"><\/div>\n    <\/div>\n  <\/div>\n[\/vc_column][vc_column width=\u00a0\u00bb1\/3&Prime;][\/vc_column][\/vc_row][vc_row][vc_column][vc_row_inner][vc_column_inner]\n  <div class=\"three-cta-block\">\n    <div class=\"three-cta-block-i\">\n      <div class=\"row\">\n        <div class=\"three-cta-block-grid\">\n           <div class=\"three-cta-item\">\n            <div class=\"tci-i\">\n             <div class=\"tci-item-content\">\n                <h5><strong>Voir<\/strong><br \/>nos<br \/>solutions<\/h5>\n                <a href=\"\/products-innovations-solutions\/\"><p>PRODUITS,<br \/>SOLUTIONS ET<br \/>INNOVATIONS<\/p><\/a>\n             <\/div>\n            <\/div>\n           <\/div>\n           <div class=\"three-cta-item\">\n            <div class=\"tci-i\">\n             <div class=\"tci-item-content\">\n                <h5><strong>Acheter<\/strong><br \/>TASKI<\/h5>\n                <a href=\"\/shop\/\"><p>MA<br \/>BOUTIQUE<br \/>TASKI<\/p><\/a>\n             <\/div>\n            <\/div>\n           <\/div>\n           <div class=\"three-cta-item\">\n            <div class=\"tci-i\">\n             <div class=\"tci-item-content\">\n                <h5>&lt;strong&gt;Poser&lt;\/strong&gt; &lt;br&gt;une&lt;br&gt;question ?<\/h5>\n                <a href=\"\/news-help-contacts\/\"><p>CONTACTEZ<br \/>NOUS<\/p><\/a>\n             <\/div>\n            <\/div>\n           <\/div>\n        <\/div>\n      <\/div>\n    <\/div>\n  <\/div>\n  <div class=\"cl-fl\"><\/div>\n[\/vc_column_inner][\/vc_row_inner][\/vc_column][\/vc_row]<\/p>\n<\/div>","protected":false},"excerpt":{"rendered":"<p>Les solutions de machines TASKI pour le secteur de la vente au d\u00e9tail, qui offrent une meilleure exp\u00e9rience client et un meilleur contr\u00f4le des co\u00fbts.<\/p>\n","protected":false},"author":1,"featured_media":34287,"parent":9282,"menu_order":577,"comment_status":"closed","ping_status":"closed","template":"","meta":{"_acf_changed":false,"_seopress_robots_primary_cat":"","_seopress_titles_title":"","_seopress_titles_desc":"","_seopress_robots_index":"","inline_featured_image":false,"footnotes":""},"class_list":["post-7868","page","type-page","status-publish","has-post-thumbnail","hentry"],"acf":[],"_links":{"self":[{"href":"https:\/\/staging.taski.com\/fr\/wp-json\/wp\/v2\/pages\/7868","targetHints":{"allow":["GET"]}}],"collection":[{"href":"https:\/\/staging.taski.com\/fr\/wp-json\/wp\/v2\/pages"}],"about":[{"href":"https:\/\/staging.taski.com\/fr\/wp-json\/wp\/v2\/types\/page"}],"author":[{"embeddable":true,"href":"https:\/\/staging.taski.com\/fr\/wp-json\/wp\/v2\/users\/1"}],"replies":[{"embeddable":true,"href":"https:\/\/staging.taski.com\/fr\/wp-json\/wp\/v2\/comments?post=7868"}],"version-history":[{"count":0,"href":"https:\/\/staging.taski.com\/fr\/wp-json\/wp\/v2\/pages\/7868\/revisions"}],"up":[{"embeddable":true,"href":"https:\/\/staging.taski.com\/fr\/wp-json\/wp\/v2\/pages\/9282"}],"wp:featuredmedia":[{"embeddable":true,"href":"https:\/\/staging.taski.com\/fr\/wp-json\/wp\/v2\/media\/34287"}],"wp:attachment":[{"href":"https:\/\/staging.taski.com\/fr\/wp-json\/wp\/v2\/media?parent=7868"}],"curies":[{"name":"wp","href":"https:\/\/api.w.org\/{rel}","templated":true}]}}