{"id":7826,"date":"2020-12-13T13:08:40","date_gmt":"2020-12-13T13:08:40","guid":{"rendered":"https:\/\/taski.com\/entretien-des-tapis\/"},"modified":"2026-03-06T16:25:15","modified_gmt":"2026-03-06T16:25:15","slug":"entretien-des-tapis","status":"publish","type":"page","link":"https:\/\/staging.taski.com\/fr\/produits-innovations-et-solutions\/produits\/entretien-des-tapis\/","title":{"rendered":"Entretien des moquettes"},"content":{"rendered":"<div class=\"wpb-content-wrapper\"><p>[vc_row][vc_column]\n  <div class=\"page-intro-block size-fit-image style-dark font-large\">\n         <div class=\"page-intro-block-i\">\n      <div class=\"row\">\n        <div class=\"page-intro-content\">\n            <div class=\"title-block\">\n                                     <h2><span class=\"pt\">Entretien des moquettes<\/span>Les Aquamat &amp; Procarpet nettoient en profondeur et s\u00e8chent les sols textiles de mani\u00e8re in\u00e9gal\u00e9e.<\/h2>\n                                                 <\/div>\n            <div class=\"page-intro-image\">\n                                <div class=\"page-intro-image-alt\">\n                    \n                    <img decoding=\"async\" src=\"https:\/\/staging.taski.com\/wp-content\/uploads\/2020\/12\/T2C0596-1-scaled.jpg\" alt=\"\" \/>\n\n                <\/div>\n            <\/div>\n        <\/div>\n      <\/div>\n\n\n    <\/div>\n  <\/div>\n  <div class=\"cl-fl\"><\/div>\n[\/vc_column][\/vc_row][vc_row][vc_column][vc_basic_grid post_type=\u00a0\u00bbtaski-products\u00a0\u00bb style=\u00a0\u00bbload-more\u00a0\u00bb show_filter=\u00a0\u00bbyes\u00a0\u00bb element_width=\u00a0\u00bb2&Prime; gap=\u00a0\u00bb35&Prime; orderby=\u00a0\u00bbmenu_order\u00a0\u00bb order=\u00a0\u00bbASC\u00a0\u00bb filter_style=\u00a0\u00bbdefault-less-rounded\u00a0\u00bb filter_color=\u00a0\u00bborange\u00a0\u00bb filter_size=\u00a0\u00bblg\u00a0\u00bb item=\u00a0\u00bb50527&Prime; css=\u00a0\u00bb.vc_custom_1772813381978{margin-top: 20px !important;margin-bottom: 80px !important;}\u00a0\u00bb max_items=\u00a0\u00bb-1&Prime; items_per_page=\u00a0\u00bb6&Prime; grid_id=\u00a0\u00bbvc_gid:1772814269128-63c74ffd-5e5c-6&Prime; taxonomies=\u00a0\u00bb269&Prime; filter_source=\u00a0\u00bbtaski_product__category\u00a0\u00bb exclude_filter=\u00a0\u00bb20&Prime; filter_default_title=\u00a0\u00bbAll\u00a0\u00bb btn_title=\u00a0\u00bbLoad more\u00a0\u00bb][\/vc_column][\/vc_row][vc_row css=\u00a0\u00bb.vc_custom_1606587476742{padding-top: 80px !important;padding-bottom: 95px !important;}\u00a0\u00bb][vc_column]\n  <div class=\"product-description-block style-dark image-right\">\n    <div class=\"product-description-block-i\">\n        <div class=\"product-description-block-content\">\n          <div class=\"product-description-block-title\">\n                            <div class=\"pdbt-icon\"><img decoding=\"async\" src=\"https:\/\/staging.taski.com\/wp-content\/uploads\/2021\/02\/people-safety-white.png\" \/><\/div>\n                <div class=\"pdbt-text\">Exp\u00e9rience clients<\/div>\n                      <\/div>\n          <div class=\"product-description-block-text\"><p><span data-sheets-formula-bar-text-style=\"font-size:13px;color:#000000;font-weight:bold;text-decoration:none;font-family:'Arial';font-style:normal;text-decoration-skip-ink:none;\">L&rsquo;action de la brosse de nettoyage et l&rsquo;aspiration puissante de la gamme Procarpet offrent d&rsquo;excellents r\u00e9sultats que les visiteurs remarqueront.<\/span><\/p>\n<\/div>\n        <\/div>\n        <div class=\"product-description-block-image\" style=\"background-image:url(https:\/\/staging.taski.com\/wp-content\/uploads\/2021\/01\/Carpet-extraction-scaled.jpg)\">\n\n        <\/div>\n    <\/div>\n  <\/div>\n  <div class=\"cl-fl\"><\/div>\n\n  <div class=\"product-description-block style-light image-left\">\n    <div class=\"product-description-block-i\">\n        <div class=\"product-description-block-content\">\n          <div class=\"product-description-block-title\">\n                            <div class=\"pdbt-icon\"><img decoding=\"async\" src=\"https:\/\/staging.taski.com\/wp-content\/uploads\/2020\/12\/brand-protection.svg\" \/><\/div>\n                <div class=\"pdbt-text\">Image de marque<\/div>\n                      <\/div>\n          <div class=\"product-description-block-text\"><p><span data-sheets-formula-bar-text-style=\"font-size:13px;color:#000000;font-weight:bold;text-decoration:none;font-family:'Arial';font-style:normal;text-decoration-skip-ink:none;\">Traiter une tache rapidement permet de limiter son impact. <\/span><\/p>\n<p><span data-sheets-formula-bar-text-style=\"font-size:13px;color:#000000;font-weight:bold;text-decoration:none;font-family:'Arial';font-style:normal;text-decoration-skip-ink:none;\">L&rsquo;Aquamat est facile \u00e0 utiliser et l\u00e9ger. Il peut \u00eatre fonctionnel rapidement pour venir \u00e0 bout des taches.<\/span><\/p>\n<\/div>\n        <\/div>\n        <div class=\"product-description-block-image\" style=\"background-image:url(https:\/\/staging.taski.com\/wp-content\/uploads\/2021\/01\/Spot-cleaning-scaled.jpg)\">\n\n        <\/div>\n    <\/div>\n  <\/div>\n  <div class=\"cl-fl\"><\/div>\n\n  <div class=\"product-description-block style-dark image-right\">\n    <div class=\"product-description-block-i\">\n        <div class=\"product-description-block-content\">\n          <div class=\"product-description-block-title\">\n                            <div class=\"pdbt-icon\"><img decoding=\"async\" src=\"https:\/\/staging.taski.com\/wp-content\/uploads\/2020\/11\/globe.png\" \/><\/div>\n                <div class=\"pdbt-text\">Optimisation du fonds de roulement<\/div>\n                      <\/div>\n          <div class=\"product-description-block-text\"><p><span data-sheets-formula-bar-text-style=\"font-size:13px;color:#000000;font-weight:bold;text-decoration:none;font-family:'Arial';font-style:normal;text-decoration-skip-ink:none;\"><strong>Pourquoi payer pour un<\/strong> nettoyage de moquette par une soci\u00e9t\u00e9 ext\u00e9rieure ? <\/span><\/p>\n<p><span data-sheets-formula-bar-text-style=\"font-size:13px;color:#000000;font-weight:bold;text-decoration:none;font-family:'Arial';font-style:normal;text-decoration-skip-ink:none;\">Votre machine TASKI sera rentabilis\u00e9e en moins de 12 mois.<\/span><\/p>\n<\/div>\n        <\/div>\n        <div class=\"product-description-block-image\" style=\"background-image:url(https:\/\/staging.taski.com\/wp-content\/uploads\/2021\/01\/Carpet-extraction-2-scaled.jpg)\">\n\n        <\/div>\n    <\/div>\n  <\/div>\n  <div class=\"cl-fl\"><\/div>\n[\/vc_column][\/vc_row][vc_row][vc_column][vc_row_inner][vc_column_inner]\n  <div class=\"three-cta-block\">\n    <div class=\"three-cta-block-i\">\n      <div class=\"row\">\n        <div class=\"three-cta-block-grid\">\n           <div class=\"three-cta-item\">\n            <div class=\"tci-i\">\n             <div class=\"tci-item-content\">\n                <h5><strong>Voir<\/strong><br \/>\nnos solutions<\/h5>\n                <a href=\"\/products-innovations-solutions\/\"><p>PRODUITS,<br \/>SOLUTIONS ET<br \/>INNOVATIONS<\/p><\/a>\n             <\/div>\n            <\/div>\n           <\/div>\n           <div class=\"three-cta-item\">\n            <div class=\"tci-i\">\n             <div class=\"tci-item-content\">\n                <h5>D\u00e9couvrir les<br \/>\ninnovations TASKI<\/h5>\n                <a href=\"\/shop\/\"><p>MA<br \/>BOUTIQUE<br \/>TASKI<\/p><\/a>\n             <\/div>\n            <\/div>\n           <\/div>\n           <div class=\"three-cta-item\">\n            <div class=\"tci-i\">\n             <div class=\"tci-item-content\">\n                <h5>Vous avez une question?<\/h5>\n                <a href=\"\/news-help-contacts\/\"><p>CONTACTEZ<br \/>NOUS<\/p><\/a>\n             <\/div>\n            <\/div>\n           <\/div>\n        <\/div>\n      <\/div>\n    <\/div>\n  <\/div>\n  <div class=\"cl-fl\"><\/div>\n[\/vc_column_inner][\/vc_row_inner][\/vc_column][\/vc_row]<\/p>\n<\/div>","protected":false},"excerpt":{"rendered":"<p>[vc_row][vc_column][\/vc_column][\/vc_row][vc_row][vc_column][vc_basic_grid post_type=\u00a0\u00bbtaski-products\u00a0\u00bb style=\u00a0\u00bbload-more\u00a0\u00bb show_filter=\u00a0\u00bbyes\u00a0\u00bb element_width=\u00a0\u00bb2&Prime; gap=\u00a0\u00bb35&Prime; orderby=\u00a0\u00bbmenu_order\u00a0\u00bb order=\u00a0\u00bbASC\u00a0\u00bb filter_style=\u00a0\u00bbdefault-less-rounded\u00a0\u00bb filter_color=\u00a0\u00bborange\u00a0\u00bb filter_size=\u00a0\u00bblg\u00a0\u00bb item=\u00a0\u00bb50527&Prime; css=\u00a0\u00bb.vc_custom_1772813381978{margin-top: 20px !important;margin-bottom: 80px !important;}\u00a0\u00bb max_items=\u00a0\u00bb-1&Prime; items_per_page=\u00a0\u00bb6&Prime; grid_id=\u00a0\u00bbvc_gid:1772814269128-63c74ffd-5e5c-6&Prime; taxonomies=\u00a0\u00bb269&Prime; filter_source=\u00a0\u00bbtaski_product__category\u00a0\u00bb exclude_filter=\u00a0\u00bb20&Prime; filter_default_title=\u00a0\u00bbAll\u00a0\u00bb btn_title=\u00a0\u00bbLoad more\u00a0\u00bb][\/vc_column][\/vc_row][vc_row css=\u00a0\u00bb.vc_custom_1606587476742{padding-top: 80px !important;padding-bottom: 95px !important;}\u00a0\u00bb][vc_column][\/vc_column][\/vc_row][vc_row][vc_column][vc_row_inner][vc_column_inner][\/vc_column_inner][\/vc_row_inner][\/vc_column][\/vc_row]<\/p>\n","protected":false},"author":1,"featured_media":0,"parent":7870,"menu_order":280,"comment_status":"closed","ping_status":"closed","template":"page-products.php","meta":{"_acf_changed":false,"_seopress_robots_primary_cat":"","_seopress_titles_title":"","_seopress_titles_desc":"","_seopress_robots_index":"","inline_featured_image":false,"footnotes":""},"class_list":["post-7826","page","type-page","status-publish","hentry"],"acf":[],"_links":{"self":[{"href":"https:\/\/staging.taski.com\/fr\/wp-json\/wp\/v2\/pages\/7826","targetHints":{"allow":["GET"]}}],"collection":[{"href":"https:\/\/staging.taski.com\/fr\/wp-json\/wp\/v2\/pages"}],"about":[{"href":"https:\/\/staging.taski.com\/fr\/wp-json\/wp\/v2\/types\/page"}],"author":[{"embeddable":true,"href":"https:\/\/staging.taski.com\/fr\/wp-json\/wp\/v2\/users\/1"}],"replies":[{"embeddable":true,"href":"https:\/\/staging.taski.com\/fr\/wp-json\/wp\/v2\/comments?post=7826"}],"version-history":[{"count":3,"href":"https:\/\/staging.taski.com\/fr\/wp-json\/wp\/v2\/pages\/7826\/revisions"}],"predecessor-version":[{"id":56105,"href":"https:\/\/staging.taski.com\/fr\/wp-json\/wp\/v2\/pages\/7826\/revisions\/56105"}],"up":[{"embeddable":true,"href":"https:\/\/staging.taski.com\/fr\/wp-json\/wp\/v2\/pages\/7870"}],"wp:attachment":[{"href":"https:\/\/staging.taski.com\/fr\/wp-json\/wp\/v2\/media?parent=7826"}],"curies":[{"name":"wp","href":"https:\/\/api.w.org\/{rel}","templated":true}]}}