{"id":7809,"date":"2020-11-30T09:06:34","date_gmt":"2020-11-30T09:06:34","guid":{"rendered":"https:\/\/taski.com\/competences-de-taski\/"},"modified":"2022-09-15T09:06:03","modified_gmt":"2022-09-15T09:06:03","slug":"competences-de-taski","status":"publish","type":"page","link":"https:\/\/staging.taski.com\/fr\/pourquoi-taski\/competences-de-taski\/","title":{"rendered":"Comp\u00e9tences de TASKI"},"content":{"rendered":"<div class=\"wpb-content-wrapper\"><p>[vc_row][vc_column]\n  <div class=\"page-intro-block size-fit-image style-light font-large\">\n         <div class=\"page-intro-block-i\">\n      <div class=\"row\">\n        <div class=\"page-intro-content\">\n            <div class=\"title-block\">\n                                     <h2>Pourquoi TASKI peut-il pr\u00e9tendre<br \/>\n\u00eatre le fabricant de<br \/>\n&lt;strong&gt;machines de nettoyage ULTIME ?&lt;\/strong&gt;<\/h2>\n                                                 <\/div>\n            <div class=\"page-intro-image\">\n                                <div class=\"page-intro-image-alt\">\n                    \n                    <img decoding=\"async\" src=\"https:\/\/staging.taski.com\/wp-content\/uploads\/2020\/11\/Ultimate-Cleaning-Machines.jpg\" alt=\"\" \/>\n\n                <\/div>\n            <\/div>\n        <\/div>\n      <\/div>\n\n\n    <\/div>\n  <\/div>\n  <div class=\"cl-fl\"><\/div>\n[\/vc_column][\/vc_row][vc_row][vc_column]\n  <div class=\"page-description-block style-dark\">\n    <div class=\"page-description-block-i\">\n      <div class=\"row\">\n        <div class=\"page-description-content\">\n          <\/div><\/div><\/div><\/div><\/p>\n<h3><strong>Sur un seul niveau\u2026<br \/>\n<\/strong>TASKI est une\u00a0<strong>marque mondiale<\/strong> leader dans le domaine du nettoyage m\u00e9canique. La r\u00e9putation de TASKI en tant que marque suisse\u00a0<strong>brillante<\/strong>\u00a0est bien connue. Nos produits sont fabriqu\u00e9s avec des composants de qualit\u00e9 et\u00a0<strong>con\u00e7us pour durer.<\/strong><br \/>\nMais la v\u00e9rit\u00e9 est plus profonde que cela\u2026<\/h3>\n<h3>L&rsquo;ADN de TASKI se r\u00e9sume le mieux dans\u00a0<strong>9\u00a0x\u00a0comp\u00e9tences de base.<\/strong><\/h3>\n<\/div>\n      \n    \n  \n  <div class=\"cl-fl\"><\/div>\n[\/vc_column][\/vc_row][vc_row css=\u00a0\u00bb.vc_custom_1606748446025{padding-top: 90px !important;padding-bottom: 90px !important;}\u00a0\u00bb][vc_column css=\u00a0\u00bb.vc_custom_1606743732250{margin-top: 0px !important;margin-bottom: 0px !important;padding-top: 0px !important;padding-bottom: 0px !important;}\u00a0\u00bb]\n  <div class=\"taski-carousel-block \" style=\"\">\n    <div class=\"taski-carousel-block-i\">\n\n      <div class=\"taski-carousel-title\"><p>Tout ce que nous faisons est con\u00e7u pour r\u00e9pondre \u00e0 vos besoins<\/p><\/div>\n      <div class=\"row\">\n       <div class=\"taski-carousel-holder\">\n        <div class=\"taski-carousel owl-carousel owl-theme\" id=\"taski-carousel\">\n                                    <div class=\"item taski-slide\">\n                              <a class=\"video-play\" href=\"#\" data-src=\"https:\/\/player.vimeo.com\/video\/485889180\">\n                    <div class=\"media-w\">\n                        <div class=\"image\">\n                            <img decoding=\"async\" src=\"https:\/\/staging.taski.com\/wp-content\/uploads\/2020\/12\/Customer-market-insight.jpg\" \/>\n                        <\/div>\n                        <div class=\"video-embed\">\n                            <iframe loading=\"lazy\" id=\"\" src=\"\" width=\"100%\" height=\"100%\" frameborder=\"0\" style=\"position:absolute;top:0;left:0;width:100%;height:100%;\"   allow=\"autoplay; fullscreen\" muted webkitallowfullscreen mozallowfullscreen allowfullscreen><\/iframe>\n                        <\/div>\n                    <\/div>\n                <\/a>\n                    <div class=\"text\">\n                        <div class=\"title\">1. Client &amp; aper\u00e7u du march\u00e9<\/div>\n                        <p>Nos clients sont le moteur de notre activit\u00e9, ils exigent le meilleur.<\/p>\n                        <div class=\"btn\"><a href=\"\/why-taski\/your-markets-sectors\/\">Voir nos solutions<\/a><\/div>                    <\/div>\n                          <\/div>\n            <div class=\"item taski-slide\">\n                              <a class=\"video-play\" href=\"#\" data-src=\"https:\/\/player.vimeo.com\/video\/485889302\">\n                    <div class=\"media-w\">\n                        <div class=\"image\">\n                            <img decoding=\"async\" src=\"https:\/\/staging.taski.com\/wp-content\/uploads\/2020\/12\/2-innovation.jpg\" \/>\n                        <\/div>\n                        <div class=\"video-embed\">\n                            <iframe loading=\"lazy\" id=\"\" src=\"\" width=\"100%\" height=\"100%\" frameborder=\"0\" style=\"position:absolute;top:0;left:0;width:100%;height:100%;\"   allow=\"autoplay; fullscreen\" muted webkitallowfullscreen mozallowfullscreen allowfullscreen><\/iframe>\n                        <\/div>\n                    <\/div>\n                <\/a>\n                    <div class=\"text\">\n                        <div class=\"title\">2. Innovation<\/div>\n                        <p>Nos concepteurs d\u00e9fient les conventions, optimisent et innovent.<\/p>\n                        <div class=\"btn\"><a href=\"\/products-innovations-solutions\/innovations\/\">Voir nos solutions<\/a><\/div>                    <\/div>\n                          <\/div>\n            <div class=\"item taski-slide\">\n                              <a class=\"video-play\" href=\"#\" data-src=\"https:\/\/player.vimeo.com\/video\/485889311\">\n                    <div class=\"media-w\">\n                        <div class=\"image\">\n                            <img decoding=\"async\" src=\"https:\/\/staging.taski.com\/wp-content\/uploads\/2021\/01\/Swingo-2100-image-scaled.jpg\" \/>\n                        <\/div>\n                        <div class=\"video-embed\">\n                            <iframe loading=\"lazy\" id=\"\" src=\"\" width=\"100%\" height=\"100%\" frameborder=\"0\" style=\"position:absolute;top:0;left:0;width:100%;height:100%;\"   allow=\"autoplay; fullscreen\" muted webkitallowfullscreen mozallowfullscreen allowfullscreen><\/iframe>\n                        <\/div>\n                    <\/div>\n                <\/a>\n                    <div class=\"text\">\n                        <div class=\"title\">3. Les meilleurs produits de leur cat\u00e9gorie<\/div>\n                        <p>Construit avec des composants de la plus haute qualit\u00e9 pour une productivit\u00e9 et des performances de nettoyage exceptionnelles.<\/p>\n                        <div class=\"btn\"><a href=\"\/products-innovations-solutions\/products\/\">Voir nos solutions<\/a><\/div>                    <\/div>\n                          <\/div>\n            <div class=\"item taski-slide\">\n                              <a class=\"video-play\" href=\"#\" data-src=\"https:\/\/player.vimeo.com\/video\/485889423\">\n                    <div class=\"media-w\">\n                        <div class=\"image\">\n                            <img decoding=\"async\" src=\"https:\/\/staging.taski.com\/wp-content\/uploads\/2020\/12\/expert-advice.jpg\" \/>\n                        <\/div>\n                        <div class=\"video-embed\">\n                            <iframe loading=\"lazy\" id=\"\" src=\"\" width=\"100%\" height=\"100%\" frameborder=\"0\" style=\"position:absolute;top:0;left:0;width:100%;height:100%;\"   allow=\"autoplay; fullscreen\" muted webkitallowfullscreen mozallowfullscreen allowfullscreen><\/iframe>\n                        <\/div>\n                    <\/div>\n                <\/a>\n                    <div class=\"text\">\n                        <div class=\"title\">4. Conseil d'expert<\/div>\n                        <p>Nous adoptons une approche consultative.<\/p>\n                        <div class=\"btn\"><a href=\"\/expert-advice\/\">Voir nos solutions<\/a><\/div>                    <\/div>\n                          <\/div>\n            <div class=\"item taski-slide\">\n                              <a class=\"video-play\" href=\"#\" data-src=\"https:\/\/player.vimeo.com\/video\/485889497\">\n                    <div class=\"media-w\">\n                        <div class=\"image\">\n                            <img decoding=\"async\" src=\"https:\/\/staging.taski.com\/wp-content\/uploads\/2020\/12\/cleaning-excellence.jpg\" \/>\n                        <\/div>\n                        <div class=\"video-embed\">\n                            <iframe loading=\"lazy\" id=\"\" src=\"\" width=\"100%\" height=\"100%\" frameborder=\"0\" style=\"position:absolute;top:0;left:0;width:100%;height:100%;\"   allow=\"autoplay; fullscreen\" muted webkitallowfullscreen mozallowfullscreen allowfullscreen><\/iframe>\n                        <\/div>\n                    <\/div>\n                <\/a>\n                    <div class=\"text\">\n                        <div class=\"title\">5. L'excellence du nettoyage<\/div>\n                        <p>Si vous prenez le nettoyage au s\u00e9rieux, choisissez TASKI.<\/p>\n                        <div class=\"btn\"><a href=\"\/products-innovations-solutions\/products\/\">Voir nos solutions<\/a><\/div>                    <\/div>\n                          <\/div>\n            <div class=\"item taski-slide\">\n                              <a class=\"video-play\" href=\"#\" data-src=\"https:\/\/player.vimeo.com\/video\/485889571\">\n                    <div class=\"media-w\">\n                        <div class=\"image\">\n                            <img decoding=\"async\" src=\"https:\/\/staging.taski.com\/wp-content\/uploads\/2020\/12\/internet-of-clean.jpg\" \/>\n                        <\/div>\n                        <div class=\"video-embed\">\n                            <iframe loading=\"lazy\" id=\"\" src=\"\" width=\"100%\" height=\"100%\" frameborder=\"0\" style=\"position:absolute;top:0;left:0;width:100%;height:100%;\"   allow=\"autoplay; fullscreen\" muted webkitallowfullscreen mozallowfullscreen allowfullscreen><\/iframe>\n                        <\/div>\n                    <\/div>\n                <\/a>\n                    <div class=\"text\">\n                        <div class=\"title\">6. L'internet de la propret\u00e9<\/div>\n                        <p>Personne n'a fait plus pour d\u00e9velopper l'Internet de la propret\u00e9 que Diversey.<br \/>\nPersonne n'a connect\u00e9 plus de dispositifs avec des donn\u00e9es intelligentes que TASKI.<\/p>\n                        <div class=\"btn\"><a href=\"\/products-innovations-solutions\/innovations\/\">Voir nos solutions<\/a><\/div>                    <\/div>\n                          <\/div>\n            <div class=\"item taski-slide\">\n                              <a class=\"video-play\" href=\"#\" data-src=\"https:\/\/player.vimeo.com\/video\/485889628\">\n                    <div class=\"media-w\">\n                        <div class=\"image\">\n                            <img decoding=\"async\" src=\"https:\/\/staging.taski.com\/wp-content\/uploads\/2020\/12\/sutainability.jpg\" \/>\n                        <\/div>\n                        <div class=\"video-embed\">\n                            <iframe loading=\"lazy\" id=\"\" src=\"\" width=\"100%\" height=\"100%\" frameborder=\"0\" style=\"position:absolute;top:0;left:0;width:100%;height:100%;\"   allow=\"autoplay; fullscreen\" muted webkitallowfullscreen mozallowfullscreen allowfullscreen><\/iframe>\n                        <\/div>\n                    <\/div>\n                <\/a>\n                    <div class=\"text\">\n                        <div class=\"title\">7. D\u00e9veloppement durable<\/div>\n                        <p>La durabilit\u00e9 ne signifie pas seulement le vert, chez TASKI c'est Orange. La durabilit\u00e9 est au c\u0153ur de tout ce que nous faisons.<\/p>\n                        <div class=\"btn\"><a href=\"\/why-taski\/about-taski\/sustainability\/\">Voir nos solutions<\/a><\/div>                    <\/div>\n                          <\/div>\n            <div class=\"item taski-slide\">\n                              <a class=\"video-play\" href=\"#\" data-src=\"https:\/\/player.vimeo.com\/video\/485889651\">\n                    <div class=\"media-w\">\n                        <div class=\"image\">\n                            <img decoding=\"async\" src=\"https:\/\/staging.taski.com\/wp-content\/uploads\/2020\/12\/tco.jpg\" \/>\n                        <\/div>\n                        <div class=\"video-embed\">\n                            <iframe loading=\"lazy\" id=\"\" src=\"\" width=\"100%\" height=\"100%\" frameborder=\"0\" style=\"position:absolute;top:0;left:0;width:100%;height:100%;\"   allow=\"autoplay; fullscreen\" muted webkitallowfullscreen mozallowfullscreen allowfullscreen><\/iframe>\n                        <\/div>\n                    <\/div>\n                <\/a>\n                    <div class=\"text\">\n                        <div class=\"title\">8. Co\u00fbt total de possession (TCO) le plus bas<\/div>\n                        <p>Nous r\u00e9duisons les co\u00fbts pour vous \u00e0 chaque \u00e9tape de la propri\u00e9t\u00e9.<\/p>\n                        <div class=\"btn\"><a href=\"\/taski-selector\/\">Voir nos solutions<\/a><\/div>                    <\/div>\n                          <\/div>\n            <div class=\"item taski-slide\">\n                              <a class=\"video-play\" href=\"#\" data-src=\"https:\/\/player.vimeo.com\/video\/485889723\">\n                    <div class=\"media-w\">\n                        <div class=\"image\">\n                            <img decoding=\"async\" src=\"https:\/\/staging.taski.com\/wp-content\/uploads\/2021\/01\/ISS-Customer-Endorsement.jpg\" \/>\n                        <\/div>\n                        <div class=\"video-embed\">\n                            <iframe loading=\"lazy\" id=\"\" src=\"\" width=\"100%\" height=\"100%\" frameborder=\"0\" style=\"position:absolute;top:0;left:0;width:100%;height:100%;\"   allow=\"autoplay; fullscreen\" muted webkitallowfullscreen mozallowfullscreen allowfullscreen><\/iframe>\n                        <\/div>\n                    <\/div>\n                <\/a>\n                    <div class=\"text\">\n                        <div class=\"title\">9. Avis du client<\/div>\n                        <p>Le meilleur soutien est celui de nos clients heureux et fid\u00e8les.<\/p>\n                        <div class=\"btn\"><a href=\"\/news-help-contacts\/\">Voir nos solutions<\/a><\/div>                    <\/div>\n                          <\/div>\n                    <\/div>\n\n        <div class=\"taski-carousel-navigation\">\n          <div class=\"nav-left\">\n            <a href=\"#\"><i class=\"fa fa-chevron-left\"><\/i><\/a>\n          <\/div>\n          <div class=\"nav-description\">\n\n          <\/div>\n          <div class=\"nav-right\">\n            <a href=\"#\"><i class=\"fa fa-chevron-right\"><\/i><\/a>\n          <\/div>\n        <\/div>\n       <\/div>\n      <\/div>\n   <\/div>\n  <\/div>\n  <div class=\"cl-fl\"><\/div>\n[\/vc_column][\/vc_row][vc_row][vc_column]\n  <div class=\"three-cta-block\">\n    <div class=\"three-cta-block-i\">\n      <div class=\"row\">\n        <div class=\"three-cta-block-grid\">\n           <div class=\"three-cta-item\">\n            <div class=\"tci-i\">\n             <div class=\"tci-item-content\">\n                <h5>&lt;strong&gt;Voir notre&lt;\/strong&gt;<br \/>\nIndustrie<br \/>\nSolutions<\/h5>\n                <a href=\"\/products-innovations-solutions\/\"><p>PRODUITS,<br \/>SOLUTIONS ET<br \/>INNOVATIONS<\/p><\/a>\n             <\/div>\n            <\/div>\n           <\/div>\n           <div class=\"three-cta-item\">\n            <div class=\"tci-i\">\n             <div class=\"tci-item-content\">\n                <h5>&lt;strong&gt;Voir les derni\u00e8res&lt;\/strong&gt;<br \/>\nTASKI<br \/>\ninnovations<\/h5>\n                <a href=\"https:\/\/taski.com\/products-innovations-solutions\/innovations\/\"><p>Innovations TASKI<\/p><\/a>\n             <\/div>\n            <\/div>\n           <\/div>\n           <div class=\"three-cta-item\">\n            <div class=\"tci-i\">\n             <div class=\"tci-item-content\">\n                <h5>&lt;strong&gt;Contactez-nous&lt;\/strong&gt;<br \/>\navec<br \/>\nnous<\/h5>\n                <a href=\"\/news-help-contacts\/ask-paul-contact\/\"><p>CONTACTEZ<br \/>NOUS<\/p><\/a>\n             <\/div>\n            <\/div>\n           <\/div>\n        <\/div>\n      <\/div>\n    <\/div>\n  <\/div>\n  <div class=\"cl-fl\"><\/div>\n[\/vc_column][\/vc_row]\n","protected":false},"excerpt":{"rendered":"<p>[vc_row][vc_column][\/vc_column][\/vc_row][vc_row][vc_column][\/vc_column][\/vc_row][vc_row css=\u00a0\u00bb.vc_custom_1606748446025{padding-top: 90px !important;padding-bottom: 90px !important;}\u00a0\u00bb][vc_column css=\u00a0\u00bb.vc_custom_1606743732250{margin-top: 0px !important;margin-bottom: 0px !important;padding-top: 0px !important;padding-bottom: 0px !important;}\u00a0\u00bb][\/vc_column][\/vc_row][vc_row][vc_column][\/vc_column][\/vc_row]<\/p>\n","protected":false},"author":1,"featured_media":0,"parent":9134,"menu_order":680,"comment_status":"closed","ping_status":"closed","template":"","meta":{"_acf_changed":false,"_seopress_robots_primary_cat":"","_seopress_titles_title":"","_seopress_titles_desc":"","_seopress_robots_index":"","inline_featured_image":false,"footnotes":""},"class_list":["post-7809","page","type-page","status-publish","hentry"],"acf":[],"_links":{"self":[{"href":"https:\/\/staging.taski.com\/fr\/wp-json\/wp\/v2\/pages\/7809","targetHints":{"allow":["GET"]}}],"collection":[{"href":"https:\/\/staging.taski.com\/fr\/wp-json\/wp\/v2\/pages"}],"about":[{"href":"https:\/\/staging.taski.com\/fr\/wp-json\/wp\/v2\/types\/page"}],"author":[{"embeddable":true,"href":"https:\/\/staging.taski.com\/fr\/wp-json\/wp\/v2\/users\/1"}],"replies":[{"embeddable":true,"href":"https:\/\/staging.taski.com\/fr\/wp-json\/wp\/v2\/comments?post=7809"}],"version-history":[{"count":0,"href":"https:\/\/staging.taski.com\/fr\/wp-json\/wp\/v2\/pages\/7809\/revisions"}],"up":[{"embeddable":true,"href":"https:\/\/staging.taski.com\/fr\/wp-json\/wp\/v2\/pages\/9134"}],"wp:attachment":[{"href":"https:\/\/staging.taski.com\/fr\/wp-json\/wp\/v2\/media?parent=7809"}],"curies":[{"name":"wp","href":"https:\/\/api.w.org\/{rel}","templated":true}]}}