{"id":7805,"date":"2020-11-30T16:04:35","date_gmt":"2020-11-30T16:04:35","guid":{"rendered":"https:\/\/taski.com\/service-alimentaire-restauration-sous-contrat\/"},"modified":"2021-08-20T10:27:49","modified_gmt":"2021-08-20T10:27:49","slug":"service-alimentaire-restauration-sous-contrat","status":"publish","type":"page","link":"https:\/\/staging.taski.com\/fr\/pourquoi-taski\/vos-marches-et-secteurs\/service-alimentaire-restauration-sous-contrat\/","title":{"rendered":"Restauration"},"content":{"rendered":"<div class=\"wpb-content-wrapper\"><p>[vc_row][vc_column]\n  <div class=\"page-intro-block size-fit-image style-dark font-large\">\n         <div class=\"page-intro-block-i\">\n      <div class=\"row\">\n        <div class=\"page-intro-content\">\n            <div class=\"title-block\">\n                                     <h2><span class=\"pt\">Restauration<\/span>Vous cherchez des moyens d'<strong>impressionner vos convives et d'atteindre les normes d'hygi\u00e8ne les plus \u00e9lev\u00e9es ?<\/strong> TASKI peut vous aider.<\/h2>\n                                                 <\/div>\n            <div class=\"page-intro-image\">\n                                <div class=\"page-intro-image-alt\">\n                    \n                    <img decoding=\"async\" src=\"https:\/\/staging.taski.com\/wp-content\/uploads\/2020\/11\/food-service.jpg\" alt=\"\" \/>\n\n                <\/div>\n            <\/div>\n        <\/div>\n      <\/div>\n\n\n    <\/div>\n  <\/div>\n  <div class=\"cl-fl\"><\/div>\n[\/vc_column][\/vc_row][vc_row css=\u00a0\u00bb.vc_custom_1606587476742{padding-top: 80px !important;padding-bottom: 95px !important;}\u00a0\u00bb][vc_column][vc_row_inner][vc_column_inner]\n  <div class=\"page-video-block\">\n    <div class=\"page-video-block-i\">\n      <div class=\"row\">\n        <div class=\"page-video-block-content\">\n            <div class=\"title-block\">\n                 <h2>Quels sont vos d\u00e9fis principaux ?<\/h2>\n            <\/div>\n            <div class=\"page-video-image\">\n                \n              <a href=\"#\" class=\"video-player-link\" data-video-id=\"485944367\" data-src=\"https:\/\/player.vimeo.com\/video\/485944367\">\n                <img decoding=\"async\" src=\"https:\/\/staging.taski.com\/wp-content\/uploads\/2021\/01\/Food-Service-needs-image.jpg\" alt=\"Quels sont vos d\u00e9fis principaux ? Image\" \/>\n\n     <div class=\"page-video-video-abs\"><div class=\"video-embed\"><iframe loading=\"lazy\" id=\"\" src=\"\" width=\"100%\" height=\"100%\" frameborder=\"0\" style=\"position:absolute;top:0;left:0;width:100%;height:100%;\"   allow=\"autoplay; fullscreen\" muted webkitallowfullscreen mozallowfullscreen allowfullscreen><\/iframe><\/div><\/div>              <\/a>\n            <\/div>\n        <\/div>\n      <\/div>\n\n\n    <\/div>\n  <\/div>\n  <div class=\"cl-fl\"><\/div>\n[\/vc_column_inner][\/vc_row_inner]\n  <div class=\"taski-carousel-block \" style=\"\">\n    <div class=\"taski-carousel-block-i\">\n\n      <div class=\"taski-carousel-title\"><p>Nous comprenons les besoins de votre secteur<\/p><\/div>\n      <div class=\"row\">\n       <div class=\"taski-carousel-holder\">\n        <div class=\"taski-carousel owl-carousel owl-theme\" id=\"taski-carousel\">\n                                    <div class=\"item taski-slide\">\n                            <div class=\"its-i\">\n                <div class=\"media-w\">\n                    <div class=\"image\">\n                      <div class=\"image-i\">\n                        <img decoding=\"async\" src=\"https:\/\/staging.taski.com\/wp-content\/uploads\/2020\/12\/brand-protection.svg\" \/>\n                      <\/div>\n                    <\/div>\n                <\/div>\n                <div class=\"text\">\n                    <div class=\"title\">Image de Marque<\/div>\n                    <p>Impressionnez et prot\u00e9gez vos convives tout en pr\u00e9servant votre marque. Jetez un coup d'\u0153il \u00e0 notre <strong>derni\u00e8re micro autolaveuse.<\/strong> Con\u00e7ue pour remplacer le lavage \u00e0 plat et am\u00e9liorer les normes.<\/p>\n                                    <\/div>\n              <\/div>\n                          <\/div>\n            <div class=\"item taski-slide\">\n                            <div class=\"its-i\">\n                <div class=\"media-w\">\n                    <div class=\"image\">\n                      <div class=\"image-i\">\n                        <img decoding=\"async\" src=\"https:\/\/staging.taski.com\/wp-content\/uploads\/2020\/12\/customer-experience.svg\" \/>\n                      <\/div>\n                    <\/div>\n                <\/div>\n                <div class=\"text\">\n                    <div class=\"title\">Exp\u00e9rience Clients<\/div>\n                    <p>Cr\u00e9ez une exp\u00e9rience m\u00e9morable pour vos convives. Gardez votre \u00e9tablissement impeccable gr\u00e2ce \u00e0 nos <strong>autolaveuses, machines \u00e0 vapeur et aspirateurs.<\/strong><\/p>\n                                    <\/div>\n              <\/div>\n                          <\/div>\n            <div class=\"item taski-slide\">\n                            <div class=\"its-i\">\n                <div class=\"media-w\">\n                    <div class=\"image\">\n                      <div class=\"image-i\">\n                        <img decoding=\"async\" src=\"https:\/\/staging.taski.com\/wp-content\/uploads\/2020\/12\/people-safety.svg\" \/>\n                      <\/div>\n                    <\/div>\n                <\/div>\n                <div class=\"text\">\n                    <div class=\"title\">S\u00e9curit\u00e9 des personnes<\/div>\n                    <p>Am\u00e9liorez l'hygi\u00e8ne et gardez vos sols s\u00fbrs. Enlevez plus de salet\u00e9s et laissez les sols 65% plus secs qu'avec une serpilli\u00e8re gr\u00e2ce \u00e0 nos <strong>micro laveuses.<\/strong><\/p>\n                                    <\/div>\n              <\/div>\n                          <\/div>\n            <div class=\"item taski-slide\">\n                            <div class=\"its-i\">\n                <div class=\"media-w\">\n                    <div class=\"image\">\n                      <div class=\"image-i\">\n                        <img decoding=\"async\" src=\"https:\/\/staging.taski.com\/wp-content\/uploads\/2020\/12\/operational-efficiency.svg\" \/>\n                      <\/div>\n                    <\/div>\n                <\/div>\n                <div class=\"text\">\n                    <div class=\"title\">Efficacit\u00e9 op\u00e9rationnelle<\/div>\n                    <p>Augmentez votre efficacit\u00e9 op\u00e9rationnelle et passez moins de temps \u00e0 nettoyer. D\u00e9couvrez les <strong>machines aliment\u00e9es par batterie<\/strong> qui r\u00e9duisent le temps improductif et seront toujours disponibles lorsque vous en aurez besoin.<\/p>\n                                    <\/div>\n              <\/div>\n                          <\/div>\n            <div class=\"item taski-slide\">\n                            <div class=\"its-i\">\n                <div class=\"media-w\">\n                    <div class=\"image\">\n                      <div class=\"image-i\">\n                        <img decoding=\"async\" src=\"https:\/\/staging.taski.com\/wp-content\/uploads\/2020\/12\/sustainability.svg\" \/>\n                      <\/div>\n                    <\/div>\n                <\/div>\n                <div class=\"text\">\n                    <div class=\"title\">D\u00e9veloppement Durable<\/div>\n                    <p>R\u00e9duisez vos d\u00e9penses \u00e9nerg\u00e9tiques jusqu'\u00e0 76% et atteignez vos objectifs de d\u00e9veloppement durable. D\u00e9couvrez nos <strong>solutions intelligentes, des<\/strong> technologies permettant de r\u00e9duire la consommation d'\u00e9nergie, d'eau, de produits chimiques et de d\u00e9chets.<\/p>\n                                    <\/div>\n              <\/div>\n                          <\/div>\n                    <\/div>\n\n        <div class=\"taski-carousel-navigation\">\n          <div class=\"nav-left\">\n            <a href=\"#\"><i class=\"fa fa-chevron-left\"><\/i><\/a>\n          <\/div>\n          <div class=\"nav-description\">\n\n          <\/div>\n          <div class=\"nav-right\">\n            <a href=\"#\"><i class=\"fa fa-chevron-right\"><\/i><\/a>\n          <\/div>\n        <\/div>\n       <\/div>\n      <\/div>\n   <\/div>\n  <\/div>\n  <div class=\"cl-fl\"><\/div>\n[\/vc_column][\/vc_row][vc_row css=\u00a0\u00bb.vc_custom_1606653988515{padding-top: 80px !important;padding-bottom: 80px !important;background-color: #505050 !important;}\u00a0\u00bb][vc_column][vc_row_inner][vc_column_inner]\n  <div class=\"testimonials-block\">\n    <div class=\"testimonials-block-i\">\n      <div class=\"row\">\n        <div class=\"title-block\">\n            <h2>Ce que disent nos clients<\/h2>\n        <\/div>\n\n        <div class=\"testimonials-grid\">\n           <div class=\"testimonial-item\">\n            <div class=\"ti-i\">\n             <img decoding=\"async\" src=\"https:\/\/staging.taski.com\/wp-content\/uploads\/2020\/11\/testimonial-1.jpg\" alt=\"Image\" \/>\n             <div class=\"test-item-content\">\n                <div class=\"test-item-title\">Dans une r\u00e9gion c\u00f4ti\u00e8re comp\u00e9titive du sud de la France, un restaurant ind\u00e9pendant s'est tourn\u00e9 vers TASKI pour <strong>am\u00e9liorer l'exp\u00e9rience de ses clients et gagner leur fid\u00e9lit\u00e9 \u00e0 long terme<\/strong>.<\/div>\n                <div class=\"test-item-text\"><p>\u201cNous voulons que nos clients appr\u00e9cient notre restaurant. Avec l'aide de TASKI, nos sols et nos sanitaires sont impeccables, renvoyant une image d'hygi\u00e8ne renforc\u00e9e.\u201d<\/p><\/div>\n             <\/div>\n            <\/div>\n           <\/div>\n           <div class=\"testimonial-item\">\n            <div class=\"ti-i\">\n             <img decoding=\"async\" src=\"https:\/\/staging.taski.com\/wp-content\/uploads\/2020\/11\/testimonial-2.jpg\" alt=\"Image\" \/>\n             <div class=\"test-item-content\">\n                <div class=\"test-item-title\">Apr\u00e8s avoir revu son programme d'hygi\u00e8ne, une grande cha\u00eene europ\u00e9enne de restauration rapide a d\u00e9cid\u00e9 de <strong>se moderniser avec l'aide de TASKI<\/strong>.<\/div>\n                <div class=\"test-item-text\"><p>\u201cLe plus grand changement est que nous avons compl\u00e8tement abandonn\u00e9 les serpilli\u00e8res au profit d'autolaveuses modernes. Nos sols de cuisine et de sanitaires sont plus s\u00fbrs et plus hygi\u00e9niques. Fini le lavage \u00e0 plat !\u201d<\/p><\/div>\n             <\/div>\n            <\/div>\n           <\/div>\n           <div class=\"testimonial-item\">\n            <div class=\"ti-i\">\n             <img decoding=\"async\" src=\"https:\/\/staging.taski.com\/wp-content\/uploads\/2020\/11\/testimonial-3.jpg\" alt=\"Image\" \/>\n             <div class=\"test-item-content\">\n                <div class=\"test-item-title\">Une tr\u00e8s grande cha\u00eene de restaurants aux \u00c9tats-Unis a consult\u00e9 Diversey pour l'aider \u00e0 <strong>r\u00e9duire les co\u00fbts totaux de nettoyage<\/strong>.<\/div>\n                <div class=\"test-item-text\"><p>\u201cMon personnel est mon plus grand atout, il est donc important pour moi qu'il travaille efficacement et dispose des meilleurs produits disponibles. Avec les aspirateurs dorsaux et balais TASKI, le nettoyage de fin de service est d\u00e9sormais effectu\u00e9 rapidement.\u201d<\/p><\/div>\n             <\/div>\n            <\/div>\n           <\/div>\n\n        <\/div>\n\n      <\/div>\n    <\/div>\n  <\/div>\n  <div class=\"cl-fl\"><\/div>\n[\/vc_column_inner][\/vc_row_inner][\/vc_column][\/vc_row][vc_row][vc_column][vc_row_inner][vc_column_inner]\n  <div class=\"three-cta-block\">\n    <div class=\"three-cta-block-i\">\n      <div class=\"row\">\n        <div class=\"three-cta-block-grid\">\n           <div class=\"three-cta-item\">\n            <div class=\"tci-i\">\n             <div class=\"tci-item-content\">\n                <h5><strong>Voir<\/strong><br \/>nos<br \/>solutions<\/h5>\n                <a href=\"\/products-innovations-solutions\/\"><p>PRODUITS,<br \/>SOLUTIONS ET<br \/>INNOVATIONS<\/p><\/a>\n             <\/div>\n            <\/div>\n           <\/div>\n           <div class=\"three-cta-item\">\n            <div class=\"tci-i\">\n             <div class=\"tci-item-content\">\n                <h5><strong>Acheter<\/strong><br \/>TASKI<\/h5>\n                <a href=\"\/shop\/\"><p>MA<br \/>BOUTIQUE<br \/>TASKI<\/p><\/a>\n             <\/div>\n            <\/div>\n           <\/div>\n           <div class=\"three-cta-item\">\n            <div class=\"tci-i\">\n             <div class=\"tci-item-content\">\n                <h5><strong>Poser<\/strong><br \/>une<br \/>question<\/h5>\n                <a href=\"\/news-help-contacts\/\"><p>CONTACTEZ<br \/>NOUS<\/p><\/a>\n             <\/div>\n            <\/div>\n           <\/div>\n        <\/div>\n      <\/div>\n    <\/div>\n  <\/div>\n  <div class=\"cl-fl\"><\/div>\n[\/vc_column_inner][\/vc_row_inner][\/vc_column][\/vc_row]<\/p>\n<\/div>","protected":false},"excerpt":{"rendered":"<p>Les solutions de machines TASKI qui respecteront les plus hautes normes d&rsquo;hygi\u00e8ne et impressionneront vos d\u00eeners.<\/p>\n","protected":false},"author":1,"featured_media":54066,"parent":9282,"menu_order":607,"comment_status":"closed","ping_status":"closed","template":"","meta":{"_acf_changed":false,"_seopress_robots_primary_cat":"","_seopress_titles_title":"","_seopress_titles_desc":"","_seopress_robots_index":"","inline_featured_image":false,"footnotes":""},"class_list":["post-7805","page","type-page","status-publish","has-post-thumbnail","hentry"],"acf":[],"_links":{"self":[{"href":"https:\/\/staging.taski.com\/fr\/wp-json\/wp\/v2\/pages\/7805","targetHints":{"allow":["GET"]}}],"collection":[{"href":"https:\/\/staging.taski.com\/fr\/wp-json\/wp\/v2\/pages"}],"about":[{"href":"https:\/\/staging.taski.com\/fr\/wp-json\/wp\/v2\/types\/page"}],"author":[{"embeddable":true,"href":"https:\/\/staging.taski.com\/fr\/wp-json\/wp\/v2\/users\/1"}],"replies":[{"embeddable":true,"href":"https:\/\/staging.taski.com\/fr\/wp-json\/wp\/v2\/comments?post=7805"}],"version-history":[{"count":0,"href":"https:\/\/staging.taski.com\/fr\/wp-json\/wp\/v2\/pages\/7805\/revisions"}],"up":[{"embeddable":true,"href":"https:\/\/staging.taski.com\/fr\/wp-json\/wp\/v2\/pages\/9282"}],"wp:featuredmedia":[{"embeddable":true,"href":"https:\/\/staging.taski.com\/fr\/wp-json\/wp\/v2\/media\/54066"}],"wp:attachment":[{"href":"https:\/\/staging.taski.com\/fr\/wp-json\/wp\/v2\/media?parent=7805"}],"curies":[{"name":"wp","href":"https:\/\/api.w.org\/{rel}","templated":true}]}}