{"id":7798,"date":"2020-11-30T15:59:44","date_gmt":"2020-11-30T15:59:44","guid":{"rendered":"https:\/\/taski.com\/soins-de-sante-soins-de-longue-duree\/"},"modified":"2021-07-28T14:47:56","modified_gmt":"2021-07-28T14:47:56","slug":"soins-de-sante-soins-de-longue-duree","status":"publish","type":"page","link":"https:\/\/staging.taski.com\/fr\/pourquoi-taski\/vos-marches-et-secteurs\/soins-de-sante-soins-de-longue-duree\/","title":{"rendered":"Soins de longue dur\u00e9e"},"content":{"rendered":"<div class=\"wpb-content-wrapper\"><p>[vc_row][vc_column]\n  <div class=\"page-intro-block size-fit-image style-dark font-large\">\n         <div class=\"page-intro-block-i\">\n      <div class=\"row\">\n        <div class=\"page-intro-content\">\n            <div class=\"title-block\">\n                                     <h2><span class=\"pt\">Soins de longue dur\u00e9e<\/span>Vous cherchez des moyens de garder votre \u00e9tablissement <strong>hygi\u00e9nique et s\u00fbr pour les r\u00e9sidents ? <\/strong><br \/>\nTASKI peut vous aider.<\/h2>\n                                                 <\/div>\n            <div class=\"page-intro-image\">\n                                <div class=\"page-intro-image-alt\">\n                    \n                    <img decoding=\"async\" src=\"https:\/\/staging.taski.com\/wp-content\/uploads\/2021\/01\/HEALTHCARE_31_Vacuum_carpet-2-1.jpg\" alt=\"\" \/>\n\n                <\/div>\n            <\/div>\n        <\/div>\n      <\/div>\n\n\n    <\/div>\n  <\/div>\n  <div class=\"cl-fl\"><\/div>\n[\/vc_column][\/vc_row][vc_row css=\u00a0\u00bb.vc_custom_1606587476742{padding-top: 80px !important;padding-bottom: 95px !important;}\u00a0\u00bb][vc_column][vc_row_inner][vc_column_inner]\n  <div class=\"page-video-block\">\n    <div class=\"page-video-block-i\">\n      <div class=\"row\">\n        <div class=\"page-video-block-content\">\n            <div class=\"title-block\">\n                 <h2>Quels sont vos d\u00e9fis principaux ?<\/h2>\n            <\/div>\n            <div class=\"page-video-image\">\n                \n              <a href=\"#\" class=\"video-player-link\" data-video-id=\"485944439\" data-src=\"https:\/\/player.vimeo.com\/video\/485944439\">\n                <img decoding=\"async\" src=\"https:\/\/staging.taski.com\/wp-content\/uploads\/2021\/01\/Healthcare-LTC-needs-image.jpg\" alt=\"Quels sont vos d\u00e9fis principaux ? Image\" \/>\n\n     <div class=\"page-video-video-abs\"><div class=\"video-embed\"><iframe loading=\"lazy\" id=\"\" src=\"\" width=\"100%\" height=\"100%\" frameborder=\"0\" style=\"position:absolute;top:0;left:0;width:100%;height:100%;\"   allow=\"autoplay; fullscreen\" muted webkitallowfullscreen mozallowfullscreen allowfullscreen><\/iframe><\/div><\/div>              <\/a>\n            <\/div>\n        <\/div>\n      <\/div>\n\n\n    <\/div>\n  <\/div>\n  <div class=\"cl-fl\"><\/div>\n[\/vc_column_inner][\/vc_row_inner][\/vc_column][\/vc_row][vc_row css=\u00a0\u00bb.vc_custom_1606587476742{padding-top: 80px !important;padding-bottom: 95px !important;}\u00a0\u00bb][vc_column]\n  <div class=\"taski-carousel-block \" style=\"\">\n    <div class=\"taski-carousel-block-i\">\n\n      <div class=\"taski-carousel-title\"><p>Nous comprenons les besoins de votre secteur<\/p><\/div>\n      <div class=\"row\">\n       <div class=\"taski-carousel-holder\">\n        <div class=\"taski-carousel owl-carousel owl-theme\" id=\"taski-carousel\">\n                                    <div class=\"item taski-slide\">\n                            <div class=\"its-i\">\n                <div class=\"media-w\">\n                    <div class=\"image\">\n                      <div class=\"image-i\">\n                        <img decoding=\"async\" src=\"https:\/\/staging.taski.com\/wp-content\/uploads\/2020\/12\/customer-experience.svg\" \/>\n                      <\/div>\n                    <\/div>\n                <\/div>\n                <div class=\"text\">\n                    <div class=\"title\">Exp\u00e9rience r\u00e9sidents<\/div>\n                    <p>Cr\u00e9ez un environnement s\u00fbr et hygi\u00e9nique pour vos r\u00e9sidents. Jetez un coup d'\u0153il \u00e0 nos <strong>filtres HEPA et \u00e0<\/strong> nos <strong>micro autolaveuses \u00e0 batterie<\/strong> pour une meilleure qualit\u00e9 de l'air et des sols plus s\u00fbrs et plus hygi\u00e9niques.<\/p>\n                                    <\/div>\n              <\/div>\n                          <\/div>\n            <div class=\"item taski-slide\">\n                            <div class=\"its-i\">\n                <div class=\"media-w\">\n                    <div class=\"image\">\n                      <div class=\"image-i\">\n                        <img decoding=\"async\" src=\"https:\/\/staging.taski.com\/wp-content\/uploads\/2020\/12\/people-safety.svg\" \/>\n                      <\/div>\n                    <\/div>\n                <\/div>\n                <div class=\"text\">\n                    <div class=\"title\">S\u00e9curit\u00e9 des personnes<\/div>\n                    <p>Prot\u00e9gez vos r\u00e9sidents en am\u00e9liorant la qualit\u00e9 de l'air et l'hygi\u00e8ne. Les <strong>filtres HEPA<\/strong> sont une am\u00e9lioration simple et peu co\u00fbteuse pour une meilleure qualit\u00e9 de l'air int\u00e9rieur. M\u00e9canisez davantage votre nettoyage pour des sols plus s\u00fbrs et plus hygi\u00e9niques.<\/p>\n                                    <\/div>\n              <\/div>\n                          <\/div>\n            <div class=\"item taski-slide\">\n                            <div class=\"its-i\">\n                <div class=\"media-w\">\n                    <div class=\"image\">\n                      <div class=\"image-i\">\n                        <img decoding=\"async\" src=\"https:\/\/staging.taski.com\/wp-content\/uploads\/2020\/12\/operational-efficiency.svg\" \/>\n                      <\/div>\n                    <\/div>\n                <\/div>\n                <div class=\"text\">\n                    <div class=\"title\">Efficacit\u00e9 op\u00e9rationnelle<\/div>\n                    <p>Augmentez votre efficacit\u00e9 op\u00e9rationnelle. Passez moins de temps \u00e0 nettoyer et plus de temps \u00e0 vous occuper de vos r\u00e9sidents. Adoptez les <strong>aspirateurs \u00e0 batterie AERO sans c\u00e2ble et passez aux micro autolaveuses Swingo.<\/strong> Deux moyens simples de gagner un temps pr\u00e9cieux.<\/p>\n                                    <\/div>\n              <\/div>\n                          <\/div>\n            <div class=\"item taski-slide\">\n                            <div class=\"its-i\">\n                <div class=\"media-w\">\n                    <div class=\"image\">\n                      <div class=\"image-i\">\n                        <img decoding=\"async\" src=\"https:\/\/staging.taski.com\/wp-content\/uploads\/2020\/12\/infection-prevention.svg\" \/>\n                      <\/div>\n                    <\/div>\n                <\/div>\n                <div class=\"text\">\n                    <div class=\"title\">Pr\u00e9vention des infections<\/div>\n                    <p>Prot\u00e9gez vos r\u00e9sidents tout en pr\u00e9servant votre marque. Gardez les sols propres et sans odeurs avec les <strong>aspirateurs, les nettpyeurs vapeur et les autolaveuses TASKI.<\/strong><\/p>\n                                    <\/div>\n              <\/div>\n                          <\/div>\n                    <\/div>\n\n        <div class=\"taski-carousel-navigation\">\n          <div class=\"nav-left\">\n            <a href=\"#\"><i class=\"fa fa-chevron-left\"><\/i><\/a>\n          <\/div>\n          <div class=\"nav-description\">\n\n          <\/div>\n          <div class=\"nav-right\">\n            <a href=\"#\"><i class=\"fa fa-chevron-right\"><\/i><\/a>\n          <\/div>\n        <\/div>\n       <\/div>\n      <\/div>\n   <\/div>\n  <\/div>\n  <div class=\"cl-fl\"><\/div>\n[\/vc_column][\/vc_row][vc_row css=\u00a0\u00bb.vc_custom_1606653988515{padding-top: 80px !important;padding-bottom: 80px !important;background-color: #505050 !important;}\u00a0\u00bb][vc_column][vc_row_inner][vc_column_inner]\n  <div class=\"testimonials-block\">\n    <div class=\"testimonials-block-i\">\n      <div class=\"row\">\n        <div class=\"title-block\">\n            <h2>Ce que disent nos clients<\/h2>\n        <\/div>\n\n        <div class=\"testimonials-grid\">\n           <div class=\"testimonial-item\">\n            <div class=\"ti-i\">\n             <img decoding=\"async\" src=\"https:\/\/staging.taski.com\/wp-content\/uploads\/2020\/11\/testimonial-1.jpg\" alt=\"Image\" \/>\n             <div class=\"test-item-content\">\n                <div class=\"test-item-title\">Un prestataire de soins de sant\u00e9 bas\u00e9 au Royaume-Uni souhaitait <strong>augmenter son taux d'occupation et am\u00e9liorer l'environnement de ses r\u00e9sidents<\/strong>.<\/div>\n                <div class=\"test-item-text\"><\/div>\n             <\/div>\n            <\/div>\n           <\/div>\n           <div class=\"testimonial-item\">\n            <div class=\"ti-i\">\n             <img decoding=\"async\" src=\"https:\/\/staging.taski.com\/wp-content\/uploads\/2020\/11\/testimonial-2.jpg\" alt=\"Image\" \/>\n             <div class=\"test-item-content\">\n                <div class=\"test-item-title\">Un groupe de soins de sant\u00e9 en Europe devait faire face \u00e0 un <strong>nombre croissant de r\u00e9sidents atteints d'infections nosocomiales<\/strong>. Outre la prise en charge des r\u00e9sidents vuln\u00e9rables, des mesures suppl\u00e9mentaires ont \u00e9t\u00e9 d\u00e9ploy\u00e9es en mati\u00e8re de normes d'hygi\u00e8ne.<\/div>\n                <div class=\"test-item-text\"><\/div>\n             <\/div>\n            <\/div>\n           <\/div>\n           <div class=\"testimonial-item\">\n            <div class=\"ti-i\">\n             <img decoding=\"async\" src=\"https:\/\/staging.taski.com\/wp-content\/uploads\/2020\/11\/testimonial-3.jpg\" alt=\"Image\" \/>\n             <div class=\"test-item-content\">\n                <div class=\"test-item-title\">Un groupe europ\u00e9en de soins de sant\u00e9 priv\u00e9s a consult\u00e9 Diversey pour mieux comprendre comment il pouvait <strong>am\u00e9liorer ses m\u00e9thodes et processus de nettoyage<\/strong>.<\/div>\n                <div class=\"test-item-text\"><\/div>\n             <\/div>\n            <\/div>\n           <\/div>\n\n        <\/div>\n\n      <\/div>\n    <\/div>\n  <\/div>\n  <div class=\"cl-fl\"><\/div>\n[\/vc_column_inner][\/vc_row_inner][\/vc_column][\/vc_row][vc_row][vc_column][vc_row_inner][vc_column_inner]\n  <div class=\"three-cta-block\">\n    <div class=\"three-cta-block-i\">\n      <div class=\"row\">\n        <div class=\"three-cta-block-grid\">\n           <div class=\"three-cta-item\">\n            <div class=\"tci-i\">\n             <div class=\"tci-item-content\">\n                <h5><strong>Voir<\/strong><br \/>nos<br \/>solutions<\/h5>\n                <a href=\"\/products-innovations-solutions\/\"><p>PRODUITS,<br \/>SOLUTIONS ET<br \/>INNOVATIONS<\/p><\/a>\n             <\/div>\n            <\/div>\n           <\/div>\n           <div class=\"three-cta-item\">\n            <div class=\"tci-i\">\n             <div class=\"tci-item-content\">\n                <h5><strong>Acheter<\/strong><br \/>TASKI<\/h5>\n                <a href=\"\/shop\/\"><p>MA<br \/>BOUTIQUE<br \/>TASKI<\/p><\/a>\n             <\/div>\n            <\/div>\n           <\/div>\n           <div class=\"three-cta-item\">\n            <div class=\"tci-i\">\n             <div class=\"tci-item-content\">\n                <h5><strong>Poser<\/strong><br \/>une<br \/>question<\/h5>\n                <a href=\"\/news-help-contacts\/\"><p>CONTACTEZ<br \/>NOUS<\/p><\/a>\n             <\/div>\n            <\/div>\n           <\/div>\n        <\/div>\n      <\/div>\n    <\/div>\n  <\/div>\n  <div class=\"cl-fl\"><\/div>\n[\/vc_column_inner][\/vc_row_inner][\/vc_column][\/vc_row]<\/p>\n<\/div>","protected":false},"excerpt":{"rendered":"<p>Les solutions de machines TASKI ont \u00e9t\u00e9 con\u00e7ues en pensant \u00e0 vos r\u00e9sidents, pour un contr\u00f4le des infections et une s\u00e9curit\u00e9 sup\u00e9rieurs dans votre \u00e9tablissement de soins de longue dur\u00e9e.<\/p>\n","protected":false},"author":1,"featured_media":15586,"parent":9282,"menu_order":591,"comment_status":"closed","ping_status":"closed","template":"","meta":{"_acf_changed":false,"_seopress_robots_primary_cat":"","_seopress_titles_title":"","_seopress_titles_desc":"","_seopress_robots_index":"","inline_featured_image":false,"footnotes":""},"class_list":["post-7798","page","type-page","status-publish","has-post-thumbnail","hentry"],"acf":[],"_links":{"self":[{"href":"https:\/\/staging.taski.com\/fr\/wp-json\/wp\/v2\/pages\/7798","targetHints":{"allow":["GET"]}}],"collection":[{"href":"https:\/\/staging.taski.com\/fr\/wp-json\/wp\/v2\/pages"}],"about":[{"href":"https:\/\/staging.taski.com\/fr\/wp-json\/wp\/v2\/types\/page"}],"author":[{"embeddable":true,"href":"https:\/\/staging.taski.com\/fr\/wp-json\/wp\/v2\/users\/1"}],"replies":[{"embeddable":true,"href":"https:\/\/staging.taski.com\/fr\/wp-json\/wp\/v2\/comments?post=7798"}],"version-history":[{"count":0,"href":"https:\/\/staging.taski.com\/fr\/wp-json\/wp\/v2\/pages\/7798\/revisions"}],"up":[{"embeddable":true,"href":"https:\/\/staging.taski.com\/fr\/wp-json\/wp\/v2\/pages\/9282"}],"wp:featuredmedia":[{"embeddable":true,"href":"https:\/\/staging.taski.com\/fr\/wp-json\/wp\/v2\/media\/15586"}],"wp:attachment":[{"href":"https:\/\/staging.taski.com\/fr\/wp-json\/wp\/v2\/media?parent=7798"}],"curies":[{"name":"wp","href":"https:\/\/api.w.org\/{rel}","templated":true}]}}