{"id":55107,"date":"2025-02-18T16:43:04","date_gmt":"2025-02-18T16:43:04","guid":{"rendered":"https:\/\/staging.taski.com\/produits-innovations-et-solutions\/produits\/ultimaxx\/"},"modified":"2026-03-06T16:43:02","modified_gmt":"2026-03-06T16:43:02","slug":"ultimaxx","status":"publish","type":"page","link":"https:\/\/staging.taski.com\/fr\/produits-innovations-et-solutions\/produits\/ultimaxx\/","title":{"rendered":"Ultimaxx"},"content":{"rendered":"<div class=\"wpb-content-wrapper\"><p>[vc_row][vc_column]\n  <div class=\"page-intro-block size-fit-image style-dark font-large\">\n         <div class=\"page-intro-block-i\">\n      <div class=\"row\">\n        <div class=\"page-intro-content\">\n            <div class=\"title-block\">\n                                     <h2><span class=\"pt\">ULTIMAXX<\/span>La &lt;strong&gt;gamme&lt;\/strong&gt; TASKI &lt;strong&gt;ULTIMAXX offre une configuration personnalis\u00e9e de la machine&lt;\/strong&gt; avec un large \u00e9ventail de largeurs de travail et de plateaux de brossage pour chaque environnement.<\/h2>\n                                                 <\/div>\n            <div class=\"page-intro-image\">\n                                <div class=\"page-intro-image-alt\">\n                    \n                    <img decoding=\"async\" src=\"https:\/\/staging.taski.com\/wp-content\/uploads\/2025\/02\/TASKI-ULTIMAXX-1900-Attachemnts_08-e1739893563789.png\" alt=\"\" \/>\n\n                <\/div>\n            <\/div>\n        <\/div>\n      <\/div>\n\n\n    <\/div>\n  <\/div>\n  <div class=\"cl-fl\"><\/div>\n[\/vc_column][\/vc_row][vc_row css=\u00a0\u00bb.vc_custom_1606587476742{padding-top: 80px !important;padding-bottom: 95px !important;}\u00a0\u00bb][vc_column]\n  <div class=\"product-description-block style-dark image-right\">\n    <div class=\"product-description-block-i\">\n        <div class=\"product-description-block-content\">\n          <div class=\"product-description-block-title\">\n                            <div class=\"pdbt-icon\"><img decoding=\"async\" src=\"https:\/\/staging.taski.com\/wp-content\/uploads\/2020\/12\/clock.png\" \/><\/div>\n                <div class=\"pdbt-text\">Efficacit\u00e9 op\u00e9rationnelle<\/div>\n                      <\/div>\n          <div class=\"product-description-block-text\"><p>Toutes les autolaveuses TASKI ULTIMAXX et swingo \u00e9liminent les temps improductifs. Les <strong>commandes intuitives, la raclette \u00e0 r\u00e9glage automatique et les points d&rsquo;entretien jaunes faciles \u00e0 nettoyer<\/strong> permettent d&rsquo;augmenter le temps de nettoyage disponible. Avec la toute nouvelle gamme ULTIMAXX, allez plus loin en la personnalisant enti\u00e8rement avec <strong>IntelliTouch, IntelliZone<\/strong> et m\u00eame un <strong>bouton TWISTER<\/strong> pour une productivit\u00e9 in\u00e9gal\u00e9e. Jamais auparavant l&rsquo;excellence du nettoyage et le summum de l&rsquo;efficacit\u00e9 n&rsquo;ont \u00e9t\u00e9 aussi faciles \u00e0 atteindre.  <\/p>\n<\/div>\n        <\/div>\n        <div class=\"product-description-block-image\" style=\"background-image:url(https:\/\/staging.taski.com\/wp-content\/uploads\/2022\/04\/TASKI-ULTIMAXX-1900-Attachemnts_cropped.png)\">\n\n        <\/div>\n    <\/div>\n  <\/div>\n  <div class=\"cl-fl\"><\/div>\n\n  <div class=\"product-description-block style-light image-left\">\n    <div class=\"product-description-block-i\">\n        <div class=\"product-description-block-content\">\n          <div class=\"product-description-block-title\">\n                            <div class=\"pdbt-icon\"><img decoding=\"async\" src=\"https:\/\/staging.taski.com\/wp-content\/uploads\/2020\/12\/people.png\" \/><\/div>\n                <div class=\"pdbt-text\">Personnes et s\u00e9curit\u00e9<\/div>\n                      <\/div>\n          <div class=\"product-description-block-text\"><p>Les autolaveuses TASKI ULTIMAXX et swingo sont <strong>con\u00e7ues de mani\u00e8re ergonomique<\/strong> pour l&rsquo;utilisateur. Les poign\u00e9es et le volant ergonomiques et enti\u00e8rement r\u00e9glables garantissent <strong>le confort<\/strong>. ULTIMAXX <strong>IntelliTouch<\/strong> est un tableau de bord tactile intuitif avec des ic\u00f4nes communes, ce qui signifie que <strong>peu de formation est n\u00e9cessaire<\/strong>. Lorsque la formation est n\u00e9cessaire, les utilisateurs peuvent se connecter \u00e0 une suite d&rsquo;outils d&rsquo;assistance, y compris la possibilit\u00e9 de regarder des vid\u00e9os et d&rsquo;acc\u00e9der \u00e0 des applications interactives. Choisissez ULTIMAXX et optez pour l&rsquo;EBU (unit\u00e9 de levage \u00e9lectronique des brosses) et ne touchez plus aux brosses ni aux entra\u00eenements des tampons. Choisissez Intelliscrub et b\u00e9n\u00e9ficiez d&rsquo;une pression et d&rsquo;un jugement pr\u00e9cis. Pour une personnalisation compl\u00e8te, choisissez <strong>IntelliZone<\/strong> et r\u00e9glez tous les param\u00e8tres \u00e0 la perfection pour un nettoyage parfait \u00e0 chaque fois.      <\/p>\n<\/div>\n        <\/div>\n        <div class=\"product-description-block-image\" style=\"background-image:url(https:\/\/staging.taski.com\/wp-content\/uploads\/2022\/04\/Wallchart_024.jpg)\">\n\n        <\/div>\n    <\/div>\n  <\/div>\n  <div class=\"cl-fl\"><\/div>\n\n  <div class=\"product-description-block style-light image-right\">\n    <div class=\"product-description-block-i\">\n        <div class=\"product-description-block-content\">\n          <div class=\"product-description-block-title\">\n                            <div class=\"pdbt-icon\"><img decoding=\"async\" src=\"https:\/\/staging.taski.com\/wp-content\/uploads\/2020\/12\/sustainability.svg\" \/><\/div>\n                <div class=\"pdbt-text\">Durabilit\u00e9<\/div>\n                      <\/div>\n          <div class=\"product-description-block-text\"><p>Les mod\u00e8les TASKI ULTIMAXX Performance et swingo power sont \u00e9quip\u00e9s du <strong>syst\u00e8me IntelliFlow pour couvrir plus de m2<\/strong> avec un seul remplissage de r\u00e9servoir. IntelliFlow avec <strong>IntelliDose peut r\u00e9duire la consommation d&rsquo;eau et de produits chimiques de plus de 70 %.<\/strong> <\/p>\n<\/div>\n        <\/div>\n        <div class=\"product-description-block-image\" style=\"background-image:url(https:\/\/staging.taski.com\/wp-content\/uploads\/2022\/04\/ULTIMAXX-1900-IntelliDose-PLUS.jpg)\">\n\n        <\/div>\n    <\/div>\n  <\/div>\n  <div class=\"cl-fl\"><\/div>\n\n  <div class=\"product-description-block style-dark image-left\">\n    <div class=\"product-description-block-i\">\n        <div class=\"product-description-block-content\">\n          <div class=\"product-description-block-title\">\n                            <div class=\"pdbt-icon\"><img decoding=\"async\" src=\"https:\/\/staging.taski.com\/wp-content\/uploads\/2020\/11\/globe.png\" \/><\/div>\n                <div class=\"pdbt-text\">Optimisation du fonds de roulement<\/div>\n                      <\/div>\n          <div class=\"product-description-block-text\"><p>Avec une charge jusqu&rsquo;\u00e0 <strong>3 fois plus<\/strong> rapide, les autolaveuses <strong>IntelliPowered<\/strong> ULTIMAXX et swingo sont toujours disponibles lorsque les batteries conventionnelles sont encore en charge. Cela signifie qu&rsquo;une deuxi\u00e8me machine n&rsquo;est pas forc\u00e9ment n\u00e9cessaire. Choisissez la toute nouvelle ULTIMAXX avec <strong>IntelliScrub<\/strong> et prolongez encore l&rsquo;autonomie de votre batterie. Jusqu&rsquo;\u00e0 <strong>70 %<\/strong> de plus. Voil\u00e0 un v\u00e9ritable <strong>retour sur investissement<\/strong>.    <\/p>\n<\/div>\n        <\/div>\n        <div class=\"product-description-block-image\" style=\"background-image:url(https:\/\/staging.taski.com\/wp-content\/uploads\/2020\/12\/TASKI-Intellipower.png)\">\n\n        <\/div>\n    <\/div>\n  <\/div>\n  <div class=\"cl-fl\"><\/div>\n\n  <div class=\"product-description-block style-light image-right\">\n    <div class=\"product-description-block-i\">\n        <div class=\"product-description-block-content\">\n          <div class=\"product-description-block-title\">\n                            <div class=\"pdbt-icon\"><img decoding=\"async\" src=\"https:\/\/staging.taski.com\/wp-content\/uploads\/2020\/12\/tco.svg\" \/><\/div>\n                <div class=\"pdbt-text\">Co\u00fbt total de possession<\/div>\n                      <\/div>\n          <div class=\"product-description-block-text\"><p>Les s\u00e9cheurs-laveurs TASKI ULTIMAXX et swingo sont con\u00e7us pour <strong>r\u00e9duire les co\u00fbts<\/strong> \u00e0 tous les stades de l&rsquo;exploitation. Une s\u00e9lection minutieuse signifie <strong>moins de temps improductif et moins de temps d&rsquo;arr\u00eat<\/strong>. Les solutions intelligentes consomment <strong>moins d&rsquo;\u00e9nergie, d&rsquo;eau et de produits chimiques.<\/strong> Les co\u00fbts de maintenance sont r\u00e9duits gr\u00e2ce \u00e0 des <strong>visites moins fr\u00e9quentes et \u00e0 des pannes moins nombreuses<\/strong>. Les machines con\u00e7ues pour durer doivent \u00eatre <strong>remplac\u00e9es moins souvent<\/strong>. Avec le nouvel ULTIMAXX, l&rsquo;\u00e9cosyst\u00e8me num\u00e9rique enti\u00e8rement connect\u00e9 et le <strong>tableau de bord IntelliTouch<\/strong>, ainsi que <strong>IntellTrail 2.0 et IntelliPredict<\/strong>, les temps d&rsquo;arr\u00eat font partie du pass\u00e9. D\u00e9sormais, votre machine ne devrait jamais \u00eatre hors jeu. Tout cela s&rsquo;ajoute au <strong>co\u00fbt total de possession le plus bas de<\/strong> TASKI <strong>et \u00e0 votre co\u00fbt total de nettoyage le plus bas.<\/strong>      <\/p>\n<\/div>\n        <\/div>\n        <div class=\"product-description-block-image\" style=\"background-image:url(https:\/\/staging.taski.com\/wp-content\/uploads\/2020\/12\/tco.jpg)\">\n\n        <\/div>\n    <\/div>\n  <\/div>\n  <div class=\"cl-fl\"><\/div>\n\n  <div class=\"product-description-block style-dark image-left\">\n    <div class=\"product-description-block-i\">\n        <div class=\"product-description-block-content\">\n          <div class=\"product-description-block-title\">\n                            <div class=\"pdbt-icon\"><img decoding=\"async\" src=\"https:\/\/staging.taski.com\/wp-content\/uploads\/2020\/12\/calculator.png\" \/><\/div>\n                <div class=\"pdbt-text\">Contr\u00f4le des co\u00fbts<\/div>\n                      <\/div>\n          <div class=\"product-description-block-text\"><p>Les options de service TASKI <strong>minimisent les temps d&rsquo;arr\u00eat, les co\u00fbts de r\u00e9paration et prolongent la dur\u00e9e de vie<\/strong> de votre ULTIMAXX ou de votre \u00e9purateur swingo.<br \/>\nAvec ULTIMAXX, choisissez<strong> IntelliPredict<\/strong> et acc\u00e9dez \u00e0 une technologie \u00e9lectronique de pointe, en connectant et en contr\u00f4lant tous les composants \u00e9lectroniques tels que les moteurs, les pompes et les chargeurs. ULTIMAXX changera fondamentalement le paysage pour un mod\u00e8le de gestion proactive du temps de fonctionnement avec une gestion pr\u00e9dictive des composants. Profitez-en et <strong>\u00e9conomisez g\u00e9n\u00e9ralement 25 %<\/strong> sur vos factures de r\u00e9paration.  <\/p>\n<\/div>\n        <\/div>\n        <div class=\"product-description-block-image\" style=\"background-image:url(https:\/\/staging.taski.com\/wp-content\/uploads\/2022\/04\/Diversey-People-scaled.jpg)\">\n\n        <\/div>\n    <\/div>\n  <\/div>\n  <div class=\"cl-fl\"><\/div>\n[\/vc_column][\/vc_row][vc_row][vc_column][vc_row_inner][vc_column_inner]\n  <div class=\"three-cta-block\">\n    <div class=\"three-cta-block-i\">\n      <div class=\"row\">\n        <div class=\"three-cta-block-grid\">\n           <div class=\"three-cta-item\">\n            <div class=\"tci-i\">\n             <div class=\"tci-item-content\">\n                <h5>&lt;strong&gt;Consultez notre&lt;\/strong&gt; site<br \/>\nIndustry<br \/>\nSolutions<\/h5>\n                <a href=\"\/products-innovations-solutions\/\"><p>PRODUITS,<br \/>SOLUTIONS ET<br \/>INNOVATIONS<\/p><\/a>\n             <\/div>\n            <\/div>\n           <\/div>\n           <div class=\"three-cta-item\">\n            <div class=\"tci-i\">\n             <div class=\"tci-item-content\">\n                <h5>&lt;strong&gt;Tendances&lt;\/strong&gt;<br \/>\n&amp; nouvelles<\/h5>\n                <a href=\"\/news-help-contacts\/\"><p>EXPLOREZ<\/p><\/a>\n             <\/div>\n            <\/div>\n           <\/div>\n           <div class=\"three-cta-item\">\n            <div class=\"tci-i\">\n             <div class=\"tci-item-content\">\n                <h5>&lt;strong&gt;Contactez&lt;\/strong&gt;<br \/>\navec<\/h5>\n                <a href=\"\/news-help-contacts\/\"><p>CONTACTEZ<br \/>NOUS<\/p><\/a>\n             <\/div>\n            <\/div>\n           <\/div>\n        <\/div>\n      <\/div>\n    <\/div>\n  <\/div>\n  <div class=\"cl-fl\"><\/div>\n[\/vc_column_inner][\/vc_row_inner][\/vc_column][\/vc_row][vc_row][vc_column][vc_column_text][\/vc_column_text][\/vc_column][\/vc_row]<\/p>\n<\/div>","protected":false},"excerpt":{"rendered":"<p>[vc_row][vc_column][\/vc_column][\/vc_row][vc_row css=\u00a0\u00bb.vc_custom_1606587476742{padding-top: 80px !important;padding-bottom: 95px !important;}\u00a0\u00bb][vc_column][\/vc_column][\/vc_row][vc_row][vc_column][vc_row_inner][vc_column_inner][\/vc_column_inner][\/vc_row_inner][\/vc_column][\/vc_row][vc_row][vc_column][vc_column_text][\/vc_column_text][\/vc_column][\/vc_row]<\/p>\n","protected":false},"author":1,"featured_media":0,"parent":7870,"menu_order":499,"comment_status":"closed","ping_status":"closed","template":"page-products.php","meta":{"_acf_changed":false,"_seopress_robots_primary_cat":"","_seopress_titles_title":"","_seopress_titles_desc":"","_seopress_robots_index":"","inline_featured_image":false,"footnotes":""},"class_list":["post-55107","page","type-page","status-publish","hentry"],"acf":[],"_links":{"self":[{"href":"https:\/\/staging.taski.com\/fr\/wp-json\/wp\/v2\/pages\/55107","targetHints":{"allow":["GET"]}}],"collection":[{"href":"https:\/\/staging.taski.com\/fr\/wp-json\/wp\/v2\/pages"}],"about":[{"href":"https:\/\/staging.taski.com\/fr\/wp-json\/wp\/v2\/types\/page"}],"author":[{"embeddable":true,"href":"https:\/\/staging.taski.com\/fr\/wp-json\/wp\/v2\/users\/1"}],"replies":[{"embeddable":true,"href":"https:\/\/staging.taski.com\/fr\/wp-json\/wp\/v2\/comments?post=55107"}],"version-history":[{"count":5,"href":"https:\/\/staging.taski.com\/fr\/wp-json\/wp\/v2\/pages\/55107\/revisions"}],"predecessor-version":[{"id":56106,"href":"https:\/\/staging.taski.com\/fr\/wp-json\/wp\/v2\/pages\/55107\/revisions\/56106"}],"up":[{"embeddable":true,"href":"https:\/\/staging.taski.com\/fr\/wp-json\/wp\/v2\/pages\/7870"}],"wp:attachment":[{"href":"https:\/\/staging.taski.com\/fr\/wp-json\/wp\/v2\/media?parent=55107"}],"curies":[{"name":"wp","href":"https:\/\/api.w.org\/{rel}","templated":true}]}}