{"id":54929,"date":"2025-02-18T15:33:00","date_gmt":"2025-02-18T15:33:00","guid":{"rendered":"https:\/\/staging.taski.com\/produits-innovations-et-solutions\/produits\/monobrosses\/disques-simples-a-grande-vitesse\/"},"modified":"2025-08-25T14:57:18","modified_gmt":"2025-08-25T14:57:18","slug":"disques-simples-a-grande-vitesse","status":"publish","type":"page","link":"https:\/\/staging.taski.com\/fr\/produits-innovations-et-solutions\/produits\/monobrosses\/disques-simples-a-grande-vitesse\/","title":{"rendered":"Disques simples \u00e0 grande vitesse"},"content":{"rendered":"<div class=\"wpb-content-wrapper\"><p>[vc_row][vc_column]\n  <div class=\"page-intro-block size-fit-image style-dark font-large\">\n         <div class=\"page-intro-block-i\">\n      <div class=\"row\">\n        <div class=\"page-intro-content\">\n            <div class=\"title-block\">\n                                     <h2><span class=\"pt\">High speed Single Discs<\/span>La gamme ergodisc est l\u00e9gendaire pour sa &lt;strong&gt;qualit\u00e9 et sa fiabilit\u00e9.&lt;\/strong&gt; Une &lt;strong&gt; conception, une construction et une pr\u00e9cision&lt;\/strong&gt; in\u00e9gal\u00e9es.<\/h2>\n                                                 <\/div>\n            <div class=\"page-intro-image\">\n                                <div class=\"page-intro-image-alt\">\n                    \n                    <img decoding=\"async\" src=\"https:\/\/staging.taski.com\/wp-content\/uploads\/2020\/12\/DSC_0012-scaled.jpg\" alt=\"\" \/>\n\n                <\/div>\n            <\/div>\n        <\/div>\n      <\/div>\n\n\n    <\/div>\n  <\/div>\n  <div class=\"cl-fl\"><\/div>\n[\/vc_column][\/vc_row][vc_row][vc_column][vc_basic_grid post_type=\u00a0\u00bbtaski-products\u00a0\u00bb style=\u00a0\u00bbload-more\u00a0\u00bb show_filter=\u00a0\u00bbyes\u00a0\u00bb element_width=\u00a0\u00bb2&Prime; gap=\u00a0\u00bb35&Prime; orderby=\u00a0\u00bbmenu_order\u00a0\u00bb order=\u00a0\u00bbASC\u00a0\u00bb filter_style=\u00a0\u00bbdefault-less-rounded\u00a0\u00bb filter_color=\u00a0\u00bborange\u00a0\u00bb filter_size=\u00a0\u00bblg\u00a0\u00bb item=\u00a0\u00bb50527&Prime; css=\u00a0\u00bb.vc_custom_1739892772348{margin-top: 20px !important;margin-bottom: 80px !important;}\u00a0\u00bb max_items=\u00a0\u00bb-1&Prime; items_per_page=\u00a0\u00bb6&Prime; grid_id=\u00a0\u00bbvc_gid:1749803774433-8246dbfd-d13f-4&Prime; taxonomies=\u00a0\u00bb41&Prime; filter_source=\u00a0\u00bbtaski_product__category\u00a0\u00bb exclude_filter=\u00a0\u00bb41&Prime;][\/vc_column][\/vc_row][vc_row css=\u00a0\u00bb.vc_custom_1606587476742{padding-top: 80px !important;padding-bottom: 95px !important;}\u00a0\u00bb][vc_column]\n  <div class=\"product-description-block style-light image-left\">\n    <div class=\"product-description-block-i\">\n        <div class=\"product-description-block-content\">\n          <div class=\"product-description-block-title\">\n                            <div class=\"pdbt-icon\"><img decoding=\"async\" src=\"https:\/\/staging.taski.com\/wp-content\/uploads\/2020\/12\/dollar.png\" \/><\/div>\n                <div class=\"pdbt-text\">Co\u00fbt total de possession<\/div>\n                      <\/div>\n          <div class=\"product-description-block-text\"><p>La qualit\u00e9 et la robustesse l\u00e9gendaires de TASKI signifient que la gamme ergodisc ne s&rsquo;arr\u00eate jamais.<\/p>\n<p>Ultra fiables, les machines ergodisc <strong>fourniront un travail impeccable<\/strong>, ce qui repr\u00e9sente un <strong>excellent rapport qualit\u00e9-prix<\/strong>.<\/p>\n<\/div>\n        <\/div>\n        <div class=\"product-description-block-image\" style=\"background-image:url(https:\/\/staging.taski.com\/wp-content\/uploads\/2021\/01\/Ergo-Disc_2_mediumsize-scaled.jpg)\">\n\n        <\/div>\n    <\/div>\n  <\/div>\n  <div class=\"cl-fl\"><\/div>\n\n  <div class=\"product-description-block style-dark image-right\">\n    <div class=\"product-description-block-i\">\n        <div class=\"product-description-block-content\">\n          <div class=\"product-description-block-title\">\n                            <div class=\"pdbt-icon\"><img decoding=\"async\" src=\"https:\/\/staging.taski.com\/wp-content\/uploads\/2020\/12\/clock.png\" \/><\/div>\n                <div class=\"pdbt-text\">Efficacit\u00e9 op\u00e9rationnelle<\/div>\n                      <\/div>\n          <div class=\"product-description-block-text\"><p>Quand le temps est de l&rsquo;argent, les ergodisques font le travail du <strong>premier coup, \u00e0 chaque fois<\/strong>.<\/p>\n<\/div>\n        <\/div>\n        <div class=\"product-description-block-image\" style=\"background-image:url(https:\/\/staging.taski.com\/wp-content\/uploads\/2020\/12\/single-discs.jpg)\">\n\n        <\/div>\n    <\/div>\n  <\/div>\n  <div class=\"cl-fl\"><\/div>\n\n  <div class=\"product-description-block style-light image-left\">\n    <div class=\"product-description-block-i\">\n        <div class=\"product-description-block-content\">\n          <div class=\"product-description-block-title\">\n                            <div class=\"pdbt-icon\"><img decoding=\"async\" src=\"https:\/\/staging.taski.com\/wp-content\/uploads\/2020\/12\/people.png\" \/><\/div>\n                <div class=\"pdbt-text\">Personnes et s\u00e9curit\u00e9<\/div>\n                      <\/div>\n          <div class=\"product-description-block-text\"><p>La poign\u00e9e<strong>ergonomique<\/strong> r\u00e9glable avec protection des mains, le d\u00e9marrage progressif et les vibrations douces <strong>r\u00e9duisent la fatigue de votre \u00e9quipe<\/strong>.<\/p>\n<\/div>\n        <\/div>\n        <div class=\"product-description-block-image\" style=\"background-image:url(https:\/\/staging.taski.com\/wp-content\/uploads\/2021\/01\/ergodisc-165-Image-4.jpg)\">\n\n        <\/div>\n    <\/div>\n  <\/div>\n  <div class=\"cl-fl\"><\/div>\n[\/vc_column][\/vc_row][vc_row][vc_column][vc_row_inner][vc_column_inner]\n  <div class=\"three-cta-block\">\n    <div class=\"three-cta-block-i\">\n      <div class=\"row\">\n        <div class=\"three-cta-block-grid\">\n           <div class=\"three-cta-item\">\n            <div class=\"tci-i\">\n             <div class=\"tci-item-content\">\n                <h5>&lt;strong&gt;Consultez notre&lt;\/strong&gt; site<br \/>\nIndustry<br \/>\nSolutions<\/h5>\n                <a href=\"\/products-innovations-solutions\/\"><p>PRODUITS,<br \/>SOLUTIONS ET<br \/>INNOVATIONS<\/p><\/a>\n             <\/div>\n            <\/div>\n           <\/div>\n           <div class=\"three-cta-item\">\n            <div class=\"tci-i\">\n             <div class=\"tci-item-content\">\n                <h5>&lt;strong&gt;D\u00e9couvrez les derni\u00e8res&lt;\/strong&gt; innovations<br \/>\nTASKI<br \/>\n<\/h5>\n                <a href=\"\/products-innovations-solutions\/innovations\/\"><p>INNOVATIONS<\/p><\/a>\n             <\/div>\n            <\/div>\n           <\/div>\n           <div class=\"three-cta-item\">\n            <div class=\"tci-i\">\n             <div class=\"tci-item-content\">\n                <h5>&lt;strong&gt;Contactez&lt;\/strong&gt;<br \/>\navec<br \/>\n<\/h5>\n                <a href=\"\/news-help-contacts\/\"><p>CONTACTEZ<br \/>NOUS<\/p><\/a>\n             <\/div>\n            <\/div>\n           <\/div>\n        <\/div>\n      <\/div>\n    <\/div>\n  <\/div>\n  <div class=\"cl-fl\"><\/div>\n[\/vc_column_inner][\/vc_row_inner][\/vc_column][\/vc_row]<\/p>\n<\/div>","protected":false},"excerpt":{"rendered":"<p>[vc_row][vc_column][\/vc_column][\/vc_row][vc_row][vc_column][vc_basic_grid post_type=\u00a0\u00bbtaski-products\u00a0\u00bb style=\u00a0\u00bbload-more\u00a0\u00bb show_filter=\u00a0\u00bbyes\u00a0\u00bb element_width=\u00a0\u00bb2&Prime; gap=\u00a0\u00bb35&Prime; orderby=\u00a0\u00bbmenu_order\u00a0\u00bb order=\u00a0\u00bbASC\u00a0\u00bb filter_style=\u00a0\u00bbdefault-less-rounded\u00a0\u00bb filter_color=\u00a0\u00bborange\u00a0\u00bb filter_size=\u00a0\u00bblg\u00a0\u00bb item=\u00a0\u00bb50527&Prime; css=\u00a0\u00bb.vc_custom_1739892772348{margin-top: 20px !important;margin-bottom: 80px !important;}\u00a0\u00bb max_items=\u00a0\u00bb-1&Prime; items_per_page=\u00a0\u00bb6&Prime; grid_id=\u00a0\u00bbvc_gid:1749803774433-8246dbfd-d13f-4&Prime; taxonomies=\u00a0\u00bb41&Prime; filter_source=\u00a0\u00bbtaski_product__category\u00a0\u00bb exclude_filter=\u00a0\u00bb41&Prime;][\/vc_column][\/vc_row][vc_row css=\u00a0\u00bb.vc_custom_1606587476742{padding-top: 80px !important;padding-bottom: 95px !important;}\u00a0\u00bb][vc_column][\/vc_column][\/vc_row][vc_row][vc_column][vc_row_inner][vc_column_inner][\/vc_column_inner][\/vc_row_inner][\/vc_column][\/vc_row]<\/p>\n","protected":false},"author":1,"featured_media":0,"parent":7869,"menu_order":422,"comment_status":"closed","ping_status":"closed","template":"page-products.php","meta":{"_acf_changed":false,"_seopress_robots_primary_cat":"","_seopress_titles_title":"","_seopress_titles_desc":"","_seopress_robots_index":"","inline_featured_image":false,"footnotes":""},"class_list":["post-54929","page","type-page","status-publish","hentry"],"acf":[],"_links":{"self":[{"href":"https:\/\/staging.taski.com\/fr\/wp-json\/wp\/v2\/pages\/54929","targetHints":{"allow":["GET"]}}],"collection":[{"href":"https:\/\/staging.taski.com\/fr\/wp-json\/wp\/v2\/pages"}],"about":[{"href":"https:\/\/staging.taski.com\/fr\/wp-json\/wp\/v2\/types\/page"}],"author":[{"embeddable":true,"href":"https:\/\/staging.taski.com\/fr\/wp-json\/wp\/v2\/users\/1"}],"replies":[{"embeddable":true,"href":"https:\/\/staging.taski.com\/fr\/wp-json\/wp\/v2\/comments?post=54929"}],"version-history":[{"count":2,"href":"https:\/\/staging.taski.com\/fr\/wp-json\/wp\/v2\/pages\/54929\/revisions"}],"predecessor-version":[{"id":54948,"href":"https:\/\/staging.taski.com\/fr\/wp-json\/wp\/v2\/pages\/54929\/revisions\/54948"}],"up":[{"embeddable":true,"href":"https:\/\/staging.taski.com\/fr\/wp-json\/wp\/v2\/pages\/7869"}],"wp:attachment":[{"href":"https:\/\/staging.taski.com\/fr\/wp-json\/wp\/v2\/media?parent=54929"}],"curies":[{"name":"wp","href":"https:\/\/api.w.org\/{rel}","templated":true}]}}