{"id":41424,"date":"2024-11-26T15:43:42","date_gmt":"2024-11-26T15:43:42","guid":{"rendered":"https:\/\/taski.com\/?post_type=product&#038;p=41424"},"modified":"2024-11-28T14:09:26","modified_gmt":"2024-11-28T14:09:26","slug":"41424","status":"publish","type":"product","link":"https:\/\/staging.taski.com\/es\/producto\/41424\/","title":{"rendered":"swingo 455"},"content":{"rendered":"","protected":false},"excerpt":{"rendered":"<h3>La swingo 455 es s\u00faper \u00e1gil y limpia fenomenalmente dejando los suelos limpios y seguros. Idea para lavabos m\u00e1s grandes, cocinas y espacios congestionados.<\/h3>\n<h3>Caracter\u00edsticas principales<\/h3>\n<p>Capacidad del dep\u00f3sito de 22L<br \/>\n43cm de ancho de trabajo<br \/>\nUnidad de disco individual<br \/>\nOpciones de bater\u00eda el\u00e9ctrica\/de gel\/de iones de litio<\/p>\n<h3>Beneficios clave<\/h3>\n<p>M\u00e1quina de discos vers\u00e1til para un rendimiento de limpieza excelente<br \/>\nCompacta y \u00e1gil, dise\u00f1ada para su uso en zonas de suelo duro peque\u00f1as o congestionadas<br \/>\nLa escobilla de goma en forma de V patentada permite una excelente recogida de agua en el suelo (sin necesidad de ajuste)<br \/>\nDise\u00f1o ergon\u00f3mico con mango ajustable y plegable, y protecci\u00f3n de las manos para la seguridad del operario<br \/>\nControles intuitivos y puntos de mantenimiento amarillos para un m\u00e1ximo tiempo de funcionamiento<br \/>\nCargadores a bordo el\u00e9ctricos o sin cables con opciones de bater\u00edas de gel o de iones de litio sin mantenimiento<\/p>\n","protected":false},"featured_media":41306,"template":"","meta":{"_acf_changed":false,"_seopress_robots_primary_cat":"","_seopress_titles_title":"","_seopress_titles_desc":"","_seopress_robots_index":"","inline_featured_image":false},"product_brand":[],"product_cat":[652],"product_tag":[],"class_list":{"0":"post-41424","1":"product","2":"type-product","3":"status-publish","4":"has-post-thumbnail","6":"product_cat-segunda-mano","8":"first","9":"instock","10":"shipping-taxable","11":"purchasable","12":"product-type-simple"},"acf":[],"_links":{"self":[{"href":"https:\/\/staging.taski.com\/es\/wp-json\/wp\/v2\/product\/41424","targetHints":{"allow":["GET"]}}],"collection":[{"href":"https:\/\/staging.taski.com\/es\/wp-json\/wp\/v2\/product"}],"about":[{"href":"https:\/\/staging.taski.com\/es\/wp-json\/wp\/v2\/types\/product"}],"wp:featuredmedia":[{"embeddable":true,"href":"https:\/\/staging.taski.com\/es\/wp-json\/wp\/v2\/media\/41306"}],"wp:attachment":[{"href":"https:\/\/staging.taski.com\/es\/wp-json\/wp\/v2\/media?parent=41424"}],"wp:term":[{"taxonomy":"product_brand","embeddable":true,"href":"https:\/\/staging.taski.com\/es\/wp-json\/wp\/v2\/product_brand?post=41424"},{"taxonomy":"product_cat","embeddable":true,"href":"https:\/\/staging.taski.com\/es\/wp-json\/wp\/v2\/product_cat?post=41424"},{"taxonomy":"product_tag","embeddable":true,"href":"https:\/\/staging.taski.com\/es\/wp-json\/wp\/v2\/product_tag?post=41424"}],"curies":[{"name":"wp","href":"https:\/\/api.w.org\/{rel}","templated":true}]}}