{"id":14259,"date":"2021-01-20T16:21:23","date_gmt":"2021-01-20T16:21:23","guid":{"rendered":"https:\/\/taski.com\/product\/swingo-150-b-li-ion\/"},"modified":"2021-03-29T12:17:15","modified_gmt":"2021-03-29T12:17:15","slug":"swingo-150-b-li-ion","status":"publish","type":"product","link":"https:\/\/staging.taski.com\/es\/producto\/swingo-150-b-li-ion\/","title":{"rendered":"swingo 150 B Li-Ion"},"content":{"rendered":"","protected":false},"excerpt":{"rendered":"<p>El swingo 150 es tu primer paso en la limpieza mecanizada.<\/p>\n<p>Una fregadora secadora vertical ultracompacta para la limpieza localizada y de espacios reducidos.<\/p>\n<h3>Caracter\u00edsticas principales<\/h3>\n<p>Capacidad de 2,6L de dep\u00f3sito<br \/>\n33cm de ancho de trabajo<br \/>\nSistema de cepillo de rodillos<br \/>\nOpci\u00f3n de bater\u00eda el\u00e9ctrica o de iones de litio<\/p>\n<h3>Beneficios clave<\/h3>\n<p>Dise\u00f1o ligero y compacto para un manejo sencillo<br \/>\nAlta acci\u00f3n mec\u00e1nica de fregado con rodillos<br \/>\nLimpia y recoge el agua hacia delante y hacia atr\u00e1s<br \/>\nOcupa poco espacio para facilitar el almacenamiento<br \/>\nModelos de bater\u00edas de iones de litio el\u00e9ctricas o sin cables<\/p>\n","protected":false},"featured_media":9831,"template":"","meta":{"_acf_changed":false,"_seopress_robots_primary_cat":"","_seopress_titles_title":"","_seopress_titles_desc":"","_seopress_robots_index":"","inline_featured_image":false},"product_brand":[],"product_cat":[374,375],"product_tag":[],"class_list":{"0":"post-14259","1":"product","2":"type-product","3":"status-publish","4":"has-post-thumbnail","6":"product_cat-fregadoras-es","7":"product_cat-caminar-por-detras","9":"first","10":"instock","11":"shipping-taxable","12":"purchasable","13":"product-type-simple"},"acf":[],"_links":{"self":[{"href":"https:\/\/staging.taski.com\/es\/wp-json\/wp\/v2\/product\/14259","targetHints":{"allow":["GET"]}}],"collection":[{"href":"https:\/\/staging.taski.com\/es\/wp-json\/wp\/v2\/product"}],"about":[{"href":"https:\/\/staging.taski.com\/es\/wp-json\/wp\/v2\/types\/product"}],"wp:featuredmedia":[{"embeddable":true,"href":"https:\/\/staging.taski.com\/es\/wp-json\/wp\/v2\/media\/9831"}],"wp:attachment":[{"href":"https:\/\/staging.taski.com\/es\/wp-json\/wp\/v2\/media?parent=14259"}],"wp:term":[{"taxonomy":"product_brand","embeddable":true,"href":"https:\/\/staging.taski.com\/es\/wp-json\/wp\/v2\/product_brand?post=14259"},{"taxonomy":"product_cat","embeddable":true,"href":"https:\/\/staging.taski.com\/es\/wp-json\/wp\/v2\/product_cat?post=14259"},{"taxonomy":"product_tag","embeddable":true,"href":"https:\/\/staging.taski.com\/es\/wp-json\/wp\/v2\/product_tag?post=14259"}],"curies":[{"name":"wp","href":"https:\/\/api.w.org\/{rel}","templated":true}]}}