{"id":14245,"date":"2021-01-20T16:21:23","date_gmt":"2021-01-20T16:21:23","guid":{"rendered":"https:\/\/taski.com\/product\/swingo-150-b-li-ion\/"},"modified":"2021-04-30T12:45:09","modified_gmt":"2021-04-30T12:45:09","slug":"swingo-150-b-li-ion-2","status":"publish","type":"product","link":"https:\/\/staging.taski.com\/es\/producto\/swingo-150-b-li-ion-2\/","title":{"rendered":"Swingo 150 B Li-Ion"},"content":{"rendered":"","protected":false},"excerpt":{"rendered":"<p>La Swingo 150 es tu primer paso en la renovaci\u00f3n de la maquinaria.<\/p>\n<p>Una secadora vertical ultracompacta para limpiar manchas y espacios peque\u00f1os.<\/p>\n<h3>Caracter\u00edsticas clave<\/h3>\n<p>Capacidad del dep\u00f3sito de 2,6 l<br \/>\n33cm de ancho de trabajo<br \/>\nSistema de cepillo de rodillo<br \/>\nOpci\u00f3n de bater\u00edas el\u00e9ctricas o de iones de litio<\/p>\n<h3>Ventajas principales<\/h3>\n<p>Dise\u00f1o sencillo y compacto para un uso f\u00e1cil<br \/>\nAlto efecto de lavado mec\u00e1nico de rodillos<br \/>\nLimpia y absorbe el agua hacia adelante y hacia atr\u00e1s<br \/>\nUn espacio m\u00e1s amplio para una mejor conducci\u00f3n<br \/>\nModelos con bater\u00eda Li-Ion el\u00e9ctrica o inal\u00e1mbrica<\/p>\n","protected":false},"featured_media":0,"template":"","meta":{"_acf_changed":false,"_seopress_robots_primary_cat":"","_seopress_titles_title":"","_seopress_titles_desc":"","_seopress_robots_index":"","inline_featured_image":false},"product_brand":[],"product_cat":[17],"product_tag":[],"class_list":{"0":"post-14245","1":"product","2":"type-product","3":"status-publish","5":"product_cat-accessories","7":"first","8":"instock","9":"shipping-taxable","10":"purchasable","11":"product-type-simple"},"acf":[],"_links":{"self":[{"href":"https:\/\/staging.taski.com\/es\/wp-json\/wp\/v2\/product\/14245","targetHints":{"allow":["GET"]}}],"collection":[{"href":"https:\/\/staging.taski.com\/es\/wp-json\/wp\/v2\/product"}],"about":[{"href":"https:\/\/staging.taski.com\/es\/wp-json\/wp\/v2\/types\/product"}],"wp:attachment":[{"href":"https:\/\/staging.taski.com\/es\/wp-json\/wp\/v2\/media?parent=14245"}],"wp:term":[{"taxonomy":"product_brand","embeddable":true,"href":"https:\/\/staging.taski.com\/es\/wp-json\/wp\/v2\/product_brand?post=14245"},{"taxonomy":"product_cat","embeddable":true,"href":"https:\/\/staging.taski.com\/es\/wp-json\/wp\/v2\/product_cat?post=14245"},{"taxonomy":"product_tag","embeddable":true,"href":"https:\/\/staging.taski.com\/es\/wp-json\/wp\/v2\/product_tag?post=14245"}],"curies":[{"name":"wp","href":"https:\/\/api.w.org\/{rel}","templated":true}]}}