{"id":14241,"date":"2021-01-25T14:12:07","date_gmt":"2021-01-25T14:12:07","guid":{"rendered":"https:\/\/taski.com\/product\/aero-bp-b-li-ion-y-b-plus\/"},"modified":"2021-04-30T12:49:35","modified_gmt":"2021-04-30T12:49:35","slug":"7524498-taski-aero-bp-b-li-ion-plus-2","status":"publish","type":"product","link":"https:\/\/staging.taski.com\/es\/producto\/7524498-taski-aero-bp-b-li-ion-plus-2\/","title":{"rendered":"AERO BP B Li-Ion y B Plus"},"content":{"rendered":"","protected":false},"excerpt":{"rendered":"<p>Aspiradora ligera de mochila con opciones el\u00e9ctricas y a bater\u00eda<\/p>\n<h3>Caracter\u00edsticas clave<\/h3>\n<p>Bater\u00eda digital y de iones de litio<br \/>\nFunciones 3 en 1 &#8211; mochila \/ aspiradora de tubo \/ soplador<br \/>\nModelos el\u00e9ctricos, de bater\u00eda y de bater\u00eda plus<\/p>\n<h3>Ventajas principales<\/h3>\n<p>S\u00faper ligera con menos de 6 kg reduce la fatiga<br \/>\n3 en 1: mochila + aspiradora de tubo + funci\u00f3n de soplador en uno: una excelente relaci\u00f3n calidad-precio<br \/>\nF\u00e1cil conversi\u00f3n a aspiradora de bandeja de bater\u00eda u opci\u00f3n para carros TASKI<br \/>\nMateriales de mochila muy resistentes y de alta calidad para una ergonom\u00eda \u00f3ptima<\/p>\n<p>El modelo B Plus ofrece un servicio de asistencia y una duraci\u00f3n de 60 minutos.<\/p>\n","protected":false},"featured_media":0,"template":"","meta":{"_acf_changed":false,"_seopress_robots_primary_cat":"","_seopress_titles_title":"","_seopress_titles_desc":"","_seopress_robots_index":"","inline_featured_image":false},"product_brand":[],"product_cat":[17],"product_tag":[],"class_list":{"0":"post-14241","1":"product","2":"type-product","3":"status-publish","5":"product_cat-accessories","7":"first","8":"instock","9":"shipping-taxable","10":"purchasable","11":"product-type-simple"},"acf":[],"_links":{"self":[{"href":"https:\/\/staging.taski.com\/es\/wp-json\/wp\/v2\/product\/14241","targetHints":{"allow":["GET"]}}],"collection":[{"href":"https:\/\/staging.taski.com\/es\/wp-json\/wp\/v2\/product"}],"about":[{"href":"https:\/\/staging.taski.com\/es\/wp-json\/wp\/v2\/types\/product"}],"wp:attachment":[{"href":"https:\/\/staging.taski.com\/es\/wp-json\/wp\/v2\/media?parent=14241"}],"wp:term":[{"taxonomy":"product_brand","embeddable":true,"href":"https:\/\/staging.taski.com\/es\/wp-json\/wp\/v2\/product_brand?post=14241"},{"taxonomy":"product_cat","embeddable":true,"href":"https:\/\/staging.taski.com\/es\/wp-json\/wp\/v2\/product_cat?post=14241"},{"taxonomy":"product_tag","embeddable":true,"href":"https:\/\/staging.taski.com\/es\/wp-json\/wp\/v2\/product_tag?post=14241"}],"curies":[{"name":"wp","href":"https:\/\/api.w.org\/{rel}","templated":true}]}}