{"id":14213,"date":"2021-01-25T14:12:07","date_gmt":"2021-01-25T14:12:07","guid":{"rendered":"https:\/\/taski.com\/product\/aero-bp-b-li-ion-y-b-plus\/"},"modified":"2021-03-29T11:02:17","modified_gmt":"2021-03-29T11:02:17","slug":"7524498-taski-aero-bp-b-li-ion-plus","status":"publish","type":"product","link":"https:\/\/staging.taski.com\/es\/producto\/7524498-taski-aero-bp-b-li-ion-plus\/","title":{"rendered":"AERO BP B Li-Ion y B Plus"},"content":{"rendered":"","protected":false},"excerpt":{"rendered":"<p>Aspiradoras ligeras de mochila el\u00e9ctricas y con bater\u00eda<\/p>\n<h3>Caracter\u00edsticas principales<\/h3>\n<p>Bater\u00eda digital y de iones de litio<br \/>\nFunciones 3en1 &#8211; mochila\/aspiradora de tubo\/soplador<br \/>\nModelos el\u00e9ctricos, de bater\u00eda y de bater\u00eda plus<\/p>\n<h3>Beneficios clave<\/h3>\n<p>El peso s\u00faper ligero de menos de 6 kg reduce la fatiga<br \/>\n3en1 &#8211; Mochila + aspiradora de tubo + funci\u00f3n de soplado todo en uno &#8211; gran valor<br \/>\nSe convierte f\u00e1cilmente en una aspiradora de tubo con bater\u00eda o se puede acoplar a los carros TASKI<br \/>\nPeso superligero y materiales de calidad para una gran ergonom\u00eda<\/p>\n<p>El modelo B Plus incluye control remoto y 60 minutos de funcionamiento.<\/p>\n","protected":false},"featured_media":11833,"template":"","meta":{"_acf_changed":false,"_seopress_robots_primary_cat":"","_seopress_titles_title":"","_seopress_titles_desc":"","_seopress_robots_index":"","inline_featured_image":false},"product_brand":[],"product_cat":[381,386],"product_tag":[],"class_list":{"0":"post-14213","1":"product","2":"type-product","3":"status-publish","4":"has-post-thumbnail","6":"product_cat-aspiradores-de-polvo-es","7":"product_cat-mochila","9":"first","10":"instock","11":"shipping-taxable","12":"purchasable","13":"product-type-simple"},"acf":[],"_links":{"self":[{"href":"https:\/\/staging.taski.com\/es\/wp-json\/wp\/v2\/product\/14213","targetHints":{"allow":["GET"]}}],"collection":[{"href":"https:\/\/staging.taski.com\/es\/wp-json\/wp\/v2\/product"}],"about":[{"href":"https:\/\/staging.taski.com\/es\/wp-json\/wp\/v2\/types\/product"}],"wp:featuredmedia":[{"embeddable":true,"href":"https:\/\/staging.taski.com\/es\/wp-json\/wp\/v2\/media\/11833"}],"wp:attachment":[{"href":"https:\/\/staging.taski.com\/es\/wp-json\/wp\/v2\/media?parent=14213"}],"wp:term":[{"taxonomy":"product_brand","embeddable":true,"href":"https:\/\/staging.taski.com\/es\/wp-json\/wp\/v2\/product_brand?post=14213"},{"taxonomy":"product_cat","embeddable":true,"href":"https:\/\/staging.taski.com\/es\/wp-json\/wp\/v2\/product_cat?post=14213"},{"taxonomy":"product_tag","embeddable":true,"href":"https:\/\/staging.taski.com\/es\/wp-json\/wp\/v2\/product_tag?post=14213"}],"curies":[{"name":"wp","href":"https:\/\/api.w.org\/{rel}","templated":true}]}}