{"id":13964,"date":"2021-01-14T17:29:44","date_gmt":"2021-01-14T17:29:44","guid":{"rendered":"https:\/\/taski.com\/product\/pulverizador-bp-15-li-ion\/"},"modified":"2021-04-01T11:52:47","modified_gmt":"2021-04-01T11:52:47","slug":"pulverizador-bp-15-li-ion","status":"publish","type":"product","link":"https:\/\/staging.taski.com\/es\/producto\/pulverizador-bp-15-li-ion\/","title":{"rendered":"Pulverizador BP 15 Li Ion"},"content":{"rendered":"","protected":false},"excerpt":{"rendered":"<p>Pulverizador de mochila con bater\u00eda de iones de litio de alta calidad para aplicar soluciones qu\u00edmicas y de desinfecci\u00f3n<\/p>\n<h3>Caracter\u00edsticas principales<\/h3>\n<p>Capacidad de 15L de dep\u00f3sito<br \/>\n3 bares de presi\u00f3n<br \/>\nBater\u00eda de iones de litio<\/p>\n<h3>Beneficios clave<\/h3>\n<p>Total flexibilidad y libertad con la bater\u00eda de iones de litio (4 h de autonom\u00eda)<br \/>\nTubo de acero inoxidable para una mayor durabilidad<br \/>\nFunci\u00f3n de pulverizaci\u00f3n ajustable 60-200 micras<br \/>\nEl sistema viene listo para usar, incluyendo la bater\u00eda y el cargador.<\/p>\n","protected":false},"featured_media":12319,"template":"","meta":{"_acf_changed":false,"_seopress_robots_primary_cat":"","_seopress_titles_title":"","_seopress_titles_desc":"","_seopress_robots_index":"","inline_featured_image":false},"product_brand":[],"product_cat":[411],"product_tag":[],"class_list":{"0":"post-13964","1":"product","2":"type-product","3":"status-publish","4":"has-post-thumbnail","6":"product_cat-pulverizadores","8":"first","9":"instock","10":"shipping-taxable","11":"purchasable","12":"product-type-simple"},"acf":[],"_links":{"self":[{"href":"https:\/\/staging.taski.com\/es\/wp-json\/wp\/v2\/product\/13964","targetHints":{"allow":["GET"]}}],"collection":[{"href":"https:\/\/staging.taski.com\/es\/wp-json\/wp\/v2\/product"}],"about":[{"href":"https:\/\/staging.taski.com\/es\/wp-json\/wp\/v2\/types\/product"}],"wp:featuredmedia":[{"embeddable":true,"href":"https:\/\/staging.taski.com\/es\/wp-json\/wp\/v2\/media\/12319"}],"wp:attachment":[{"href":"https:\/\/staging.taski.com\/es\/wp-json\/wp\/v2\/media?parent=13964"}],"wp:term":[{"taxonomy":"product_brand","embeddable":true,"href":"https:\/\/staging.taski.com\/es\/wp-json\/wp\/v2\/product_brand?post=13964"},{"taxonomy":"product_cat","embeddable":true,"href":"https:\/\/staging.taski.com\/es\/wp-json\/wp\/v2\/product_cat?post=13964"},{"taxonomy":"product_tag","embeddable":true,"href":"https:\/\/staging.taski.com\/es\/wp-json\/wp\/v2\/product_tag?post=13964"}],"curies":[{"name":"wp","href":"https:\/\/api.w.org\/{rel}","templated":true}]}}