{"id":13946,"date":"2021-01-14T17:11:53","date_gmt":"2021-01-14T17:11:53","guid":{"rendered":"https:\/\/taski.com\/product\/aquamat-20\/"},"modified":"2021-04-01T12:26:30","modified_gmt":"2021-04-01T12:26:30","slug":"aquamat-20","status":"publish","type":"product","link":"https:\/\/staging.taski.com\/es\/producto\/aquamat-20\/","title":{"rendered":"aquamat 20"},"content":{"rendered":"","protected":false},"excerpt":{"rendered":"<p>Extracci\u00f3n por aspersi\u00f3n de capacidad media para moquetas y tapicer\u00edas<\/p>\n<h3>Caracter\u00edsticas principales<\/h3>\n<p>20L de capacidad<br \/>\nMotor de 1050w<br \/>\nSucci\u00f3n de 47L\/seg.<br \/>\nSelecci\u00f3n de accesorios<\/p>\n<h3>Beneficios clave<\/h3>\n<p>Capacidad media de flexibilidad y productividad<br \/>\nPotente succi\u00f3n para un secado r\u00e1pido<br \/>\nHerramientas para la limpieza de manchas, tapicer\u00edas y tejidos<\/p>\n","protected":false},"featured_media":12132,"template":"","meta":{"_acf_changed":false,"_seopress_robots_primary_cat":"","_seopress_titles_title":"","_seopress_titles_desc":"","_seopress_robots_index":"","inline_featured_image":false},"product_brand":[],"product_cat":[398,399],"product_tag":[],"class_list":{"0":"post-13946","1":"product","2":"type-product","3":"status-publish","4":"has-post-thumbnail","6":"product_cat-carpet-care-es","7":"product_cat-extraccion-por-aspersion","9":"first","10":"instock","11":"shipping-taxable","12":"purchasable","13":"product-type-simple"},"acf":[],"_links":{"self":[{"href":"https:\/\/staging.taski.com\/es\/wp-json\/wp\/v2\/product\/13946","targetHints":{"allow":["GET"]}}],"collection":[{"href":"https:\/\/staging.taski.com\/es\/wp-json\/wp\/v2\/product"}],"about":[{"href":"https:\/\/staging.taski.com\/es\/wp-json\/wp\/v2\/types\/product"}],"wp:featuredmedia":[{"embeddable":true,"href":"https:\/\/staging.taski.com\/es\/wp-json\/wp\/v2\/media\/12132"}],"wp:attachment":[{"href":"https:\/\/staging.taski.com\/es\/wp-json\/wp\/v2\/media?parent=13946"}],"wp:term":[{"taxonomy":"product_brand","embeddable":true,"href":"https:\/\/staging.taski.com\/es\/wp-json\/wp\/v2\/product_brand?post=13946"},{"taxonomy":"product_cat","embeddable":true,"href":"https:\/\/staging.taski.com\/es\/wp-json\/wp\/v2\/product_cat?post=13946"},{"taxonomy":"product_tag","embeddable":true,"href":"https:\/\/staging.taski.com\/es\/wp-json\/wp\/v2\/product_tag?post=13946"}],"curies":[{"name":"wp","href":"https:\/\/api.w.org\/{rel}","templated":true}]}}