{"id":13915,"date":"2021-01-14T15:05:49","date_gmt":"2021-01-14T15:05:49","guid":{"rendered":"https:\/\/taski.com\/product\/7516863-cepillo-estandar-suministrado-con-la-maquina\/"},"modified":"2021-04-15T10:10:30","modified_gmt":"2021-04-15T10:10:30","slug":"7516863-cepillo-estandar","status":"publish","type":"product","link":"https:\/\/staging.taski.com\/es\/producto\/7516863-cepillo-estandar\/","title":{"rendered":"7516863 Cepillo est\u00e1ndar (suministrado con la m\u00e1quina)"},"content":{"rendered":"","protected":false},"excerpt":{"rendered":"<p>7516863 Cepillo est\u00e1ndar<\/p>\n","protected":false},"featured_media":13916,"template":"","meta":{"_acf_changed":false,"_seopress_robots_primary_cat":"","_seopress_titles_title":"","_seopress_titles_desc":"","_seopress_robots_index":"","inline_featured_image":false},"product_brand":[],"product_cat":[365],"product_tag":[],"class_list":{"0":"post-13915","1":"product","2":"type-product","3":"status-publish","4":"has-post-thumbnail","6":"product_cat-accesorios","8":"first","9":"instock","10":"shipping-taxable","11":"purchasable","12":"product-type-simple"},"acf":[],"_links":{"self":[{"href":"https:\/\/staging.taski.com\/es\/wp-json\/wp\/v2\/product\/13915","targetHints":{"allow":["GET"]}}],"collection":[{"href":"https:\/\/staging.taski.com\/es\/wp-json\/wp\/v2\/product"}],"about":[{"href":"https:\/\/staging.taski.com\/es\/wp-json\/wp\/v2\/types\/product"}],"wp:featuredmedia":[{"embeddable":true,"href":"https:\/\/staging.taski.com\/es\/wp-json\/wp\/v2\/media\/13916"}],"wp:attachment":[{"href":"https:\/\/staging.taski.com\/es\/wp-json\/wp\/v2\/media?parent=13915"}],"wp:term":[{"taxonomy":"product_brand","embeddable":true,"href":"https:\/\/staging.taski.com\/es\/wp-json\/wp\/v2\/product_brand?post=13915"},{"taxonomy":"product_cat","embeddable":true,"href":"https:\/\/staging.taski.com\/es\/wp-json\/wp\/v2\/product_cat?post=13915"},{"taxonomy":"product_tag","embeddable":true,"href":"https:\/\/staging.taski.com\/es\/wp-json\/wp\/v2\/product_tag?post=13915"}],"curies":[{"name":"wp","href":"https:\/\/api.w.org\/{rel}","templated":true}]}}