{"id":13904,"date":"2021-01-14T15:54:45","date_gmt":"2021-01-14T15:54:45","guid":{"rendered":"https:\/\/taski.com\/product\/aero-8-y-8-plus\/"},"modified":"2021-04-15T09:26:52","modified_gmt":"2021-04-15T09:26:52","slug":"aero-8-15-8-15-plus","status":"publish","type":"product","link":"https:\/\/staging.taski.com\/es\/producto\/aero-8-15-8-15-plus\/","title":{"rendered":"AERO 8 y 8 Plus"},"content":{"rendered":"","protected":false},"excerpt":{"rendered":"<p>Cuatro aspiradoras de tubo ultra eficientes y silenciosas con motor patentado whisper con prestaciones y herramientas a\u00f1adidas<\/p>\n<h3>Caracter\u00edsticas principales<\/h3>\n<p>13L de capacidad<br \/>\nMotor Whisper de 585W<br \/>\nSonido ultra silencioso (50dBA)<br \/>\nLos modos Plus incluyen prestaciones y herramientas adicionales<\/p>\n<h3>Beneficios clave<\/h3>\n<p>S\u00faper eficiente y silencioso para un gran resultado de limpieza y una m\u00ednima interrupci\u00f3n<br \/>\nMotor Whisper para un consumo de energ\u00eda ultra bajo \/ sonido reducido<br \/>\nTubo telesc\u00f3pico ergon\u00f3mico e interruptor de encendido\/apagado con el pie para mayor comodidad del usuario<br \/>\nLos modelos Plus incluyen prestaciones adicionales: enrollador de cable y bot\u00f3n Eco, y herramientas a bordo<\/p>\n","protected":false},"featured_media":11974,"template":"","meta":{"_acf_changed":false,"_seopress_robots_primary_cat":"","_seopress_titles_title":"","_seopress_titles_desc":"","_seopress_robots_index":"","inline_featured_image":false},"product_brand":[],"product_cat":[381,389],"product_tag":[],"class_list":{"0":"post-13904","1":"product","2":"type-product","3":"status-publish","4":"has-post-thumbnail","6":"product_cat-aspiradores-de-polvo-es","7":"product_cat-banera","9":"first","10":"instock","11":"shipping-taxable","12":"purchasable","13":"product-type-simple"},"acf":[],"_links":{"self":[{"href":"https:\/\/staging.taski.com\/es\/wp-json\/wp\/v2\/product\/13904","targetHints":{"allow":["GET"]}}],"collection":[{"href":"https:\/\/staging.taski.com\/es\/wp-json\/wp\/v2\/product"}],"about":[{"href":"https:\/\/staging.taski.com\/es\/wp-json\/wp\/v2\/types\/product"}],"wp:featuredmedia":[{"embeddable":true,"href":"https:\/\/staging.taski.com\/es\/wp-json\/wp\/v2\/media\/11974"}],"wp:attachment":[{"href":"https:\/\/staging.taski.com\/es\/wp-json\/wp\/v2\/media?parent=13904"}],"wp:term":[{"taxonomy":"product_brand","embeddable":true,"href":"https:\/\/staging.taski.com\/es\/wp-json\/wp\/v2\/product_brand?post=13904"},{"taxonomy":"product_cat","embeddable":true,"href":"https:\/\/staging.taski.com\/es\/wp-json\/wp\/v2\/product_cat?post=13904"},{"taxonomy":"product_tag","embeddable":true,"href":"https:\/\/staging.taski.com\/es\/wp-json\/wp\/v2\/product_tag?post=13904"}],"curies":[{"name":"wp","href":"https:\/\/api.w.org\/{rel}","templated":true}]}}