{"id":13891,"date":"2021-01-14T15:49:39","date_gmt":"2021-01-14T15:49:39","guid":{"rendered":"https:\/\/taski.com\/product\/aero-bp-e\/"},"modified":"2021-04-15T09:34:37","modified_gmt":"2021-04-15T09:34:37","slug":"aero-bp","status":"publish","type":"product","link":"https:\/\/staging.taski.com\/es\/producto\/aero-bp\/","title":{"rendered":"AERO BP E"},"content":{"rendered":"","protected":false},"excerpt":{"rendered":"<p>Aspiradoras de mochila ligeras, el\u00e9ctricas y con bater\u00eda<\/p>\n<h3>Caracter\u00edsticas principales<\/h3>\n<p>Bater\u00eda digital y de iones de litio<br \/>\nFunciones 3en1 &#8211; mochila\/aspiradoradetubo\/soplador<br \/>\nModelos el\u00e9ctricos, de bater\u00eda y de bater\u00eda plus<\/p>\n<h3>Beneficios clave<\/h3>\n<p>El peso s\u00faper ligero de menos de 6 kg reduce la fatiga<br \/>\n3en1 &#8211; Mochila + aspiradora de tubo + funci\u00f3n de soplado todo en uno &#8211; gran valor<br \/>\nSe convierte f\u00e1cilmente en una aspiradora de tubo a bater\u00eda o se puede acoplar a los carros TASKI<br \/>\nPeso superligero y materiales de mochila de calidad para una gran ergonom\u00eda<\/p>\n","protected":false},"featured_media":11833,"template":"","meta":{"_acf_changed":false,"_seopress_robots_primary_cat":"","_seopress_titles_title":"","_seopress_titles_desc":"","_seopress_robots_index":"","inline_featured_image":false},"product_brand":[],"product_cat":[381,386],"product_tag":[],"class_list":{"0":"post-13891","1":"product","2":"type-product","3":"status-publish","4":"has-post-thumbnail","6":"product_cat-aspiradores-de-polvo-es","7":"product_cat-mochila","9":"first","10":"instock","11":"shipping-taxable","12":"purchasable","13":"product-type-simple"},"acf":[],"_links":{"self":[{"href":"https:\/\/staging.taski.com\/es\/wp-json\/wp\/v2\/product\/13891","targetHints":{"allow":["GET"]}}],"collection":[{"href":"https:\/\/staging.taski.com\/es\/wp-json\/wp\/v2\/product"}],"about":[{"href":"https:\/\/staging.taski.com\/es\/wp-json\/wp\/v2\/types\/product"}],"wp:featuredmedia":[{"embeddable":true,"href":"https:\/\/staging.taski.com\/es\/wp-json\/wp\/v2\/media\/11833"}],"wp:attachment":[{"href":"https:\/\/staging.taski.com\/es\/wp-json\/wp\/v2\/media?parent=13891"}],"wp:term":[{"taxonomy":"product_brand","embeddable":true,"href":"https:\/\/staging.taski.com\/es\/wp-json\/wp\/v2\/product_brand?post=13891"},{"taxonomy":"product_cat","embeddable":true,"href":"https:\/\/staging.taski.com\/es\/wp-json\/wp\/v2\/product_cat?post=13891"},{"taxonomy":"product_tag","embeddable":true,"href":"https:\/\/staging.taski.com\/es\/wp-json\/wp\/v2\/product_tag?post=13891"}],"curies":[{"name":"wp","href":"https:\/\/api.w.org\/{rel}","templated":true}]}}