{"id":9244,"date":"2020-11-30T09:06:18","date_gmt":"2020-11-30T09:06:18","guid":{"rendered":"https:\/\/taski.com\/por-que-taski\/acerca-de-taski\/"},"modified":"2021-08-02T11:23:10","modified_gmt":"2021-08-02T11:23:10","slug":"acerca-de-taski","status":"publish","type":"page","link":"https:\/\/staging.taski.com\/es\/por-que-taski\/acerca-de-taski\/","title":{"rendered":"Acerca de TASKI"},"content":{"rendered":"<div class=\"wpb-content-wrapper\"><p>[vc_row][vc_column]\n  <div class=\"page-intro-block size-fit-image style-light font-large\">\n         <div class=\"page-intro-block-i\">\n      <div class=\"row\">\n        <div class=\"page-intro-content\">\n            <div class=\"title-block\">\n                                     <h2>TASKI se enorgullece de formar parte de la familia Diversey.<br \/>\nLa reputaci\u00f3n de TASKI como<br \/>\n&lt;strong&gt; brillantemente dise\u00f1ado &lt;\/strong&gt;<br \/>\nLa marca suiza es muy conocida.<\/h2>\n                                                 <\/div>\n            <div class=\"page-intro-image\">\n                                <div class=\"page-intro-image-alt\">\n                    \n                    <img decoding=\"async\" src=\"https:\/\/staging.taski.com\/wp-content\/uploads\/2020\/12\/Swiss-flag_1.2.1-2.jpg\" alt=\"\" \/>\n\n                <\/div>\n            <\/div>\n        <\/div>\n      <\/div>\n\n\n    <\/div>\n  <\/div>\n  <div class=\"cl-fl\"><\/div>\n[\/vc_column][\/vc_row][vc_row][vc_column]\n  <div class=\"page-description-block style-dark\">\n    <div class=\"page-description-block-i\">\n      <div class=\"row\">\n        <div class=\"page-description-content\">\n          <\/div><\/div><\/div><\/div><\/p>\n<h2>La <strong>visi\u00f3n y la misi\u00f3n<\/strong> de TASKI:<\/h2>\n<h3><strong>Transformar<\/strong> la forma en que el mundo experimenta la limpieza sostenible e inteligente para un mundo m\u00e1s seguro y saludable.<\/h3>\n<h3>El<strong>patrimonio de la innovaci\u00f3n <\/strong>se acelerar\u00e1 y transformar\u00e1 en el futuro.<\/h3>\n<h2>Otros pueden seguir, <strong>TASKI lidera<\/strong><\/h2>\n<\/div>\n      \n    \n  \n  <div class=\"cl-fl\"><\/div>\n[\/vc_column][\/vc_row][vc_row css=\u00bb.vc_custom_1606742742288{background-color: #f18a00 !important;}\u00bb][vc_column css=\u00bb.vc_custom_1606743732250{margin-top: 0px !important;margin-bottom: 0px !important;padding-top: 0px !important;padding-bottom: 0px !important;}\u00bb]\n  <div class=\"image-hover-block\">\n    <div class=\"image-hover-block-i\">\n\n        <div class=\"image-hover-grid\">\n           <div class=\"image-hover-item\">\n            <div class=\"ih-i\" style=\"background:url(https:\/\/staging.taski.com\/wp-content\/uploads\/2020\/11\/image-hover-1.jpg);\">\n             <div class=\"ih-item-content\">\n                <div class=\"ih-item-content-i\"><p>Estamos orgullosos de nuestra herencia suiza, est\u00e1 en nuestro ADN. Es un punto de referencia y una inspiraci\u00f3n viva y coleando<\/p>\n<\/div>\n             <\/div>\n            <\/div>\n           <\/div>\n           <div class=\"image-hover-item\">\n            <div class=\"ih-i\" style=\"background:url(https:\/\/staging.taski.com\/wp-content\/uploads\/2020\/11\/image-hover-2.jpg);\">\n             <div class=\"ih-item-content\">\n                <div class=\"ih-item-content-i\"><\/div>\n             <\/div>\n            <\/div>\n           <\/div>\n           <div class=\"image-hover-item\">\n            <div class=\"ih-i\" style=\"background:url(https:\/\/staging.taski.com\/wp-content\/uploads\/2021\/01\/Engineering-excellence-image.png);\">\n             <div class=\"ih-item-content\">\n                <div class=\"ih-item-content-i\"><\/div>\n             <\/div>\n            <\/div>\n           <\/div>\n           <div class=\"image-hover-item\">\n            <div class=\"ih-i\" style=\"background:url(https:\/\/staging.taski.com\/wp-content\/uploads\/2021\/01\/Machine-testing-image.jpg);\">\n             <div class=\"ih-item-content\">\n                <div class=\"ih-item-content-i\"><p>Pruebe, pruebe y vuelva a probar. En Munchwilen, cada m\u00e1quina se prueba rigurosamente antes de salir de f\u00e1brica. No es un lote o una muestra, cada m\u00e1quina. Cada m\u00e1quina tiene la firma del ingeniero como su compromiso personal con el \u00daLTIMO en calidad.<\/p>\n<\/div>\n             <\/div>\n            <\/div>\n           <\/div>\n\n        <\/div>\n\n\n    <\/div>\n  <\/div>\n  <div class=\"cl-fl\"><\/div>\n[\/vc_column][\/vc_row][vc_row][vc_column][vc_column_text]\n<h3 style=\"text-align: center;\">Para ver m\u00e1s sobre c\u00f3mo TASKI transformar\u00e1 la limpieza, haga clic en las descargas<\/h3>\n<p>[\/vc_column_text][\/vc_column][\/vc_row][vc_row][vc_column width=\u00bb1\/2&#8243;]  <div class=\"feature-icon-w\">\n    <div class=\"feature-icon-i\">\n     <a href=\"https:\/\/taski.com\/wp-content\/uploads\/2021\/03\/Taski-Vision-flyer-.pdf\" target=\"_blank\">       <div class=\"feature-tbl\">\n        <div class=\"feature-cell image-cell\">\n          <img decoding=\"async\" class=\"aligncenter size-full\" alt=\"\" src=\"https:\/\/staging.taski.com\/wp-content\/uploads\/2020\/12\/icon-document.png\"\/>\n        <\/div>\n        <div class=\"feature-cell description-cell\">\n          <p>TASKI Mission Flyer<\/p>\n        <\/div>\n       <\/div>\n        <\/a>       <div class=\"cl-fl\"><\/div>\n    <\/div>\n  <\/div>\n[\/vc_column][vc_column width=\u00bb1\/2&#8243;]  <div class=\"feature-icon-w\">\n    <div class=\"feature-icon-i\">\n     <a href=\"https:\/\/taski.com\/wp-content\/uploads\/2021\/03\/Taski-Vision-poster-.pdf\" target=\"_blank\">       <div class=\"feature-tbl\">\n        <div class=\"feature-cell image-cell\">\n          <img decoding=\"async\" class=\"aligncenter size-full\" alt=\"\" src=\"https:\/\/staging.taski.com\/wp-content\/uploads\/2020\/12\/icon-document.png\"\/>\n        <\/div>\n        <div class=\"feature-cell description-cell\">\n          <p>TASKI Mission Poster<\/p>\n        <\/div>\n       <\/div>\n        <\/a>       <div class=\"cl-fl\"><\/div>\n    <\/div>\n  <\/div>\n[\/vc_column][\/vc_row][vc_row][vc_column]\n  <div class=\"three-cta-block\">\n    <div class=\"three-cta-block-i\">\n      <div class=\"row\">\n        <div class=\"three-cta-block-grid\">\n           <div class=\"three-cta-item\">\n            <div class=\"tci-i\">\n             <div class=\"tci-item-content\">\n                <h5><strong>See our<\/strong><br \/>\nlatest products<br \/>\n&amp; innovations<\/h5>\n                <a href=\"\/products-innovations-solutions\/\"><p>PRODUCTOS, SOLUCIONES <br \/> E INNOVACIONES <br \/><\/p><\/a>\n             <\/div>\n            <\/div>\n           <\/div>\n           <div class=\"three-cta-item\">\n            <div class=\"tci-i\">\n             <div class=\"tci-item-content\">\n                <h5><strong>Quiero<\/strong><br \/>a<br \/>\u00bfComprar?<\/h5>\n                <a href=\"\/shop\/\"><p>MI<br \/>TASKI<br \/>TIENDA<\/p><\/a>\n             <\/div>\n            <\/div>\n           <\/div>\n           <div class=\"three-cta-item\">\n            <div class=\"tci-i\">\n             <div class=\"tci-item-content\">\n                <h5><strong>Get in touch<\/strong><br \/>\nor have a<br \/>\nquestion<\/h5>\n                <a href=\"\/news-help-contacts\/\"><p>CONTACTO<br \/>EE.UU.<\/p><\/a>\n             <\/div>\n            <\/div>\n           <\/div>\n        <\/div>\n      <\/div>\n    <\/div>\n  <\/div>\n  <div class=\"cl-fl\"><\/div>\n[\/vc_column][\/vc_row]<\/p>\n","protected":false},"excerpt":{"rendered":"<p>[vc_row][vc_column][\/vc_column][\/vc_row][vc_row][vc_column][\/vc_column][\/vc_row][vc_row css=\u00bb.vc_custom_1606742742288{background-color: #f18a00 !important;}\u00bb][vc_column css=\u00bb.vc_custom_1606743732250{margin-top: 0px !important;margin-bottom: 0px !important;padding-top: 0px !important;padding-bottom: 0px !important;}\u00bb][\/vc_column][\/vc_row][vc_row][vc_column][vc_column_text] Para ver m\u00e1s sobre c\u00f3mo TASKI transformar\u00e1 la limpieza, haga clic en las descargas [\/vc_column_text][\/vc_column][\/vc_row][vc_row][vc_column width=\u00bb1\/2&#8243;][\/vc_column][vc_column width=\u00bb1\/2&#8243;][\/vc_column][\/vc_row][vc_row][vc_column][\/vc_column][\/vc_row]<\/p>\n","protected":false},"author":1,"featured_media":0,"parent":7675,"menu_order":552,"comment_status":"closed","ping_status":"closed","template":"","meta":{"_acf_changed":false,"_seopress_robots_primary_cat":"","_seopress_titles_title":"","_seopress_titles_desc":"","_seopress_robots_index":"","inline_featured_image":false,"footnotes":""},"class_list":["post-9244","page","type-page","status-publish","hentry"],"acf":[],"_links":{"self":[{"href":"https:\/\/staging.taski.com\/es\/wp-json\/wp\/v2\/pages\/9244","targetHints":{"allow":["GET"]}}],"collection":[{"href":"https:\/\/staging.taski.com\/es\/wp-json\/wp\/v2\/pages"}],"about":[{"href":"https:\/\/staging.taski.com\/es\/wp-json\/wp\/v2\/types\/page"}],"author":[{"embeddable":true,"href":"https:\/\/staging.taski.com\/es\/wp-json\/wp\/v2\/users\/1"}],"replies":[{"embeddable":true,"href":"https:\/\/staging.taski.com\/es\/wp-json\/wp\/v2\/comments?post=9244"}],"version-history":[{"count":0,"href":"https:\/\/staging.taski.com\/es\/wp-json\/wp\/v2\/pages\/9244\/revisions"}],"up":[{"embeddable":true,"href":"https:\/\/staging.taski.com\/es\/wp-json\/wp\/v2\/pages\/7675"}],"wp:attachment":[{"href":"https:\/\/staging.taski.com\/es\/wp-json\/wp\/v2\/media?parent=9244"}],"curies":[{"name":"wp","href":"https:\/\/api.w.org\/{rel}","templated":true}]}}