{"id":9051,"date":"2021-01-07T15:35:39","date_gmt":"2021-01-07T15:35:39","guid":{"rendered":"https:\/\/taski.com\/por-que-taski\/consejos-de-los-expertos\/herramientas-de-formacion\/"},"modified":"2022-09-14T15:43:13","modified_gmt":"2022-09-14T15:43:13","slug":"herramientas-de-formacion","status":"publish","type":"page","link":"https:\/\/staging.taski.com\/es\/por-que-taski\/consejos-de-los-expertos\/herramientas-de-formacion\/","title":{"rendered":"Herramientas de Formaci\u00f3n"},"content":{"rendered":"<div class=\"wpb-content-wrapper\"><p>[vc_row][vc_column]\n  <div class=\"main-banner-block full-width content-video-no\" style=\"background-image:url(https:\/\/staging.taski.com\/wp-content\/uploads\/2020\/12\/Rental-1-scaled.jpg);\">\n         <div class=\"main-banner-block-i\">\n      <div class=\"row\">\n       <div class=\"mbb-fl\">\n        <div class=\"main-banner-block-content\">\n            <h2>Las m\u00e1quinas TASKI ya son<br \/>\nintuitivas y f\u00e1ciles de usar.<br \/>\nConsulta nuestra completa gama<br \/>\nde Herramientas de Formaci\u00f3n para sacar el m\u00e1ximo partido a tu m\u00e1quina TASKI.<\/h2>\n            <div class=\"button-wrapper\">\n                        <\/div>\n        <\/div>\n               <\/div>\n      <\/div>\n\n\n    <\/div>\n  <\/div>\n  <div class=\"cl-fl\"><\/div>\n[\/vc_column][\/vc_row][vc_row][vc_column]\n  <div class=\"page-description-block style-dark\">\n    <div class=\"page-description-block-i\">\n      <div class=\"row\">\n        <div class=\"page-description-content\">\n          <p>\n[page_description_block]<\/p>\n<h2>TASKI ofrece una serie de materiales de formaci\u00f3n sencillos de seguir que incluyen <strong>gr\u00e1ficos murales y v\u00eddeos<\/strong> para ayudar a los usuarios a aprender r\u00e1pidamente a utilizar las m\u00e1quinas de forma eficaz y segura.<\/h2>\n<p>Puedes encontrar f\u00e1cilmente todos los gr\u00e1ficos murales, manuales de usuario y v\u00eddeos haciendo clic en nuestras p\u00e1ginas de Productos y descargando el documento que prefieras, o viendo nuestros v\u00eddeos.<\/p>\n<p><img alt=\"\" loading=\"lazy\" decoding=\"async\" class=\"alignnone wp-image-9055\" src=\"https:\/\/taski.com\/wp-content\/uploads\/2021\/01\/TASKI-Wallchart.png\" alt=\"\" width=\"250\" height=\"357\" srcset=\"https:\/\/staging.taski.com\/wp-content\/uploads\/2021\/01\/TASKI-Wallchart.png 786w, https:\/\/staging.taski.com\/wp-content\/uploads\/2021\/01\/TASKI-Wallchart-600x859.png 600w\" sizes=\"auto, (max-width: 250px) 100vw, 250px\" \/>    <img alt=\"\" loading=\"lazy\" decoding=\"async\" class=\"alignnone wp-image-9054\" src=\"https:\/\/taski.com\/wp-content\/uploads\/2021\/01\/TASKI-User-Manual.png\" alt=\"\" width=\"250\" height=\"357\"\/>    <img alt=\"\" loading=\"lazy\" decoding=\"async\" class=\"alignnone wp-image-9056\" src=\"https:\/\/taski.com\/wp-content\/uploads\/2021\/01\/TASKI-video.png\" alt=\"\" width=\"368\" height=\"358\" srcset=\"https:\/\/staging.taski.com\/wp-content\/uploads\/2021\/01\/TASKI-video.png 660w, https:\/\/staging.taski.com\/wp-content\/uploads\/2021\/01\/TASKI-video-600x585.png 600w\" sizes=\"auto, (max-width: 368px) 100vw, 368px\" \/><\/p>\n<ul>\n<li>Haz clic en el enlace de la p\u00e1gina de Producto siguiente para encontrar el gr\u00e1fico mural, el manual de usuario o el v\u00eddeo de tu producto.<\/li>\n<li>Tambi\u00e9n puedes hacer clic en el siguiente enlace para descargar nuestra aplicaci\u00f3n de TASKI.<\/li>\n<li>Para todas las <a href=\"https:\/\/taski.com\/instrucciones-de-uso-manuales-de-usuario\/?lang=es\"><strong>Instrucciones de uso Manuales de usuario haz clic aqu\u00ed.<\/strong><\/a><\/li>\n<\/ul>\n<\/div>\n      <\/div>\n    <\/div>\n  <\/div>\n  <div class=\"cl-fl\"><\/div>\n<br \/>\n[\/page_description_block][\/vc_column][\/vc_row][vc_row css=\u00bb.vc_custom_1612789544071{padding-top: 75px !important;}\u00bb][vc_column][vc_column_text]<\/p>\n<h2 style=\"text-align: center;\">Descargas<\/h2>\n<p>[\/vc_column_text][\/vc_column][\/vc_row][vc_row][vc_column width=\u00bb1\/3&#8243;][\/vc_column][vc_column width=\u00bb1\/3&#8243;][\/vc_column][vc_column width=\u00bb1\/3&#8243;][\/vc_column][\/vc_row][vc_row][vc_column]\n  <div class=\"two-cta-block\">\n    <div class=\"two-cta-block-i\">\n      <div class=\"row\">\n        <div class=\"two-cta-block-grid\">\n           <div class=\"two-cta-item\">\n            <div class=\"tci-i\">\n             <div class=\"tci-item-content\">\n                <h5>Find a product<\/h5>\n                <a href=\"\/products-innovations-solutions\/products\/\"><p>PRODUCT PAGES<\/p><\/a>\n             <\/div>\n            <\/div>\n           <\/div>\n           <div class=\"two-cta-item\">\n            <div class=\"tci-i\">\n             <div class=\"tci-item-content\">\n                <h5>Download our TASKI App<\/h5>\n                <a href=\"\/taski-app\/\"><p>App de TASKI<\/p><\/a>\n             <\/div>\n            <\/div>\n           <\/div>\n        <\/div>\n      <\/div>\n    <\/div>\n  <\/div>\n  <div class=\"cl-fl\"><\/div>\n[\/vc_column][\/vc_row]<\/p>\n<\/div>","protected":false},"excerpt":{"rendered":"<p>Una serie de materiales de formaci\u00f3n sencillos de seguir para un uso eficaz y seguro.<\/p>\n","protected":false},"author":1,"featured_media":8476,"parent":8345,"menu_order":670,"comment_status":"closed","ping_status":"closed","template":"","meta":{"_acf_changed":false,"_seopress_robots_primary_cat":"","_seopress_titles_title":"","_seopress_titles_desc":"","_seopress_robots_index":"","inline_featured_image":false,"footnotes":""},"class_list":["post-9051","page","type-page","status-publish","has-post-thumbnail","hentry"],"acf":[],"_links":{"self":[{"href":"https:\/\/staging.taski.com\/es\/wp-json\/wp\/v2\/pages\/9051","targetHints":{"allow":["GET"]}}],"collection":[{"href":"https:\/\/staging.taski.com\/es\/wp-json\/wp\/v2\/pages"}],"about":[{"href":"https:\/\/staging.taski.com\/es\/wp-json\/wp\/v2\/types\/page"}],"author":[{"embeddable":true,"href":"https:\/\/staging.taski.com\/es\/wp-json\/wp\/v2\/users\/1"}],"replies":[{"embeddable":true,"href":"https:\/\/staging.taski.com\/es\/wp-json\/wp\/v2\/comments?post=9051"}],"version-history":[{"count":0,"href":"https:\/\/staging.taski.com\/es\/wp-json\/wp\/v2\/pages\/9051\/revisions"}],"up":[{"embeddable":true,"href":"https:\/\/staging.taski.com\/es\/wp-json\/wp\/v2\/pages\/8345"}],"wp:featuredmedia":[{"embeddable":true,"href":"https:\/\/staging.taski.com\/es\/wp-json\/wp\/v2\/media\/8476"}],"wp:attachment":[{"href":"https:\/\/staging.taski.com\/es\/wp-json\/wp\/v2\/media?parent=9051"}],"curies":[{"name":"wp","href":"https:\/\/api.w.org\/{rel}","templated":true}]}}