{"id":8960,"date":"2020-12-13T13:29:46","date_gmt":"2020-12-13T13:29:46","guid":{"rendered":"https:\/\/taski.com\/productos-innovaciones-y-soluciones\/productos\/pulverizadores\/"},"modified":"2021-07-09T08:50:51","modified_gmt":"2021-07-09T08:50:51","slug":"pulverizadores","status":"publish","type":"page","link":"https:\/\/staging.taski.com\/es\/productos-innovaciones-y-soluciones\/productos\/pulverizadores\/","title":{"rendered":"Pulverizadores"},"content":{"rendered":"<div class=\"wpb-content-wrapper\"><p>[vc_row][vc_column]\n  <div class=\"page-intro-block size-fit-image style-dark font-large\">\n         <div class=\"page-intro-block-i\">\n      <div class=\"row\">\n        <div class=\"page-intro-content\">\n            <div class=\"title-block\">\n                                     <h2><span class=\"pt\">Sprayers<\/span>El pulverizador de mochila con bater\u00eda de litio BP 15 &lt;strong&gt;facilita el trabajo &lt;\/strong&gt;de pulverizaci\u00f3n en espacios peque\u00f1os y medianos.<\/h2>\n                                                 <\/div>\n            <div class=\"page-intro-image\">\n                                <div class=\"page-intro-image-alt\">\n                    \n                    <img decoding=\"async\" src=\"https:\/\/staging.taski.com\/wp-content\/uploads\/2020\/12\/Spray_053g1.jpg\" alt=\"\" \/>\n\n                <\/div>\n            <\/div>\n        <\/div>\n      <\/div>\n\n\n    <\/div>\n  <\/div>\n  <div class=\"cl-fl\"><\/div>\n[\/vc_column][\/vc_row][vc_row css=\u00bb.vc_custom_1607709989392{background-color: #fafafa !important;}\u00bb][vc_column]\n  <div class=\"product-carousel-block\" style=\"\">\n    <div class=\"product-carousel-block-i\">\n\n             <div class=\"product-carousel-filter\">Filtrar por tipo &ndash; <a href=\"#\" class=\"active\" data-category=\"*\">Todo<\/a><\/div>\n     \n     <div class=\"product-carousel-wrapper\">\n      <div class=\"row\">\n       <div class=\"taski-carousel-holder\">\n        <div class=\"product-carousel owl-carousel owl-theme\" id=\"product-carousel\">\n\n           \n            <div class=\"item product-slide pulverizadores mochila-es\">\n              <div class=\"its-i\">\n                <div class=\"media-w\">\n                    <div class=\"image\">\n                      <div class=\"image-i\">\n                                                    <img decoding=\"async\" src=\"https:\/\/staging.taski.com\/wp-content\/uploads\/2020\/12\/Spray_003.jpg\" \/>\n                                              <\/div>\n                    <\/div>\n                <\/div>\n                <div class=\"text\">\n                    <div class=\"title\">Pulverizador BP 15 Li Ion<\/div>\n                    <p>Pulverizador de mochila con bater\u00eda de iones de litio de alta calidad para aplicar soluciones qu\u00edmicas y de desinfecci\u00f3n<\/p>                    <div class=\"prod-page-view\"><a href=\"https:\/\/staging.taski.com\/es\/taski-products\/pulverizador-bp-15-li-ion\/\" class=\"button\">Ver producto<\/a><\/div>\n                <\/div>\n              <\/div>\n\n\n\n            <\/div>\n\n              \n\n\n        <\/div>\n        <div id=\"product-carousel-storage\" style=\"display:none !important; height:0;\">\n                       <div class=\"item product-slide pulverizadores mochila-es\">\n              <div class=\"its-i\">\n                <div class=\"media-w\">\n                    <div class=\"image\">\n                      <div class=\"image-i\">\n                                                    <img decoding=\"async\" src=\"https:\/\/staging.taski.com\/wp-content\/uploads\/2020\/12\/Spray_003.jpg\" \/>\n                                              <\/div>\n                    <\/div>\n                <\/div>\n                <div class=\"text\">\n                    <div class=\"title\">Pulverizador BP 15 Li Ion<\/div>\n                    <p>Pulverizador de mochila con bater\u00eda de iones de litio de alta calidad para aplicar soluciones qu\u00edmicas y de desinfecci\u00f3n<\/p>                    <div class=\"prod-page-view\"><a href=\"https:\/\/staging.taski.com\/es\/taski-products\/pulverizador-bp-15-li-ion\/\" class=\"button\">Ver producto<\/a><\/div>\n                <\/div>\n              <\/div>\n            <\/div>\n                      <\/div>\n\n        <div class=\"product-carousel-navigation\">\n          <div class=\"nav-left\">\n            <a href=\"#\"><i class=\"fa fa-chevron-left\"><\/i><\/a>\n          <\/div>\n          <div class=\"nav-description\">\n\n          <\/div>\n          <div class=\"nav-right\">\n            <a href=\"#\"><i class=\"fa fa-chevron-right\"><\/i><\/a>\n          <\/div>\n        <\/div>\n       <\/div>\n      <\/div>\n     <\/div>\n\n\n\n\n   <\/div>\n  <\/div>\n  <div class=\"cl-fl\"><\/div>\n[\/vc_column][\/vc_row][vc_row css=\u00bb.vc_custom_1606587476742{padding-top: 80px !important;padding-bottom: 95px !important;}\u00bb][vc_column]\n  <div class=\"product-description-block style-dark image-right\">\n    <div class=\"product-description-block-i\">\n        <div class=\"product-description-block-content\">\n          <div class=\"product-description-block-title\">\n                            <div class=\"pdbt-icon\"><img decoding=\"async\" src=\"https:\/\/staging.taski.com\/wp-content\/uploads\/2020\/12\/infection-prevention.svg\" \/><\/div>\n                <div class=\"pdbt-text\">Prevenci\u00f3n de Infecciones<\/div>\n                      <\/div>\n          <div class=\"product-description-block-text\"><p>El pulverizador BP 15, <strong>de gran capacidad<\/strong> y alimentado por bater\u00eda, ofrece ahora la posibilidad de aplicar soluciones qu\u00edmicas y de desinfecci\u00f3n de forma eficaz y consistente.<\/p>\n<\/div>\n        <\/div>\n        <div class=\"product-description-block-image\" style=\"background-image:url(https:\/\/staging.taski.com\/wp-content\/uploads\/2021\/01\/Spray_124-scaled.jpg)\">\n\n        <\/div>\n    <\/div>\n  <\/div>\n  <div class=\"cl-fl\"><\/div>\n\n  <div class=\"product-description-block style-light image-left\">\n    <div class=\"product-description-block-i\">\n        <div class=\"product-description-block-content\">\n          <div class=\"product-description-block-title\">\n                            <div class=\"pdbt-icon\"><img decoding=\"async\" src=\"https:\/\/staging.taski.com\/wp-content\/uploads\/2020\/12\/dollar.png\" \/><\/div>\n                <div class=\"pdbt-text\">Protecci\u00f3n de Marca y Activos<\/div>\n                      <\/div>\n          <div class=\"product-description-block-text\"><p>La BP 15 puede ajustarse para ofrecer un tama\u00f1o y un patr\u00f3n de gota precisos, de entre <strong>60 y 200 micras<\/strong>, lo que garantiza la precisi\u00f3n y te da confianza para las aplicaciones cr\u00edticas.<\/p>\n<\/div>\n        <\/div>\n        <div class=\"product-description-block-image\" style=\"background-image:url(https:\/\/staging.taski.com\/wp-content\/uploads\/2021\/01\/Spray-fine-mist.jpg)\">\n\n        <\/div>\n    <\/div>\n  <\/div>\n  <div class=\"cl-fl\"><\/div>\n\n  <div class=\"product-description-block style-dark image-right\">\n    <div class=\"product-description-block-i\">\n        <div class=\"product-description-block-content\">\n          <div class=\"product-description-block-title\">\n                            <div class=\"pdbt-icon\"><img decoding=\"async\" src=\"https:\/\/staging.taski.com\/wp-content\/uploads\/2020\/12\/clock.png\" \/><\/div>\n                <div class=\"pdbt-text\">Eficiencia Operativa<\/div>\n                      <\/div>\n          <div class=\"product-description-block-text\"><p>Con <strong>4 horas de funcionamiento de la bater\u00eda y una gran capacidad de 15 litros<\/strong>, la BP 15 puede cubrir espacios grandes de forma constante sin necesidad de rellenarla con frecuencia.<\/p>\n<p>Para los espacios m\u00e1s grandes, considera el uso de <strong>IntelliSpray<\/strong>.<\/p>\n<\/div>\n        <\/div>\n        <div class=\"product-description-block-image\" style=\"background-image:url(https:\/\/staging.taski.com\/wp-content\/uploads\/2021\/01\/Spray_126-scaled.jpg)\">\n\n        <\/div>\n    <\/div>\n  <\/div>\n  <div class=\"cl-fl\"><\/div>\n[\/vc_column][\/vc_row][vc_row][vc_column][vc_row_inner][vc_column_inner]\n  <div class=\"three-cta-block\">\n    <div class=\"three-cta-block-i\">\n      <div class=\"row\">\n        <div class=\"three-cta-block-grid\">\n           <div class=\"three-cta-item\">\n            <div class=\"tci-i\">\n             <div class=\"tci-item-content\">\n                <h5>&lt;strong&gt;Consulta nuestras&lt;\/strong&gt;<br \/>\nSoluciones<br \/>\npara la Industria<\/h5>\n                <a href=\"\/products-innovations-solutions\/\"><p>PRODUCTOS, SOLUCIONES <br \/> E INNOVACIONES <br \/><\/p><\/a>\n             <\/div>\n            <\/div>\n           <\/div>\n           <div class=\"three-cta-item\">\n            <div class=\"tci-i\">\n             <div class=\"tci-item-content\">\n                <h5>&lt;strong&gt;Consulta las \u00faltimas&lt;\/strong&gt;<br \/>\nInnovaciones<br \/>\nde TASKI<\/h5>\n                <a href=\"\/shop\/\"><p>MI<br \/>TASKI<br \/>TIENDA<\/p><\/a>\n             <\/div>\n            <\/div>\n           <\/div>\n           <div class=\"three-cta-item\">\n            <div class=\"tci-i\">\n             <div class=\"tci-item-content\">\n                <h5>&lt;strong&gt;Ponte en contacto&lt;\/strong&gt;<br \/>\ncon<br \/>\nnosotros<\/h5>\n                <a href=\"\/news-help-contacts\/\"><p>CONTACTO<br \/>EE.UU.<\/p><\/a>\n             <\/div>\n            <\/div>\n           <\/div>\n        <\/div>\n      <\/div>\n    <\/div>\n  <\/div>\n  <div class=\"cl-fl\"><\/div>\n[\/vc_column_inner][\/vc_row_inner][\/vc_column][\/vc_row]<\/p>\n<\/div>","protected":false},"excerpt":{"rendered":"<p>[vc_row][vc_column][\/vc_column][\/vc_row][vc_row css=\u00bb.vc_custom_1607709989392{background-color: #fafafa !important;}\u00bb][vc_column][\/vc_column][\/vc_row][vc_row css=\u00bb.vc_custom_1606587476742{padding-top: 80px !important;padding-bottom: 95px !important;}\u00bb][vc_column][\/vc_column][\/vc_row][vc_row][vc_column][vc_row_inner][vc_column_inner][\/vc_column_inner][\/vc_row_inner][\/vc_column][\/vc_row]<\/p>\n","protected":false},"author":1,"featured_media":0,"parent":8398,"menu_order":188,"comment_status":"closed","ping_status":"closed","template":"page-products.php","meta":{"_acf_changed":false,"_seopress_robots_primary_cat":"","_seopress_titles_title":"","_seopress_titles_desc":"","_seopress_robots_index":"","inline_featured_image":false,"footnotes":""},"class_list":["post-8960","page","type-page","status-publish","hentry"],"acf":[],"_links":{"self":[{"href":"https:\/\/staging.taski.com\/es\/wp-json\/wp\/v2\/pages\/8960","targetHints":{"allow":["GET"]}}],"collection":[{"href":"https:\/\/staging.taski.com\/es\/wp-json\/wp\/v2\/pages"}],"about":[{"href":"https:\/\/staging.taski.com\/es\/wp-json\/wp\/v2\/types\/page"}],"author":[{"embeddable":true,"href":"https:\/\/staging.taski.com\/es\/wp-json\/wp\/v2\/users\/1"}],"replies":[{"embeddable":true,"href":"https:\/\/staging.taski.com\/es\/wp-json\/wp\/v2\/comments?post=8960"}],"version-history":[{"count":0,"href":"https:\/\/staging.taski.com\/es\/wp-json\/wp\/v2\/pages\/8960\/revisions"}],"up":[{"embeddable":true,"href":"https:\/\/staging.taski.com\/es\/wp-json\/wp\/v2\/pages\/8398"}],"wp:attachment":[{"href":"https:\/\/staging.taski.com\/es\/wp-json\/wp\/v2\/media?parent=8960"}],"curies":[{"name":"wp","href":"https:\/\/api.w.org\/{rel}","templated":true}]}}