{"id":8957,"date":"2020-12-13T13:24:13","date_gmt":"2020-12-13T13:24:13","guid":{"rendered":"https:\/\/taski.com\/productos-innovaciones-y-soluciones\/productos\/robotica\/"},"modified":"2024-11-21T17:02:53","modified_gmt":"2024-11-21T17:02:53","slug":"robotica","status":"publish","type":"page","link":"https:\/\/staging.taski.com\/es\/productos-innovaciones-y-soluciones\/productos\/robotica\/","title":{"rendered":"Rob\u00f3tica"},"content":{"rendered":"<div class=\"wpb-content-wrapper\"><p>[vc_row][vc_column]\n  <div class=\"page-intro-block size-fit-image style-dark font-large\">\n         <div class=\"page-intro-block-i\">\n      <div class=\"row\">\n        <div class=\"page-intro-content\">\n            <div class=\"title-block\">\n                                     <h2><span class=\"pt\">Rob\u00f3tica<\/span>Bienvenido a una nueva era de limpieza automatizada de suelos. Introducci\u00f3n de ECOBOT.<\/h2>\n                                                 <\/div>\n            <div class=\"page-intro-image\">\n                                <div class=\"page-intro-image-alt\">\n                    \n                    <img decoding=\"async\" src=\"https:\/\/staging.taski.com\/wp-content\/uploads\/2024\/09\/TASKI_ECOBOT-08434.jpg\" alt=\"\" \/>\n\n                <\/div>\n            <\/div>\n        <\/div>\n      <\/div>\n\n\n    <\/div>\n  <\/div>\n  <div class=\"cl-fl\"><\/div>\n[\/vc_column][\/vc_row][vc_row css=\u00bb.vc_custom_1607709989392{background-color: #fafafa !important;}\u00bb][vc_column]\n  <div class=\"product-carousel-block\" style=\"\">\n    <div class=\"product-carousel-block-i\">\n\n             <div class=\"product-carousel-filter\">Filtrar por tipo &ndash; <a href=\"#\" class=\"active\" data-category=\"*\">Todo<\/a> | <a href=\"#\" class=\"\" data-category=\"vacuum-es\">Vac\u00edo<\/a> | <a href=\"#\" class=\"\" data-category=\"fregadora\">Fregadora<\/a><\/div>\n     \n     <div class=\"product-carousel-wrapper\">\n      <div class=\"row\">\n       <div class=\"taski-carousel-holder\">\n        <div class=\"product-carousel owl-carousel owl-theme\" id=\"product-carousel\">\n\n           \n            <div class=\"item product-slide robotica fregadora\">\n              <div class=\"its-i\">\n                <div class=\"media-w\">\n                    <div class=\"image\">\n                      <div class=\"image-i\">\n                                                    <img decoding=\"async\" src=\"https:\/\/staging.taski.com\/wp-content\/uploads\/2022\/12\/ecobot-40-1-618x608.jpg\" \/>\n                                              <\/div>\n                    <\/div>\n                <\/div>\n                <div class=\"text\">\n                    <div class=\"title\">Ecobot 40<\/div>\n                    <p>Descubra el potencial de la aspiradora automatizada en suelos textiles y suelos duros con el Ecobot 40\r\n<\/p>                    <div class=\"prod-page-view\"><a href=\"https:\/\/staging.taski.com\/es\/taski-products\/ecobot-40\/\" class=\"button\">Ver producto<\/a><\/div>\n                <\/div>\n              <\/div>\n\n\n\n            <\/div>\n\n              \n            <div class=\"item product-slide robotica vacuum-es fregadora\">\n              <div class=\"its-i\">\n                <div class=\"media-w\">\n                    <div class=\"image\">\n                      <div class=\"image-i\">\n                                                    <img decoding=\"async\" src=\"https:\/\/staging.taski.com\/wp-content\/uploads\/2024\/11\/Phantas-Packshot.jpg\" \/>\n                                              <\/div>\n                    <\/div>\n                <\/div>\n                <div class=\"text\">\n                    <div class=\"title\">TASKI Phantas<\/div>\n                    <p>Libera el potencial de la limpieza automatizada \u00a1Dise\u00f1ada para espacios reducidos!<\/p>                    <div class=\"prod-page-view\"><a href=\"https:\/\/staging.taski.com\/es\/taski-products\/taski-phantas\/\" class=\"button\">Ver producto<\/a><\/div>\n                <\/div>\n              <\/div>\n\n\n\n            <\/div>\n\n              \n            <div class=\"item product-slide robotica vacuum-es fregadora\">\n              <div class=\"its-i\">\n                <div class=\"media-w\">\n                    <div class=\"image\">\n                      <div class=\"image-i\">\n                                                    <img decoding=\"async\" src=\"https:\/\/staging.taski.com\/wp-content\/uploads\/2022\/12\/ecobot-50-2-618x608.jpg\" \/>\n                                              <\/div>\n                    <\/div>\n                <\/div>\n                <div class=\"text\">\n                    <div class=\"title\">Ecobot 50 Pro<\/div>\n                    <p>Descubra el potencial del fregado y secado de suelos  automatizados con el Ecobot 50 Pro<\/p>                    <div class=\"prod-page-view\"><a href=\"https:\/\/staging.taski.com\/es\/taski-products\/ecobot-50-pro\/\" class=\"button\">Ver producto<\/a><\/div>\n                <\/div>\n              <\/div>\n\n\n\n            <\/div>\n\n              \n\n\n        <\/div>\n        <div id=\"product-carousel-storage\" style=\"display:none !important; height:0;\">\n                       <div class=\"item product-slide robotica fregadora\">\n              <div class=\"its-i\">\n                <div class=\"media-w\">\n                    <div class=\"image\">\n                      <div class=\"image-i\">\n                                                    <img decoding=\"async\" src=\"https:\/\/staging.taski.com\/wp-content\/uploads\/2022\/12\/ecobot-40-1-618x608.jpg\" \/>\n                                              <\/div>\n                    <\/div>\n                <\/div>\n                <div class=\"text\">\n                    <div class=\"title\">Ecobot 40<\/div>\n                    <p>Descubra el potencial de la aspiradora automatizada en suelos textiles y suelos duros con el Ecobot 40\r\n<\/p>                    <div class=\"prod-page-view\"><a href=\"https:\/\/staging.taski.com\/es\/taski-products\/ecobot-40\/\" class=\"button\">Ver producto<\/a><\/div>\n                <\/div>\n              <\/div>\n            <\/div>\n                          <div class=\"item product-slide robotica vacuum-es fregadora\">\n              <div class=\"its-i\">\n                <div class=\"media-w\">\n                    <div class=\"image\">\n                      <div class=\"image-i\">\n                                                    <img decoding=\"async\" src=\"https:\/\/staging.taski.com\/wp-content\/uploads\/2024\/11\/Phantas-Packshot.jpg\" \/>\n                                              <\/div>\n                    <\/div>\n                <\/div>\n                <div class=\"text\">\n                    <div class=\"title\">TASKI Phantas<\/div>\n                    <p>Libera el potencial de la limpieza automatizada \u00a1Dise\u00f1ada para espacios reducidos!<\/p>                    <div class=\"prod-page-view\"><a href=\"https:\/\/staging.taski.com\/es\/taski-products\/taski-phantas\/\" class=\"button\">Ver producto<\/a><\/div>\n                <\/div>\n              <\/div>\n            <\/div>\n                          <div class=\"item product-slide robotica vacuum-es fregadora\">\n              <div class=\"its-i\">\n                <div class=\"media-w\">\n                    <div class=\"image\">\n                      <div class=\"image-i\">\n                                                    <img decoding=\"async\" src=\"https:\/\/staging.taski.com\/wp-content\/uploads\/2022\/12\/ecobot-50-2-618x608.jpg\" \/>\n                                              <\/div>\n                    <\/div>\n                <\/div>\n                <div class=\"text\">\n                    <div class=\"title\">Ecobot 50 Pro<\/div>\n                    <p>Descubra el potencial del fregado y secado de suelos  automatizados con el Ecobot 50 Pro<\/p>                    <div class=\"prod-page-view\"><a href=\"https:\/\/staging.taski.com\/es\/taski-products\/ecobot-50-pro\/\" class=\"button\">Ver producto<\/a><\/div>\n                <\/div>\n              <\/div>\n            <\/div>\n                      <\/div>\n\n        <div class=\"product-carousel-navigation\">\n          <div class=\"nav-left\">\n            <a href=\"#\"><i class=\"fa fa-chevron-left\"><\/i><\/a>\n          <\/div>\n          <div class=\"nav-description\">\n\n          <\/div>\n          <div class=\"nav-right\">\n            <a href=\"#\"><i class=\"fa fa-chevron-right\"><\/i><\/a>\n          <\/div>\n        <\/div>\n       <\/div>\n      <\/div>\n     <\/div>\n\n\n\n\n   <\/div>\n  <\/div>\n  <div class=\"cl-fl\"><\/div>\n[\/vc_column][\/vc_row][vc_row css=\u00bb.vc_custom_1606587476742{padding-top: 80px !important;padding-bottom: 95px !important;}\u00bb][vc_column]\n  <div class=\"product-description-block style-dark image-right\">\n    <div class=\"product-description-block-i\">\n        <div class=\"product-description-block-content\">\n          <div class=\"product-description-block-title\">\n                            <div class=\"pdbt-icon\"><img decoding=\"async\" src=\"https:\/\/staging.taski.com\/wp-content\/uploads\/2020\/12\/operational-efficiency.svg\" \/><\/div>\n                <div class=\"pdbt-text\">Eficiencia operacional<\/div>\n                      <\/div>\n          <div class=\"product-description-block-text\"><p>Las m\u00e1quinas de limpieza automatizada de TASKI, le ofrecen la oportunidad de volver a <strong>emplear su mano de obra <\/strong>en tareas de mayor prioridad y valor a\u00f1adido.<\/p>\n<p>Automatizar su limpieza de suelos libera recursos para agregar un valor real a su negocio y ofrece a sus empleados la posibilidad de <strong>realizar tareas m\u00e1s gratificantes y valoradas.<\/strong><\/p>\n<\/div>\n        <\/div>\n        <div class=\"product-description-block-image\" style=\"background-image:url(https:\/\/staging.taski.com\/wp-content\/uploads\/2023\/01\/Gaussian_014-min-scaled-2.jpg)\">\n\n        <\/div>\n    <\/div>\n  <\/div>\n  <div class=\"cl-fl\"><\/div>\n\n  <div class=\"product-description-block style-light image-left\">\n    <div class=\"product-description-block-i\">\n        <div class=\"product-description-block-content\">\n          <div class=\"product-description-block-title\">\n                            <div class=\"pdbt-icon\"><img decoding=\"async\" src=\"https:\/\/staging.taski.com\/wp-content\/uploads\/2020\/12\/people-safety.svg\" \/><\/div>\n                <div class=\"pdbt-text\">Protecci\u00f3n de su marca y activos<\/div>\n                      <\/div>\n          <div class=\"product-description-block-text\"><p>Ya sea para que su negocio aproveche las <strong>\u00faltimas innovaciones<\/strong>, para acometer <strong>nuevos desaf\u00edos o para paliar limitaciones laborales<\/strong>, los robots de limpieza automatizados de TASKI le aportar\u00e1n infinitas posibilidades para <strong>mejorar us procesos y proteger su marca<\/strong>.<\/p>\n<\/div>\n        <\/div>\n        <div class=\"product-description-block-image\" style=\"background-image:url(https:\/\/staging.taski.com\/wp-content\/uploads\/2023\/01\/Robot-247-scaled-2.jpg)\">\n\n        <\/div>\n    <\/div>\n  <\/div>\n  <div class=\"cl-fl\"><\/div>\n\n  <div class=\"product-description-block style-dark image-right\">\n    <div class=\"product-description-block-i\">\n        <div class=\"product-description-block-content\">\n          <div class=\"product-description-block-title\">\n                            <div class=\"pdbt-icon\"><img decoding=\"async\" src=\"https:\/\/staging.taski.com\/wp-content\/uploads\/2020\/12\/people-safety.svg\" \/><\/div>\n                <div class=\"pdbt-text\">Su experiencia como cliente\/invitado o como cliente\/paciente<\/div>\n                      <\/div>\n          <div class=\"product-description-block-text\"><p>La <strong>automatizaci\u00f3n de la limpieza del suelo<\/strong> significa que ahora puede realizarse las <strong>24 horas, los 7 d\u00edas de la semana<\/strong>.<\/p>\n<p>Los robots ECOBOT 50Pro y ECOBOT 40 <strong>limpiar\u00e1n<\/strong> <strong>d\u00f3nde y cuando lo necesite<\/strong>.<\/p>\n<p>Esto garantiza que no importa cu\u00e1l sea las restricciones que pudieran afectarle, es mejor para sus clientes, invitados y el p\u00fablico en general.<\/p>\n<\/div>\n        <\/div>\n        <div class=\"product-description-block-image\" style=\"background-image:url(https:\/\/staging.taski.com\/wp-content\/uploads\/2023\/01\/Robot-247-scaled-3.jpg)\">\n\n        <\/div>\n    <\/div>\n  <\/div>\n  <div class=\"cl-fl\"><\/div>\n\n  <div class=\"product-description-block style-light image-left\">\n    <div class=\"product-description-block-i\">\n        <div class=\"product-description-block-content\">\n          <div class=\"product-description-block-title\">\n                            <div class=\"pdbt-icon\"><img decoding=\"async\" src=\"https:\/\/staging.taski.com\/wp-content\/uploads\/2020\/12\/continuous-innovation.svg\" \/><\/div>\n                <div class=\"pdbt-text\">Innovaci\u00f3n continua<\/div>\n                      <\/div>\n          <div class=\"product-description-block-text\"><p>El ECOBOT 50 Pro es la \u00faltima generaci\u00f3n de fregadora secadora autom\u00e1tica y aut\u00f3noma, y el ECOBOT 40 agrega el potencial de una aspiradora automatizada.<\/p>\n<p>Con m\u00e1s de 65 a\u00f1os de innovaci\u00f3n continua, TASKI continuar\u00e1 aportando tecnolog\u00edas disruptivas en el mercado.<\/p>\n<\/div>\n        <\/div>\n        <div class=\"product-description-block-image\" style=\"background-image:url(https:\/\/staging.taski.com\/wp-content\/uploads\/2022\/12\/Gaussian_086-min-scaled.jpg)\">\n\n        <\/div>\n    <\/div>\n  <\/div>\n  <div class=\"cl-fl\"><\/div>\n\n  <div class=\"product-description-block style-dark image-right\">\n    <div class=\"product-description-block-i\">\n        <div class=\"product-description-block-content\">\n          <div class=\"product-description-block-title\">\n                            <div class=\"pdbt-icon\"><img decoding=\"async\" src=\"https:\/\/staging.taski.com\/wp-content\/uploads\/2020\/12\/people.png\" \/><\/div>\n                <div class=\"pdbt-text\">Personas y seguridad<\/div>\n                      <\/div>\n          <div class=\"product-description-block-text\"><p>Menos fatiga, menos tiempo de inactividad. Todas las m\u00e1quinas TASKI est\u00e1n dise\u00f1adas para ser <strong>intuitivas y f\u00e1ciles de usar sin causar fatiga al usuario<\/strong>.<\/p>\n<p>Retire los derrames de agua peligrosos. Todas las fregadoras TASKI, gracias a su boquilla de secado patentada, <strong>recoge el 99% de agua<\/strong>.<\/p>\n<p>M\u00e1s presi\u00f3n de contacto, mejor higiene. Las fregadoras autom\u00e1ticas TASKI aportan <strong>10 veces m\u00e1s presi\u00f3n de contacto que mopear los suelos de forma cl\u00e1sica, consiguiendo resultados en los mismos m\u00e1s seguros y m\u00e1s limpios<\/strong><\/p>\n<\/div>\n        <\/div>\n        <div class=\"product-description-block-image\" style=\"background-image:url(https:\/\/staging.taski.com\/wp-content\/uploads\/2022\/12\/Gaussian_064.jpg)\">\n\n        <\/div>\n    <\/div>\n  <\/div>\n  <div class=\"cl-fl\"><\/div>\n[\/vc_column][\/vc_row][vc_row][vc_column][vc_row_inner][vc_column_inner]\n  <div class=\"three-cta-block\">\n    <div class=\"three-cta-block-i\">\n      <div class=\"row\">\n        <div class=\"three-cta-block-grid\">\n           <div class=\"three-cta-item\">\n            <div class=\"tci-i\">\n             <div class=\"tci-item-content\">\n                <h5>&lt;strong&gt;Consulta nuestras&lt;\/strong&gt;<br \/>\nSoluciones<br \/>\npara la Industria<\/h5>\n                <a href=\"\/products-innovations-solutions\/\"><p>PRODUCTOS, SOLUCIONES <br \/> E INNOVACIONES <br \/><\/p><\/a>\n             <\/div>\n            <\/div>\n           <\/div>\n           <div class=\"three-cta-item\">\n            <div class=\"tci-i\">\n             <div class=\"tci-item-content\">\n                <h5>&lt;strong&gt;Consulta las \u00faltimas&lt;\/strong&gt;<br \/>\nInnovaciones<br \/>\nde TASKI<\/h5>\n                <a href=\"\/shop\/\"><p>MI<br \/>TASKI<br \/>TIENDA<\/p><\/a>\n             <\/div>\n            <\/div>\n           <\/div>\n           <div class=\"three-cta-item\">\n            <div class=\"tci-i\">\n             <div class=\"tci-item-content\">\n                <h5>&lt;strong&gt;Ponte en contacto&lt;\/strong&gt;<br \/>\ncon<br \/>\nnosotros<\/h5>\n                <a href=\"\/news-help-contacts\/\"><p>CONTACTO<br \/>EE.UU.<\/p><\/a>\n             <\/div>\n            <\/div>\n           <\/div>\n        <\/div>\n      <\/div>\n    <\/div>\n  <\/div>\n  <div class=\"cl-fl\"><\/div>\n[\/vc_column_inner][\/vc_row_inner][\/vc_column][\/vc_row]<\/p>\n<\/div>","protected":false},"excerpt":{"rendered":"<p>[vc_row][vc_column][\/vc_column][\/vc_row][vc_row css=\u00bb.vc_custom_1607709989392{background-color: #fafafa !important;}\u00bb][vc_column][\/vc_column][\/vc_row][vc_row css=\u00bb.vc_custom_1606587476742{padding-top: 80px !important;padding-bottom: 95px !important;}\u00bb][vc_column][\/vc_column][\/vc_row][vc_row][vc_column][vc_row_inner][vc_column_inner][\/vc_column_inner][\/vc_row_inner][\/vc_column][\/vc_row]<\/p>\n","protected":false},"author":1,"featured_media":0,"parent":8398,"menu_order":155,"comment_status":"closed","ping_status":"closed","template":"page-products.php","meta":{"_acf_changed":false,"_seopress_robots_primary_cat":"","_seopress_titles_title":"","_seopress_titles_desc":"","_seopress_robots_index":"","inline_featured_image":false,"footnotes":""},"class_list":["post-8957","page","type-page","status-publish","hentry"],"acf":[],"_links":{"self":[{"href":"https:\/\/staging.taski.com\/es\/wp-json\/wp\/v2\/pages\/8957","targetHints":{"allow":["GET"]}}],"collection":[{"href":"https:\/\/staging.taski.com\/es\/wp-json\/wp\/v2\/pages"}],"about":[{"href":"https:\/\/staging.taski.com\/es\/wp-json\/wp\/v2\/types\/page"}],"author":[{"embeddable":true,"href":"https:\/\/staging.taski.com\/es\/wp-json\/wp\/v2\/users\/1"}],"replies":[{"embeddable":true,"href":"https:\/\/staging.taski.com\/es\/wp-json\/wp\/v2\/comments?post=8957"}],"version-history":[{"count":2,"href":"https:\/\/staging.taski.com\/es\/wp-json\/wp\/v2\/pages\/8957\/revisions"}],"predecessor-version":[{"id":40767,"href":"https:\/\/staging.taski.com\/es\/wp-json\/wp\/v2\/pages\/8957\/revisions\/40767"}],"up":[{"embeddable":true,"href":"https:\/\/staging.taski.com\/es\/wp-json\/wp\/v2\/pages\/8398"}],"wp:attachment":[{"href":"https:\/\/staging.taski.com\/es\/wp-json\/wp\/v2\/media?parent=8957"}],"curies":[{"name":"wp","href":"https:\/\/api.w.org\/{rel}","templated":true}]}}