{"id":8937,"date":"2020-12-13T13:21:25","date_gmt":"2020-12-13T13:21:25","guid":{"rendered":"https:\/\/taski.com\/productos-innovaciones-y-soluciones\/productos\/limpiadores-de-vapor\/"},"modified":"2022-09-14T15:45:38","modified_gmt":"2022-09-14T15:45:38","slug":"limpiadores-de-vapor","status":"publish","type":"page","link":"https:\/\/staging.taski.com\/es\/productos-innovaciones-y-soluciones\/productos\/limpiadores-de-vapor\/","title":{"rendered":"Limpiadoras de vapor cont\u00ednuo"},"content":{"rendered":"<div class=\"wpb-content-wrapper\"><p>[vc_row][vc_column]\n  <div class=\"page-intro-block size-fit-image style-dark font-large\">\n         <div class=\"page-intro-block-i\">\n      <div class=\"row\">\n        <div class=\"page-intro-content\">\n            <div class=\"title-block\">\n                                     <h2><span class=\"pt\">Steam Cleaners<\/span>&lt;strong&gt; Limpiadores a vapor en seco para trabajo pesado, alta presi\u00f3n y alta temperatura &lt;\/strong&gt;.<\/h2>\n                                                 <\/div>\n            <div class=\"page-intro-image\">\n                                <div class=\"page-intro-image-alt\">\n                    \n                    <img decoding=\"async\" src=\"https:\/\/staging.taski.com\/wp-content\/uploads\/2020\/12\/Steam.jpg\" alt=\"\" \/>\n\n                <\/div>\n            <\/div>\n        <\/div>\n      <\/div>\n\n\n    <\/div>\n  <\/div>\n  <div class=\"cl-fl\"><\/div>\n[\/vc_column][\/vc_row][vc_row css=\u00bb.vc_custom_1607709989392{background-color: #fafafa !important;}\u00bb][vc_column]\n  <div class=\"product-carousel-block\" style=\"\">\n    <div class=\"product-carousel-block-i\">\n\n             <div class=\"product-carousel-filter\">Filtrar por tipo &ndash; <a href=\"#\" class=\"active\" data-category=\"*\">Todo<\/a> | <a href=\"#\" class=\"\" data-category=\"vapor-aspiracion-quimico\">Vapor, aspiraci\u00f3n y pdto qu\u00edmico<\/a> | <a href=\"#\" class=\"\" data-category=\"solo-vapor\">S\u00f3lo vapor<\/a> | <a href=\"#\" class=\"\" data-category=\"vapor-y-vacio\">Vapor y vac\u00edo<\/a><\/div>\n     \n     <div class=\"product-carousel-wrapper\">\n      <div class=\"row\">\n       <div class=\"taski-carousel-holder\">\n        <div class=\"product-carousel owl-carousel owl-theme\" id=\"product-carousel\">\n\n           \n            <div class=\"item product-slide vaporetas solo-vapor\">\n              <div class=\"its-i\">\n                <div class=\"media-w\">\n                    <div class=\"image\">\n                      <div class=\"image-i\">\n                                                    <img decoding=\"async\" src=\"https:\/\/staging.taski.com\/wp-content\/uploads\/2020\/12\/Steam-SO4-Image-left2-e1610359683675.jpg\" \/>\n                                              <\/div>\n                    <\/div>\n                <\/div>\n                <div class=\"text\">\n                    <div class=\"title\">Steam SO4<\/div>\n                    <p>Vaporizador profesional con caldera de llenado continuo<\/p>                    <div class=\"prod-page-view\"><a href=\"https:\/\/staging.taski.com\/es\/taski-products\/vapor-so4\/\" class=\"button\">Ver producto<\/a><\/div>\n                <\/div>\n              <\/div>\n\n\n\n            <\/div>\n\n              \n            <div class=\"item product-slide vaporetas vapor-y-vacio\">\n              <div class=\"its-i\">\n                <div class=\"media-w\">\n                    <div class=\"image\">\n                      <div class=\"image-i\">\n                                                    <img decoding=\"async\" src=\"https:\/\/staging.taski.com\/wp-content\/uploads\/2020\/12\/Dampfgeraet_016-v1.jpg\" \/>\n                                              <\/div>\n                    <\/div>\n                <\/div>\n                <div class=\"text\">\n                    <div class=\"title\">Steam SV4<\/div>\n                    <p>Vaporizador profesional con caldera de llenado continuo y funci\u00f3n de aspiraci\u00f3n a\u00f1adida para m\u00faltiples tareas<\/p>                    <div class=\"prod-page-view\"><a href=\"https:\/\/staging.taski.com\/es\/taski-products\/vapor-sv4\/\" class=\"button\">Ver producto<\/a><\/div>\n                <\/div>\n              <\/div>\n\n\n\n            <\/div>\n\n              \n            <div class=\"item product-slide vaporetas solo-vapor\">\n              <div class=\"its-i\">\n                <div class=\"media-w\">\n                    <div class=\"image\">\n                      <div class=\"image-i\">\n                                                    <img decoding=\"async\" src=\"https:\/\/staging.taski.com\/wp-content\/uploads\/2020\/12\/SO8-Right-Hand-Brand-Taski-v1.jpg\" \/>\n                                              <\/div>\n                    <\/div>\n                <\/div>\n                <div class=\"text\">\n                    <div class=\"title\">Steam SO8<\/div>\n                    <p>Vaporizador de alta presi\u00f3n de 8 Bares con llenado continuo<\/p>                    <div class=\"prod-page-view\"><a href=\"https:\/\/staging.taski.com\/es\/taski-products\/vapor-so8\/\" class=\"button\">Ver producto<\/a><\/div>\n                <\/div>\n              <\/div>\n\n\n\n            <\/div>\n\n              \n            <div class=\"item product-slide vaporetas vapor-aspiracion-quimico\">\n              <div class=\"its-i\">\n                <div class=\"media-w\">\n                    <div class=\"image\">\n                      <div class=\"image-i\">\n                                                    <img decoding=\"async\" src=\"https:\/\/staging.taski.com\/wp-content\/uploads\/2020\/12\/Steam-SDV8-image-leftv4.jpg\" \/>\n                                              <\/div>\n                    <\/div>\n                <\/div>\n                <div class=\"text\">\n                    <div class=\"title\">Vapor SDV8<\/div>\n                    <p>Vaporizador de alta presi\u00f3n de 8 bares con funciones a\u00f1adidas de vac\u00edo y detergente para m\u00faltiples tareas<\/p>                    <div class=\"prod-page-view\"><a href=\"https:\/\/staging.taski.com\/es\/taski-products\/vapor-sdv8\/\" class=\"button\">Ver producto<\/a><\/div>\n                <\/div>\n              <\/div>\n\n\n\n            <\/div>\n\n              \n\n\n        <\/div>\n        <div id=\"product-carousel-storage\" style=\"display:none !important; height:0;\">\n                       <div class=\"item product-slide vaporetas solo-vapor\">\n              <div class=\"its-i\">\n                <div class=\"media-w\">\n                    <div class=\"image\">\n                      <div class=\"image-i\">\n                                                    <img decoding=\"async\" src=\"https:\/\/staging.taski.com\/wp-content\/uploads\/2020\/12\/Steam-SO4-Image-left2-e1610359683675.jpg\" \/>\n                                              <\/div>\n                    <\/div>\n                <\/div>\n                <div class=\"text\">\n                    <div class=\"title\">Steam SO4<\/div>\n                    <p>Vaporizador profesional con caldera de llenado continuo<\/p>                    <div class=\"prod-page-view\"><a href=\"https:\/\/staging.taski.com\/es\/taski-products\/vapor-so4\/\" class=\"button\">Ver producto<\/a><\/div>\n                <\/div>\n              <\/div>\n            <\/div>\n                          <div class=\"item product-slide vaporetas vapor-y-vacio\">\n              <div class=\"its-i\">\n                <div class=\"media-w\">\n                    <div class=\"image\">\n                      <div class=\"image-i\">\n                                                    <img decoding=\"async\" src=\"https:\/\/staging.taski.com\/wp-content\/uploads\/2020\/12\/Dampfgeraet_016-v1.jpg\" \/>\n                                              <\/div>\n                    <\/div>\n                <\/div>\n                <div class=\"text\">\n                    <div class=\"title\">Steam SV4<\/div>\n                    <p>Vaporizador profesional con caldera de llenado continuo y funci\u00f3n de aspiraci\u00f3n a\u00f1adida para m\u00faltiples tareas<\/p>                    <div class=\"prod-page-view\"><a href=\"https:\/\/staging.taski.com\/es\/taski-products\/vapor-sv4\/\" class=\"button\">Ver producto<\/a><\/div>\n                <\/div>\n              <\/div>\n            <\/div>\n                          <div class=\"item product-slide vaporetas solo-vapor\">\n              <div class=\"its-i\">\n                <div class=\"media-w\">\n                    <div class=\"image\">\n                      <div class=\"image-i\">\n                                                    <img decoding=\"async\" src=\"https:\/\/staging.taski.com\/wp-content\/uploads\/2020\/12\/SO8-Right-Hand-Brand-Taski-v1.jpg\" \/>\n                                              <\/div>\n                    <\/div>\n                <\/div>\n                <div class=\"text\">\n                    <div class=\"title\">Steam SO8<\/div>\n                    <p>Vaporizador de alta presi\u00f3n de 8 Bares con llenado continuo<\/p>                    <div class=\"prod-page-view\"><a href=\"https:\/\/staging.taski.com\/es\/taski-products\/vapor-so8\/\" class=\"button\">Ver producto<\/a><\/div>\n                <\/div>\n              <\/div>\n            <\/div>\n                          <div class=\"item product-slide vaporetas vapor-aspiracion-quimico\">\n              <div class=\"its-i\">\n                <div class=\"media-w\">\n                    <div class=\"image\">\n                      <div class=\"image-i\">\n                                                    <img decoding=\"async\" src=\"https:\/\/staging.taski.com\/wp-content\/uploads\/2020\/12\/Steam-SDV8-image-leftv4.jpg\" \/>\n                                              <\/div>\n                    <\/div>\n                <\/div>\n                <div class=\"text\">\n                    <div class=\"title\">Vapor SDV8<\/div>\n                    <p>Vaporizador de alta presi\u00f3n de 8 bares con funciones a\u00f1adidas de vac\u00edo y detergente para m\u00faltiples tareas<\/p>                    <div class=\"prod-page-view\"><a href=\"https:\/\/staging.taski.com\/es\/taski-products\/vapor-sdv8\/\" class=\"button\">Ver producto<\/a><\/div>\n                <\/div>\n              <\/div>\n            <\/div>\n                      <\/div>\n\n        <div class=\"product-carousel-navigation\">\n          <div class=\"nav-left\">\n            <a href=\"#\"><i class=\"fa fa-chevron-left\"><\/i><\/a>\n          <\/div>\n          <div class=\"nav-description\">\n\n          <\/div>\n          <div class=\"nav-right\">\n            <a href=\"#\"><i class=\"fa fa-chevron-right\"><\/i><\/a>\n          <\/div>\n        <\/div>\n       <\/div>\n      <\/div>\n     <\/div>\n\n\n\n\n   <\/div>\n  <\/div>\n  <div class=\"cl-fl\"><\/div>\n[\/vc_column][\/vc_row][vc_row css=\u00bb.vc_custom_1606587476742{padding-top: 80px !important;padding-bottom: 95px !important;}\u00bb][vc_column]\n  <div class=\"product-description-block style-dark image-right\">\n    <div class=\"product-description-block-i\">\n        <div class=\"product-description-block-content\">\n          <div class=\"product-description-block-title\">\n                            <div class=\"pdbt-icon\"><img decoding=\"async\" src=\"https:\/\/staging.taski.com\/wp-content\/uploads\/2020\/12\/infection-prevention.svg\" \/><\/div>\n                <div class=\"pdbt-text\">La experiencia de tu cliente\/visitante\/paciente<\/div>\n                      <\/div>\n          <div class=\"product-description-block-text\"><p>La Steam SV4 es perfecta para la <strong>limpieza profunda o por zonas<\/strong>, incluyendo alfombras y tejidos.<\/p>\n<p>Ya sea para limpiar suelos, alfombras, superficies verticales u horizontales. <strong>El vapor llega donde otras m\u00e1quinas se detienen o simplemente no pueden llegar. <\/strong><\/p>\n<\/div>\n        <\/div>\n        <div class=\"product-description-block-image\" style=\"background-image:url(https:\/\/staging.taski.com\/wp-content\/uploads\/2021\/01\/Steam-fabric-scaled.jpg)\">\n\n        <\/div>\n    <\/div>\n  <\/div>\n  <div class=\"cl-fl\"><\/div>\n\n  <div class=\"product-description-block style-light image-left\">\n    <div class=\"product-description-block-i\">\n        <div class=\"product-description-block-content\">\n          <div class=\"product-description-block-title\">\n                            <div class=\"pdbt-icon\"><img decoding=\"async\" src=\"https:\/\/staging.taski.com\/wp-content\/uploads\/2020\/12\/infection-prevention.svg\" \/><\/div>\n                <div class=\"pdbt-text\">Prevenci\u00f3n de Infecciones<\/div>\n                      <\/div>\n          <div class=\"product-description-block-text\"><p>Con una temperatura de la caldera de <strong>hasta 150 grados<\/strong> y hasta<strong> 80 grados en el punto de contacto<\/strong>, la SV4 proporciona una desinfecci\u00f3n t\u00e9rmica a muy alta temperatura.<\/p>\n<\/div>\n        <\/div>\n        <div class=\"product-description-block-image\" style=\"background-image:url(https:\/\/staging.taski.com\/wp-content\/uploads\/2021\/01\/Steam-disinfection.jpg)\">\n\n        <\/div>\n    <\/div>\n  <\/div>\n  <div class=\"cl-fl\"><\/div>\n\n  <div class=\"product-description-block style-dark image-right\">\n    <div class=\"product-description-block-i\">\n        <div class=\"product-description-block-content\">\n          <div class=\"product-description-block-title\">\n                            <div class=\"pdbt-icon\"><img decoding=\"async\" src=\"https:\/\/staging.taski.com\/wp-content\/uploads\/2020\/12\/people-safety.svg\" \/><\/div>\n                <div class=\"pdbt-text\">Protecci\u00f3n de Marca y Activos<\/div>\n                      <\/div>\n          <div class=\"product-description-block-text\"><p>El tejido de tu <strong>edificio<\/strong> es tu activo m\u00e1s caro.<\/p>\n<p>El vapor ofrece una <strong>limpieza profunda a alta temperatura y una desinfecci\u00f3n<\/strong> para mantener tus <strong>altos niveles de higiene.<\/strong><\/p>\n<\/div>\n        <\/div>\n        <div class=\"product-description-block-image\" style=\"background-image:url(https:\/\/staging.taski.com\/wp-content\/uploads\/2021\/01\/Steam-washrooms.jpg)\">\n\n        <\/div>\n    <\/div>\n  <\/div>\n  <div class=\"cl-fl\"><\/div>\n[\/vc_column][\/vc_row][vc_row][vc_column][vc_row_inner][vc_column_inner]\n  <div class=\"three-cta-block\">\n    <div class=\"three-cta-block-i\">\n      <div class=\"row\">\n        <div class=\"three-cta-block-grid\">\n           <div class=\"three-cta-item\">\n            <div class=\"tci-i\">\n             <div class=\"tci-item-content\">\n                <h5>&lt;strong&gt;Consulta nuestras&lt;\/strong&gt;<br \/>\nSoluciones<br \/>\npara la Industria<\/h5>\n                <a href=\"\/products-innovations-solutions\/\"><p>PRODUCTOS, SOLUCIONES <br \/> E INNOVACIONES <br \/><\/p><\/a>\n             <\/div>\n            <\/div>\n           <\/div>\n           <div class=\"three-cta-item\">\n            <div class=\"tci-i\">\n             <div class=\"tci-item-content\">\n                <h5>&lt;strong&gt;Consulta las \u00faltimas&lt;\/strong&gt;<br \/>\nInnovaciones<br \/>\nde TASKI<\/h5>\n                <a href=\"\/shop\/\"><p>MI<br \/>TASKI<br \/>TIENDA<\/p><\/a>\n             <\/div>\n            <\/div>\n           <\/div>\n           <div class=\"three-cta-item\">\n            <div class=\"tci-i\">\n             <div class=\"tci-item-content\">\n                <h5>&lt;strong&gt;Ponte en contacto&lt;\/strong&gt;<br \/>\ncon<br \/>\nnosotros<\/h5>\n                <a href=\"\/news-help-contacts\/\"><p>CONTACTO<br \/>EE.UU.<\/p><\/a>\n             <\/div>\n            <\/div>\n           <\/div>\n        <\/div>\n      <\/div>\n    <\/div>\n  <\/div>\n  <div class=\"cl-fl\"><\/div>\n[\/vc_column_inner][\/vc_row_inner][\/vc_column][\/vc_row]<\/p>\n<\/div>","protected":false},"excerpt":{"rendered":"<p>[vc_row][vc_column][\/vc_column][\/vc_row][vc_row css=\u00bb.vc_custom_1607709989392{background-color: #fafafa !important;}\u00bb][vc_column][\/vc_column][\/vc_row][vc_row css=\u00bb.vc_custom_1606587476742{padding-top: 80px !important;padding-bottom: 95px !important;}\u00bb][vc_column][\/vc_column][\/vc_row][vc_row][vc_column][vc_row_inner][vc_column_inner][\/vc_column_inner][\/vc_row_inner][\/vc_column][\/vc_row]<\/p>\n","protected":false},"author":1,"featured_media":0,"parent":8398,"menu_order":212,"comment_status":"closed","ping_status":"closed","template":"page-products.php","meta":{"_acf_changed":false,"_seopress_robots_primary_cat":"","_seopress_titles_title":"","_seopress_titles_desc":"","_seopress_robots_index":"","inline_featured_image":false,"footnotes":""},"class_list":["post-8937","page","type-page","status-publish","hentry"],"acf":[],"_links":{"self":[{"href":"https:\/\/staging.taski.com\/es\/wp-json\/wp\/v2\/pages\/8937","targetHints":{"allow":["GET"]}}],"collection":[{"href":"https:\/\/staging.taski.com\/es\/wp-json\/wp\/v2\/pages"}],"about":[{"href":"https:\/\/staging.taski.com\/es\/wp-json\/wp\/v2\/types\/page"}],"author":[{"embeddable":true,"href":"https:\/\/staging.taski.com\/es\/wp-json\/wp\/v2\/users\/1"}],"replies":[{"embeddable":true,"href":"https:\/\/staging.taski.com\/es\/wp-json\/wp\/v2\/comments?post=8937"}],"version-history":[{"count":0,"href":"https:\/\/staging.taski.com\/es\/wp-json\/wp\/v2\/pages\/8937\/revisions"}],"up":[{"embeddable":true,"href":"https:\/\/staging.taski.com\/es\/wp-json\/wp\/v2\/pages\/8398"}],"wp:attachment":[{"href":"https:\/\/staging.taski.com\/es\/wp-json\/wp\/v2\/media?parent=8937"}],"curies":[{"name":"wp","href":"https:\/\/api.w.org\/{rel}","templated":true}]}}