{"id":8915,"date":"2020-12-13T13:07:04","date_gmt":"2020-12-13T13:07:04","guid":{"rendered":"https:\/\/taski.com\/productos-innovaciones-y-soluciones\/productos\/aspiradoras\/"},"modified":"2021-07-19T14:11:40","modified_gmt":"2021-07-19T14:11:40","slug":"aspiradoras","status":"publish","type":"page","link":"https:\/\/staging.taski.com\/es\/productos-innovaciones-y-soluciones\/productos\/aspiradoras\/","title":{"rendered":"Aspiradoras"},"content":{"rendered":"<div class=\"wpb-content-wrapper\"><p>[vc_row][vc_column]\n  <div class=\"page-intro-block size-fit-image style-dark font-large\">\n         <div class=\"page-intro-block-i\">\n      <div class=\"row\">\n        <div class=\"page-intro-content\">\n            <div class=\"title-block\">\n                                     <h2><span class=\"pt\">Vacuum Cleaners<\/span>Incluidos los modelos que utilizan las &lt;strong&gt; \u00faltimas tecnolog\u00edas de bater\u00edas de litio y motores digitales. &lt;\/strong&gt;<\/h2>\n                                                 <\/div>\n            <div class=\"page-intro-image\">\n                                <div class=\"page-intro-image-alt\">\n                    \n                    <img decoding=\"async\" src=\"https:\/\/staging.taski.com\/wp-content\/uploads\/2020\/12\/Aero_8_plus_0036g1.jpg\" alt=\"\" \/>\n\n                <\/div>\n            <\/div>\n        <\/div>\n      <\/div>\n\n\n    <\/div>\n  <\/div>\n  <div class=\"cl-fl\"><\/div>\n[\/vc_column][\/vc_row][vc_row css=\u00bb.vc_custom_1607709989392{background-color: #fafafa !important;}\u00bb][vc_column]\n  <div class=\"product-carousel-block\" style=\"\">\n    <div class=\"product-carousel-block-i\">\n\n             <div class=\"product-carousel-filter\">Filtrar por tipo &ndash; <a href=\"#\" class=\"active\" data-category=\"*\">Todo<\/a> | <a href=\"#\" class=\"\" data-category=\"hombre-a-bordo\">Hombre a bordo<\/a> | <a href=\"#\" class=\"\" data-category=\"convencionales\">Convencionales<\/a> | <a href=\"#\" class=\"\" data-category=\"agua-polvo\">Agua &amp; polvo<\/a> | <a href=\"#\" class=\"\" data-category=\"mochila\">Mochila<\/a> | <a href=\"#\" class=\"\" data-category=\"verticales\">Verticales<\/a><\/div>\n     \n     <div class=\"product-carousel-wrapper\">\n      <div class=\"row\">\n       <div class=\"taski-carousel-holder\">\n        <div class=\"product-carousel owl-carousel owl-theme\" id=\"product-carousel\">\n\n           \n            <div class=\"item product-slide aspiradores-de-polvo convencionales\">\n              <div class=\"its-i\">\n                <div class=\"media-w\">\n                    <div class=\"image\">\n                      <div class=\"image-i\">\n                                                    <img decoding=\"async\" src=\"https:\/\/staging.taski.com\/wp-content\/uploads\/2020\/12\/go.jpg\" \/>\n                                              <\/div>\n                    <\/div>\n                <\/div>\n                <div class=\"text\">\n                    <div class=\"title\">go<\/div>\n                    <p>Aspiradora de tubo sencilla, funcional y duradera<\/p>                    <div class=\"prod-page-view\"><a href=\"https:\/\/staging.taski.com\/es\/taski-products\/ir-a\/\" class=\"button\">Ver producto<\/a><\/div>\n                <\/div>\n              <\/div>\n\n\n\n            <\/div>\n\n              \n            <div class=\"item product-slide aspiradores-de-polvo hombre-a-bordo\">\n              <div class=\"its-i\">\n                <div class=\"media-w\">\n                    <div class=\"image\">\n                      <div class=\"image-i\">\n                                                    <img decoding=\"async\" src=\"https:\/\/staging.taski.com\/wp-content\/uploads\/2021\/02\/AERO-3500_no-background.jpg\" \/>\n                                              <\/div>\n                    <\/div>\n                <\/div>\n                <div class=\"text\">\n                    <div class=\"title\">AERO 3500\u00b5icro<\/div>\n                    <p>Nueva barredora aspiradora con conductor de TASKI. \nEleva tu productividad al siguiente nivel. <\/p>                    <div class=\"prod-page-view\"><a href=\"https:\/\/staging.taski.com\/es\/taski-products\/aero-3500%c2%b5icro\/\" class=\"button\">Ver producto<\/a><\/div>\n                <\/div>\n              <\/div>\n\n\n\n            <\/div>\n\n              \n            <div class=\"item product-slide aspiradores-de-polvo verticales\">\n              <div class=\"its-i\">\n                <div class=\"media-w\">\n                    <div class=\"image\">\n                      <div class=\"image-i\">\n                                                    <img decoding=\"async\" src=\"https:\/\/staging.taski.com\/wp-content\/uploads\/2020\/12\/aero-up.jpg\" \/>\n                                              <\/div>\n                    <\/div>\n                <\/div>\n                <div class=\"text\">\n                    <div class=\"title\">AERO UP<\/div>\n                    <p>\u00c1gil y ligera aspiradora vertical a bater\u00eda para alfombras y suelos duros<\/p>                    <div class=\"prod-page-view\"><a href=\"https:\/\/staging.taski.com\/es\/taski-products\/aero-up\/\" class=\"button\">Ver producto<\/a><\/div>\n                <\/div>\n              <\/div>\n\n\n\n            <\/div>\n\n              \n            <div class=\"item product-slide aspiradores-de-polvo agua-polvo\">\n              <div class=\"its-i\">\n                <div class=\"media-w\">\n                    <div class=\"image\">\n                      <div class=\"image-i\">\n                                                    <img decoding=\"async\" src=\"https:\/\/staging.taski.com\/wp-content\/uploads\/2020\/12\/8003370_vacumat-12.jpg\" \/>\n                                              <\/div>\n                    <\/div>\n                <\/div>\n                <div class=\"text\">\n                    <div class=\"title\">vacumat 12<\/div>\n                    <p>Aspiradora compacta en seco y h\u00famedo<\/p>                    <div class=\"prod-page-view\"><a href=\"https:\/\/staging.taski.com\/es\/taski-products\/vacumat-12\/\" class=\"button\">Ver producto<\/a><\/div>\n                <\/div>\n              <\/div>\n\n\n\n            <\/div>\n\n              \n            <div class=\"item product-slide aspiradores-de-polvo agua-polvo\">\n              <div class=\"its-i\">\n                <div class=\"media-w\">\n                    <div class=\"image\">\n                      <div class=\"image-i\">\n                                                    <img decoding=\"async\" src=\"https:\/\/staging.taski.com\/wp-content\/uploads\/2020\/12\/8004700_vacumat-44T.jpg\" \/>\n                                              <\/div>\n                    <\/div>\n                <\/div>\n                <div class=\"text\">\n                    <div class=\"title\">vacumat 44T<\/div>\n                    <p>Aspiradora en h\u00famedo grande con carro fijo para m\u00e1s productividad (T)<\/p>                    <div class=\"prod-page-view\"><a href=\"https:\/\/staging.taski.com\/es\/taski-products\/vacumat-44t\/\" class=\"button\">Ver producto<\/a><\/div>\n                <\/div>\n              <\/div>\n\n\n\n            <\/div>\n\n              \n            <div class=\"item product-slide aspiradores-de-polvo agua-polvo\">\n              <div class=\"its-i\">\n                <div class=\"media-w\">\n                    <div class=\"image\">\n                      <div class=\"image-i\">\n                                                    <img decoding=\"async\" src=\"https:\/\/staging.taski.com\/wp-content\/uploads\/2020\/12\/vacumat-22.jpg\" \/>\n                                              <\/div>\n                    <\/div>\n                <\/div>\n                <div class=\"text\">\n                    <div class=\"title\">vacumat 22 \/ 22T<\/div>\n                    <p>Aspiradora en h\u00famedo media. Manguera flexible y herramienta de suelo o carro fijo<\/p>                    <div class=\"prod-page-view\"><a href=\"https:\/\/staging.taski.com\/es\/taski-products\/vacumat-22-22t\/\" class=\"button\">Ver producto<\/a><\/div>\n                <\/div>\n              <\/div>\n\n\n\n            <\/div>\n\n              \n            <div class=\"item product-slide aspiradores-de-polvo convencionales\">\n              <div class=\"its-i\">\n                <div class=\"media-w\">\n                    <div class=\"image\">\n                      <div class=\"image-i\">\n                                                    <img decoding=\"async\" src=\"https:\/\/staging.taski.com\/wp-content\/uploads\/2020\/12\/Aero_Group-image-scaled.jpg\" \/>\n                                              <\/div>\n                    <\/div>\n                <\/div>\n                <div class=\"text\">\n                    <div class=\"title\">AERO 8\/15 y 8\/15 Plus<\/div>\n                    <p>Cuatro aspiradoras de tubo ultra eficientes y silenciosas con motor patentado whisper con prestaciones y herramientas a\u00f1adidas<\/p>                    <div class=\"prod-page-view\"><a href=\"https:\/\/staging.taski.com\/es\/taski-products\/aero-8-15-y-8-15-plus\/\" class=\"button\">Ver producto<\/a><\/div>\n                <\/div>\n              <\/div>\n\n\n\n            <\/div>\n\n              \n            <div class=\"item product-slide aspiradores-de-polvo mochila\">\n              <div class=\"its-i\">\n                <div class=\"media-w\">\n                    <div class=\"image\">\n                      <div class=\"image-i\">\n                                                    <img decoding=\"async\" src=\"https:\/\/staging.taski.com\/wp-content\/uploads\/2020\/12\/aero-bp.jpg\" \/>\n                                              <\/div>\n                    <\/div>\n                <\/div>\n                <div class=\"text\">\n                    <div class=\"title\">AERO BP E\/B\/B Plus<\/div>\n                    <p>Ligeras aspiradoras de mochila el\u00e9ctricas y a bater\u00eda<\/p>                    <div class=\"prod-page-view\"><a href=\"https:\/\/staging.taski.com\/es\/taski-products\/aero-bp-e-b-b-plus\/\" class=\"button\">Ver producto<\/a><\/div>\n                <\/div>\n              <\/div>\n\n\n\n            <\/div>\n\n              \n            <div class=\"item product-slide aspiradores-de-polvo verticales\">\n              <div class=\"its-i\">\n                <div class=\"media-w\">\n                    <div class=\"image\">\n                      <div class=\"image-i\">\n                                                    <img decoding=\"async\" src=\"https:\/\/staging.taski.com\/wp-content\/uploads\/2020\/12\/jet-38-50.jpg\" \/>\n                                              <\/div>\n                    <\/div>\n                <\/div>\n                <div class=\"text\">\n                    <div class=\"title\">jet 38\/50<\/div>\n                    <p>Dos potentes aspiradoras verticales de doble motor de 38\/50 cm<\/p>                    <div class=\"prod-page-view\"><a href=\"https:\/\/staging.taski.com\/es\/taski-products\/chorro-38-50\/\" class=\"button\">Ver producto<\/a><\/div>\n                <\/div>\n              <\/div>\n\n\n\n            <\/div>\n\n              \n\n\n        <\/div>\n        <div id=\"product-carousel-storage\" style=\"display:none !important; height:0;\">\n                       <div class=\"item product-slide aspiradores-de-polvo convencionales\">\n              <div class=\"its-i\">\n                <div class=\"media-w\">\n                    <div class=\"image\">\n                      <div class=\"image-i\">\n                                                    <img decoding=\"async\" src=\"https:\/\/staging.taski.com\/wp-content\/uploads\/2020\/12\/go.jpg\" \/>\n                                              <\/div>\n                    <\/div>\n                <\/div>\n                <div class=\"text\">\n                    <div class=\"title\">go<\/div>\n                    <p>Aspiradora de tubo sencilla, funcional y duradera<\/p>                    <div class=\"prod-page-view\"><a href=\"https:\/\/staging.taski.com\/es\/taski-products\/ir-a\/\" class=\"button\">Ver producto<\/a><\/div>\n                <\/div>\n              <\/div>\n            <\/div>\n                          <div class=\"item product-slide aspiradores-de-polvo hombre-a-bordo\">\n              <div class=\"its-i\">\n                <div class=\"media-w\">\n                    <div class=\"image\">\n                      <div class=\"image-i\">\n                                                    <img decoding=\"async\" src=\"https:\/\/staging.taski.com\/wp-content\/uploads\/2021\/02\/AERO-3500_no-background.jpg\" \/>\n                                              <\/div>\n                    <\/div>\n                <\/div>\n                <div class=\"text\">\n                    <div class=\"title\">AERO 3500\u00b5icro<\/div>\n                    <p>Nueva barredora aspiradora con conductor de TASKI. \nEleva tu productividad al siguiente nivel. <\/p>                    <div class=\"prod-page-view\"><a href=\"https:\/\/staging.taski.com\/es\/taski-products\/aero-3500%c2%b5icro\/\" class=\"button\">Ver producto<\/a><\/div>\n                <\/div>\n              <\/div>\n            <\/div>\n                          <div class=\"item product-slide aspiradores-de-polvo verticales\">\n              <div class=\"its-i\">\n                <div class=\"media-w\">\n                    <div class=\"image\">\n                      <div class=\"image-i\">\n                                                    <img decoding=\"async\" src=\"https:\/\/staging.taski.com\/wp-content\/uploads\/2020\/12\/aero-up.jpg\" \/>\n                                              <\/div>\n                    <\/div>\n                <\/div>\n                <div class=\"text\">\n                    <div class=\"title\">AERO UP<\/div>\n                    <p>\u00c1gil y ligera aspiradora vertical a bater\u00eda para alfombras y suelos duros<\/p>                    <div class=\"prod-page-view\"><a href=\"https:\/\/staging.taski.com\/es\/taski-products\/aero-up\/\" class=\"button\">Ver producto<\/a><\/div>\n                <\/div>\n              <\/div>\n            <\/div>\n                          <div class=\"item product-slide aspiradores-de-polvo agua-polvo\">\n              <div class=\"its-i\">\n                <div class=\"media-w\">\n                    <div class=\"image\">\n                      <div class=\"image-i\">\n                                                    <img decoding=\"async\" src=\"https:\/\/staging.taski.com\/wp-content\/uploads\/2020\/12\/8003370_vacumat-12.jpg\" \/>\n                                              <\/div>\n                    <\/div>\n                <\/div>\n                <div class=\"text\">\n                    <div class=\"title\">vacumat 12<\/div>\n                    <p>Aspiradora compacta en seco y h\u00famedo<\/p>                    <div class=\"prod-page-view\"><a href=\"https:\/\/staging.taski.com\/es\/taski-products\/vacumat-12\/\" class=\"button\">Ver producto<\/a><\/div>\n                <\/div>\n              <\/div>\n            <\/div>\n                          <div class=\"item product-slide aspiradores-de-polvo agua-polvo\">\n              <div class=\"its-i\">\n                <div class=\"media-w\">\n                    <div class=\"image\">\n                      <div class=\"image-i\">\n                                                    <img decoding=\"async\" src=\"https:\/\/staging.taski.com\/wp-content\/uploads\/2020\/12\/8004700_vacumat-44T.jpg\" \/>\n                                              <\/div>\n                    <\/div>\n                <\/div>\n                <div class=\"text\">\n                    <div class=\"title\">vacumat 44T<\/div>\n                    <p>Aspiradora en h\u00famedo grande con carro fijo para m\u00e1s productividad (T)<\/p>                    <div class=\"prod-page-view\"><a href=\"https:\/\/staging.taski.com\/es\/taski-products\/vacumat-44t\/\" class=\"button\">Ver producto<\/a><\/div>\n                <\/div>\n              <\/div>\n            <\/div>\n                          <div class=\"item product-slide aspiradores-de-polvo agua-polvo\">\n              <div class=\"its-i\">\n                <div class=\"media-w\">\n                    <div class=\"image\">\n                      <div class=\"image-i\">\n                                                    <img decoding=\"async\" src=\"https:\/\/staging.taski.com\/wp-content\/uploads\/2020\/12\/vacumat-22.jpg\" \/>\n                                              <\/div>\n                    <\/div>\n                <\/div>\n                <div class=\"text\">\n                    <div class=\"title\">vacumat 22 \/ 22T<\/div>\n                    <p>Aspiradora en h\u00famedo media. Manguera flexible y herramienta de suelo o carro fijo<\/p>                    <div class=\"prod-page-view\"><a href=\"https:\/\/staging.taski.com\/es\/taski-products\/vacumat-22-22t\/\" class=\"button\">Ver producto<\/a><\/div>\n                <\/div>\n              <\/div>\n            <\/div>\n                          <div class=\"item product-slide aspiradores-de-polvo convencionales\">\n              <div class=\"its-i\">\n                <div class=\"media-w\">\n                    <div class=\"image\">\n                      <div class=\"image-i\">\n                                                    <img decoding=\"async\" src=\"https:\/\/staging.taski.com\/wp-content\/uploads\/2020\/12\/Aero_Group-image-scaled.jpg\" \/>\n                                              <\/div>\n                    <\/div>\n                <\/div>\n                <div class=\"text\">\n                    <div class=\"title\">AERO 8\/15 y 8\/15 Plus<\/div>\n                    <p>Cuatro aspiradoras de tubo ultra eficientes y silenciosas con motor patentado whisper con prestaciones y herramientas a\u00f1adidas<\/p>                    <div class=\"prod-page-view\"><a href=\"https:\/\/staging.taski.com\/es\/taski-products\/aero-8-15-y-8-15-plus\/\" class=\"button\">Ver producto<\/a><\/div>\n                <\/div>\n              <\/div>\n            <\/div>\n                          <div class=\"item product-slide aspiradores-de-polvo mochila\">\n              <div class=\"its-i\">\n                <div class=\"media-w\">\n                    <div class=\"image\">\n                      <div class=\"image-i\">\n                                                    <img decoding=\"async\" src=\"https:\/\/staging.taski.com\/wp-content\/uploads\/2020\/12\/aero-bp.jpg\" \/>\n                                              <\/div>\n                    <\/div>\n                <\/div>\n                <div class=\"text\">\n                    <div class=\"title\">AERO BP E\/B\/B Plus<\/div>\n                    <p>Ligeras aspiradoras de mochila el\u00e9ctricas y a bater\u00eda<\/p>                    <div class=\"prod-page-view\"><a href=\"https:\/\/staging.taski.com\/es\/taski-products\/aero-bp-e-b-b-plus\/\" class=\"button\">Ver producto<\/a><\/div>\n                <\/div>\n              <\/div>\n            <\/div>\n                          <div class=\"item product-slide aspiradores-de-polvo verticales\">\n              <div class=\"its-i\">\n                <div class=\"media-w\">\n                    <div class=\"image\">\n                      <div class=\"image-i\">\n                                                    <img decoding=\"async\" src=\"https:\/\/staging.taski.com\/wp-content\/uploads\/2020\/12\/jet-38-50.jpg\" \/>\n                                              <\/div>\n                    <\/div>\n                <\/div>\n                <div class=\"text\">\n                    <div class=\"title\">jet 38\/50<\/div>\n                    <p>Dos potentes aspiradoras verticales de doble motor de 38\/50 cm<\/p>                    <div class=\"prod-page-view\"><a href=\"https:\/\/staging.taski.com\/es\/taski-products\/chorro-38-50\/\" class=\"button\">Ver producto<\/a><\/div>\n                <\/div>\n              <\/div>\n            <\/div>\n                      <\/div>\n\n        <div class=\"product-carousel-navigation\">\n          <div class=\"nav-left\">\n            <a href=\"#\"><i class=\"fa fa-chevron-left\"><\/i><\/a>\n          <\/div>\n          <div class=\"nav-description\">\n\n          <\/div>\n          <div class=\"nav-right\">\n            <a href=\"#\"><i class=\"fa fa-chevron-right\"><\/i><\/a>\n          <\/div>\n        <\/div>\n       <\/div>\n      <\/div>\n     <\/div>\n\n\n\n\n   <\/div>\n  <\/div>\n  <div class=\"cl-fl\"><\/div>\n[\/vc_column][\/vc_row][vc_row css=\u00bb.vc_custom_1609780983622{padding-bottom: 95px !important;}\u00bb][vc_column]\n  <div class=\"product-description-block style-dark image-right\">\n    <div class=\"product-description-block-i\">\n        <div class=\"product-description-block-content\">\n          <div class=\"product-description-block-title\">\n                            <div class=\"pdbt-icon\"><img decoding=\"async\" src=\"https:\/\/staging.taski.com\/wp-content\/uploads\/2021\/02\/customer-experience-white.png\" \/><\/div>\n                <div class=\"pdbt-text\">La experiencia de tu cliente\/visitante\/paciente<\/div>\n                      <\/div>\n          <div class=\"product-description-block-text\"><p>La <strong>tecnolog\u00eda de motor Whisper patentada<\/strong> por AERO reduce el sonido en<strong> casi un 40%<\/strong> en comparaci\u00f3n con el est\u00e1ndar del sector.<\/p>\n<p>Tus invitados y pacientes realmente notar\u00e1n la<strong> mejora.<\/strong><\/p>\n<\/div>\n        <\/div>\n        <div class=\"product-description-block-image\" style=\"background-image:url(https:\/\/staging.taski.com\/wp-content\/uploads\/2021\/01\/Low-noise-2-scaled.jpg)\">\n\n        <\/div>\n    <\/div>\n  <\/div>\n  <div class=\"cl-fl\"><\/div>\n\n  <div class=\"product-description-block style-light image-left\">\n    <div class=\"product-description-block-i\">\n        <div class=\"product-description-block-content\">\n          <div class=\"product-description-block-title\">\n                            <div class=\"pdbt-icon\"><img decoding=\"async\" src=\"https:\/\/staging.taski.com\/wp-content\/uploads\/2020\/12\/operational-efficiency.svg\" \/><\/div>\n                <div class=\"pdbt-text\">Eficiencia Operativa<\/div>\n                      <\/div>\n          <div class=\"product-description-block-text\"><p>Las aspiradoras a bater\u00eda TASKI AERO Li-Ion pueden ofrecer hasta <strong>un 70% m\u00e1s de productividad<\/strong> que las aspiradoras tradicionales.<\/p>\n<p>Esta peque\u00f1a mejora puede suponer una <strong>gran diferencia<\/strong>.<\/p>\n<\/div>\n        <\/div>\n        <div class=\"product-description-block-image\" style=\"background-image:url(https:\/\/staging.taski.com\/wp-content\/uploads\/2021\/01\/Backpack-vacuum-scaled.jpg)\">\n\n        <\/div>\n    <\/div>\n  <\/div>\n  <div class=\"cl-fl\"><\/div>\n\n  <div class=\"product-description-block style-dark image-right\">\n    <div class=\"product-description-block-i\">\n        <div class=\"product-description-block-content\">\n          <div class=\"product-description-block-title\">\n                            <div class=\"pdbt-icon\"><img decoding=\"async\" src=\"https:\/\/staging.taski.com\/wp-content\/uploads\/2021\/02\/brand-protection-white.png\" \/><\/div>\n                <div class=\"pdbt-text\">Protecci\u00f3n de Marca y Activos<\/div>\n                      <\/div>\n          <div class=\"product-description-block-text\"><p><strong>La primera impresi\u00f3n cuenta.<\/strong><\/p>\n<p>Tu moqueta y tus suelos duros son un bien caro.<\/p>\n<p>Las aspiradoras AERO, Jet y Vacumat mantendr\u00e1n el <strong>aspecto de limpieza del tejido de tu edificio durante m\u00e1s tiempo<\/strong>y ayudar\u00e1n a evitar su sustituci\u00f3n prematura.<\/p>\n<\/div>\n        <\/div>\n        <div class=\"product-description-block-image\" style=\"background-image:url(https:\/\/staging.taski.com\/wp-content\/uploads\/2021\/01\/Tub-vacuum-scaled.jpg)\">\n\n        <\/div>\n    <\/div>\n  <\/div>\n  <div class=\"cl-fl\"><\/div>\n[\/vc_column][\/vc_row][vc_row][vc_column][vc_row_inner][vc_column_inner]\n  <div class=\"three-cta-block\">\n    <div class=\"three-cta-block-i\">\n      <div class=\"row\">\n        <div class=\"three-cta-block-grid\">\n           <div class=\"three-cta-item\">\n            <div class=\"tci-i\">\n             <div class=\"tci-item-content\">\n                <h5>&lt;strong&gt;Consulta nuestras&lt;\/strong&gt;<br \/>\nSoluciones<br \/>\npara la Industria<\/h5>\n                <a href=\"\/products-innovations-solutions\/\"><p>PRODUCTOS, SOLUCIONES <br \/> E INNOVACIONES <br \/><\/p><\/a>\n             <\/div>\n            <\/div>\n           <\/div>\n           <div class=\"three-cta-item\">\n            <div class=\"tci-i\">\n             <div class=\"tci-item-content\">\n                <h5>&lt;strong&gt;Consulta las \u00faltimas&lt;\/strong&gt;<br \/>\nInnovaciones<br \/>\nde TASKI<\/h5>\n                <a href=\"\/shop\/\"><p>MI<br \/>TASKI<br \/>TIENDA<\/p><\/a>\n             <\/div>\n            <\/div>\n           <\/div>\n           <div class=\"three-cta-item\">\n            <div class=\"tci-i\">\n             <div class=\"tci-item-content\">\n                <h5>&lt;strong&gt;Ponte en contacto&lt;\/strong&gt;<br \/>\ncon<br \/>\nnosotros<\/h5>\n                <a href=\"\/news-help-contacts\/\"><p>CONTACTO<br \/>EE.UU.<\/p><\/a>\n             <\/div>\n            <\/div>\n           <\/div>\n        <\/div>\n      <\/div>\n    <\/div>\n  <\/div>\n  <div class=\"cl-fl\"><\/div>\n[\/vc_column_inner][\/vc_row_inner][\/vc_column][\/vc_row]<\/p>\n<\/div>","protected":false},"excerpt":{"rendered":"<p>[vc_row][vc_column][\/vc_column][\/vc_row][vc_row css=\u00bb.vc_custom_1607709989392{background-color: #fafafa !important;}\u00bb][vc_column][\/vc_column][\/vc_row][vc_row css=\u00bb.vc_custom_1609780983622{padding-bottom: 95px !important;}\u00bb][vc_column][\/vc_column][\/vc_row][vc_row][vc_column][vc_row_inner][vc_column_inner][\/vc_column_inner][\/vc_row_inner][\/vc_column][\/vc_row]<\/p>\n","protected":false},"author":1,"featured_media":0,"parent":8398,"menu_order":309,"comment_status":"closed","ping_status":"closed","template":"page-products.php","meta":{"_acf_changed":false,"_seopress_robots_primary_cat":"","_seopress_titles_title":"","_seopress_titles_desc":"","_seopress_robots_index":"","inline_featured_image":false,"footnotes":""},"class_list":["post-8915","page","type-page","status-publish","hentry"],"acf":[],"_links":{"self":[{"href":"https:\/\/staging.taski.com\/es\/wp-json\/wp\/v2\/pages\/8915","targetHints":{"allow":["GET"]}}],"collection":[{"href":"https:\/\/staging.taski.com\/es\/wp-json\/wp\/v2\/pages"}],"about":[{"href":"https:\/\/staging.taski.com\/es\/wp-json\/wp\/v2\/types\/page"}],"author":[{"embeddable":true,"href":"https:\/\/staging.taski.com\/es\/wp-json\/wp\/v2\/users\/1"}],"replies":[{"embeddable":true,"href":"https:\/\/staging.taski.com\/es\/wp-json\/wp\/v2\/comments?post=8915"}],"version-history":[{"count":0,"href":"https:\/\/staging.taski.com\/es\/wp-json\/wp\/v2\/pages\/8915\/revisions"}],"up":[{"embeddable":true,"href":"https:\/\/staging.taski.com\/es\/wp-json\/wp\/v2\/pages\/8398"}],"wp:attachment":[{"href":"https:\/\/staging.taski.com\/es\/wp-json\/wp\/v2\/media?parent=8915"}],"curies":[{"name":"wp","href":"https:\/\/api.w.org\/{rel}","templated":true}]}}