{"id":8841,"date":"2020-12-05T13:20:18","date_gmt":"2020-12-05T13:20:18","guid":{"rendered":"https:\/\/taski.com\/por-que-taski\/consejos-de-los-expertos\/experiencia-en-el-cuidado-de-alfombras\/"},"modified":"2022-09-14T15:46:25","modified_gmt":"2022-09-14T15:46:25","slug":"experiencia-en-el-cuidado-de-alfombras","status":"publish","type":"page","link":"https:\/\/staging.taski.com\/es\/por-que-taski\/consejos-de-los-expertos\/experiencia-en-el-cuidado-de-alfombras\/","title":{"rendered":"Experiencia en el Cuidado de Alfombras"},"content":{"rendered":"<div class=\"wpb-content-wrapper\"><p>[vc_row][vc_column]\n  <div class=\"main-banner-block full-width content-video-no\" style=\"background-image:url(https:\/\/staging.taski.com\/wp-content\/uploads\/2020\/12\/virtual-carpet-care-expert-1.jpg);\">\n         <div class=\"main-banner-block-i\">\n      <div class=\"row\">\n       <div class=\"mbb-fl\">\n        <div class=\"main-banner-block-content\">\n            <h2><\/h2>\n            <div class=\"button-wrapper\">\n                        <\/div>\n        <\/div>\n               <\/div>\n      <\/div>\n\n\n    <\/div>\n  <\/div>\n  <div class=\"cl-fl\"><\/div>\n[\/vc_column][\/vc_row][vc_row][vc_column]\n  <div class=\"page-description-block style-dark\">\n    <div class=\"page-description-block-i\">\n      <div class=\"row\">\n        <div class=\"page-description-content\">\n          <p>\n[page_description_block]<\/p>\n<h2>Experto virtual en el cuidado de alfombras<\/h2>\n<p><img alt=\"\" loading=\"lazy\" decoding=\"async\" class=\"size-medium wp-image-8854 alignnone\" src=\"https:\/\/taski.com\/wp-content\/uploads\/2021\/01\/CarpetedStairs-300x200.jpg\" alt=\"\" width=\"300\" height=\"200\"\/><\/p>\n<p><strong>Aspiraci\u00f3n<\/strong><\/p>\n<p>El 80% de la suciedad entra en un edificio a trav\u00e9s de su entrada. No olvides nunca la importancia de la alfombra de entrada. Para una limpieza excelente, elige siempre una aspiradora vertical TASKI, la combinaci\u00f3n de aspiraci\u00f3n y acci\u00f3n mec\u00e1nica del cepillo es superior.<\/p>\n<p><img alt=\"\" loading=\"lazy\" decoding=\"async\" class=\"size-medium wp-image-11847 alignnone\" src=\"https:\/\/taski.com\/wp-content\/uploads\/2020\/12\/HOSPITALITY_21_CARPET_VACUUM_CLEANING-200x300.jpg\" alt=\"\" width=\"200\" height=\"300\"\/><\/p>\n<p>Para la seguridad y la productividad en la limpieza de escaleras y transportes, elige una aspiradora de mochila TASKI.<\/p>\n<p><img alt=\"\" loading=\"lazy\" decoding=\"async\" class=\"size-medium wp-image-11736 alignnone\" src=\"https:\/\/taski.com\/wp-content\/uploads\/2020\/12\/TASKI-Aero-Up-Still-7-1-300x169.jpg\" alt=\"\" width=\"300\" height=\"169\"\/><\/p>\n<p><strong>Filtros HEPA<\/strong><\/p>\n<p>La mejor pr\u00e1ctica es utilizar los filtros TASKI HEPA H13, que mejoran la calidad del aire interior y filtran el 99,95% de las peque\u00f1as part\u00edculas y contaminantes.<\/p>\n<p><img alt=\"\" loading=\"lazy\" decoding=\"async\" class=\"size-medium wp-image-13191 alignnone\" src=\"https:\/\/taski.com\/wp-content\/uploads\/2020\/12\/AERO-HEPA-Filter_Scenic2-300x300.png\" alt=\"\" width=\"300\" height=\"300\" srcset=\"https:\/\/staging.taski.com\/wp-content\/uploads\/2020\/12\/AERO-HEPA-Filter_Scenic2-300x300.png 300w, https:\/\/staging.taski.com\/wp-content\/uploads\/2020\/12\/AERO-HEPA-Filter_Scenic2-100x100.png 100w, https:\/\/staging.taski.com\/wp-content\/uploads\/2020\/12\/AERO-HEPA-Filter_Scenic2-600x600.png 600w, https:\/\/staging.taski.com\/wp-content\/uploads\/2020\/12\/AERO-HEPA-Filter_Scenic2.png 800w\" sizes=\"auto, (max-width: 300px) 100vw, 300px\" \/><\/p>\n<p><strong>Limpieza intermedia<\/strong><\/p>\n<p>El encapsulamiento TASKI procarpet utiliza espuma seca para limpiar las alfombras sin dejarlas mojadas ni las salas fuera de servicio. Seca en menos de 1 hora, la encapsulaci\u00f3n de TASKI es el m\u00e9todo perfecto para entradas, pasillos y v\u00edas de circulaci\u00f3n cuando sea necesario o como parte de un programa de limpieza regular a lo largo del a\u00f1o. La espuma seca con el generador de espuma TASKI y el ergodisco TASKI con almohadillas para alfombras tambi\u00e9n se puede utilizar para limpiar ligeramente la superficie superior de las alfombras y se seca en minutos.<\/p>\n<p><strong><img alt=\"\" loading=\"lazy\" decoding=\"async\" class=\"size-medium wp-image-8851 alignnone\" src=\"https:\/\/taski.com\/wp-content\/uploads\/2021\/01\/Carpet-extraction-300x200.jpg\" alt=\"\" width=\"300\" height=\"200\"\/><\/strong><\/p>\n<p><strong>Limpieza peri\u00f3dica<\/strong><\/p>\n<p>Las m\u00e1quinas TASKI procarpet tambi\u00e9n se utilizan para la extracci\u00f3n de agua fr\u00eda y el lavado profundo de alfombras y algunos tejidos robustos. La limpiadora de vapor en seco TASKI proporciona vapor de alta presi\u00f3n y alta temperatura para una limpieza y desinfecci\u00f3n probadas. Los ergodiscos y generadores de espuma TASKI tambi\u00e9n se pueden utilizar con un champ\u00fa de espuma seca TASKI y un cepillo de champ\u00fa suave para una limpieza profunda del pelo<br \/>\ndonde la extracci\u00f3n no es posible.<\/p>\n<p><strong><img alt=\"\" loading=\"lazy\" decoding=\"async\" class=\"alignnone size-medium wp-image-12178\" src=\"https:\/\/taski.com\/wp-content\/uploads\/2020\/12\/Carpet-extraction-2-300x200.jpg\" alt=\"\" width=\"300\" height=\"200\"\/><\/strong><\/p>\n<p><strong>Descarga nuestro Folleto sobre el Cuidado de Alfombras o los Informes T\u00e9cnicos para obtener m\u00e1s consejos de expertos. O para obtener informaci\u00f3n m\u00e1s detallada sobre los productos qu\u00edmicos Diversey Cuidado de Alfombras<a href=\"https:\/\/diversey.com\/en\/solutions\/floor-care\/carpet-care\">, haz clic aqu\u00ed<\/a><\/strong><\/p>\n        <\/div>\n      <\/div>\n    <\/div>\n  <\/div>\n  <div class=\"cl-fl\"><\/div>\n[\/page_description_block][\/vc_column][\/vc_row][vc_row css=\u00bb.vc_custom_1607164076720{padding-top: 90px !important;padding-bottom: 190px !important;}\u00bb][vc_column][vc_column_text css=\u00bb.vc_custom_1608052634412{padding-bottom: 90px !important;}\u00bb]<\/p>\n<h2 style=\"text-align: center;\">Descargas<\/h2>\n<p>[\/vc_column_text][vc_row_inner css=\u00bb.vc_custom_1607161003581{padding-bottom: 50px !important;}\u00bb][vc_column_inner width=\u00bb1\/3&#8243;]  <div class=\"feature-icon-w\">\n    <div class=\"feature-icon-i\">\n     <a href=\"https:\/\/taski.com\/wp-content\/uploads\/2020\/12\/Carpet-Care-Brochure.pdf\" target=\"_blank\">       <div class=\"feature-tbl\">\n        <div class=\"feature-cell image-cell\">\n          <img decoding=\"async\" class=\"aligncenter size-full\" alt=\"\" src=\"https:\/\/staging.taski.com\/wp-content\/uploads\/2020\/12\/icon-document.png\"\/>\n        <\/div>\n        <div class=\"feature-cell description-cell\">\n          <p>Folleto sobre el Cuidado de Alfombras<\/p>\n        <\/div>\n       <\/div>\n        <\/a>       <div class=\"cl-fl\"><\/div>\n    <\/div>\n  <\/div>\n[\/vc_column_inner][vc_column_inner width=\u00bb1\/3&#8243;]  <div class=\"feature-icon-w\">\n    <div class=\"feature-icon-i\">\n     <a href=\"https:\/\/taski.com\/wp-content\/uploads\/2020\/12\/Carpet-Care-COVID-19.pdf\" target=\"_blank\">       <div class=\"feature-tbl\">\n        <div class=\"feature-cell image-cell\">\n          <img decoding=\"async\" class=\"aligncenter size-full\" alt=\"\" src=\"https:\/\/staging.taski.com\/wp-content\/uploads\/2020\/12\/icon-document.png\"\/>\n        <\/div>\n        <div class=\"feature-cell description-cell\">\n          <p>Folleto sobre el Cuidado de Alfombras y la COVID-19<\/p>\n        <\/div>\n       <\/div>\n        <\/a>       <div class=\"cl-fl\"><\/div>\n    <\/div>\n  <\/div>\n[\/vc_column_inner][vc_column_inner width=\u00bb1\/3&#8243;]  <div class=\"feature-icon-w\">\n    <div class=\"feature-icon-i\">\n     <a href=\"https:\/\/taski.com\/wp-content\/uploads\/2020\/12\/HEPA-Filter-Brochure.pdf\" target=\"_blank\">       <div class=\"feature-tbl\">\n        <div class=\"feature-cell image-cell\">\n          <img decoding=\"async\" class=\"aligncenter size-full\" alt=\"\" src=\"https:\/\/staging.taski.com\/wp-content\/uploads\/2020\/12\/icon-document.png\"\/>\n        <\/div>\n        <div class=\"feature-cell description-cell\">\n          <p>Folleto sobre Filtraci\u00f3n HEPA<\/p>\n        <\/div>\n       <\/div>\n        <\/a>       <div class=\"cl-fl\"><\/div>\n    <\/div>\n  <\/div>\n[\/vc_column_inner][\/vc_row_inner][vc_row_inner][vc_column_inner width=\u00bb1\/3&#8243;]  <div class=\"feature-icon-w\">\n    <div class=\"feature-icon-i\">\n     <a href=\"https:\/\/taski.com\/wp-content\/uploads\/2020\/12\/AERO-Vacuum-IAQ-Whitepaper.pdf\" target=\"_blank\">       <div class=\"feature-tbl\">\n        <div class=\"feature-cell image-cell\">\n          <img decoding=\"async\" class=\"aligncenter size-full\" alt=\"\" src=\"https:\/\/staging.taski.com\/wp-content\/uploads\/2020\/12\/icon-document.png\"\/>\n        <\/div>\n        <div class=\"feature-cell description-cell\">\n          <p>Documento t\u00e9cnico sobre la Calidad del Aire Interior de la Aspiradora AERO<\/p>\n        <\/div>\n       <\/div>\n        <\/a>       <div class=\"cl-fl\"><\/div>\n    <\/div>\n  <\/div>\n[\/vc_column_inner][vc_column_inner width=\u00bb1\/3&#8243;]  <div class=\"feature-icon-w\">\n    <div class=\"feature-icon-i\">\n     <a href=\"https:\/\/taski.com\/wp-content\/uploads\/2020\/12\/AERO-Vacuum-Day-Time-Cleaning-Whitepaper.pdf\" target=\"_blank\">       <div class=\"feature-tbl\">\n        <div class=\"feature-cell image-cell\">\n          <img decoding=\"async\" class=\"aligncenter size-full\" alt=\"\" src=\"https:\/\/staging.taski.com\/wp-content\/uploads\/2020\/12\/icon-document.png\"\/>\n        <\/div>\n        <div class=\"feature-cell description-cell\">\n          <p>Informe t\u00e9cnico sobre Limpieza Diurna con las Aspiradoras AERO<\/p>\n        <\/div>\n       <\/div>\n        <\/a>       <div class=\"cl-fl\"><\/div>\n    <\/div>\n  <\/div>\n[\/vc_column_inner][vc_column_inner width=\u00bb1\/3&#8243;]  <div class=\"feature-icon-w\">\n    <div class=\"feature-icon-i\">\n     <a href=\"https:\/\/taski.com\/wp-content\/uploads\/2020\/12\/Day-Time-Cleaning-Brochure-.pdf\" target=\"_blank\">       <div class=\"feature-tbl\">\n        <div class=\"feature-cell image-cell\">\n          <img decoding=\"async\" class=\"aligncenter size-full\" alt=\"\" src=\"https:\/\/staging.taski.com\/wp-content\/uploads\/2020\/12\/icon-document.png\"\/>\n        <\/div>\n        <div class=\"feature-cell description-cell\">\n          <p>Folleto de Limpieza Diurna<\/p>\n        <\/div>\n       <\/div>\n        <\/a>       <div class=\"cl-fl\"><\/div>\n    <\/div>\n  <\/div>\n[\/vc_column_inner][\/vc_row_inner][\/vc_column][\/vc_row][vc_row css=\u00bb.vc_custom_1607327415736{background-color: #fafafa !important;}\u00bb][vc_column]\n  <div class=\"two-cta-block\">\n    <div class=\"two-cta-block-i\">\n      <div class=\"row\">\n        <div class=\"two-cta-block-grid\">\n           <div class=\"two-cta-item\">\n            <div class=\"tci-i\">\n             <div class=\"tci-item-content\">\n                <h5><strong>Want to get in touch or<\/strong> see our Industry white papers<\/h5>\n                <a href=\"\/news-help-contacts\/ask-paul-contact\/\"><p>CONTACT US<\/p><\/a>\n             <\/div>\n            <\/div>\n           <\/div>\n           <div class=\"two-cta-item\">\n            <div class=\"tci-i\">\n             <div class=\"tci-item-content\">\n                <h5>Got a question? <strong>Check out our FAQs<\/strong> or get in contact with one of our experts.<\/h5>\n                <a href=\"\/faq\/\"><p>FAQ's<\/p><\/a>\n             <\/div>\n            <\/div>\n           <\/div>\n        <\/div>\n      <\/div>\n    <\/div>\n  <\/div>\n  <div class=\"cl-fl\"><\/div>\n[\/vc_column][\/vc_row]<\/p>\n<\/div>","protected":false},"excerpt":{"rendered":"<p>Las alfombras y las superficies de tela necesitan una limpieza y un mantenimiento frecuentes.<br \/>\nLos expertos de TASKI est\u00e1n aqu\u00ed para ayudar con las mejores pr\u00e1cticas y consejos sobre los mejores productos para tus alfombras y tejidos.<\/p>\n","protected":false},"author":1,"featured_media":8846,"parent":8345,"menu_order":671,"comment_status":"closed","ping_status":"closed","template":"","meta":{"_acf_changed":false,"_seopress_robots_primary_cat":"","_seopress_titles_title":"","_seopress_titles_desc":"","_seopress_robots_index":"","inline_featured_image":false,"footnotes":""},"class_list":["post-8841","page","type-page","status-publish","has-post-thumbnail","hentry"],"acf":[],"_links":{"self":[{"href":"https:\/\/staging.taski.com\/es\/wp-json\/wp\/v2\/pages\/8841","targetHints":{"allow":["GET"]}}],"collection":[{"href":"https:\/\/staging.taski.com\/es\/wp-json\/wp\/v2\/pages"}],"about":[{"href":"https:\/\/staging.taski.com\/es\/wp-json\/wp\/v2\/types\/page"}],"author":[{"embeddable":true,"href":"https:\/\/staging.taski.com\/es\/wp-json\/wp\/v2\/users\/1"}],"replies":[{"embeddable":true,"href":"https:\/\/staging.taski.com\/es\/wp-json\/wp\/v2\/comments?post=8841"}],"version-history":[{"count":0,"href":"https:\/\/staging.taski.com\/es\/wp-json\/wp\/v2\/pages\/8841\/revisions"}],"up":[{"embeddable":true,"href":"https:\/\/staging.taski.com\/es\/wp-json\/wp\/v2\/pages\/8345"}],"wp:featuredmedia":[{"embeddable":true,"href":"https:\/\/staging.taski.com\/es\/wp-json\/wp\/v2\/media\/8846"}],"wp:attachment":[{"href":"https:\/\/staging.taski.com\/es\/wp-json\/wp\/v2\/media?parent=8841"}],"curies":[{"name":"wp","href":"https:\/\/api.w.org\/{rel}","templated":true}]}}