{"id":8827,"date":"2020-12-05T13:19:51","date_gmt":"2020-12-05T13:19:51","guid":{"rendered":"https:\/\/taski.com\/por-que-taski\/consejos-de-los-expertos\/experiencia-en-el-cuidado-de-los-suelos\/"},"modified":"2022-09-14T15:47:25","modified_gmt":"2022-09-14T15:47:25","slug":"experiencia-en-el-cuidado-de-los-suelos","status":"publish","type":"page","link":"https:\/\/staging.taski.com\/es\/por-que-taski\/consejos-de-los-expertos\/experiencia-en-el-cuidado-de-los-suelos\/","title":{"rendered":"Experiencia en el Cuidado de Suelos"},"content":{"rendered":"<div class=\"wpb-content-wrapper\"><p>[vc_row][vc_column]\n  <div class=\"main-banner-block full-width content-video-no\" style=\"background-image:url(https:\/\/staging.taski.com\/wp-content\/uploads\/2020\/12\/virtual-floor-care-expert-1.jpg);\">\n         <div class=\"main-banner-block-i\">\n      <div class=\"row\">\n       <div class=\"mbb-fl\">\n        <div class=\"main-banner-block-content\">\n            <h2>At TASKI when you buy our machines you get your own floor care expert for free! We'll harness the synergies of the ULTIMATE cleaning machines with cutting edge floor care chemicals.<\/h2>\n            <div class=\"button-wrapper\">\n                        <\/div>\n        <\/div>\n               <\/div>\n      <\/div>\n\n\n    <\/div>\n  <\/div>\n  <div class=\"cl-fl\"><\/div>\n[\/vc_column][\/vc_row][vc_row][vc_column]\n  <div class=\"page-description-block style-dark\">\n    <div class=\"page-description-block-i\">\n      <div class=\"row\">\n        <div class=\"page-description-content\">\n          <p>\n[page_description_block]<\/p>\n<h2>Experto Virtual en el Cuidado de Suelos<\/h2>\n<p>La primera impresi\u00f3n cuenta. El tejido de cualquier edificio lo dice todo sobre su propietario. Algunos gastan millones de d\u00f3lares en los materiales de construcci\u00f3n de mayor calidad, m\u00e1s lujosos y normalmente m\u00e1s caros.<\/p>\n<p><img alt=\"\" loading=\"lazy\" decoding=\"async\" class=\"alignnone wp-image-8830\" src=\"https:\/\/taski.com\/wp-content\/uploads\/2021\/01\/Airport_Hallway_Flooring1-1.jpg\" alt=\"\" width=\"300\" height=\"201\" srcset=\"https:\/\/staging.taski.com\/wp-content\/uploads\/2021\/01\/Airport_Hallway_Flooring1-1.jpg 1200w, https:\/\/staging.taski.com\/wp-content\/uploads\/2021\/01\/Airport_Hallway_Flooring1-1-600x402.jpg 600w\" sizes=\"auto, (max-width: 300px) 100vw, 300px\" \/><img alt=\"\" loading=\"lazy\" decoding=\"async\" class=\"alignnone wp-image-8831\" src=\"https:\/\/taski.com\/wp-content\/uploads\/2021\/01\/Marmorboden.jpg\" alt=\"\" width=\"302\" height=\"202\" srcset=\"https:\/\/staging.taski.com\/wp-content\/uploads\/2021\/01\/Marmorboden.jpg 1694w, https:\/\/staging.taski.com\/wp-content\/uploads\/2021\/01\/Marmorboden-600x401.jpg 600w\" sizes=\"auto, (max-width: 302px) 100vw, 302px\" \/><img alt=\"\" loading=\"lazy\" decoding=\"async\" class=\"alignnone wp-image-8832\" src=\"https:\/\/taski.com\/wp-content\/uploads\/2021\/01\/Hotelpool-scaled.jpg\" alt=\"\" width=\"302\" height=\"200\" srcset=\"https:\/\/staging.taski.com\/wp-content\/uploads\/2021\/01\/Hotelpool-scaled.jpg 2560w, https:\/\/staging.taski.com\/wp-content\/uploads\/2021\/01\/Hotelpool-scaled-600x398.jpg 600w\" sizes=\"auto, (max-width: 302px) 100vw, 302px\" \/><\/p>\n<p>Las superficies de los suelos pueden constituir la mayor parte de las superficies de un edificio y, sin embargo, normalmente s\u00f3lo una cuarta parte del tiempo de limpieza se dedica a la limpieza de suelos y alfombras. Visualmente, los suelos tienen un gran impacto en la impresi\u00f3n de limpieza.<\/p>\n<p><img alt=\"\" loading=\"lazy\" decoding=\"async\" class=\"alignnone wp-image-8675\" src=\"https:\/\/taski.com\/wp-content\/uploads\/2021\/01\/Transport-needs-image.jpg\" alt=\"\" width=\"377\" height=\"212\" srcset=\"https:\/\/staging.taski.com\/wp-content\/uploads\/2021\/01\/Transport-needs-image.jpg 800w, https:\/\/staging.taski.com\/wp-content\/uploads\/2021\/01\/Transport-needs-image-600x338.jpg 600w\" sizes=\"auto, (max-width: 377px) 100vw, 377px\" \/><img alt=\"\" loading=\"lazy\" decoding=\"async\" class=\"alignnone wp-image-20820\" src=\"https:\/\/taski.com\/wp-content\/uploads\/2021\/01\/TASKI_IntelliSpray-hotel-lobby-scaled.jpg\" alt=\"\" width=\"318\" height=\"213\" srcset=\"https:\/\/staging.taski.com\/wp-content\/uploads\/2021\/01\/TASKI_IntelliSpray-hotel-lobby-scaled.jpg 2560w, https:\/\/staging.taski.com\/wp-content\/uploads\/2021\/01\/TASKI_IntelliSpray-hotel-lobby-scaled-600x400.jpg 600w\" sizes=\"auto, (max-width: 318px) 100vw, 318px\" \/><img alt=\"\" loading=\"lazy\" decoding=\"async\" class=\"alignnone wp-image-8572\" src=\"https:\/\/taski.com\/wp-content\/uploads\/2020\/11\/hospitality.jpg\" alt=\"\" width=\"211\" height=\"211\" srcset=\"https:\/\/staging.taski.com\/wp-content\/uploads\/2020\/11\/hospitality.jpg 290w, https:\/\/staging.taski.com\/wp-content\/uploads\/2020\/11\/hospitality-100x100.jpg 100w\" sizes=\"auto, (max-width: 211px) 100vw, 211px\" \/><\/p>\n<p>Sin embargo, lo m\u00e1s importante es que la limpieza puede mejorar la seguridad y la higiene en los aseos, las cocinas, las zonas de preparaci\u00f3n de alimentos y las \u00e1reas cl\u00ednicas en centros de atenci\u00f3n m\u00e9dica.<\/p>\n<p><img alt=\"\" loading=\"lazy\" decoding=\"async\" class=\"alignnone wp-image-8568\" src=\"https:\/\/taski.com\/wp-content\/uploads\/2020\/11\/food-service.jpg\" alt=\"\" width=\"306\" height=\"306\" srcset=\"https:\/\/staging.taski.com\/wp-content\/uploads\/2020\/11\/food-service.jpg 290w, https:\/\/staging.taski.com\/wp-content\/uploads\/2020\/11\/food-service-100x100.jpg 100w\" sizes=\"auto, (max-width: 306px) 100vw, 306px\" \/><img alt=\"\" loading=\"lazy\" decoding=\"async\" class=\"alignnone wp-image-19697\" src=\"https:\/\/taski.com\/wp-content\/uploads\/2021\/01\/swingo150B-image-3-300x300.jpg\" alt=\"\" width=\"305\" height=\"305\" srcset=\"https:\/\/staging.taski.com\/wp-content\/uploads\/2021\/01\/swingo150B-image-3-300x300.jpg 300w, https:\/\/staging.taski.com\/wp-content\/uploads\/2021\/01\/swingo150B-image-3-100x100.jpg 100w, https:\/\/staging.taski.com\/wp-content\/uploads\/2021\/01\/swingo150B-image-3-600x600.jpg 600w, https:\/\/staging.taski.com\/wp-content\/uploads\/2021\/01\/swingo150B-image-3.jpg 1800w\" sizes=\"auto, (max-width: 305px) 100vw, 305px\" \/><img alt=\"\" loading=\"lazy\" decoding=\"async\" class=\"alignnone wp-image-8570\" src=\"https:\/\/taski.com\/wp-content\/uploads\/2020\/11\/healthcare-acute.jpg\" alt=\"\" width=\"306\" height=\"306\" srcset=\"https:\/\/staging.taski.com\/wp-content\/uploads\/2020\/11\/healthcare-acute.jpg 290w, https:\/\/staging.taski.com\/wp-content\/uploads\/2020\/11\/healthcare-acute-100x100.jpg 100w\" sizes=\"auto, (max-width: 306px) 100vw, 306px\" \/><\/p>\n<p>Los sistemas de cuidado de suelos TASKI est\u00e1n construidos para ofrecer los niveles m\u00e1s estrictos de higiene y seguridad.<\/p>\n<p><strong>Descarga nuestra Gu\u00eda para el Cuidado de Suelos o los Informes T\u00e9cnicos para obtener m\u00e1s consejos de expertos. O para obtener informaci\u00f3n m\u00e1s detallada sobre los productos qu\u00edmicos Diversey para Cuidado de Suelos<a href=\"https:\/\/diversey.com\/en\/solutions\/floor-care\">, haz clic aqu\u00ed.<\/a><\/strong><\/p>\n        <\/div>\n      <\/div>\n    <\/div>\n  <\/div>\n  <div class=\"cl-fl\"><\/div>\n[\/page_description_block][\/vc_column][\/vc_row][vc_row css=\u00bb.vc_custom_1607164076720{padding-top: 90px !important;padding-bottom: 190px !important;}\u00bb][vc_column][vc_column_text css=\u00bb.vc_custom_1608052812509{padding-bottom: 90px !important;}\u00bb]<\/p>\n<h2 style=\"text-align: center;\">Descargas<\/h2>\n<p>[\/vc_column_text][vc_row_inner css=\u00bb.vc_custom_1607161003581{padding-bottom: 50px !important;}\u00bb][vc_column_inner width=\u00bb1\/3&#8243;]  <div class=\"feature-icon-w\">\n    <div class=\"feature-icon-i\">\n     <a href=\"https:\/\/taski.com\/wp-content\/uploads\/2020\/12\/Floor-Care-Brochure.pdf\" target=\"_blank\">       <div class=\"feature-tbl\">\n        <div class=\"feature-cell image-cell\">\n          <img decoding=\"async\" class=\"aligncenter size-full\" alt=\"\" src=\"https:\/\/staging.taski.com\/wp-content\/uploads\/2020\/12\/icon-document.png\"\/>\n        <\/div>\n        <div class=\"feature-cell description-cell\">\n          <p>Floor Care Brochure<\/p>\n        <\/div>\n       <\/div>\n        <\/a>       <div class=\"cl-fl\"><\/div>\n    <\/div>\n  <\/div>\n[\/vc_column_inner][vc_column_inner width=\u00bb1\/3&#8243;]  <div class=\"feature-icon-w\">\n    <div class=\"feature-icon-i\">\n     <a href=\"https:\/\/taski.com\/wp-content\/uploads\/2020\/12\/TASKI-Twister-Brochure.pdf\" target=\"_blank\">       <div class=\"feature-tbl\">\n        <div class=\"feature-cell image-cell\">\n          <img decoding=\"async\" class=\"aligncenter size-full\" alt=\"\" src=\"https:\/\/staging.taski.com\/wp-content\/uploads\/2020\/12\/icon-document.png\"\/>\n        <\/div>\n        <div class=\"feature-cell description-cell\">\n          <p>TASKI &amp; Twister Brochure<\/p>\n        <\/div>\n       <\/div>\n        <\/a>       <div class=\"cl-fl\"><\/div>\n    <\/div>\n  <\/div>\n[\/vc_column_inner][vc_column_inner width=\u00bb1\/3&#8243;]  <div class=\"feature-icon-w\">\n    <div class=\"feature-icon-i\">\n     <a href=\"https:\/\/taski.com\/wp-content\/uploads\/2020\/12\/Day-Time-Cleaning-Brochure-.pdf\" target=\"_blank\">       <div class=\"feature-tbl\">\n        <div class=\"feature-cell image-cell\">\n          <img decoding=\"async\" class=\"aligncenter size-full\" alt=\"\" src=\"https:\/\/staging.taski.com\/wp-content\/uploads\/2020\/12\/icon-document.png\"\/>\n        <\/div>\n        <div class=\"feature-cell description-cell\">\n          <p>Day Time Cleaning Brochure<\/p>\n        <\/div>\n       <\/div>\n        <\/a>       <div class=\"cl-fl\"><\/div>\n    <\/div>\n  <\/div>\n[\/vc_column_inner][\/vc_row_inner][\/vc_column][\/vc_row][vc_row css=\u00bb.vc_custom_1607327415736{background-color: #fafafa !important;}\u00bb][vc_column]\n  <div class=\"two-cta-block\">\n    <div class=\"two-cta-block-i\">\n      <div class=\"row\">\n        <div class=\"two-cta-block-grid\">\n           <div class=\"two-cta-item\">\n            <div class=\"tci-i\">\n             <div class=\"tci-item-content\">\n                <h5><strong>Want to get in touch or<\/strong> see our Industry white papers<\/h5>\n                <a href=\"\/news-help-contacts\/ask-paul-contact\/\"><p>CONTACT US<\/p><\/a>\n             <\/div>\n            <\/div>\n           <\/div>\n           <div class=\"two-cta-item\">\n            <div class=\"tci-i\">\n             <div class=\"tci-item-content\">\n                <h5>Got a question? <strong>Check out our FAQs<\/strong> or get in contact with one of our experts.<\/h5>\n                <a href=\"\/faq\/\"><p>FAQ's<\/p><\/a>\n             <\/div>\n            <\/div>\n           <\/div>\n        <\/div>\n      <\/div>\n    <\/div>\n  <\/div>\n  <div class=\"cl-fl\"><\/div>\n[\/vc_column][\/vc_row]<\/p>\n<\/div>","protected":false},"excerpt":{"rendered":"<p>En TASKI, al comprar nuestras m\u00e1quinas, obtendr\u00e1s tu propio experto en el cuidado de suelos de forma gratuita. Aprovecharemos las sinergias de las m\u00e1quinas de limpieza DEFINITIVAS con productos qu\u00edmicos de vanguardia para el cuidado de los suelos.<\/p>\n","protected":false},"author":1,"featured_media":8829,"parent":8345,"menu_order":666,"comment_status":"closed","ping_status":"closed","template":"","meta":{"_acf_changed":false,"_seopress_robots_primary_cat":"","_seopress_titles_title":"","_seopress_titles_desc":"","_seopress_robots_index":"","inline_featured_image":false,"footnotes":""},"class_list":["post-8827","page","type-page","status-publish","has-post-thumbnail","hentry"],"acf":[],"_links":{"self":[{"href":"https:\/\/staging.taski.com\/es\/wp-json\/wp\/v2\/pages\/8827","targetHints":{"allow":["GET"]}}],"collection":[{"href":"https:\/\/staging.taski.com\/es\/wp-json\/wp\/v2\/pages"}],"about":[{"href":"https:\/\/staging.taski.com\/es\/wp-json\/wp\/v2\/types\/page"}],"author":[{"embeddable":true,"href":"https:\/\/staging.taski.com\/es\/wp-json\/wp\/v2\/users\/1"}],"replies":[{"embeddable":true,"href":"https:\/\/staging.taski.com\/es\/wp-json\/wp\/v2\/comments?post=8827"}],"version-history":[{"count":0,"href":"https:\/\/staging.taski.com\/es\/wp-json\/wp\/v2\/pages\/8827\/revisions"}],"up":[{"embeddable":true,"href":"https:\/\/staging.taski.com\/es\/wp-json\/wp\/v2\/pages\/8345"}],"wp:featuredmedia":[{"embeddable":true,"href":"https:\/\/staging.taski.com\/es\/wp-json\/wp\/v2\/media\/8829"}],"wp:attachment":[{"href":"https:\/\/staging.taski.com\/es\/wp-json\/wp\/v2\/media?parent=8827"}],"curies":[{"name":"wp","href":"https:\/\/api.w.org\/{rel}","templated":true}]}}