{"id":8764,"date":"2020-12-05T13:17:25","date_gmt":"2020-12-05T13:17:25","guid":{"rendered":"https:\/\/taski.com\/por-que-taski\/consejos-de-los-expertos\/tendencias-actuales-y-buenas-practicas\/"},"modified":"2021-07-13T11:41:13","modified_gmt":"2021-07-13T11:41:13","slug":"tendencias-actuales-y-buenas-practicas","status":"publish","type":"page","link":"https:\/\/staging.taski.com\/es\/por-que-taski\/consejos-de-los-expertos\/tendencias-actuales-y-buenas-practicas\/","title":{"rendered":"Tendencias Actuales y Buenas Pr\u00e1cticas"},"content":{"rendered":"<div class=\"wpb-content-wrapper\"><p>[vc_row][vc_column]\n  <div class=\"main-banner-block full-width content-video-no\" style=\"background-image:url(https:\/\/staging.taski.com\/wp-content\/uploads\/2020\/12\/current-trends.jpg);\">\n         <div class=\"main-banner-block-i\">\n      <div class=\"row\">\n       <div class=\"mbb-fl\">\n        <div class=\"main-banner-block-content\">\n            <h2>Descubra m\u00e1s sobre las \u00faltimas tendencias del sector y las mejores pr\u00e1cticas. Desde el asesoramiento experto sobre COVID-19, hasta la limpieza diurna y la transformaci\u00f3n de los est\u00e1ndares de higiene.<\/h2>\n            <div class=\"button-wrapper\">\n                        <\/div>\n        <\/div>\n               <\/div>\n      <\/div>\n\n\n    <\/div>\n  <\/div>\n  <div class=\"cl-fl\"><\/div>\n[\/vc_column][\/vc_row][vc_row][vc_column]\n  <div class=\"page-description-block style-dark\">\n    <div class=\"page-description-block-i\">\n      <div class=\"row\">\n        <div class=\"page-description-content\">\n          <\/div><\/div><\/div><\/div><\/p>\n<h2>Tendencias Actuales y Buenas Pr\u00e1cticas<\/h2>\n<h3>Mega Tendencias:<\/h3>\n<p><strong><img alt=\"\" loading=\"lazy\" decoding=\"async\" class=\"alignnone wp-image-2724\" src=\"https:\/\/taski.com\/wp-content\/uploads\/2021\/01\/TASKI_IntelliSpray-hotel-lobby-300x200.jpg\" alt=\"\" width=\"500\" height=\"333\" \/><\/strong><\/p>\n<p><strong>Pandemia de COVID-19<\/strong><br \/>\nEn TASKI hemos creado un conjunto de materiales de comunicaci\u00f3n para ayudarte a afrontar juntos los retos de limpieza e higiene que nos plantea la reciente pandemia. Descarga nuestros documentos de buenas pr\u00e1cticas a continuaci\u00f3n y navega por nuestras otras p\u00e1ginas dentro de Consejos de Expertos para obtener detalles sobre la calidad del aire interior en relaci\u00f3n con las alfombras. Comprueba nuestras galardonadas <strong>IntelliSpray, BP 15 Sprayer y Limpiadoras de Vapor<\/strong>, nuevas herramientas en la lucha contra la COVID-19.<\/p>\n<p><strong><img alt=\"\" loading=\"lazy\" decoding=\"async\" class=\"alignnone wp-image-1766\" src=\"https:\/\/taski.com\/wp-content\/uploads\/2020\/12\/85288_Reduced-cost.jpg\" alt=\"\" width=\"500\" height=\"500\" srcset=\"https:\/\/staging.taski.com\/wp-content\/uploads\/2020\/12\/85288_Reduced-cost.jpg 294w, https:\/\/staging.taski.com\/wp-content\/uploads\/2020\/12\/85288_Reduced-cost-100x100.jpg 100w\" sizes=\"auto, (max-width: 500px) 100vw, 500px\" \/><\/strong><\/p>\n<p><strong>Reducir los costes de explotaci\u00f3n<\/strong><br \/>\nPara reducir el coste de la limpieza, los procesos de limpieza est\u00e1n experimentando una transformaci\u00f3n. Los nuevos contratos suelen exigir que se compartan los costes con el cliente final. La experiencia y las innovaciones de TASKI est\u00e1n dise\u00f1adas para ofrecer un ahorro significativo y medible.<\/p>\n<p><strong><img alt=\"\" loading=\"lazy\" decoding=\"async\" class=\"alignnone wp-image-1891\" src=\"https:\/\/taski.com\/wp-content\/uploads\/2020\/12\/85288_Results.jpg\" alt=\"\" width=\"500\" height=\"500\" srcset=\"https:\/\/staging.taski.com\/wp-content\/uploads\/2020\/12\/85288_Results.jpg 296w, https:\/\/staging.taski.com\/wp-content\/uploads\/2020\/12\/85288_Results-100x100.jpg 100w\" sizes=\"auto, (max-width: 500px) 100vw, 500px\" \/><\/strong><\/p>\n<p><strong>Limpieza orientada a los resultados<\/strong><br \/>\nEl sector se est\u00e1 transformando en una limpieza puntual m\u00e1s flexible o menos frecuente, ya que los edificios se utilizan menos o de forma diferente. La experiencia y las innovaciones de TASKI, como IntelliTrail y SmartView, proporcionan las herramientas para ayudarte a realizar este cambio.<\/p>\n<p><strong><img alt=\"\" loading=\"lazy\" decoding=\"async\" class=\"alignnone wp-image-975\" src=\"https:\/\/taski.com\/wp-content\/uploads\/2020\/12\/FOODSERVICE_5_SWINGO-1-1-1-300x194.jpg\" alt=\"\" width=\"500\" height=\"324\" \/><\/strong><\/p>\n<p><strong>Mecanizaci\u00f3n de la limpieza<\/strong><br \/>\nLa mecanizaci\u00f3n tiene sentido para todos. Sin embargo, incluso las m\u00e1quinas m\u00e1s peque\u00f1as deben seguir ofreciendo la sencillez, la comodidad y la agilidad de las fregonas. Con la gama de microfregadoras con bater\u00eda de litio de TASKI, todo el mundo puede dejar de pasar la fregona.<\/p>\n<p><strong><img alt=\"\" loading=\"lazy\" decoding=\"async\" class=\"alignnone wp-image-1936\" src=\"https:\/\/taski.com\/wp-content\/uploads\/2021\/01\/Robot-productivity-300x200.jpg\" alt=\"\" width=\"500\" height=\"333\" \/><\/strong><\/p>\n<p><strong>Limpieza automatizada<\/strong><br \/>\nLa escasez y el coste de la mano de obra, as\u00ed como el envejecimiento de la poblaci\u00f3n, son los principales motores de la automatizaci\u00f3n en el futuro. La automatizaci\u00f3n tambi\u00e9n influir\u00e1 en el modelo completo de la industria. TASKI ha liderado esta revoluci\u00f3n en la industria de la limpieza.<\/p>\n<p>Para conocer las \u00faltimas novedades, visita nuestras <a href=\"https:\/\/taski.com\/noticias-ayuda-y-contactos\/?lang=es\">p\u00e1ginas de Noticias, Contacto y Ayuda.<\/a><\/p>\n        <\/div>\n      \n    \n  \n  <div class=\"cl-fl\"><\/div>\n[\/vc_column][\/vc_row][vc_row css=\u00bb.vc_custom_1607164076720{padding-top: 90px !important;padding-bottom: 190px !important;}\u00bb][vc_column][vc_column_text css=\u00bb.vc_custom_1608052975519{padding-bottom: 90px !important;}\u00bb]\n<h2 style=\"text-align: center;\"><\/h2>\n<p>[vc_column]\n  <div class=\"two-cta-block\">\n    <div class=\"two-cta-block-i\">\n      <div class=\"row\">\n        <div class=\"two-cta-block-grid\">\n           <div class=\"two-cta-item\">\n            <div class=\"tci-i\">\n             <div class=\"tci-item-content\">\n                <h5><b>\u00bfDesea contactar con nosotros?<\/b><\/h5>\n                <a href=\"\/news-help-contacts\/ask-paul-contact\/\"><p>CONTACT US<\/p><\/a>\n             <\/div>\n            <\/div>\n           <\/div>\n           <div class=\"two-cta-item\">\n            <div class=\"tci-i\">\n             <div class=\"tci-item-content\">\n                <h5>\u00bfTiene alguna pregunta? <strong>Contacte con nuestros expertos<\/strong>.<\/h5>\n                <a href=\"\/faq\/\"><p>FAQ's<\/p><\/a>\n             <\/div>\n            <\/div>\n           <\/div>\n        <\/div>\n      <\/div>\n    <\/div>\n  <\/div>\n  <div class=\"cl-fl\"><\/div>\n[\/vc_column][\/vc_row]<\/p>\n","protected":false},"excerpt":{"rendered":"<p>TASKI y Diversey son conocidos como las autoridades en materia de limpieza e higiene por la industria. En TASKI nuestros expertos est\u00e1n siempre dispuestos a ayudar.<\/p>\n","protected":false},"author":1,"featured_media":8766,"parent":8345,"menu_order":669,"comment_status":"closed","ping_status":"closed","template":"","meta":{"_acf_changed":false,"_seopress_robots_primary_cat":"","_seopress_titles_title":"","_seopress_titles_desc":"","_seopress_robots_index":"","inline_featured_image":false,"footnotes":""},"class_list":["post-8764","page","type-page","status-publish","has-post-thumbnail","hentry"],"acf":[],"_links":{"self":[{"href":"https:\/\/staging.taski.com\/es\/wp-json\/wp\/v2\/pages\/8764","targetHints":{"allow":["GET"]}}],"collection":[{"href":"https:\/\/staging.taski.com\/es\/wp-json\/wp\/v2\/pages"}],"about":[{"href":"https:\/\/staging.taski.com\/es\/wp-json\/wp\/v2\/types\/page"}],"author":[{"embeddable":true,"href":"https:\/\/staging.taski.com\/es\/wp-json\/wp\/v2\/users\/1"}],"replies":[{"embeddable":true,"href":"https:\/\/staging.taski.com\/es\/wp-json\/wp\/v2\/comments?post=8764"}],"version-history":[{"count":0,"href":"https:\/\/staging.taski.com\/es\/wp-json\/wp\/v2\/pages\/8764\/revisions"}],"up":[{"embeddable":true,"href":"https:\/\/staging.taski.com\/es\/wp-json\/wp\/v2\/pages\/8345"}],"wp:featuredmedia":[{"embeddable":true,"href":"https:\/\/staging.taski.com\/es\/wp-json\/wp\/v2\/media\/8766"}],"wp:attachment":[{"href":"https:\/\/staging.taski.com\/es\/wp-json\/wp\/v2\/media?parent=8764"}],"curies":[{"name":"wp","href":"https:\/\/api.w.org\/{rel}","templated":true}]}}