{"id":8701,"date":"2020-12-03T07:48:37","date_gmt":"2020-12-03T07:48:37","guid":{"rendered":"https:\/\/taski.com\/productos-innovaciones-y-soluciones\/productos\/discos-individuales\/"},"modified":"2022-09-15T08:52:36","modified_gmt":"2022-09-15T08:52:36","slug":"discos-individuales","status":"publish","type":"page","link":"https:\/\/staging.taski.com\/es\/productos-innovaciones-y-soluciones\/productos\/discos-individuales\/","title":{"rendered":"Monodiscos"},"content":{"rendered":"<div class=\"wpb-content-wrapper\"><p>[vc_row][vc_column]\n  <div class=\"page-intro-block size-fit-image style-dark font-large\">\n         <div class=\"page-intro-block-i\">\n      <div class=\"row\">\n        <div class=\"page-intro-content\">\n            <div class=\"title-block\">\n                                     <h2><span class=\"pt\">Single Discs<\/span>La gama ergodisc es legendaria por &lt;strong&gt; calidad y confiabilidad. &lt;\/strong&gt; &lt;strong&gt; Dise\u00f1o, construcci\u00f3n y precisi\u00f3n incomparables &lt;\/strong&gt;.<\/h2>\n                                                 <\/div>\n            <div class=\"page-intro-image\">\n                                <div class=\"page-intro-image-alt\">\n                    \n                    <img decoding=\"async\" src=\"https:\/\/staging.taski.com\/wp-content\/uploads\/2020\/12\/DSC_0012-scaled.jpg\" alt=\"\" \/>\n\n                <\/div>\n            <\/div>\n        <\/div>\n      <\/div>\n\n\n    <\/div>\n  <\/div>\n  <div class=\"cl-fl\"><\/div>\n[\/vc_column][\/vc_row][vc_row][vc_column]\n  <div class=\"product-carousel-block\" style=\"\">\n    <div class=\"product-carousel-block-i\">\n\n             <div class=\"product-carousel-filter\">Filtrar por tipo &ndash; <a href=\"#\" class=\"active\" data-category=\"*\">Todo<\/a> | <a href=\"#\" class=\"\" data-category=\"battery-single-disc-es\">Battery single disc<\/a> | <a href=\"#\" class=\"\" data-category=\"ultra-alta-velocidad\">Ultra alta velocidad<\/a> | <a href=\"#\" class=\"\" data-category=\"doble-velocidad\">Doble velocidad<\/a> | <a href=\"#\" class=\"\" data-category=\"baja-velocidad\">Baja velocidad<\/a> | <a href=\"#\" class=\"\" data-category=\"alta-velocidad\">Alta velocidad<\/a><\/div>\n     \n     <div class=\"product-carousel-wrapper\">\n      <div class=\"row\">\n       <div class=\"taski-carousel-holder\">\n        <div class=\"product-carousel owl-carousel owl-theme\" id=\"product-carousel\">\n\n           \n            <div class=\"item product-slide rotativas battery-single-disc-es\">\n              <div class=\"its-i\">\n                <div class=\"media-w\">\n                    <div class=\"image\">\n                      <div class=\"image-i\">\n                                                    <img decoding=\"async\" src=\"https:\/\/staging.taski.com\/wp-content\/uploads\/2023\/05\/Speedo_015-618x608.jpg\" \/>\n                                              <\/div>\n                    <\/div>\n                <\/div>\n                <div class=\"text\">\n                    <div class=\"title\">ergodisc FLEXX<\/div>\n                    <p>M\u00e1quina Monodisco de multiples velocidades sin cable. M\u00e1xima flexibilidad, m\u00e1xima libertad<\/p>                    <div class=\"prod-page-view\"><a href=\"https:\/\/staging.taski.com\/es\/taski-products\/taski-ergodisc-flexx\/\" class=\"button\">Ver producto<\/a><\/div>\n                <\/div>\n              <\/div>\n\n\n\n            <\/div>\n\n              \n            <div class=\"item product-slide rotativas baja-velocidad\">\n              <div class=\"its-i\">\n                <div class=\"media-w\">\n                    <div class=\"image\">\n                      <div class=\"image-i\">\n                                                    <img decoding=\"async\" src=\"https:\/\/staging.taski.com\/wp-content\/uploads\/2020\/12\/ed-165_re.jpg\" \/>\n                                              <\/div>\n                    <\/div>\n                <\/div>\n                <div class=\"text\">\n                    <div class=\"title\">ergodisco 165<\/div>\n                    <p>Potente m\u00e1quina individual para las tareas de cuidado de suelos m\u00e1s exigentes. <\/p>                    <div class=\"prod-page-view\"><a href=\"https:\/\/staging.taski.com\/es\/taski-products\/ergodisco-165\/\" class=\"button\">Ver producto<\/a><\/div>\n                <\/div>\n              <\/div>\n\n\n\n            <\/div>\n\n              \n            <div class=\"item product-slide rotativas baja-velocidad\">\n              <div class=\"its-i\">\n                <div class=\"media-w\">\n                    <div class=\"image\">\n                      <div class=\"image-i\">\n                                                    <img decoding=\"async\" src=\"https:\/\/staging.taski.com\/wp-content\/uploads\/2020\/12\/8003800_ergodisc-200.jpg\" \/>\n                                              <\/div>\n                    <\/div>\n                <\/div>\n                <div class=\"text\">\n                    <div class=\"title\">ergodisco 200<\/div>\n                    <p>M\u00e1quina sumamente vers\u00e1til para la mayor\u00eda de las tareas de limpieza de suelos. <\/p>                    <div class=\"prod-page-view\"><a href=\"https:\/\/staging.taski.com\/es\/taski-products\/ergodisco-200\/\" class=\"button\">Ver producto<\/a><\/div>\n                <\/div>\n              <\/div>\n\n\n\n            <\/div>\n\n              \n            <div class=\"item product-slide rotativas doble-velocidad\">\n              <div class=\"its-i\">\n                <div class=\"media-w\">\n                    <div class=\"image\">\n                      <div class=\"image-i\">\n                                                    <img decoding=\"async\" src=\"https:\/\/staging.taski.com\/wp-content\/uploads\/2020\/12\/8004010_ergodisc-duo.jpg\" \/>\n                                              <\/div>\n                    <\/div>\n                <\/div>\n                <div class=\"text\">\n                    <div class=\"title\">ergodisco duo<\/div>\n                    <p>Brillante y rentable m\u00e1quina de doble velocidad para cualquier tarea de limpieza de suelos. <\/p>                    <div class=\"prod-page-view\"><a href=\"https:\/\/staging.taski.com\/es\/taski-products\/ergodisc-duo\/\" class=\"button\">Ver producto<\/a><\/div>\n                <\/div>\n              <\/div>\n\n\n\n            <\/div>\n\n              \n            <div class=\"item product-slide rotativas alta-velocidad\">\n              <div class=\"its-i\">\n                <div class=\"media-w\">\n                    <div class=\"image\">\n                      <div class=\"image-i\">\n                                                    <img decoding=\"async\" src=\"https:\/\/staging.taski.com\/wp-content\/uploads\/2020\/12\/8003880_ergodisc-400.jpg\" \/>\n                                              <\/div>\n                    <\/div>\n                <\/div>\n                <div class=\"text\">\n                    <div class=\"title\">ergodisco 400<\/div>\n                    <p>Alta velocidad muy vers\u00e1til para la limpieza ligera diaria y el pulido de suelos <\/p>                    <div class=\"prod-page-view\"><a href=\"https:\/\/staging.taski.com\/es\/taski-products\/ergodisco-400\/\" class=\"button\">Ver producto<\/a><\/div>\n                <\/div>\n              <\/div>\n\n\n\n            <\/div>\n\n              \n            <div class=\"item product-slide rotativas ultra-alta-velocidad\">\n              <div class=\"its-i\">\n                <div class=\"media-w\">\n                    <div class=\"image\">\n                      <div class=\"image-i\">\n                                                    <img decoding=\"async\" src=\"https:\/\/staging.taski.com\/wp-content\/uploads\/2020\/12\/8004650_TASKI-ergodisc-1200.jpg\" \/>\n                                              <\/div>\n                    <\/div>\n                <\/div>\n                <div class=\"text\">\n                    <div class=\"title\">ergodisco 1200<\/div>\n                    <p>Bru\u00f1idora de ultraalta velocidad para pulir y abrillantar los suelos hasta conseguir un brillo intenso.<\/p>                    <div class=\"prod-page-view\"><a href=\"https:\/\/staging.taski.com\/es\/taski-products\/ergodisco-1200\/\" class=\"button\">Ver producto<\/a><\/div>\n                <\/div>\n              <\/div>\n\n\n\n            <\/div>\n\n              \n            <div class=\"item product-slide rotativas ultra-alta-velocidad\">\n              <div class=\"its-i\">\n                <div class=\"media-w\">\n                    <div class=\"image\">\n                      <div class=\"image-i\">\n                                                    <img decoding=\"async\" src=\"https:\/\/staging.taski.com\/wp-content\/uploads\/2020\/12\/T2C9157.jpg\" \/>\n                                              <\/div>\n                    <\/div>\n                <\/div>\n                <div class=\"text\">\n                    <div class=\"title\">ergodisco 2000<\/div>\n                    <p>2000RPM Bru\u00f1idor de ultraalta velocidad para el abrillantamiento de suelos DEFINITIVO<\/p>                    <div class=\"prod-page-view\"><a href=\"https:\/\/staging.taski.com\/es\/taski-products\/ergodisco-2000\/\" class=\"button\">Ver producto<\/a><\/div>\n                <\/div>\n              <\/div>\n\n\n\n            <\/div>\n\n              \n            <div class=\"item product-slide rotativas baja-velocidad\">\n              <div class=\"its-i\">\n                <div class=\"media-w\">\n                    <div class=\"image\">\n                      <div class=\"image-i\">\n                                                    <img decoding=\"async\" src=\"https:\/\/staging.taski.com\/wp-content\/uploads\/2020\/12\/TASKI-ergodisc-HD.jpg\" \/>\n                                              <\/div>\n                    <\/div>\n                <\/div>\n                <div class=\"text\">\n                    <div class=\"title\">ergodisco HD<\/div>\n                    <p>Potente m\u00e1quina de trabajo pesado para las tareas m\u00e1s duras. <\/p>                    <div class=\"prod-page-view\"><a href=\"https:\/\/staging.taski.com\/es\/taski-products\/ergodisco-hd\/\" class=\"button\">Ver producto<\/a><\/div>\n                <\/div>\n              <\/div>\n\n\n\n            <\/div>\n\n              \n            <div class=\"item product-slide rotativas alta-velocidad\">\n              <div class=\"its-i\">\n                <div class=\"media-w\">\n                    <div class=\"image\">\n                      <div class=\"image-i\">\n                                                    <img decoding=\"async\" src=\"https:\/\/staging.taski.com\/wp-content\/uploads\/2020\/12\/8004620_ErgodiscOmni.jpg\" \/>\n                                              <\/div>\n                    <\/div>\n                <\/div>\n                <div class=\"text\">\n                    <div class=\"title\">ergodisco omni<\/div>\n                    <p>Un sistema multiusos de superalta velocidad para una limpieza y un brillo excepcionales. <\/p>                    <div class=\"prod-page-view\"><a href=\"https:\/\/staging.taski.com\/es\/taski-products\/ergodisco-omni\/\" class=\"button\">Ver producto<\/a><\/div>\n                <\/div>\n              <\/div>\n\n\n\n            <\/div>\n\n              \n\n\n        <\/div>\n        <div id=\"product-carousel-storage\" style=\"display:none !important; height:0;\">\n                       <div class=\"item product-slide rotativas battery-single-disc-es\">\n              <div class=\"its-i\">\n                <div class=\"media-w\">\n                    <div class=\"image\">\n                      <div class=\"image-i\">\n                                                    <img decoding=\"async\" src=\"https:\/\/staging.taski.com\/wp-content\/uploads\/2023\/05\/Speedo_015-618x608.jpg\" \/>\n                                              <\/div>\n                    <\/div>\n                <\/div>\n                <div class=\"text\">\n                    <div class=\"title\">ergodisc FLEXX<\/div>\n                    <p>M\u00e1quina Monodisco de multiples velocidades sin cable. M\u00e1xima flexibilidad, m\u00e1xima libertad<\/p>                    <div class=\"prod-page-view\"><a href=\"https:\/\/staging.taski.com\/es\/taski-products\/taski-ergodisc-flexx\/\" class=\"button\">Ver producto<\/a><\/div>\n                <\/div>\n              <\/div>\n            <\/div>\n                          <div class=\"item product-slide rotativas baja-velocidad\">\n              <div class=\"its-i\">\n                <div class=\"media-w\">\n                    <div class=\"image\">\n                      <div class=\"image-i\">\n                                                    <img decoding=\"async\" src=\"https:\/\/staging.taski.com\/wp-content\/uploads\/2020\/12\/ed-165_re.jpg\" \/>\n                                              <\/div>\n                    <\/div>\n                <\/div>\n                <div class=\"text\">\n                    <div class=\"title\">ergodisco 165<\/div>\n                    <p>Potente m\u00e1quina individual para las tareas de cuidado de suelos m\u00e1s exigentes. <\/p>                    <div class=\"prod-page-view\"><a href=\"https:\/\/staging.taski.com\/es\/taski-products\/ergodisco-165\/\" class=\"button\">Ver producto<\/a><\/div>\n                <\/div>\n              <\/div>\n            <\/div>\n                          <div class=\"item product-slide rotativas baja-velocidad\">\n              <div class=\"its-i\">\n                <div class=\"media-w\">\n                    <div class=\"image\">\n                      <div class=\"image-i\">\n                                                    <img decoding=\"async\" src=\"https:\/\/staging.taski.com\/wp-content\/uploads\/2020\/12\/8003800_ergodisc-200.jpg\" \/>\n                                              <\/div>\n                    <\/div>\n                <\/div>\n                <div class=\"text\">\n                    <div class=\"title\">ergodisco 200<\/div>\n                    <p>M\u00e1quina sumamente vers\u00e1til para la mayor\u00eda de las tareas de limpieza de suelos. <\/p>                    <div class=\"prod-page-view\"><a href=\"https:\/\/staging.taski.com\/es\/taski-products\/ergodisco-200\/\" class=\"button\">Ver producto<\/a><\/div>\n                <\/div>\n              <\/div>\n            <\/div>\n                          <div class=\"item product-slide rotativas doble-velocidad\">\n              <div class=\"its-i\">\n                <div class=\"media-w\">\n                    <div class=\"image\">\n                      <div class=\"image-i\">\n                                                    <img decoding=\"async\" src=\"https:\/\/staging.taski.com\/wp-content\/uploads\/2020\/12\/8004010_ergodisc-duo.jpg\" \/>\n                                              <\/div>\n                    <\/div>\n                <\/div>\n                <div class=\"text\">\n                    <div class=\"title\">ergodisco duo<\/div>\n                    <p>Brillante y rentable m\u00e1quina de doble velocidad para cualquier tarea de limpieza de suelos. <\/p>                    <div class=\"prod-page-view\"><a href=\"https:\/\/staging.taski.com\/es\/taski-products\/ergodisc-duo\/\" class=\"button\">Ver producto<\/a><\/div>\n                <\/div>\n              <\/div>\n            <\/div>\n                          <div class=\"item product-slide rotativas alta-velocidad\">\n              <div class=\"its-i\">\n                <div class=\"media-w\">\n                    <div class=\"image\">\n                      <div class=\"image-i\">\n                                                    <img decoding=\"async\" src=\"https:\/\/staging.taski.com\/wp-content\/uploads\/2020\/12\/8003880_ergodisc-400.jpg\" \/>\n                                              <\/div>\n                    <\/div>\n                <\/div>\n                <div class=\"text\">\n                    <div class=\"title\">ergodisco 400<\/div>\n                    <p>Alta velocidad muy vers\u00e1til para la limpieza ligera diaria y el pulido de suelos <\/p>                    <div class=\"prod-page-view\"><a href=\"https:\/\/staging.taski.com\/es\/taski-products\/ergodisco-400\/\" class=\"button\">Ver producto<\/a><\/div>\n                <\/div>\n              <\/div>\n            <\/div>\n                          <div class=\"item product-slide rotativas ultra-alta-velocidad\">\n              <div class=\"its-i\">\n                <div class=\"media-w\">\n                    <div class=\"image\">\n                      <div class=\"image-i\">\n                                                    <img decoding=\"async\" src=\"https:\/\/staging.taski.com\/wp-content\/uploads\/2020\/12\/8004650_TASKI-ergodisc-1200.jpg\" \/>\n                                              <\/div>\n                    <\/div>\n                <\/div>\n                <div class=\"text\">\n                    <div class=\"title\">ergodisco 1200<\/div>\n                    <p>Bru\u00f1idora de ultraalta velocidad para pulir y abrillantar los suelos hasta conseguir un brillo intenso.<\/p>                    <div class=\"prod-page-view\"><a href=\"https:\/\/staging.taski.com\/es\/taski-products\/ergodisco-1200\/\" class=\"button\">Ver producto<\/a><\/div>\n                <\/div>\n              <\/div>\n            <\/div>\n                          <div class=\"item product-slide rotativas ultra-alta-velocidad\">\n              <div class=\"its-i\">\n                <div class=\"media-w\">\n                    <div class=\"image\">\n                      <div class=\"image-i\">\n                                                    <img decoding=\"async\" src=\"https:\/\/staging.taski.com\/wp-content\/uploads\/2020\/12\/T2C9157.jpg\" \/>\n                                              <\/div>\n                    <\/div>\n                <\/div>\n                <div class=\"text\">\n                    <div class=\"title\">ergodisco 2000<\/div>\n                    <p>2000RPM Bru\u00f1idor de ultraalta velocidad para el abrillantamiento de suelos DEFINITIVO<\/p>                    <div class=\"prod-page-view\"><a href=\"https:\/\/staging.taski.com\/es\/taski-products\/ergodisco-2000\/\" class=\"button\">Ver producto<\/a><\/div>\n                <\/div>\n              <\/div>\n            <\/div>\n                          <div class=\"item product-slide rotativas baja-velocidad\">\n              <div class=\"its-i\">\n                <div class=\"media-w\">\n                    <div class=\"image\">\n                      <div class=\"image-i\">\n                                                    <img decoding=\"async\" src=\"https:\/\/staging.taski.com\/wp-content\/uploads\/2020\/12\/TASKI-ergodisc-HD.jpg\" \/>\n                                              <\/div>\n                    <\/div>\n                <\/div>\n                <div class=\"text\">\n                    <div class=\"title\">ergodisco HD<\/div>\n                    <p>Potente m\u00e1quina de trabajo pesado para las tareas m\u00e1s duras. <\/p>                    <div class=\"prod-page-view\"><a href=\"https:\/\/staging.taski.com\/es\/taski-products\/ergodisco-hd\/\" class=\"button\">Ver producto<\/a><\/div>\n                <\/div>\n              <\/div>\n            <\/div>\n                          <div class=\"item product-slide rotativas alta-velocidad\">\n              <div class=\"its-i\">\n                <div class=\"media-w\">\n                    <div class=\"image\">\n                      <div class=\"image-i\">\n                                                    <img decoding=\"async\" src=\"https:\/\/staging.taski.com\/wp-content\/uploads\/2020\/12\/8004620_ErgodiscOmni.jpg\" \/>\n                                              <\/div>\n                    <\/div>\n                <\/div>\n                <div class=\"text\">\n                    <div class=\"title\">ergodisco omni<\/div>\n                    <p>Un sistema multiusos de superalta velocidad para una limpieza y un brillo excepcionales. <\/p>                    <div class=\"prod-page-view\"><a href=\"https:\/\/staging.taski.com\/es\/taski-products\/ergodisco-omni\/\" class=\"button\">Ver producto<\/a><\/div>\n                <\/div>\n              <\/div>\n            <\/div>\n                      <\/div>\n\n        <div class=\"product-carousel-navigation\">\n          <div class=\"nav-left\">\n            <a href=\"#\"><i class=\"fa fa-chevron-left\"><\/i><\/a>\n          <\/div>\n          <div class=\"nav-description\">\n\n          <\/div>\n          <div class=\"nav-right\">\n            <a href=\"#\"><i class=\"fa fa-chevron-right\"><\/i><\/a>\n          <\/div>\n        <\/div>\n       <\/div>\n      <\/div>\n     <\/div>\n\n\n\n\n   <\/div>\n  <\/div>\n  <div class=\"cl-fl\"><\/div>\n[\/vc_column][\/vc_row][vc_row css=\u00bb.vc_custom_1606587476742{padding-top: 80px !important;padding-bottom: 95px !important;}\u00bb][vc_column]\n  <div class=\"product-description-block style-light image-left\">\n    <div class=\"product-description-block-i\">\n        <div class=\"product-description-block-content\">\n          <div class=\"product-description-block-title\">\n                            <div class=\"pdbt-icon\"><img decoding=\"async\" src=\"https:\/\/staging.taski.com\/wp-content\/uploads\/2020\/12\/dollar.png\" \/><\/div>\n                <div class=\"pdbt-text\">Coste total de propiedad<\/div>\n                      <\/div>\n          <div class=\"product-description-block-text\"><p>La legendaria calidad y robustez de TASKI hace que la gama de ergodiscos no se detenga.<\/p>\n<p>Las m\u00e1quinas ergodisco son muy fiables y <strong>ofrecen un rendimiento impecable<\/strong> lo que supone una <strong>excelente relaci\u00f3n calidad-precio.<\/strong><\/p>\n<\/div>\n        <\/div>\n        <div class=\"product-description-block-image\" style=\"background-image:url(https:\/\/staging.taski.com\/wp-content\/uploads\/2021\/01\/Ergo-Disc_2_mediumsize-scaled.jpg)\">\n\n        <\/div>\n    <\/div>\n  <\/div>\n  <div class=\"cl-fl\"><\/div>\n\n  <div class=\"product-description-block style-dark image-right\">\n    <div class=\"product-description-block-i\">\n        <div class=\"product-description-block-content\">\n          <div class=\"product-description-block-title\">\n                            <div class=\"pdbt-icon\"><img decoding=\"async\" src=\"https:\/\/staging.taski.com\/wp-content\/uploads\/2020\/12\/clock.png\" \/><\/div>\n                <div class=\"pdbt-text\">Eficiencia Operativa<\/div>\n                      <\/div>\n          <div class=\"product-description-block-text\"><p>Cuando el tiempo es oro, ergodiscos <strong>hace siempre el trabajo a la primera.<\/strong><\/p>\n<\/div>\n        <\/div>\n        <div class=\"product-description-block-image\" style=\"background-image:url(https:\/\/staging.taski.com\/wp-content\/uploads\/2020\/12\/single-discs.jpg)\">\n\n        <\/div>\n    <\/div>\n  <\/div>\n  <div class=\"cl-fl\"><\/div>\n\n  <div class=\"product-description-block style-light image-left\">\n    <div class=\"product-description-block-i\">\n        <div class=\"product-description-block-content\">\n          <div class=\"product-description-block-title\">\n                            <div class=\"pdbt-icon\"><img decoding=\"async\" src=\"https:\/\/staging.taski.com\/wp-content\/uploads\/2020\/12\/people.png\" \/><\/div>\n                <div class=\"pdbt-text\">Personas y Seguridad<\/div>\n                      <\/div>\n          <div class=\"product-description-block-text\"><p>La empu\u00f1adura ajustable de dise\u00f1o<strong>ergon\u00f3mico<\/strong> con protecci\u00f3n para las manos, el arranque suave y el funcionamiento con vibraciones suaves significan <strong>menos fatiga para tu equipo<\/strong>.<\/p>\n<\/div>\n        <\/div>\n        <div class=\"product-description-block-image\" style=\"background-image:url(https:\/\/staging.taski.com\/wp-content\/uploads\/2021\/01\/ergodisc-165-Image-4.jpg)\">\n\n        <\/div>\n    <\/div>\n  <\/div>\n  <div class=\"cl-fl\"><\/div>\n[\/vc_column][\/vc_row][vc_row][vc_column][vc_row_inner][vc_column_inner]\n  <div class=\"three-cta-block\">\n    <div class=\"three-cta-block-i\">\n      <div class=\"row\">\n        <div class=\"three-cta-block-grid\">\n           <div class=\"three-cta-item\">\n            <div class=\"tci-i\">\n             <div class=\"tci-item-content\">\n                <h5>&lt;strong&gt;Consulta nuestras&lt;\/strong&gt;<br \/>\nSoluciones<br \/>\npara la Industria<\/h5>\n                <a href=\"\/products-innovations-solutions\/\"><p>PRODUCTOS, SOLUCIONES <br \/> E INNOVACIONES <br \/><\/p><\/a>\n             <\/div>\n            <\/div>\n           <\/div>\n           <div class=\"three-cta-item\">\n            <div class=\"tci-i\">\n             <div class=\"tci-item-content\">\n                <h5>&lt;strong&gt;Consulta las \u00faltimas&lt;\/strong&gt;<br \/>\nInnovaciones<br \/>\nde TASKI<\/h5>\n                <a href=\"\/shop\/\"><p>MI<br \/>TASKI<br \/>TIENDA<\/p><\/a>\n             <\/div>\n            <\/div>\n           <\/div>\n           <div class=\"three-cta-item\">\n            <div class=\"tci-i\">\n             <div class=\"tci-item-content\">\n                <h5>&lt;strong&gt;Ponte en contacto&lt;\/strong&gt;<br \/>\ncon<br \/>\nnosotros<\/h5>\n                <a href=\"\/news-help-contacts\/\"><p>CONTACTO<br \/>EE.UU.<\/p><\/a>\n             <\/div>\n            <\/div>\n           <\/div>\n        <\/div>\n      <\/div>\n    <\/div>\n  <\/div>\n  <div class=\"cl-fl\"><\/div>\n[\/vc_column_inner][\/vc_row_inner][\/vc_column][\/vc_row]<\/p>\n<\/div>","protected":false},"excerpt":{"rendered":"<p>[vc_row][vc_column][\/vc_column][\/vc_row][vc_row][vc_column][\/vc_column][\/vc_row][vc_row css=\u00bb.vc_custom_1606587476742{padding-top: 80px !important;padding-bottom: 95px !important;}\u00bb][vc_column][\/vc_column][\/vc_row][vc_row][vc_column][vc_row_inner][vc_column_inner][\/vc_column_inner][\/vc_row_inner][\/vc_column][\/vc_row]<\/p>\n","protected":false},"author":1,"featured_media":0,"parent":8398,"menu_order":361,"comment_status":"closed","ping_status":"closed","template":"page-products.php","meta":{"_acf_changed":false,"_seopress_robots_primary_cat":"","_seopress_titles_title":"","_seopress_titles_desc":"","_seopress_robots_index":"","inline_featured_image":false,"footnotes":""},"class_list":["post-8701","page","type-page","status-publish","hentry"],"acf":[],"_links":{"self":[{"href":"https:\/\/staging.taski.com\/es\/wp-json\/wp\/v2\/pages\/8701","targetHints":{"allow":["GET"]}}],"collection":[{"href":"https:\/\/staging.taski.com\/es\/wp-json\/wp\/v2\/pages"}],"about":[{"href":"https:\/\/staging.taski.com\/es\/wp-json\/wp\/v2\/types\/page"}],"author":[{"embeddable":true,"href":"https:\/\/staging.taski.com\/es\/wp-json\/wp\/v2\/users\/1"}],"replies":[{"embeddable":true,"href":"https:\/\/staging.taski.com\/es\/wp-json\/wp\/v2\/comments?post=8701"}],"version-history":[{"count":0,"href":"https:\/\/staging.taski.com\/es\/wp-json\/wp\/v2\/pages\/8701\/revisions"}],"up":[{"embeddable":true,"href":"https:\/\/staging.taski.com\/es\/wp-json\/wp\/v2\/pages\/8398"}],"wp:attachment":[{"href":"https:\/\/staging.taski.com\/es\/wp-json\/wp\/v2\/media?parent=8701"}],"curies":[{"name":"wp","href":"https:\/\/api.w.org\/{rel}","templated":true}]}}