{"id":8672,"date":"2020-11-30T16:24:35","date_gmt":"2020-11-30T16:24:35","guid":{"rendered":"https:\/\/taski.com\/por-que-taski\/sus-mercados-y-sectores\/transporte\/"},"modified":"2021-07-13T10:32:19","modified_gmt":"2021-07-13T10:32:19","slug":"transporte","status":"publish","type":"page","link":"https:\/\/staging.taski.com\/es\/por-que-taski\/sus-mercados-y-sectores\/transporte\/","title":{"rendered":"Transporte"},"content":{"rendered":"<div class=\"wpb-content-wrapper\"><p>[vc_row][vc_column]\n  <div class=\"page-intro-block size-fit-image style-dark font-large\">\n         <div class=\"page-intro-block-i\">\n      <div class=\"row\">\n        <div class=\"page-intro-content\">\n            <div class=\"title-block\">\n                                     <h2><span class=\"pt\">Transporte<\/span>\u00bfNecesitas mantener tus instalaciones y veh\u00edculos en funcionamiento &lt;strong&gt;de forma eficiente&lt;\/strong&gt;, pero tambi\u00e9n &lt;strong&gt;limpios, seguros e higi\u00e9nicos?&lt;\/strong&gt;<br \/>\nTASKI puede ayudar.<\/h2>\n                                                 <\/div>\n            <div class=\"page-intro-image\">\n                                <div class=\"page-intro-image-alt\">\n                    \n                    <img decoding=\"async\" src=\"https:\/\/staging.taski.com\/wp-content\/uploads\/2020\/11\/transports.jpg\" alt=\"\" \/>\n\n                <\/div>\n            <\/div>\n        <\/div>\n      <\/div>\n\n\n    <\/div>\n  <\/div>\n  <div class=\"cl-fl\"><\/div>\n[\/vc_column][\/vc_row][vc_row css=\u00bb.vc_custom_1606587476742{padding-top: 80px !important;padding-bottom: 95px !important;}\u00bb][vc_column][vc_row_inner][vc_column_inner]\n  <div class=\"page-video-block\">\n    <div class=\"page-video-block-i\">\n      <div class=\"row\">\n        <div class=\"page-video-block-content\">\n            <div class=\"title-block\">\n                 <h2>\u00bfCu\u00e1les son tus desaf\u00edos prioritarios?<\/h2>\n            <\/div>\n            <div class=\"page-video-image\">\n                \n              <a href=\"#\" class=\"video-player-link\" data-video-id=\"485944825\" data-src=\"https:\/\/player.vimeo.com\/video\/485944825\">\n                <img decoding=\"async\" src=\"https:\/\/staging.taski.com\/wp-content\/uploads\/2021\/01\/Transport-needs-image.jpg\" alt=\"\u00bfCu\u00e1les son tus desaf\u00edos prioritarios? Image\" \/>\n\n     <div class=\"page-video-video-abs\"><div class=\"video-embed\"><iframe loading=\"lazy\" id=\"\" src=\"\" width=\"100%\" height=\"100%\" frameborder=\"0\" style=\"position:absolute;top:0;left:0;width:100%;height:100%;\"   allow=\"autoplay; fullscreen\" muted webkitallowfullscreen mozallowfullscreen allowfullscreen><\/iframe><\/div><\/div>              <\/a>\n            <\/div>\n        <\/div>\n      <\/div>\n\n\n    <\/div>\n  <\/div>\n  <div class=\"cl-fl\"><\/div>\n[\/vc_column_inner][\/vc_row_inner][\/vc_column][\/vc_row][vc_row][vc_column]\n  <div class=\"taski-carousel-block \" style=\"\">\n    <div class=\"taski-carousel-block-i\">\n\n      <div class=\"taski-carousel-title\"><p>Entendemos las necesidades de tu sector<\/p><\/div>\n      <div class=\"row\">\n       <div class=\"taski-carousel-holder\">\n        <div class=\"taski-carousel owl-carousel owl-theme\" id=\"taski-carousel\">\n                                    <div class=\"item taski-slide\">\n                            <div class=\"its-i\">\n                <div class=\"media-w\">\n                    <div class=\"image\">\n                      <div class=\"image-i\">\n                        <img decoding=\"async\" src=\"https:\/\/staging.taski.com\/wp-content\/uploads\/2020\/12\/customer-experience.svg\" \/>\n                      <\/div>\n                    <\/div>\n                <\/div>\n                <div class=\"text\">\n                    <div class=\"title\">Experiencia del cliente<\/div>\n                    <p>Crea una experiencia segura y c\u00f3moda para tus clientes. Consulta nuestras &lt;strong&gt;\u00faltimas fregadoras secadoras de iones de litio y nuestra actualizaci\u00f3n a los filtros HEPA&lt;\/strong&gt; para obtener suelos m\u00e1s limpios y seguros y una mejor calidad del aire.<\/p>\n                                    <\/div>\n              <\/div>\n                          <\/div>\n            <div class=\"item taski-slide\">\n                            <div class=\"its-i\">\n                <div class=\"media-w\">\n                    <div class=\"image\">\n                      <div class=\"image-i\">\n                        <img decoding=\"async\" src=\"https:\/\/staging.taski.com\/wp-content\/uploads\/2020\/12\/people-safety.svg\" \/>\n                      <\/div>\n                    <\/div>\n                <\/div>\n                <div class=\"text\">\n                    <div class=\"title\">Personas y Seguridad<\/div>\n                    <p>Para conseguir unos suelos de lavabos y cocinas m\u00e1s limpios, seguros e higi\u00e9nicos, cambia las mopas por nuestras &lt;strong&gt;\u00faltimas microfregadoras secadoras de bater\u00eda de iones de litio.&lt;\/strong&gt;<\/p>\n                                    <\/div>\n              <\/div>\n                          <\/div>\n            <div class=\"item taski-slide\">\n                            <div class=\"its-i\">\n                <div class=\"media-w\">\n                    <div class=\"image\">\n                      <div class=\"image-i\">\n                        <img decoding=\"async\" src=\"https:\/\/staging.taski.com\/wp-content\/uploads\/2020\/12\/operational-efficiency.svg\" \/>\n                      <\/div>\n                    <\/div>\n                <\/div>\n                <div class=\"text\">\n                    <div class=\"title\">Eficiencia Operativa<\/div>\n                    <p>Aumenta la eficiencia operativa mediante la innovaci\u00f3n, la productividad superior y la gesti\u00f3n de la flota. \u00bfPor qu\u00e9 caminar cuando puedes conducir? Descubre nuestras &lt;strong&gt;\u00faltimas m\u00e1quinas con conductor sentado y a pie, incluyendo nuestra innovaci\u00f3n IntelliSweep 2en1.&lt;\/strong&gt;<\/p>\n                                    <\/div>\n              <\/div>\n                          <\/div>\n            <div class=\"item taski-slide\">\n                            <div class=\"its-i\">\n                <div class=\"media-w\">\n                    <div class=\"image\">\n                      <div class=\"image-i\">\n                        <img decoding=\"async\" src=\"https:\/\/staging.taski.com\/wp-content\/uploads\/2020\/12\/brand-protection.svg\" \/>\n                      <\/div>\n                    <\/div>\n                <\/div>\n                <div class=\"text\">\n                    <div class=\"title\">Protecci\u00f3n de la Marca<\/div>\n                    <p>Impresiona y protege al p\u00fablico mientras salvaguardas tu marca. Para mejorar los est\u00e1ndares de higiene, echa un vistazo a nuestra galardonada &lt;strong&gt;innovaci\u00f3n IntelliSpray.&lt;\/strong&gt; Para la limpieza de veh\u00edculos, echa un vistazo a nuestras &lt;strong&gt;m\u00e1quinas de microbater\u00eda y vaporizadores.&lt;\/strong&gt;<\/p>\n                                    <\/div>\n              <\/div>\n                          <\/div>\n            <div class=\"item taski-slide\">\n                            <div class=\"its-i\">\n                <div class=\"media-w\">\n                    <div class=\"image\">\n                      <div class=\"image-i\">\n                        <img decoding=\"async\" src=\"https:\/\/staging.taski.com\/wp-content\/uploads\/2020\/12\/sustainability.svg\" \/>\n                      <\/div>\n                    <\/div>\n                <\/div>\n                <div class=\"text\">\n                    <div class=\"title\">Sostenibilidad<\/div>\n                    <p>Reduce el consumo de energ\u00eda y agua hasta en un 76% para cumplir con tus objetivos de sostenibilidad. Consulta nuestras &lt;strong&gt;soluciones inteligentes.&lt;\/strong&gt; Tecnolog\u00edas para reducir la energ\u00eda, el agua, los productos qu\u00edmicos y los residuos.<\/p>\n                                    <\/div>\n              <\/div>\n                          <\/div>\n                    <\/div>\n\n        <div class=\"taski-carousel-navigation\">\n          <div class=\"nav-left\">\n            <a href=\"#\"><i class=\"fa fa-chevron-left\"><\/i><\/a>\n          <\/div>\n          <div class=\"nav-description\">\n\n          <\/div>\n          <div class=\"nav-right\">\n            <a href=\"#\"><i class=\"fa fa-chevron-right\"><\/i><\/a>\n          <\/div>\n        <\/div>\n       <\/div>\n      <\/div>\n   <\/div>\n  <\/div>\n  <div class=\"cl-fl\"><\/div>\n[\/vc_column][\/vc_row][vc_row css=\u00bb.vc_custom_1606653988515{padding-top: 80px !important;padding-bottom: 80px !important;background-color: #505050 !important;}\u00bb][vc_column][vc_row_inner][vc_column_inner]\n  <div class=\"testimonials-block\">\n    <div class=\"testimonials-block-i\">\n      <div class=\"row\">\n        <div class=\"title-block\">\n            <h2>Lo que dicen nuestros clientes<\/h2>\n        <\/div>\n\n        <div class=\"testimonials-grid\">\n           <div class=\"testimonial-item\">\n            <div class=\"ti-i\">\n             <img decoding=\"async\" src=\"https:\/\/staging.taski.com\/wp-content\/uploads\/2020\/11\/testimonial-1.jpg\" alt=\"Image\" \/>\n             <div class=\"test-item-content\">\n                <div class=\"test-item-title\">Uno de los aeropuertos m\u00e1s concurridos del mundo quer\u00eda mejorar su puntuaci\u00f3n en Trip Advisor, as\u00ed que recurri\u00f3 a sus socios.<br \/>\nPara el cuidado del suelo, se trataba de TASKI<\/div>\n                <div class=\"test-item-text\"><\/div>\n             <\/div>\n            <\/div>\n           <\/div>\n           <div class=\"testimonial-item\">\n            <div class=\"ti-i\">\n             <img decoding=\"async\" src=\"https:\/\/staging.taski.com\/wp-content\/uploads\/2020\/11\/testimonial-2.jpg\" alt=\"Image\" \/>\n             <div class=\"test-item-content\">\n                <div class=\"test-item-title\">Una aerol\u00ednea muy conocida que ya utilizaba productos qu\u00edmicos Diversey pregunt\u00f3 a TASKI c\u00f3mo limpiar un avi\u00f3n de forma a\u00fan m\u00e1s r\u00e1pida pero segura.<\/div>\n                <div class=\"test-item-text\"><\/div>\n             <\/div>\n            <\/div>\n           <\/div>\n           <div class=\"testimonial-item\">\n            <div class=\"ti-i\">\n             <img decoding=\"async\" src=\"https:\/\/staging.taski.com\/wp-content\/uploads\/2020\/11\/testimonial-3.jpg\" alt=\"Image\" \/>\n             <div class=\"test-item-content\">\n                <div class=\"test-item-title\">Una estaci\u00f3n de ferrocarril muy concurrida en una capital europea pidi\u00f3 a TASKI formas de&lt;strong&gt; ahorrar tiempo de limpieza.&lt;\/strong&gt;<\/div>\n                <div class=\"test-item-text\"><\/div>\n             <\/div>\n            <\/div>\n           <\/div>\n\n        <\/div>\n\n      <\/div>\n    <\/div>\n  <\/div>\n  <div class=\"cl-fl\"><\/div>\n[\/vc_column_inner][\/vc_row_inner][\/vc_column][\/vc_row][vc_row][vc_column][vc_column_text]<\/p>\n<h3 style=\"text-align: center;\">Si desea mas informaci\u00f3n, contacte con su agente TASKI mas cercano<\/h3>\n<p>&nbsp;<\/p>\n<\/div>","protected":false},"excerpt":{"rendered":"<p>Las soluciones de maquinaria TASKI que ayudan a cuidar tu edificio, proteger tu marca y mantener al p\u00fablico a salvo. <\/p>\n","protected":false},"author":1,"featured_media":8674,"parent":7685,"menu_order":624,"comment_status":"closed","ping_status":"closed","template":"","meta":{"_acf_changed":false,"_seopress_robots_primary_cat":"","_seopress_titles_title":"","_seopress_titles_desc":"","_seopress_robots_index":"","inline_featured_image":false,"footnotes":""},"class_list":["post-8672","page","type-page","status-publish","has-post-thumbnail","hentry"],"acf":[],"_links":{"self":[{"href":"https:\/\/staging.taski.com\/es\/wp-json\/wp\/v2\/pages\/8672","targetHints":{"allow":["GET"]}}],"collection":[{"href":"https:\/\/staging.taski.com\/es\/wp-json\/wp\/v2\/pages"}],"about":[{"href":"https:\/\/staging.taski.com\/es\/wp-json\/wp\/v2\/types\/page"}],"author":[{"embeddable":true,"href":"https:\/\/staging.taski.com\/es\/wp-json\/wp\/v2\/users\/1"}],"replies":[{"embeddable":true,"href":"https:\/\/staging.taski.com\/es\/wp-json\/wp\/v2\/comments?post=8672"}],"version-history":[{"count":0,"href":"https:\/\/staging.taski.com\/es\/wp-json\/wp\/v2\/pages\/8672\/revisions"}],"up":[{"embeddable":true,"href":"https:\/\/staging.taski.com\/es\/wp-json\/wp\/v2\/pages\/7685"}],"wp:featuredmedia":[{"embeddable":true,"href":"https:\/\/staging.taski.com\/es\/wp-json\/wp\/v2\/media\/8674"}],"wp:attachment":[{"href":"https:\/\/staging.taski.com\/es\/wp-json\/wp\/v2\/media?parent=8672"}],"curies":[{"name":"wp","href":"https:\/\/api.w.org\/{rel}","templated":true}]}}