{"id":8648,"date":"2020-11-30T16:22:37","date_gmt":"2020-11-30T16:22:37","guid":{"rendered":"https:\/\/taski.com\/por-que-taski\/sus-mercados-y-sectores\/fabricacion\/"},"modified":"2021-07-13T10:54:09","modified_gmt":"2021-07-13T10:54:09","slug":"fabricacion","status":"publish","type":"page","link":"https:\/\/staging.taski.com\/es\/por-que-taski\/sus-mercados-y-sectores\/fabricacion\/","title":{"rendered":"Fabricaci\u00f3n"},"content":{"rendered":"<div class=\"wpb-content-wrapper\"><p>[vc_row][vc_column]\n  <div class=\"page-intro-block size-fit-image style-dark font-large\">\n         <div class=\"page-intro-block-i\">\n      <div class=\"row\">\n        <div class=\"page-intro-content\">\n            <div class=\"title-block\">\n                                     <h2><span class=\"pt\">F\u00e1bricas y manufacturas<\/span>\u00bfNecesita mantener tus instalaciones &lt;strong&gt;limpias y seguras, as\u00ed como mantener los costes al m\u00ednimo y bajo control? &lt;\/strong&gt;<br \/>\nTASKI puede ayudar.<\/h2>\n                                                 <\/div>\n            <div class=\"page-intro-image\">\n                                <div class=\"page-intro-image-alt\">\n                    \n                    <img decoding=\"async\" src=\"https:\/\/staging.taski.com\/wp-content\/uploads\/2020\/11\/manufacturing.jpg\" alt=\"\" \/>\n\n                <\/div>\n            <\/div>\n        <\/div>\n      <\/div>\n\n\n    <\/div>\n  <\/div>\n  <div class=\"cl-fl\"><\/div>\n[\/vc_column][\/vc_row][vc_row css=\u00bb.vc_custom_1606587476742{padding-top: 80px !important;padding-bottom: 95px !important;}\u00bb][vc_column][vc_row_inner][vc_column_inner]\n  <div class=\"page-video-block\">\n    <div class=\"page-video-block-i\">\n      <div class=\"row\">\n        <div class=\"page-video-block-content\">\n            <div class=\"title-block\">\n                 <h2>\u00bfCu\u00e1les son tus desaf\u00edos prioritarios?<\/h2>\n            <\/div>\n            <div class=\"page-video-image\">\n                \n              <a href=\"#\" class=\"video-player-link\" data-video-id=\"485944886\" data-src=\"https:\/\/player.vimeo.com\/video\/485944886\">\n                <img decoding=\"async\" src=\"https:\/\/staging.taski.com\/wp-content\/uploads\/2021\/01\/Manufacturing-need-image.jpg\" alt=\"\u00bfCu\u00e1les son tus desaf\u00edos prioritarios? Image\" \/>\n\n     <div class=\"page-video-video-abs\"><div class=\"video-embed\"><iframe loading=\"lazy\" id=\"\" src=\"\" width=\"100%\" height=\"100%\" frameborder=\"0\" style=\"position:absolute;top:0;left:0;width:100%;height:100%;\"   allow=\"autoplay; fullscreen\" muted webkitallowfullscreen mozallowfullscreen allowfullscreen><\/iframe><\/div><\/div>              <\/a>\n            <\/div>\n        <\/div>\n      <\/div>\n\n\n    <\/div>\n  <\/div>\n  <div class=\"cl-fl\"><\/div>\n[\/vc_column_inner][\/vc_row_inner][\/vc_column][\/vc_row][vc_row][vc_column]\n  <div class=\"taski-carousel-block \" style=\"\">\n    <div class=\"taski-carousel-block-i\">\n\n      <div class=\"taski-carousel-title\"><p>Entendemos las necesidades de tu sector<\/p><\/div>\n      <div class=\"row\">\n       <div class=\"taski-carousel-holder\">\n        <div class=\"taski-carousel owl-carousel owl-theme\" id=\"taski-carousel\">\n                                    <div class=\"item taski-slide\">\n                            <div class=\"its-i\">\n                <div class=\"media-w\">\n                    <div class=\"image\">\n                      <div class=\"image-i\">\n                        <img decoding=\"async\" src=\"https:\/\/staging.taski.com\/wp-content\/uploads\/2020\/12\/operational-efficiency.svg\" \/>\n                      <\/div>\n                    <\/div>\n                <\/div>\n                <div class=\"text\">\n                    <div class=\"title\">Eficiencia Operativa<\/div>\n                    <p>Aumenta la eficacia operativa y dedica menos tiempo a la limpieza. Descubre nuestra &lt;strong&gt;innovaci\u00f3n IntelliSweep&lt;\/strong&gt; 2en1. Barre y friega en una sola pasada ahorrando un 30% de tiempo.<\/p>\n                                    <\/div>\n              <\/div>\n                          <\/div>\n            <div class=\"item taski-slide\">\n                            <div class=\"its-i\">\n                <div class=\"media-w\">\n                    <div class=\"image\">\n                      <div class=\"image-i\">\n                        <img decoding=\"async\" src=\"https:\/\/staging.taski.com\/wp-content\/uploads\/2020\/12\/people-safety.svg\" \/>\n                      <\/div>\n                    <\/div>\n                <\/div>\n                <div class=\"text\">\n                    <div class=\"title\">Personas y Seguridad<\/div>\n                    <p>Mejora la higiene y mant\u00e9n tus suelos seguros. Las &lt;strong&gt;barredoras y fregadoras secadoras de TASKI&lt;\/strong&gt; est\u00e1n dise\u00f1adas para la limpieza de una sola pasada para conseguir suelos m\u00e1s limpios y seguros.<\/p>\n                                    <\/div>\n              <\/div>\n                          <\/div>\n            <div class=\"item taski-slide\">\n                            <div class=\"its-i\">\n                <div class=\"media-w\">\n                    <div class=\"image\">\n                      <div class=\"image-i\">\n                        <img decoding=\"async\" src=\"https:\/\/staging.taski.com\/wp-content\/uploads\/2020\/12\/profitable-growth.svg\" \/>\n                      <\/div>\n                    <\/div>\n                <\/div>\n                <div class=\"text\">\n                    <div class=\"title\">Crecimiento Rentable<\/div>\n                    <p>Reduce tu factura de mano de obra mecanizando m\u00e1s la limpieza para incrementar los beneficios. Echa un vistazo a nuestras &lt;strong&gt;fregadoras secadoras con conductor sentado de alta productividad y a la estaci\u00f3n de llenado r\u00e1pido de dep\u00f3sitos.&lt;\/strong&gt;<\/p>\n                                    <\/div>\n              <\/div>\n                          <\/div>\n            <div class=\"item taski-slide\">\n                            <div class=\"its-i\">\n                <div class=\"media-w\">\n                    <div class=\"image\">\n                      <div class=\"image-i\">\n                        <img decoding=\"async\" src=\"https:\/\/staging.taski.com\/wp-content\/uploads\/2020\/12\/working-capital-optimisation.svg\" \/>\n                      <\/div>\n                    <\/div>\n                <\/div>\n                <div class=\"text\">\n                    <div class=\"title\">Optimizaci\u00f3n del Capital de Trabajo<\/div>\n                    <p>Invierte de forma inteligente. Haz que tu dinero trabaje m\u00e1s para ti. Mejora tu retorno de la inversi\u00f3n y recupera antes tu amortizaci\u00f3n. Consulta nuestras &lt;strong&gt;fregadoras secadoras con conductor sentado y de pie, IntelliSweep incluida&lt;\/strong&gt;, para ver c\u00f3mo puedes maximizar el rendimiento de tu inversi\u00f3n.<\/p>\n                                    <\/div>\n              <\/div>\n                          <\/div>\n            <div class=\"item taski-slide\">\n                            <div class=\"its-i\">\n                <div class=\"media-w\">\n                    <div class=\"image\">\n                      <div class=\"image-i\">\n                        <img decoding=\"async\" src=\"https:\/\/staging.taski.com\/wp-content\/uploads\/2020\/12\/cost-control.svg\" \/>\n                      <\/div>\n                    <\/div>\n                <\/div>\n                <div class=\"text\">\n                    <div class=\"title\">Control de Costes<\/div>\n                    <p>Reduce el coste de propiedad y el coste de limpieza con una financiaci\u00f3n y una gesti\u00f3n de flotas flexibles. Echa un vistazo a nuestras &lt;strong&gt;soluciones inteligentes&lt;\/strong&gt;, que incluyen telemetr\u00eda y an\u00e1lisis para controlar tus costes.<\/p>\n                                    <\/div>\n              <\/div>\n                          <\/div>\n                    <\/div>\n\n        <div class=\"taski-carousel-navigation\">\n          <div class=\"nav-left\">\n            <a href=\"#\"><i class=\"fa fa-chevron-left\"><\/i><\/a>\n          <\/div>\n          <div class=\"nav-description\">\n\n          <\/div>\n          <div class=\"nav-right\">\n            <a href=\"#\"><i class=\"fa fa-chevron-right\"><\/i><\/a>\n          <\/div>\n        <\/div>\n       <\/div>\n      <\/div>\n   <\/div>\n  <\/div>\n  <div class=\"cl-fl\"><\/div>\n[\/vc_column][\/vc_row][vc_row css=\u00bb.vc_custom_1606653988515{padding-top: 80px !important;padding-bottom: 80px !important;background-color: #505050 !important;}\u00bb][vc_column][vc_row_inner][vc_column_inner]\n  <div class=\"testimonials-block\">\n    <div class=\"testimonials-block-i\">\n      <div class=\"row\">\n        <div class=\"title-block\">\n            <h2>Lo que dicen nuestros clientes<\/h2>\n        <\/div>\n\n        <div class=\"testimonials-grid\">\n           <div class=\"testimonial-item\">\n            <div class=\"ti-i\">\n             <img decoding=\"async\" src=\"https:\/\/staging.taski.com\/wp-content\/uploads\/2020\/11\/testimonial-1.jpg\" alt=\"Image\" \/>\n             <div class=\"test-item-content\">\n                <div class=\"test-item-title\">La producci\u00f3n electr\u00f3nica tiene unos costes muy elevados y trabajamos con unas normas de higiene muy estrictas. &lt;strong&gt;S\u00f3lo TASKI ten\u00eda la experiencia necesaria para ofrecer la soluci\u00f3n perfecta.&lt;\/strong&gt;<\/div>\n                <div class=\"test-item-text\"><\/div>\n             <\/div>\n            <\/div>\n           <\/div>\n           <div class=\"testimonial-item\">\n            <div class=\"ti-i\">\n             <img decoding=\"async\" src=\"https:\/\/staging.taski.com\/wp-content\/uploads\/2020\/11\/testimonial-2.jpg\" alt=\"Image\" \/>\n             <div class=\"test-item-content\">\n                <div class=\"test-item-title\">La rotaci\u00f3n de personal era un problema. TASKI &lt;strong&gt;ayud\u00f3 a un fabricante de ingenier\u00eda a mejorar la productividad&lt;\/strong&gt;, pero tambi\u00e9n hizo m\u00e1s f\u00e1cil y c\u00f3moda la limpieza<\/div>\n                <div class=\"test-item-text\"><p>\u201cSabemos que nuestra l\u00ednea de producci\u00f3n no es el sitio m\u00e1s agradable, y mantener al personal de limpieza era un problema. Pasar a las fregadoras secadoras con operador a bordo significa que ahora pueden sentarse c\u00f3modamente y con seguridad. El tiempo que ahorramos con las m\u00e1quinas con conductor significa que ahora podemos darles descansos m\u00e1s largos para que todos ganemos\u201d.<\/p><\/div>\n             <\/div>\n            <\/div>\n           <\/div>\n           <div class=\"testimonial-item\">\n            <div class=\"ti-i\">\n             <img decoding=\"async\" src=\"https:\/\/staging.taski.com\/wp-content\/uploads\/2020\/11\/testimonial-3.jpg\" alt=\"Image\" \/>\n             <div class=\"test-item-content\">\n                <div class=\"test-item-title\">En un edificio que alberga una l\u00ednea de producci\u00f3n 24\/7, la limpieza era una parte fundamental del proceso. Sin embargo, una f\u00e1brica de alimentos escandinava necesitaba &lt;strong&gt;nuevas formas de limpiar r\u00e1pidamente.&lt;\/strong&gt;<\/div>\n                <div class=\"test-item-text\"><\/div>\n             <\/div>\n            <\/div>\n           <\/div>\n\n        <\/div>\n\n      <\/div>\n    <\/div>\n  <\/div>\n  <div class=\"cl-fl\"><\/div>\n[\/vc_column_inner][\/vc_row_inner][\/vc_column][\/vc_row][vc_row][vc_column][vc_column_text]<\/p>\n<h3 style=\"text-align: center;\">Si desea mas informaci\u00f3n, contacte con su agente TASKI mas cercano<\/h3>\n<p>&nbsp;<\/p>\n<\/div>","protected":false},"excerpt":{"rendered":"<p>Las soluciones de maquinaria TASKI minimizan las interrupciones en tu negocio y ayudan a mantener los costes bajo control<\/p>\n","protected":false},"author":1,"featured_media":7700,"parent":7685,"menu_order":640,"comment_status":"closed","ping_status":"closed","template":"","meta":{"_acf_changed":false,"_seopress_robots_primary_cat":"","_seopress_titles_title":"","_seopress_titles_desc":"","_seopress_robots_index":"","inline_featured_image":false,"footnotes":""},"class_list":["post-8648","page","type-page","status-publish","has-post-thumbnail","hentry"],"acf":[],"_links":{"self":[{"href":"https:\/\/staging.taski.com\/es\/wp-json\/wp\/v2\/pages\/8648","targetHints":{"allow":["GET"]}}],"collection":[{"href":"https:\/\/staging.taski.com\/es\/wp-json\/wp\/v2\/pages"}],"about":[{"href":"https:\/\/staging.taski.com\/es\/wp-json\/wp\/v2\/types\/page"}],"author":[{"embeddable":true,"href":"https:\/\/staging.taski.com\/es\/wp-json\/wp\/v2\/users\/1"}],"replies":[{"embeddable":true,"href":"https:\/\/staging.taski.com\/es\/wp-json\/wp\/v2\/comments?post=8648"}],"version-history":[{"count":0,"href":"https:\/\/staging.taski.com\/es\/wp-json\/wp\/v2\/pages\/8648\/revisions"}],"up":[{"embeddable":true,"href":"https:\/\/staging.taski.com\/es\/wp-json\/wp\/v2\/pages\/7685"}],"wp:featuredmedia":[{"embeddable":true,"href":"https:\/\/staging.taski.com\/es\/wp-json\/wp\/v2\/media\/7700"}],"wp:attachment":[{"href":"https:\/\/staging.taski.com\/es\/wp-json\/wp\/v2\/media?parent=8648"}],"curies":[{"name":"wp","href":"https:\/\/api.w.org\/{rel}","templated":true}]}}