{"id":8581,"date":"2020-11-30T15:58:36","date_gmt":"2020-11-30T15:58:36","guid":{"rendered":"https:\/\/taski.com\/por-que-taski\/sus-mercados-y-sectores\/sanidad-aguda\/"},"modified":"2021-07-13T09:25:32","modified_gmt":"2021-07-13T09:25:32","slug":"sanidad-aguda","status":"publish","type":"page","link":"https:\/\/staging.taski.com\/es\/por-que-taski\/sus-mercados-y-sectores\/sanidad-aguda\/","title":{"rendered":"Hospitales"},"content":{"rendered":"<div class=\"wpb-content-wrapper\"><p>[vc_row][vc_column]\n  <div class=\"page-intro-block size-fit-image style-dark font-large\">\n         <div class=\"page-intro-block-i\">\n      <div class=\"row\">\n        <div class=\"page-intro-content\">\n            <div class=\"title-block\">\n                                     <h2><span class=\"pt\">Centros socio sanitarios<\/span>\u00bfNecesitas mantener tu hospital o residencia seguro e higi\u00e9nico para&lt;strong&gt; ayudar a reducir las infecciones?&lt;\/strong&gt;<br \/>\nTASKI puede ayudar.<\/h2>\n                                                 <\/div>\n            <div class=\"page-intro-image\">\n                                <div class=\"page-intro-image-alt\">\n                    \n                    <img decoding=\"async\" src=\"https:\/\/staging.taski.com\/wp-content\/uploads\/2021\/01\/HEALTHCARE_26_Cleaning_hallway-3-1.jpg\" alt=\"\" \/>\n\n                <\/div>\n            <\/div>\n        <\/div>\n      <\/div>\n\n\n    <\/div>\n  <\/div>\n  <div class=\"cl-fl\"><\/div>\n[\/vc_column][\/vc_row][vc_row css=\u00bb.vc_custom_1606587476742{padding-top: 80px !important;padding-bottom: 95px !important;}\u00bb][vc_column][vc_row_inner][vc_column_inner]\n  <div class=\"page-video-block\">\n    <div class=\"page-video-block-i\">\n      <div class=\"row\">\n        <div class=\"page-video-block-content\">\n            <div class=\"title-block\">\n                 <h2>\u00bfCu\u00e1les son tus desaf\u00edos prioritarios?<\/h2>\n            <\/div>\n            <div class=\"page-video-image\">\n                \n              <a href=\"#\" class=\"video-player-link\" data-video-id=\"485944407\" data-src=\"https:\/\/player.vimeo.com\/video\/485944407\">\n                <img decoding=\"async\" src=\"https:\/\/staging.taski.com\/wp-content\/uploads\/2021\/01\/Healthcare-Acute-needs-image.jpg\" alt=\"\u00bfCu\u00e1les son tus desaf\u00edos prioritarios? Image\" \/>\n\n     <div class=\"page-video-video-abs\"><div class=\"video-embed\"><iframe loading=\"lazy\" id=\"\" src=\"\" width=\"100%\" height=\"100%\" frameborder=\"0\" style=\"position:absolute;top:0;left:0;width:100%;height:100%;\"   allow=\"autoplay; fullscreen\" muted webkitallowfullscreen mozallowfullscreen allowfullscreen><\/iframe><\/div><\/div>              <\/a>\n            <\/div>\n        <\/div>\n      <\/div>\n\n\n    <\/div>\n  <\/div>\n  <div class=\"cl-fl\"><\/div>\n[\/vc_column_inner][\/vc_row_inner][\/vc_column][\/vc_row][vc_row css=\u00bb.vc_custom_1606587476742{padding-top: 80px !important;padding-bottom: 95px !important;}\u00bb][vc_column]\n  <div class=\"taski-carousel-block \" style=\"\">\n    <div class=\"taski-carousel-block-i\">\n\n      <div class=\"taski-carousel-title\"><p>Entendemos las necesidades de tu sector<\/p><\/div>\n      <div class=\"row\">\n       <div class=\"taski-carousel-holder\">\n        <div class=\"taski-carousel owl-carousel owl-theme\" id=\"taski-carousel\">\n                                    <div class=\"item taski-slide\">\n                            <div class=\"its-i\">\n                <div class=\"media-w\">\n                    <div class=\"image\">\n                      <div class=\"image-i\">\n                        <img decoding=\"async\" src=\"https:\/\/staging.taski.com\/wp-content\/uploads\/2020\/12\/customer-experience.svg\" \/>\n                      <\/div>\n                    <\/div>\n                <\/div>\n                <div class=\"text\">\n                    <div class=\"title\">Experiencia del Paciente<\/div>\n                    <p>Crea un entorno seguro e higi\u00e9nico para tus pacientes. Comprueba c\u00f3mo nuestras &lt;strong&gt;fregadoras secadoras swingo y los filtros HEPA de nuestros aspiradores&lt;\/strong&gt; reducen los riesgos.<\/p>\n                                    <\/div>\n              <\/div>\n                          <\/div>\n            <div class=\"item taski-slide\">\n                            <div class=\"its-i\">\n                <div class=\"media-w\">\n                    <div class=\"image\">\n                      <div class=\"image-i\">\n                        <img decoding=\"async\" src=\"https:\/\/staging.taski.com\/wp-content\/uploads\/2020\/12\/people-safety.svg\" \/>\n                      <\/div>\n                    <\/div>\n                <\/div>\n                <div class=\"text\">\n                    <div class=\"title\">Personas y Seguridad<\/div>\n                    <p>Protege a tus pacientes y al personal con una mejora del aire, la higiene y el secado del suelo. Mecaniza m\u00e1s tu limpieza y reduce el riesgo de ca\u00eddas por tropiezos con &lt;strong&gt; las aspiradoras a bater\u00eda AERO sin cables.&lt;\/strong&gt;<\/p>\n                                    <\/div>\n              <\/div>\n                          <\/div>\n            <div class=\"item taski-slide\">\n                            <div class=\"its-i\">\n                <div class=\"media-w\">\n                    <div class=\"image\">\n                      <div class=\"image-i\">\n                        <img decoding=\"async\" src=\"https:\/\/staging.taski.com\/wp-content\/uploads\/2020\/12\/brand-protection.svg\" \/>\n                      <\/div>\n                    <\/div>\n                <\/div>\n                <div class=\"text\">\n                    <div class=\"title\">Protecci\u00f3n de la Marca<\/div>\n                    <p>Protege a tus pacientes al tiempo que salvaguardas tu marca. Echa un vistazo a nuestros &lt;strong&gt;filtros HEPA y microfregadoras secadoras a bater\u00eda&lt;\/strong&gt; para mejorar la calidad del aire interior y conseguir suelos m\u00e1s seguros.<\/p>\n                                    <\/div>\n              <\/div>\n                          <\/div>\n            <div class=\"item taski-slide\">\n                            <div class=\"its-i\">\n                <div class=\"media-w\">\n                    <div class=\"image\">\n                      <div class=\"image-i\">\n                        <img decoding=\"async\" src=\"https:\/\/staging.taski.com\/wp-content\/uploads\/2020\/12\/cost-control.svg\" \/>\n                      <\/div>\n                    <\/div>\n                <\/div>\n                <div class=\"text\">\n                    <div class=\"title\">Control de Costes<\/div>\n                    <p>Reduce el coste de propiedad y el coste de limpieza con una financiaci\u00f3n y una gesti\u00f3n de la flota flexibles. Echa un vistazo a nuestras flexibles &lt;strong&gt;opciones de financiaci\u00f3n y servicio&lt;\/strong&gt;, as\u00ed como a &lt;strong&gt;nuestra herramienta de gesti\u00f3n de flotas IntelliTrail.&lt;\/strong&gt;<\/p>\n                                    <\/div>\n              <\/div>\n                          <\/div>\n            <div class=\"item taski-slide\">\n                            <div class=\"its-i\">\n                <div class=\"media-w\">\n                    <div class=\"image\">\n                      <div class=\"image-i\">\n                        <img decoding=\"async\" src=\"https:\/\/staging.taski.com\/wp-content\/uploads\/2020\/12\/infection-prevention.svg\" \/>\n                      <\/div>\n                    <\/div>\n                <\/div>\n                <div class=\"text\">\n                    <div class=\"title\">Prevenci\u00f3n de Infecciones<\/div>\n                    <p>Protege a tus pacientes y a tu personal. Las m\u00e1quinas TASKI est\u00e1n dise\u00f1adas para ser &lt;strong&gt;ergon\u00f3micas, ofrecer una limpieza excelente, ser f\u00e1ciles de limpiar y reducir el riesgo, son f\u00e1ciles de mantener limpias e higi\u00e9nicas.&lt;\/strong&gt;<\/p>\n                                    <\/div>\n              <\/div>\n                          <\/div>\n                    <\/div>\n\n        <div class=\"taski-carousel-navigation\">\n          <div class=\"nav-left\">\n            <a href=\"#\"><i class=\"fa fa-chevron-left\"><\/i><\/a>\n          <\/div>\n          <div class=\"nav-description\">\n\n          <\/div>\n          <div class=\"nav-right\">\n            <a href=\"#\"><i class=\"fa fa-chevron-right\"><\/i><\/a>\n          <\/div>\n        <\/div>\n       <\/div>\n      <\/div>\n   <\/div>\n  <\/div>\n  <div class=\"cl-fl\"><\/div>\n[\/vc_column][\/vc_row][vc_row css=\u00bb.vc_custom_1606653988515{padding-top: 80px !important;padding-bottom: 80px !important;background-color: #505050 !important;}\u00bb][vc_column][vc_row_inner][vc_column_inner]\n  <div class=\"testimonials-block\">\n    <div class=\"testimonials-block-i\">\n      <div class=\"row\">\n        <div class=\"title-block\">\n            <h2>Lo que dicen nuestros clientes<\/h2>\n        <\/div>\n\n        <div class=\"testimonials-grid\">\n           <div class=\"testimonial-item\">\n            <div class=\"ti-i\">\n             <img decoding=\"async\" src=\"https:\/\/staging.taski.com\/wp-content\/uploads\/2020\/11\/testimonial-1.jpg\" alt=\"Image\" \/>\n             <div class=\"test-item-content\">\n                <div class=\"test-item-title\">La calidad del aire interior (CAI) fue investigada por un grupo hospitalario estadounidense como &lt;strong&gt;\u00e1rea de mejora&lt;\/strong&gt;.<\/div>\n                <div class=\"test-item-text\"><p>\u201cEl hospital tiene el deber de cuidar a sus pacientes, buscamos sus comentarios. Nos dicen que la higiene est\u00e1 entre los 3 factores principales que son importantes para ellos. Hacemos todo lo posible para mantener los m\u00e1s altos est\u00e1ndares. Pasar a los filtros HEPA instalados en todo nuestro equipo de aspiraci\u00f3n fue una decisi\u00f3n que tomamos para mejorar la calidad del aire no solo en las \u00e1reas cl\u00ednicas. Tambi\u00e9n elegimos la TASKI AERO de ruido ultrabajo para minimizar las molestias para el paciente\u201d.<\/p><\/div>\n             <\/div>\n            <\/div>\n           <\/div>\n           <div class=\"testimonial-item\">\n            <div class=\"ti-i\">\n             <img decoding=\"async\" src=\"https:\/\/staging.taski.com\/wp-content\/uploads\/2020\/11\/testimonial-2.jpg\" alt=\"Image\" \/>\n             <div class=\"test-item-content\">\n                <div class=\"test-item-title\">Un hospital alem\u00e1n que busca &lt;strong&gt;reducir a\u00fan m\u00e1s las tasas de infecci\u00f3n&lt;\/strong&gt; ha estudiado a fondo el mantenimiento de sus equipos de limpieza<\/div>\n                <div class=\"test-item-text\"><p>\u201cHemos trabajado duro para mantener bajo control las infecciones intrahospitalaria en este hospital. Limpiar y desinfectar nuestro equipo de limpieza despu\u00e9s de cada turno es ahora un procedimiento operativo est\u00e1ndar. Los puntos de limpieza amarillos de TASKI y las piezas de mantenimiento f\u00e1ciles de quitar fueron un elemento clave por el que elegimos a TASKI\u201d.<\/p><\/div>\n             <\/div>\n            <\/div>\n           <\/div>\n           <div class=\"testimonial-item\">\n            <div class=\"ti-i\">\n             <img decoding=\"async\" src=\"https:\/\/staging.taski.com\/wp-content\/uploads\/2020\/11\/testimonial-3.jpg\" alt=\"Image\" \/>\n             <div class=\"test-item-content\">\n                <div class=\"test-item-title\">Un gran hospital de una ciudad espa\u00f1ola decidi\u00f3 mecanizar su limpieza despu\u00e9s de evaluar los riesgos para el p\u00fablico por resbalones.<\/div>\n                <div class=\"test-item-text\"><p>\u201cLas personas que usan este hospital a menudo son vulnerable, por lo que hacemos todo lo posible para garantizar que los suelos no solo est\u00e9n limpios, sino tambi\u00e9n higi\u00e9nicamente limpios, y que siempre se dejen completamente secos. Fue una decisi\u00f3n consciente dejar de fregar y mecanizar completamente nuestra limpieza de suelos para garantizar que nuestros suelos est\u00e9n secos y m\u00e1s seguros para el p\u00fablico. TASKI ofrece una soluci\u00f3n para cada suelo en cada parte del hospital\u201d.<\/p><\/div>\n             <\/div>\n            <\/div>\n           <\/div>\n\n        <\/div>\n\n      <\/div>\n    <\/div>\n  <\/div>\n  <div class=\"cl-fl\"><\/div>\n[\/vc_column_inner][\/vc_row_inner][\/vc_column][\/vc_row][vc_row][vc_column][vc_column_text]<\/p>\n<h3 style=\"text-align: center;\">Si desea mas informaci\u00f3n, contacte con su agente TASKI mas cercano<\/h3>\n<p>&nbsp;<\/p>\n<\/div>","protected":false},"excerpt":{"rendered":"<p>Soluciones de m\u00e1quinas TASKI que ofrecen prevenci\u00f3n de infecciones y seguridad para tus pacientes y la comunidad.<\/p>\n","protected":false},"author":1,"featured_media":8570,"parent":7685,"menu_order":583,"comment_status":"closed","ping_status":"closed","template":"","meta":{"_acf_changed":false,"_seopress_robots_primary_cat":"","_seopress_titles_title":"","_seopress_titles_desc":"","_seopress_robots_index":"","inline_featured_image":false,"footnotes":""},"class_list":["post-8581","page","type-page","status-publish","has-post-thumbnail","hentry"],"acf":[],"_links":{"self":[{"href":"https:\/\/staging.taski.com\/es\/wp-json\/wp\/v2\/pages\/8581","targetHints":{"allow":["GET"]}}],"collection":[{"href":"https:\/\/staging.taski.com\/es\/wp-json\/wp\/v2\/pages"}],"about":[{"href":"https:\/\/staging.taski.com\/es\/wp-json\/wp\/v2\/types\/page"}],"author":[{"embeddable":true,"href":"https:\/\/staging.taski.com\/es\/wp-json\/wp\/v2\/users\/1"}],"replies":[{"embeddable":true,"href":"https:\/\/staging.taski.com\/es\/wp-json\/wp\/v2\/comments?post=8581"}],"version-history":[{"count":0,"href":"https:\/\/staging.taski.com\/es\/wp-json\/wp\/v2\/pages\/8581\/revisions"}],"up":[{"embeddable":true,"href":"https:\/\/staging.taski.com\/es\/wp-json\/wp\/v2\/pages\/7685"}],"wp:featuredmedia":[{"embeddable":true,"href":"https:\/\/staging.taski.com\/es\/wp-json\/wp\/v2\/media\/8570"}],"wp:attachment":[{"href":"https:\/\/staging.taski.com\/es\/wp-json\/wp\/v2\/media?parent=8581"}],"curies":[{"name":"wp","href":"https:\/\/api.w.org\/{rel}","templated":true}]}}