{"id":8420,"date":"2020-11-30T14:05:55","date_gmt":"2020-11-30T14:05:55","guid":{"rendered":"https:\/\/taski.com\/soluciones-financieras\/"},"modified":"2021-07-14T07:15:07","modified_gmt":"2021-07-14T07:15:07","slug":"soluciones-financieras","status":"publish","type":"page","link":"https:\/\/staging.taski.com\/es\/soluciones-financieras\/","title":{"rendered":"Soluciones Financieras"},"content":{"rendered":"<div class=\"wpb-content-wrapper\"><p>[vc_row][vc_column]\n  <div class=\"page-intro-block size-fit-image style-dark font-large\">\n         <div class=\"page-intro-block-i\">\n      <div class=\"row\">\n        <div class=\"page-intro-content\">\n            <div class=\"title-block\">\n                                     <h2><span class=\"pt\">Soluciones financieras<\/span>Una gama de opciones de financiaci\u00f3n flexibles que incluyen arrendamiento, alquiler, pago por uso y m\u00e1quinas de segunda mano.<\/h2>\n                                                 <\/div>\n            <div class=\"page-intro-image\">\n                                <div class=\"page-intro-image-alt\">\n                    \n                    <img decoding=\"async\" src=\"https:\/\/staging.taski.com\/wp-content\/uploads\/2020\/12\/financial-solutions-intro.jpg\" alt=\"\" \/>\n\n                <\/div>\n            <\/div>\n        <\/div>\n      <\/div>\n\n\n    <\/div>\n  <\/div>\n  <div class=\"cl-fl\"><\/div>\n[\/vc_column][\/vc_row][vc_row][vc_column]\n  <div class=\"taski-column-block col-2\" style=\"\">\n                        <div class=\"single-block content-only yes-spacing light-grey\">\n              <div class=\"single-block-i\" style=\"background-image:url();\">\n                <div class=\"tbl\"><div class=\"cell\">\n                \n                <div class=\"content\"><h3><strong>Arrendamiento<\/strong><\/h3>\n<p><strong>Las Opciones de Arrendamiento de TASKI son un conjunto de soluciones flexibles y rentables para adquirir m\u00e1quinas TASKI con la garant\u00eda del Servicio TASKI.<\/strong><\/p>\n<p>Las opciones disponibles son: Compra a plazos \/ Contrato de Alquiler \/ Arrendamiento Operativo.<\/p>\n<p>Con o sin servicio en c\u00f3modos pagos mensuales o trimestrales de 1 a 5 a\u00f1os.<\/p>\n<p>Al final de tu contrato puedes elegir entre seguir arrendando el mismo equipo, arrendar un nuevo equipo o simplemente devolverlo.<\/p>\n<p>Estructuramos todos nuestros productos para que tengas el control.<\/p>\n<\/div>\n                                <\/div><\/div>\n              <\/div>\n            <\/div>\n            <div class=\"single-block image-background-cover no-spacing dark-grey\">\n              <div class=\"single-block-i\" style=\"background-image:url(https:\/\/staging.taski.com\/wp-content\/uploads\/2021\/01\/finance_banner-scaled.jpg);\">\n                <div class=\"tbl\"><div class=\"cell\">\n                \n                \n                                <\/div><\/div>\n              <\/div>\n            <\/div>\n  <\/div>\n  <div class=\"cl-fl\"><\/div>\n\n  <div class=\"taski-column-block col-2\" style=\"\">\n                        <div class=\"single-block cta yes-spacing light-grey\">\n              <div class=\"single-block-i\" style=\"background-image:url();\">\n                <div class=\"tbl\"><div class=\"cell\">\n                \n                \n                                  <div class=\"tbl\"><div class=\"cell\">\n                    <div class=\"single-cta-item\">\n                        <div class=\"sci-i\">\n                            <div class=\"sci-item-content\">\n                                <div class=\"t\"><b>\u00bfDesea contactar con nosotros<\/b>?<\/div>\n                                <div class=\"b\"><a href=\"\/news-help-contacts\/ask-paul-contact\/\">Cont\u00e1ctenosS<\/a><\/div>\n                            <\/div>\n                        <\/div>\n                    <\/div>\n                  <\/div><\/div>\n                                <\/div><\/div>\n              <\/div>\n            <\/div>\n            <div class=\"single-block content-only yes-spacing dark-grey\">\n              <div class=\"single-block-i\" style=\"background-image:url();\">\n                <div class=\"tbl\"><div class=\"cell\">\n                \n                <div class=\"content\"><p>&nbsp;<\/p>\n<\/div>\n                                <\/div><\/div>\n              <\/div>\n            <\/div>\n  <\/div>\n  <div class=\"cl-fl\"><\/div>\n[\/vc_column][\/vc_row][vc_row][vc_column]\n  <div class=\"taski-column-block col-2\" style=\"\">\n                        <div class=\"single-block all no-spacing white\">\n              <div class=\"single-block-i\" style=\"background-image:url(https:\/\/staging.taski.com\/wp-content\/uploads\/2020\/12\/Rental-scaled.jpg);\">\n                <div class=\"tbl\"><div class=\"cell\">\n                <div class=\"image\"><img decoding=\"async\" src=\"https:\/\/staging.taski.com\/wp-content\/uploads\/2020\/12\/Rental-scaled.jpg\"\/><\/div>\n                \n                                <\/div><\/div>\n              <\/div>\n            <\/div>\n            <div class=\"single-block content-only yes-spacing light-grey\">\n              <div class=\"single-block-i\" style=\"background-image:url();\">\n                <div class=\"tbl\"><div class=\"cell\">\n                \n                <div class=\"content\"><h3><strong>Alquiler<\/strong><\/h3>\n<p><strong>Alquiler TASKI (Alquiler y Limpieza) responde a la necesidad de una tendencia creciente de acceso flexible a las m\u00e1quinas durante un per\u00edodo m\u00e1s corto sin tener que poseer o arrendar un activo.<\/strong><\/p>\n<p>No importa el tiempo que necesites, una semana o un par de meses, tenemos una amplia gama de fregadoras secadoras a bater\u00eda disponibles para que alquiles.<\/p>\n<p>Desde las peque\u00f1as fregadoras de empuje hasta las grandes fregadoras con conductor, tenemos la m\u00e1quina adecuada para satisfacer tus necesidades. Todas las m\u00e1quinas se entregar\u00e1n in situ y se impartir\u00e1 formaci\u00f3n a los usuarios.<\/p>\n<p>Nuestra completa telemetr\u00eda IntelliTrail proporciona un seguimiento de los activos las 24 horas del d\u00eda.<\/p>\n<p>Para m\u00e1s detalles sobre la disponibilidad en tu pa\u00eds, haz clic en nuestra <a href=\"https:\/\/taski.com\/news-help-contacts\/ask-paul-contact\/\">p\u00e1gina de contacto<\/a>.<\/p>\n<\/div>\n                                <\/div><\/div>\n              <\/div>\n            <\/div>\n  <\/div>\n  <div class=\"cl-fl\"><\/div>\n\n  <div class=\"taski-column-block col-2\" style=\"\">\n                        <div class=\"single-block content-only yes-spacing white\">\n              <div class=\"single-block-i\" style=\"background-image:url();\">\n                <div class=\"tbl\"><div class=\"cell\">\n                \n                <div class=\"content\"><p>&nbsp;<\/p>\n<h3><strong>Alquiler sencillo<\/strong><\/h3>\n<p><strong>TASKI le ofrece la posibilidad de hacer un alquiler de corta duraci\u00f3n , adaptable al tiempo de uso de las m\u00e1quinas.<\/strong><\/p>\n<p>Nuestra completa gama de parque m\u00e1quinas nos permite ofrecerle un sistema de alquiler sencillo y c\u00f3modo.<\/p>\n<p>Para m\u00e1s detalles sobre la disponibilidad en tu pa\u00eds, haz clic en nuestra <a href=\"https:\/\/taski.com\/news-help-contacts\/ask-paul-contact\/\">p\u00e1gina de contacto<\/a>.<\/p>\n<\/div>\n                                <\/div><\/div>\n              <\/div>\n            <\/div>\n            <div class=\"single-block all yes-spacing dark-grey\">\n              <div class=\"single-block-i\" style=\"background-image:url(https:\/\/staging.taski.com\/wp-content\/uploads\/2020\/12\/Pay-per-use-scaled.jpeg);\">\n                <div class=\"tbl\"><div class=\"cell\">\n                <div class=\"image\"><img decoding=\"async\" src=\"https:\/\/staging.taski.com\/wp-content\/uploads\/2020\/12\/Pay-per-use-scaled.jpeg\"\/><\/div>\n                \n                                <\/div><\/div>\n              <\/div>\n            <\/div>\n  <\/div>\n  <div class=\"cl-fl\"><\/div>\n\n  <div class=\"taski-column-block col-2\" style=\"\">\n                        <div class=\"single-block cta yes-spacing light-grey\">\n              <div class=\"single-block-i\" style=\"background-image:url();\">\n                <div class=\"tbl\"><div class=\"cell\">\n                \n                \n                                  <div class=\"tbl\"><div class=\"cell\">\n                    <div class=\"single-cta-item\">\n                        <div class=\"sci-i\">\n                            <div class=\"sci-item-content\">\n                                <div class=\"t\"><b>\u00bfDesea contactar con nosotros<\/b><\/div>\n                                <div class=\"b\"><a href=\"\/news-help-contacts\/ask-paul-contact\/\">CONT\u00c1CTENOS<\/a><\/div>\n                            <\/div>\n                        <\/div>\n                    <\/div>\n                  <\/div><\/div>\n                                <\/div><\/div>\n              <\/div>\n            <\/div>\n            <div class=\"single-block content-only yes-spacing dark-grey\">\n              <div class=\"single-block-i\" style=\"background-image:url();\">\n                <div class=\"tbl\"><div class=\"cell\">\n                \n                <div class=\"content\"><p>&nbsp;<\/p>\n<\/div>\n                                <\/div><\/div>\n              <\/div>\n            <\/div>\n  <\/div>\n  <div class=\"cl-fl\"><\/div>\n[\/vc_column][\/vc_row][vc_row][vc_column]\n  <div class=\"taski-column-block col-2\" style=\"\">\n                        <div class=\"single-block image-background-cover no-spacing white\">\n              <div class=\"single-block-i\" style=\"background-image:url(https:\/\/staging.taski.com\/wp-content\/uploads\/2020\/12\/machines.jpg);\">\n                <div class=\"tbl\"><div class=\"cell\">\n                \n                \n                                <\/div><\/div>\n              <\/div>\n            <\/div>\n            <div class=\"single-block content-only yes-spacing light-grey\">\n              <div class=\"single-block-i\" style=\"background-image:url();\">\n                <div class=\"tbl\"><div class=\"cell\">\n                \n                <div class=\"content\"><h3><strong>M\u00e1quinas de re estreno<\/strong><\/h3>\n<p><strong>El programa de m\u00e1quinas de segunda mano de TASKI ofrece la oportunidad de probar la calidad y la fiabilidad de TASKI en forma de m\u00e1quinas de segunda mano cuidadosamente preparadas y revisadas.<\/strong><\/p>\n<p>Los expertos en limpieza e higiene comprenden el coste total de propiedad (TCO) y el coste total de uso (TCU) superiores de TASKI. El dise\u00f1o, la calidad y la fiabilidad de TASKI son legendarios. Las m\u00e1quinas de segunda mano preparadas para la reventa por TASKI se someten a pruebas de calidad muy exigentes. T\u00fa esperas lo mejor, las mejores m\u00e1quinas de segunda mano solo est\u00e1n disponibles en TASKI.<\/p>\n<p>Para m\u00e1s detalles sobre la disponibilidad en tu pa\u00eds, haz clic en nuestra <a href=\"https:\/\/taski.com\/news-help-contacts\/ask-paul-contact\/\">p\u00e1gina de contacto<\/a>.<\/p>\n<\/div>\n                                <\/div><\/div>\n              <\/div>\n            <\/div>\n  <\/div>\n  <div class=\"cl-fl\"><\/div>\n\n  <div class=\"taski-column-block col-2\" style=\"\">\n                        <div class=\"single-block content-only yes-spacing white\">\n              <div class=\"single-block-i\" style=\"background-image:url();\">\n                <div class=\"tbl\"><div class=\"cell\">\n                \n                <div class=\"content\"><p>&nbsp;<\/p>\n<\/div>\n                                <\/div><\/div>\n              <\/div>\n            <\/div>\n            <div class=\"single-block cta yes-spacing light-grey\">\n              <div class=\"single-block-i\" style=\"background-image:url();\">\n                <div class=\"tbl\"><div class=\"cell\">\n                \n                \n                                  <div class=\"tbl\"><div class=\"cell\">\n                    <div class=\"single-cta-item\">\n                        <div class=\"sci-i\">\n                            <div class=\"sci-item-content\">\n                                <div class=\"t\"><b>\u00bfDesea contactar con nosotros?<\/b><\/div>\n                                <div class=\"b\"><a href=\"\/news-help-contacts\/ask-paul-contact\/\">CONTACT US<\/a><\/div>\n                            <\/div>\n                        <\/div>\n                    <\/div>\n                  <\/div><\/div>\n                                <\/div><\/div>\n              <\/div>\n            <\/div>\n  <\/div>\n  <div class=\"cl-fl\"><\/div>\n[\/vc_column][\/vc_row][vc_row][vc_column]\n  <div class=\"three-cta-block\">\n    <div class=\"three-cta-block-i\">\n      <div class=\"row\">\n        <div class=\"three-cta-block-grid\">\n           <div class=\"three-cta-item\">\n            <div class=\"tci-i\">\n             <div class=\"tci-item-content\">\n                <h5>&lt;strong&gt;Quieres&lt;\/strong&gt;<br \/>\ndescubrir<br \/>\nm\u00e1s<\/h5>\n                <a href=\"\/products-innovations-solutions\/\"><p>SOLUCIONES<br \/>\nPARA TU<br \/>\nINDUSTRIA<\/p><\/a>\n             <\/div>\n            <\/div>\n           <\/div>\n           <div class=\"three-cta-item\">\n            <div class=\"tci-i\">\n             <div class=\"tci-item-content\">\n                <h5>&lt;strong&gt;Busca en&lt;\/strong&gt;<br \/>\nnuestro selector<br \/>\nTASKI<\/h5>\n                <a href=\"\/taski-selector\/\"><p>DESCUBRE<br \/>\nTU<br \/>\nTASKI<\/p><\/a>\n             <\/div>\n            <\/div>\n           <\/div>\n           <div class=\"three-cta-item\">\n            <div class=\"tci-i\">\n             <div class=\"tci-item-content\">\n                <h5>&lt;strong&gt;Quieres&lt;\/strong&gt;<br \/>\nponerte en<br \/>\ncontacto<\/h5>\n                <a href=\"\/news-help-contacts\/ask-paul-contact\/\"><p>CONT\u00c1CTANOS<br \/>\n\/<\/p><\/a>\n             <\/div>\n            <\/div>\n           <\/div>\n        <\/div>\n      <\/div>\n    <\/div>\n  <\/div>\n  <div class=\"cl-fl\"><\/div>\n[\/vc_column][\/vc_row]<\/p>\n<\/div>","protected":false},"excerpt":{"rendered":"<p>[vc_row][vc_column][\/vc_column][\/vc_row][vc_row][vc_column][\/vc_column][\/vc_row][vc_row][vc_column][\/vc_column][\/vc_row][vc_row][vc_column][\/vc_column][\/vc_row][vc_row][vc_column][\/vc_column][\/vc_row]<\/p>\n","protected":false},"author":1,"featured_media":0,"parent":0,"menu_order":737,"comment_status":"closed","ping_status":"closed","template":"","meta":{"_acf_changed":false,"_seopress_robots_primary_cat":"","_seopress_titles_title":"","_seopress_titles_desc":"","_seopress_robots_index":"","inline_featured_image":false,"footnotes":""},"class_list":["post-8420","page","type-page","status-publish","hentry"],"acf":[],"_links":{"self":[{"href":"https:\/\/staging.taski.com\/es\/wp-json\/wp\/v2\/pages\/8420","targetHints":{"allow":["GET"]}}],"collection":[{"href":"https:\/\/staging.taski.com\/es\/wp-json\/wp\/v2\/pages"}],"about":[{"href":"https:\/\/staging.taski.com\/es\/wp-json\/wp\/v2\/types\/page"}],"author":[{"embeddable":true,"href":"https:\/\/staging.taski.com\/es\/wp-json\/wp\/v2\/users\/1"}],"replies":[{"embeddable":true,"href":"https:\/\/staging.taski.com\/es\/wp-json\/wp\/v2\/comments?post=8420"}],"version-history":[{"count":0,"href":"https:\/\/staging.taski.com\/es\/wp-json\/wp\/v2\/pages\/8420\/revisions"}],"wp:attachment":[{"href":"https:\/\/staging.taski.com\/es\/wp-json\/wp\/v2\/media?parent=8420"}],"curies":[{"name":"wp","href":"https:\/\/api.w.org\/{rel}","templated":true}]}}