{"id":8402,"date":"2020-11-30T14:05:31","date_gmt":"2020-11-30T14:05:31","guid":{"rendered":"https:\/\/taski.com\/selector-taski\/"},"modified":"2021-11-30T13:05:30","modified_gmt":"2021-11-30T13:05:30","slug":"selector-taski","status":"publish","type":"page","link":"https:\/\/staging.taski.com\/es\/selector-taski\/","title":{"rendered":"Selector TASKI"},"content":{"rendered":"<div class=\"wpb-content-wrapper\"><p>[vc_row][vc_column]\n  <div class=\"page-intro-block size-fit-image style-dark font-medium\">\n         <div class=\"page-intro-block-i\">\n      <div class=\"row\">\n        <div class=\"page-intro-content\">\n            <div class=\"title-block\">\n                                     <h2>Seleccionar y configurar el \u00f3ptimo<br \/>\nsoluci\u00f3n para sus necesidades de limpieza<\/h2>\n                    <p>TASKI Selector es una \u00fatil herramienta de modelado que le ayudar\u00e1 a &lt;strong&gt; encontrar la m\u00e1quina perfecta. &lt;\/strong&gt;<br \/>\nPuede &lt;strong&gt; crear su propia configuraci\u00f3n \u00daLTIMA. &lt;\/strong&gt;<br \/>\nIncluso puede calcular el &lt;strong&gt; Costo total de limpieza &lt;\/strong&gt; para las 3 m\u00e1quinas preseleccionadas principales en funci\u00f3n de sus selecciones.<\/p>\n                             <\/div>\n            <div class=\"page-intro-image\">\n                                <div class=\"page-intro-image-alt\">\n                    \n                    <img decoding=\"async\" src=\"https:\/\/staging.taski.com\/wp-content\/uploads\/2020\/12\/fleet-management.jpg\" alt=\"\" \/>\n\n                <\/div>\n            <\/div>\n        <\/div>\n      <\/div>\n\n\n    <\/div>\n  <\/div>\n  <div class=\"cl-fl\"><\/div>\n[\/vc_column][\/vc_row][vc_row][vc_column]\n    <div class=\"taski-selector-block\">\n        <div class=\"row\">\n            \n            <div class=\"taski-selector-title\">Hemos ideado 3 formas de ayudarte a elegir tu m\u00e1quina de limpieza Definitiva<\/div>\n            \n            <div class=\"taski-selector-nav\">\n                <div class=\"taski-selector-nav-item\">        \n                    <a href=\"\/taski-selector\/machine-finder\/\">\n                        <div class=\"sq\">\n                            <div class=\"image\"><img decoding=\"async\" src=\"https:\/\/staging.taski.com\/wp-content\/uploads\/2020\/12\/85288_IntelliTrail.png\" \/><\/div>\n                            <h3>Buscador <strong>de m\u00e1quinas<\/strong><\/h3>       \n                        <\/div>\n                        <p>Siga nuestro sencillo proceso <br \/>para\nayudarlo a encontrar la<br \/>mejor m\u00e1quina\npara su industria.\n<\/p>\n                    <\/a>    \n                <\/div>\n                <div class=\"taski-selector-nav-item\">        \n                    <a href=\"\/taski-selector\/machine-builder\/\">\n                        <div class=\"sq\">\n                            <div class=\"image\"><img decoding=\"async\" src=\"https:\/\/staging.taski.com\/wp-content\/uploads\/2020\/12\/85288-Tools-and-accessories.png\" \/><\/div>\n                            <h3>Configurador <strong>de m\u00e1quinas<\/strong><\/h3>       \n                        <\/div>\n                        <p>Construya y configure <br \/>su propia m\u00e1quina <\/p>\n                    <\/a>    \n                <\/div>\n                <div class=\"taski-selector-nav-item\">        \n                    <a href=\"\/taski-selector\/cost-calculator\/\">\n                        <div class=\"sq\">\n                            <div class=\"image\"><img decoding=\"async\" src=\"https:\/\/staging.taski.com\/wp-content\/uploads\/2020\/12\/85288_Cost.png\" \/><\/div>\n                            <h3>Calculador de <strong>coste en uso<\/strong><\/h3>       \n                        <\/div>\n                        <p>Compare y seleccione la <br \/>m\u00e1quina que mejor se adapta <br \/>a sus necesidades.<\/p>\n                    <\/a>    \n                <\/div>                                \n            <\/div>\n        \n        <\/div>         \n    <\/div>                \n   \n[\/vc_column][\/vc_row][vc_row][vc_column]\n  <div class=\"page-description-block style-dark\">\n    <div class=\"page-description-block-i\">\n      <div class=\"row\">\n        <div class=\"page-description-content\">\n          <\/div><\/div><\/div><\/div><\/p>\n<h2>The TASKI Selector is a highly<br \/>\nsophisticated modelling tool<br \/>\nto model the <strong>perfect machine<\/strong><br \/>\n<strong>selection<\/strong> which even calculates<br \/>\nyour Total Cost of Ownership.<\/h2>\n<p>You decide which model and which options, give you your<br \/>\nULTIMATE configuration.<\/p>\n        <\/div>\n      \n    \n  \n  <div class=\"cl-fl\"><\/div>\n[\/vc_column][\/vc_row]\n","protected":false},"excerpt":{"rendered":"<p>[vc_row][vc_column][\/vc_column][\/vc_row][vc_row][vc_column][\/vc_column][\/vc_row][vc_row][vc_column][\/vc_column][\/vc_row]<\/p>\n","protected":false},"author":1,"featured_media":0,"parent":0,"menu_order":710,"comment_status":"closed","ping_status":"closed","template":"page-selector.php","meta":{"_acf_changed":false,"_seopress_robots_primary_cat":"","_seopress_titles_title":"","_seopress_titles_desc":"","_seopress_robots_index":"","inline_featured_image":false,"footnotes":""},"class_list":["post-8402","page","type-page","status-publish","hentry"],"acf":[],"_links":{"self":[{"href":"https:\/\/staging.taski.com\/es\/wp-json\/wp\/v2\/pages\/8402","targetHints":{"allow":["GET"]}}],"collection":[{"href":"https:\/\/staging.taski.com\/es\/wp-json\/wp\/v2\/pages"}],"about":[{"href":"https:\/\/staging.taski.com\/es\/wp-json\/wp\/v2\/types\/page"}],"author":[{"embeddable":true,"href":"https:\/\/staging.taski.com\/es\/wp-json\/wp\/v2\/users\/1"}],"replies":[{"embeddable":true,"href":"https:\/\/staging.taski.com\/es\/wp-json\/wp\/v2\/comments?post=8402"}],"version-history":[{"count":0,"href":"https:\/\/staging.taski.com\/es\/wp-json\/wp\/v2\/pages\/8402\/revisions"}],"wp:attachment":[{"href":"https:\/\/staging.taski.com\/es\/wp-json\/wp\/v2\/media?parent=8402"}],"curies":[{"name":"wp","href":"https:\/\/api.w.org\/{rel}","templated":true}]}}