{"id":8398,"date":"2020-11-30T13:53:33","date_gmt":"2020-11-30T13:53:33","guid":{"rendered":"https:\/\/taski.com\/productos-innovaciones-y-soluciones\/productos\/"},"modified":"2021-07-09T08:50:10","modified_gmt":"2021-07-09T08:50:10","slug":"productos","status":"publish","type":"page","link":"https:\/\/staging.taski.com\/es\/productos-innovaciones-y-soluciones\/productos\/","title":{"rendered":"Productos"},"content":{"rendered":"<div class=\"wpb-content-wrapper\"><p>[vc_row el_id=\u00bbmain-banner\u00bb][vc_column]\n  <div class=\"main-banner-block full-width content-video-no\" style=\"background-image:url(https:\/\/staging.taski.com\/wp-content\/uploads\/2020\/12\/Aero_8_plus_0036g-scaled.jpg);\">\n         <div class=\"main-banner-block-i\">\n      <div class=\"row\">\n       <div class=\"mbb-fl\">\n        <div class=\"main-banner-block-content\">\n            <h2>Examina el Cat\u00e1logo de TASKI<br \/>\no prueba nuestro Selector TASKI<br \/>\npara encontrar tu m\u00e1quina de limpieza<br \/>\nDEFINITIVA<\/h2>\n            <div class=\"button-wrapper\">\n                        <\/div>\n        <\/div>\n               <\/div>\n      <\/div>\n\n\n    <\/div>\n  <\/div>\n  <div class=\"cl-fl\"><\/div>\n[\/vc_column][\/vc_row][vc_row css=\u00bb.vc_custom_1606749717145{padding-top: 90px !important;padding-bottom: 190px !important;}\u00bb el_id=\u00bbfull-width-categories\u00bb][vc_column][vc_row_inner el_class=\u00bbfull-width-categories\u00bb][vc_column_inner]\n  <div class=\"cleaning-machines-grid-block full-width\" style=\"\">\n    <div class=\"cleaning-machines-grid-block-i\">\n      <div class=\"row\">\n       <div class=\"clman-grid-row\">\n        <div class=\"clman-intro-block\">\n          <p>Te ayudamos a encontrar tu m\u00e1quina de limpieza perfecta.<\/p>\n          <div class=\"clman-contact\"><a href=\"\">Contacte con<br \/>Nosotros<\/a><\/div>\n\n\n        <\/div>\n        <div class=\"clman-grid-block\">\n            <div class=\"clman-grid\">\n\n                              <div class=\"clman-grid-item\">\n               <a href=\"https:\/\/staging.taski.com\/products-innovations-solutions\/products\/scrubber-driers\/\">\n                <div class=\"front\"><img decoding=\"async\" src=\"https:\/\/staging.taski.com\/wp-content\/uploads\/2020\/12\/scrubbers-driers.png\" \/><div class=\"desc\"><h6>Fregadoras<\/h6><p>Las fregadoras TASKI son la cumbre de la excelencia en la limpieza. Ofrecen el resultado de limpieza EXCEPCIONAL con una ergonom\u00eda inigualable. Excelente productividad que le ayudar\u00e1 a reducir el coste de la limpieza\r\n\r\n\r\n\r\n\r\n\r\n\r\n\r\n\r\n\r\n\r\n\r\n<\/p><\/div><\/div>\n                <div class=\"back\"><\/div>\n               <\/a>\n              <\/div>\n                              <div class=\"clman-grid-item\">\n               <a href=\"https:\/\/staging.taski.com\/products-innovations-solutions\/products\/single-discs\/\">\n                <div class=\"front\"><img decoding=\"async\" src=\"https:\/\/staging.taski.com\/wp-content\/uploads\/2020\/12\/single-discs.png\" \/><div class=\"desc\"><h6>Rotativas<\/h6><p>Las ergodiscs TASKI son legendarias por su calidad y fiabilidad. Su dise\u00f1o, construcci\u00f3n y precisi\u00f3n inigualables hacen que puedan afrontar cualquier tarea de limpieza de suelos por dif\u00edcil que esta sea.<\/p><\/div><\/div>\n                <div class=\"back\"><\/div>\n               <\/a>\n              <\/div>\n                              <div class=\"clman-grid-item\">\n               <a href=\"https:\/\/staging.taski.com\/products-innovations-solutions\/products\/sweepers\/\">\n                <div class=\"front\"><img decoding=\"async\" src=\"https:\/\/staging.taski.com\/wp-content\/uploads\/2021\/01\/Balimat_1600_015_scale-300x300.png\" \/><div class=\"desc\"><h6>Barredoras<\/h6><p>La gama de barredoras de conductor acompa\u00f1ante y conductor sentado de TASKI incorpora el exclusivo sistema TRS (sistema de rodillos en t\u00e1ndem) para una mayor recogida de residuos y eliminaci\u00f3n de polvo.<\/p><\/div><\/div>\n                <div class=\"back\"><\/div>\n               <\/a>\n              <\/div>\n                              <div class=\"clman-grid-item\">\n               <a href=\"https:\/\/staging.taski.com\/products-innovations-solutions\/products\/vacuum-cleaners\/\">\n                <div class=\"front\"><img decoding=\"async\" src=\"https:\/\/staging.taski.com\/wp-content\/uploads\/2020\/12\/vacuums.png\" \/><div class=\"desc\"><h6>Aspiradores de polvo<\/h6><p>Las aspiradoras TASKI AERO y Jet &amp; Vacumat incluyen modelos que utilizan las \u00faltimas tecnolog\u00edas de motores digitales y bater\u00edas de litio para un rendimiento y una autonom\u00eda extraordinarios. Los motores patentados Whisper proporcionan unos costes energ\u00e9ticos significativamente menores y unos niveles sonoros sorprendentemente bajos.<\/p><\/div><\/div>\n                <div class=\"back\"><\/div>\n               <\/a>\n              <\/div>\n                              <div class=\"clman-grid-item\">\n               <a href=\"https:\/\/staging.taski.com\/products-innovations-solutions\/products\/carpet-care\/\">\n                <div class=\"front\"><img decoding=\"async\" src=\"https:\/\/staging.taski.com\/wp-content\/uploads\/2020\/12\/carpet-care.png\" \/><div class=\"desc\"><h6>Cuidado de alfombras<\/h6><p>Las m\u00e1quinas TASKI aquamat y procarpet ofrecen unos resultados de limpieza en profundidad excepcionales. Un secado excepcional combinado con el rendimiento de limpieza profunda de sus cepillos hace que los modelos procarpet ofrezcan los mejores resultados de su clase.<\/p><\/div><\/div>\n                <div class=\"back\"><\/div>\n               <\/a>\n              <\/div>\n                              <div class=\"clman-grid-item\">\n               <a href=\"https:\/\/staging.taski.com\/products-innovations-solutions\/products\/robotics\/\">\n                <div class=\"front\"><img decoding=\"async\" src=\"https:\/\/staging.taski.com\/wp-content\/uploads\/2023\/02\/robotics-category-image-l-300x300.png\" \/><div class=\"desc\"><h6>Rob\u00f3tica<\/h6><p>Saque provecho a todo el potencial de la aspiraci\u00f3n automatizada de suelos textiles y suelos duros con las nuevas ECOBOT 50 Pro y ECOBOT 40<\/p><\/div><\/div>\n                <div class=\"back\"><\/div>\n               <\/a>\n              <\/div>\n                              <div class=\"clman-grid-item\">\n               <a href=\"https:\/\/staging.taski.com\/products-innovations-solutions\/products\/steam-cleaners\/\">\n                <div class=\"front\"><img decoding=\"async\" src=\"https:\/\/staging.taski.com\/wp-content\/uploads\/2021\/02\/Dampfgeraet_016-1.png\" \/><div class=\"desc\"><h6>Vaporetas<\/h6><p>Las vaporetas TASKI son una gama de limpiadores de vapor aptos para trabajos pesados. Una gama de vapor solo, de vapor y aspiraci\u00f3n , y de vapor, aspiraci\u00f3n y detergente. Todas ellas utilizan vapor seco de alta presi\u00f3n y alta temperatura procedente de su sistema de calder\u00edn continuo<\/p><\/div><\/div>\n                <div class=\"back\"><\/div>\n               <\/a>\n              <\/div>\n                              <div class=\"clman-grid-item\">\n               <a href=\"https:\/\/staging.taski.com\/products-innovations-solutions\/products\/sprayers\/\">\n                <div class=\"front\"><img decoding=\"async\" src=\"https:\/\/staging.taski.com\/wp-content\/uploads\/2021\/02\/Sprayer15-image4-recut-final.png\" \/><div class=\"desc\"><h6>Pulverizadores<\/h6><p>Los pulverizadores TASKI incluyen el pulverizador de mochila BP 15 con motor de litio que facilita el trabajo de pulverizaci\u00f3n en espacios peque\u00f1os y medianos.<\/p><\/div><\/div>\n                <div class=\"back\"><\/div>\n               <\/a>\n              <\/div>\n                \n            <\/div>\n\n        <\/div>\n       <\/div>\n\n\n      <\/div>\n\n   <\/div>\n  <\/div>\n  <div class=\"cl-fl\"><\/div>\n[\/vc_column_inner][\/vc_row_inner][\/vc_column][\/vc_row][vc_row css=\u00bb.vc_custom_1606750435278{padding-top: 90px !important;}\u00bb][vc_column]\n  <div class=\"page-description-block style-dark\">\n    <div class=\"page-description-block-i\">\n      <div class=\"row\">\n        <div class=\"page-description-content\">\n          <\/div><\/div><\/div><\/div><\/p>\n<h2>TASKI ofrece las <strong>mejores m\u00e1quinas de limpieza de su clase<\/strong> que<br \/>\nofrecen resultados superiores.<\/h2>\n<p>La combinaci\u00f3n de tecnolog\u00eda innovadora y dise\u00f1o<br \/>\nergon\u00f3mico facilitan una mejor limpieza.<\/p>\n<p>La m\u00e1quina ideal que satisface tus necesidades.<\/p>\n        <\/div>\n      \n    \n  \n  <div class=\"cl-fl\"><\/div>\n[\/vc_column][\/vc_row][vc_row css=\u00bb.vc_custom_1606750505039{padding-top: 40px !important;padding-bottom: 40px !important;}\u00bb][vc_column]\n  <div class=\"three-cta-block\">\n    <div class=\"three-cta-block-i\">\n      <div class=\"row\">\n        <div class=\"three-cta-block-grid\">\n           <div class=\"three-cta-item\">\n            <div class=\"tci-i\">\n             <div class=\"tci-item-content\">\n                <h5>&lt;strong&gt;Utiliza nuestro&lt;\/strong&gt;<br \/>\nSelector<br \/>\nTASKI<\/h5>\n                <a href=\"\/products-innovations-solutions\/\"><p>PRODUCTOS, SOLUCIONES <br \/> E INNOVACIONES <br \/><\/p><\/a>\n             <\/div>\n            <\/div>\n           <\/div>\n           <div class=\"three-cta-item\">\n            <div class=\"tci-i\">\n             <div class=\"tci-item-content\">\n                <h5>&lt;strong&gt;Consulta las \u00faltimas&lt;\/strong&gt;<br \/>\nInnovaciones<br \/>\nde TASKI<\/h5>\n                <a href=\"\/shop\/\"><p>MI<br \/>TASKI<br \/>TIENDA<\/p><\/a>\n             <\/div>\n            <\/div>\n           <\/div>\n           <div class=\"three-cta-item\">\n            <div class=\"tci-i\">\n             <div class=\"tci-item-content\">\n                <h5>&lt;strong&gt;Ponte en contacto&lt;\/strong&gt;<br \/>\ncon<br \/>\nnosotros<\/h5>\n                <a href=\"\/news-help-contacts\/\"><p>CONTACTO<br \/>EE.UU.<\/p><\/a>\n             <\/div>\n            <\/div>\n           <\/div>\n        <\/div>\n      <\/div>\n    <\/div>\n  <\/div>\n  <div class=\"cl-fl\"><\/div>\n[\/vc_column][\/vc_row]\n","protected":false},"excerpt":{"rendered":"<p>[vc_row el_id=\u00bbmain-banner\u00bb][vc_column][\/vc_column][\/vc_row][vc_row css=\u00bb.vc_custom_1606749717145{padding-top: 90px !important;padding-bottom: 190px !important;}\u00bb el_id=\u00bbfull-width-categories\u00bb][vc_column][vc_row_inner el_class=\u00bbfull-width-categories\u00bb][vc_column_inner][\/vc_column_inner][\/vc_row_inner][\/vc_column][\/vc_row][vc_row css=\u00bb.vc_custom_1606750435278{padding-top: 90px !important;}\u00bb][vc_column][\/vc_column][\/vc_row][vc_row css=\u00bb.vc_custom_1606750505039{padding-top: 40px !important;padding-bottom: 40px !important;}\u00bb][vc_column][\/vc_column][\/vc_row]<\/p>\n","protected":false},"author":1,"featured_media":0,"parent":7716,"menu_order":357,"comment_status":"closed","ping_status":"closed","template":"","meta":{"_acf_changed":false,"_seopress_robots_primary_cat":"","_seopress_titles_title":"","_seopress_titles_desc":"","_seopress_robots_index":"","inline_featured_image":false,"footnotes":""},"class_list":["post-8398","page","type-page","status-publish","hentry"],"acf":[],"_links":{"self":[{"href":"https:\/\/staging.taski.com\/es\/wp-json\/wp\/v2\/pages\/8398","targetHints":{"allow":["GET"]}}],"collection":[{"href":"https:\/\/staging.taski.com\/es\/wp-json\/wp\/v2\/pages"}],"about":[{"href":"https:\/\/staging.taski.com\/es\/wp-json\/wp\/v2\/types\/page"}],"author":[{"embeddable":true,"href":"https:\/\/staging.taski.com\/es\/wp-json\/wp\/v2\/users\/1"}],"replies":[{"embeddable":true,"href":"https:\/\/staging.taski.com\/es\/wp-json\/wp\/v2\/comments?post=8398"}],"version-history":[{"count":0,"href":"https:\/\/staging.taski.com\/es\/wp-json\/wp\/v2\/pages\/8398\/revisions"}],"up":[{"embeddable":true,"href":"https:\/\/staging.taski.com\/es\/wp-json\/wp\/v2\/pages\/7716"}],"wp:attachment":[{"href":"https:\/\/staging.taski.com\/es\/wp-json\/wp\/v2\/media?parent=8398"}],"curies":[{"name":"wp","href":"https:\/\/api.w.org\/{rel}","templated":true}]}}