{"id":8345,"date":"2020-11-30T09:07:09","date_gmt":"2020-11-30T09:07:09","guid":{"rendered":"https:\/\/taski.com\/por-que-taski\/consejos-de-los-expertos\/"},"modified":"2022-09-15T09:06:01","modified_gmt":"2022-09-15T09:06:01","slug":"consejos-de-los-expertos","status":"publish","type":"page","link":"https:\/\/staging.taski.com\/es\/por-que-taski\/consejos-de-los-expertos\/","title":{"rendered":"Consejos de los Expertos"},"content":{"rendered":"<div class=\"wpb-content-wrapper\"><p>[vc_row][vc_column]\n  <div class=\"page-intro-block size-fit-image style-dark font-large\">\n         <div class=\"page-intro-block-i\">\n      <div class=\"row\">\n        <div class=\"page-intro-content\">\n            <div class=\"title-block\">\n                                     <h2>Empezamos con &lt;strong&gt; experto &lt;\/strong&gt;<br \/>\nConsejo<\/h2>\n                                                 <\/div>\n            <div class=\"page-intro-image\">\n                                <div class=\"page-intro-image-alt\">\n                    \n                    <img decoding=\"async\" src=\"https:\/\/staging.taski.com\/wp-content\/uploads\/2020\/12\/expert-advice-1.jpg\" alt=\"\" \/>\n\n                <\/div>\n            <\/div>\n        <\/div>\n      <\/div>\n\n\n    <\/div>\n  <\/div>\n  <div class=\"cl-fl\"><\/div>\n[\/vc_column][\/vc_row][vc_row css=\u00bb.vc_custom_1608124915381{padding-top: 70px !important;padding-bottom: 90px !important;}\u00bb][vc_column]\n\n\n  <div class=\"taski-carousel-block\">\n    <div class=\"taski-carousel-block-i\">\n      <div class=\"row\">\n       <div class=\"taski-carousel-holder\">\n        <div class=\"taski-carousel owl-carousel owl-theme\" id=\"taski-carousel\">\n                               <div class=\"item taski-slide\">\n              <div class=\"its-i\">\n                <div class=\"media-w\">\n                    <div class=\"image\">\n                      <div class=\"image-i\">\n                        <img decoding=\"async\" src=\"https:\/\/staging.taski.com\/wp-content\/uploads\/2021\/01\/Sinners-Circle.png\" \/>\n                      <\/div>\n                    <\/div>\n                <\/div>\n                <div class=\"text\">\n                    <div class=\"title\">El C\u00edrculo de la limpieza<\/div>\n                    <p>En TASKI y Diversey entendemos realmente todos los aspectos de la limpieza y la higiene. Nuestra amplia cartera de productos nos sit\u00faa en una posici\u00f3n ideal para ser tu socio completo en materia de higiene.<\/p>\n                    <div class=\"btn\"><a href=\"https:\/\/staging.taski.com\/es\/por-que-taski\/consejos-de-los-expertos\/el-circulo-de-pecadores\/\">DESCUBRA MAS<\/a><\/div>\n                <\/div>\n              <\/div>\n            <\/div>\n                                <div class=\"item taski-slide\">\n              <div class=\"its-i\">\n                <div class=\"media-w\">\n                    <div class=\"image\">\n                      <div class=\"image-i\">\n                        <img decoding=\"async\" src=\"https:\/\/staging.taski.com\/wp-content\/uploads\/2020\/12\/electronic-tools-1.jpg\" \/>\n                      <\/div>\n                    <\/div>\n                <\/div>\n                <div class=\"text\">\n                    <div class=\"title\">Herramientas electr\u00f3nicas<\/div>\n                    <p>Herramientas electr\u00f3nicas para que puedas ser tu propio experto al alcance de tu mano.\r\nSelector TASKI \/APP de TASKI\/ IntelliTrail Analytics \/ Orientaci\u00f3n Remota<\/p>\n                    <div class=\"btn\"><a href=\"https:\/\/staging.taski.com\/es\/por-que-taski\/consejos-de-los-expertos\/herramientas-electronicas\/\">DESCUBRA MAS<\/a><\/div>\n                <\/div>\n              <\/div>\n            <\/div>\n                                <div class=\"item taski-slide\">\n              <div class=\"its-i\">\n                <div class=\"media-w\">\n                    <div class=\"image\">\n                      <div class=\"image-i\">\n                        <img decoding=\"async\" src=\"https:\/\/staging.taski.com\/wp-content\/uploads\/2020\/12\/virtual-floor-care-expert-1.jpg\" \/>\n                      <\/div>\n                    <\/div>\n                <\/div>\n                <div class=\"text\">\n                    <div class=\"title\">Experiencia en el Cuidado de Suelos<\/div>\n                    <p>En TASKI, al comprar nuestras m\u00e1quinas, obtendr\u00e1s tu propio experto en el cuidado de suelos de forma gratuita. Aprovecharemos las sinergias de las m\u00e1quinas de limpieza DEFINITIVAS con productos qu\u00edmicos de vanguardia para el cuidado de los suelos.<\/p>\n                    <div class=\"btn\"><a href=\"https:\/\/staging.taski.com\/es\/por-que-taski\/consejos-de-los-expertos\/experiencia-en-el-cuidado-de-los-suelos\/\">DESCUBRA MAS<\/a><\/div>\n                <\/div>\n              <\/div>\n            <\/div>\n                                <div class=\"item taski-slide\">\n              <div class=\"its-i\">\n                <div class=\"media-w\">\n                    <div class=\"image\">\n                      <div class=\"image-i\">\n                        <img decoding=\"async\" src=\"https:\/\/staging.taski.com\/wp-content\/uploads\/2020\/12\/our-experts-1.jpg\" \/>\n                      <\/div>\n                    <\/div>\n                <\/div>\n                <div class=\"text\">\n                    <div class=\"title\">Nuestros expertos<\/div>\n                    <p>Tus propios asesores expertos en limpieza. Nuestro enfoque consultivo ofrece el mejor asesoramiento experto.<\/p>\n                    <div class=\"btn\"><a href=\"https:\/\/staging.taski.com\/es\/por-que-taski\/consejos-de-los-expertos\/nuestros-expertos\/\">DESCUBRA MAS<\/a><\/div>\n                <\/div>\n              <\/div>\n            <\/div>\n                                <div class=\"item taski-slide\">\n              <div class=\"its-i\">\n                <div class=\"media-w\">\n                    <div class=\"image\">\n                      <div class=\"image-i\">\n                        <img decoding=\"async\" src=\"https:\/\/staging.taski.com\/wp-content\/uploads\/2020\/12\/current-trends.jpg\" \/>\n                      <\/div>\n                    <\/div>\n                <\/div>\n                <div class=\"text\">\n                    <div class=\"title\">Tendencias Actuales y Buenas Pr\u00e1cticas<\/div>\n                    <p>TASKI y Diversey son conocidos como las autoridades en materia de limpieza e higiene por la industria. En TASKI nuestros expertos est\u00e1n siempre dispuestos a ayudar.<\/p>\n                    <div class=\"btn\"><a href=\"https:\/\/staging.taski.com\/es\/por-que-taski\/consejos-de-los-expertos\/tendencias-actuales-y-buenas-practicas\/\">DESCUBRA MAS<\/a><\/div>\n                <\/div>\n              <\/div>\n            <\/div>\n                                <div class=\"item taski-slide\">\n              <div class=\"its-i\">\n                <div class=\"media-w\">\n                    <div class=\"image\">\n                      <div class=\"image-i\">\n                        <img decoding=\"async\" src=\"https:\/\/staging.taski.com\/wp-content\/uploads\/2020\/12\/engineers.jpg\" \/>\n                      <\/div>\n                    <\/div>\n                <\/div>\n                <div class=\"text\">\n                    <div class=\"title\">Herramientas de Formaci\u00f3n<\/div>\n                    <p>Una serie de materiales de formaci\u00f3n sencillos de seguir para un uso eficaz y seguro.<\/p>\n                    <div class=\"btn\"><a href=\"https:\/\/staging.taski.com\/es\/por-que-taski\/consejos-de-los-expertos\/herramientas-de-formacion\/\">DESCUBRA MAS<\/a><\/div>\n                <\/div>\n              <\/div>\n            <\/div>\n                                <div class=\"item taski-slide\">\n              <div class=\"its-i\">\n                <div class=\"media-w\">\n                    <div class=\"image\">\n                      <div class=\"image-i\">\n                        <img decoding=\"async\" src=\"https:\/\/staging.taski.com\/wp-content\/uploads\/2020\/12\/virtual-carpet-care-expert-1.jpg\" \/>\n                      <\/div>\n                    <\/div>\n                <\/div>\n                <div class=\"text\">\n                    <div class=\"title\">Experiencia en el Cuidado de Alfombras<\/div>\n                    <p>Las alfombras y las superficies de tela necesitan una limpieza y un mantenimiento frecuentes. \r\nLos expertos de TASKI est\u00e1n aqu\u00ed para ayudar con las mejores pr\u00e1cticas y consejos sobre los mejores productos para tus alfombras y tejidos.<\/p>\n                    <div class=\"btn\"><a href=\"https:\/\/staging.taski.com\/es\/por-que-taski\/consejos-de-los-expertos\/experiencia-en-el-cuidado-de-alfombras\/\">DESCUBRA MAS<\/a><\/div>\n                <\/div>\n              <\/div>\n            <\/div>\n                                <div class=\"item taski-slide\">\n              <div class=\"its-i\">\n                <div class=\"media-w\">\n                    <div class=\"image\">\n                      <div class=\"image-i\">\n                        <img decoding=\"async\" src=\"https:\/\/staging.taski.com\/wp-content\/uploads\/2020\/12\/FOODSERVICE_5_SWINGO-1-1-1.jpg\" \/>\n                      <\/div>\n                    <\/div>\n                <\/div>\n                <div class=\"text\">\n                    <div class=\"title\">Limpieza Mec\u00e1nica<\/div>\n                    <p>\u00bfEn qu\u00e9 punto de la evoluci\u00f3n de la limpieza te encuentras? \r\nEstas son las principales razones por las que las m\u00e1quinas son mucho mejores que las fregonas...<\/p>\n                    <div class=\"btn\"><a href=\"https:\/\/staging.taski.com\/es\/por-que-taski\/consejos-de-los-expertos\/limpieza-mecanica\/\">DESCUBRA MAS<\/a><\/div>\n                <\/div>\n              <\/div>\n            <\/div>\n                            <\/div>\n\n        <div class=\"taski-carousel-navigation\">\n          <div class=\"nav-left\">\n            <a href=\"#\"><i class=\"fa fa-chevron-left\"><\/i><\/a>\n          <\/div>\n          <div class=\"nav-description\">\n\n          <\/div>\n          <div class=\"nav-right\">\n            <a href=\"#\"><i class=\"fa fa-chevron-right\"><\/i><\/a>\n          <\/div>\n        <\/div>\n      <\/div>\n     <\/div>\n   <\/div>\n  <\/div>\n\n[\/vc_column][\/vc_row][vc_row css=\u00bb.vc_custom_1608124737169{padding-bottom: 0px !important;}\u00bb][vc_column]\n  <div class=\"page-description-block style-dark\">\n    <div class=\"page-description-block-i\">\n      <div class=\"row\">\n        <div class=\"page-description-content\">\n          <p>\n[page_description_block]<\/p>\n<h2>El profundo conocimiento de Diversey<br \/>\nsobre mega tendencias globales, regionales y locales<br \/>\ny las necesidades cr\u00edticas de los clientes siempre ha ayudado a TASKI a <strong>adelantarse a la competencia.<\/strong><\/h2>\n<\/div>\n      <\/div>\n    <\/div>\n  <\/div>\n  <div class=\"cl-fl\"><\/div>\n<br \/>\n[\/page_description_block][\/vc_column][\/vc_row]<\/p>\n<\/div>","protected":false},"excerpt":{"rendered":"<p>[vc_row][vc_column][\/vc_column][\/vc_row][vc_row css=\u00bb.vc_custom_1608124915381{padding-top: 70px !important;padding-bottom: 90px !important;}\u00bb][vc_column][\/vc_column][\/vc_row][vc_row css=\u00bb.vc_custom_1608124737169{padding-bottom: 0px !important;}\u00bb][vc_column] [\/page_description_block][\/vc_column][\/vc_row]<\/p>\n","protected":false},"author":1,"featured_media":0,"parent":7675,"menu_order":654,"comment_status":"closed","ping_status":"closed","template":"","meta":{"_acf_changed":false,"_seopress_robots_primary_cat":"","_seopress_titles_title":"","_seopress_titles_desc":"","_seopress_robots_index":"","inline_featured_image":false,"footnotes":""},"class_list":["post-8345","page","type-page","status-publish","hentry"],"acf":[],"_links":{"self":[{"href":"https:\/\/staging.taski.com\/es\/wp-json\/wp\/v2\/pages\/8345","targetHints":{"allow":["GET"]}}],"collection":[{"href":"https:\/\/staging.taski.com\/es\/wp-json\/wp\/v2\/pages"}],"about":[{"href":"https:\/\/staging.taski.com\/es\/wp-json\/wp\/v2\/types\/page"}],"author":[{"embeddable":true,"href":"https:\/\/staging.taski.com\/es\/wp-json\/wp\/v2\/users\/1"}],"replies":[{"embeddable":true,"href":"https:\/\/staging.taski.com\/es\/wp-json\/wp\/v2\/comments?post=8345"}],"version-history":[{"count":0,"href":"https:\/\/staging.taski.com\/es\/wp-json\/wp\/v2\/pages\/8345\/revisions"}],"up":[{"embeddable":true,"href":"https:\/\/staging.taski.com\/es\/wp-json\/wp\/v2\/pages\/7675"}],"wp:attachment":[{"href":"https:\/\/staging.taski.com\/es\/wp-json\/wp\/v2\/media?parent=8345"}],"curies":[{"name":"wp","href":"https:\/\/api.w.org\/{rel}","templated":true}]}}