{"id":8149,"date":"2020-11-28T18:32:41","date_gmt":"2020-11-28T18:32:41","guid":{"rendered":"https:\/\/taski.com\/por-que-taski\/sus-mercados-y-sectores\/gestion-de-instalaciones\/"},"modified":"2021-07-13T09:11:58","modified_gmt":"2021-07-13T09:11:58","slug":"gestion-de-instalaciones","status":"publish","type":"page","link":"https:\/\/staging.taski.com\/es\/por-que-taski\/sus-mercados-y-sectores\/gestion-de-instalaciones\/","title":{"rendered":"Gesti\u00f3n de Instalaciones"},"content":{"rendered":"<div class=\"wpb-content-wrapper\"><p>[vc_row][vc_column]\n  <div class=\"page-intro-block size-fit-image style-dark font-large\">\n         <div class=\"page-intro-block-i\">\n      <div class=\"row\">\n        <div class=\"page-intro-content\">\n            <div class=\"title-block\">\n                                     <h2><span class=\"pt\">Facility Management<\/span>\u00bfBuscas m\u00e1quinas con la <strong>m\u00e1xima eficiencia<\/strong> y con un<strong> coste de propiedad bajo?<\/strong> TASKI puede ayudarte.<\/h2>\n                                                 <\/div>\n            <div class=\"page-intro-image\">\n                                <div class=\"page-intro-image-alt\">\n                    \n                    <img decoding=\"async\" src=\"https:\/\/staging.taski.com\/wp-content\/uploads\/2020\/11\/facility-management.jpg\" alt=\"\" \/>\n\n                <\/div>\n            <\/div>\n        <\/div>\n      <\/div>\n\n\n    <\/div>\n  <\/div>\n  <div class=\"cl-fl\"><\/div>\n[\/vc_column][\/vc_row][vc_row css=\u00bb.vc_custom_1606587476742{padding-top: 80px !important;padding-bottom: 95px !important;}\u00bb][vc_column][vc_row_inner][vc_column_inner]\n  <div class=\"page-video-block\">\n    <div class=\"page-video-block-i\">\n      <div class=\"row\">\n        <div class=\"page-video-block-content\">\n            <div class=\"title-block\">\n                 <h2>\u00bfCu\u00e1les son tus desaf\u00edos prioritarios?<\/h2>\n            <\/div>\n            <div class=\"page-video-image\">\n                \n              <a href=\"#\" class=\"video-player-link\" data-video-id=\"485944193\" data-src=\"https:\/\/player.vimeo.com\/video\/485944193\">\n                <img decoding=\"async\" src=\"https:\/\/staging.taski.com\/wp-content\/uploads\/2021\/01\/aero-bp-fm-pic800x450.jpg\" alt=\"\u00bfCu\u00e1les son tus desaf\u00edos prioritarios? Image\" \/>\n\n     <div class=\"page-video-video-abs\"><div class=\"video-embed\"><iframe loading=\"lazy\" id=\"\" src=\"\" width=\"100%\" height=\"100%\" frameborder=\"0\" style=\"position:absolute;top:0;left:0;width:100%;height:100%;\"   allow=\"autoplay; fullscreen\" muted webkitallowfullscreen mozallowfullscreen allowfullscreen><\/iframe><\/div><\/div>              <\/a>\n            <\/div>\n        <\/div>\n      <\/div>\n\n\n    <\/div>\n  <\/div>\n  <div class=\"cl-fl\"><\/div>\n[\/vc_column_inner][\/vc_row_inner][\/vc_column][\/vc_row][vc_row css=\u00bb.vc_custom_1606587476742{padding-top: 80px !important;padding-bottom: 95px !important;}\u00bb][vc_column]\n  <div class=\"taski-carousel-block \" style=\"\">\n    <div class=\"taski-carousel-block-i\">\n\n      <div class=\"taski-carousel-title\"><p>Entendemos las necesidades de tu sector<\/p><\/div>\n      <div class=\"row\">\n       <div class=\"taski-carousel-holder\">\n        <div class=\"taski-carousel owl-carousel owl-theme\" id=\"taski-carousel\">\n                                    <div class=\"item taski-slide\">\n                            <div class=\"its-i\">\n                <div class=\"media-w\">\n                    <div class=\"image\">\n                      <div class=\"image-i\">\n                        <img decoding=\"async\" src=\"https:\/\/staging.taski.com\/wp-content\/uploads\/2020\/12\/operational-efficiency.svg\" \/>\n                      <\/div>\n                    <\/div>\n                <\/div>\n                <div class=\"text\">\n                    <div class=\"title\">Eficiencia Operativa<\/div>\n                    <p>Aumenta la eficiencia operativa mediante la innovaci\u00f3n, la productividad superior y la gesti\u00f3n de flota. Echa un vistazo a nuestras <strong>\u00faltimas fregadoras secadoras de pie y con conductor, y a nuestras aspiradoras de mochila con bater\u00eda.<\/strong><\/p>\n                                    <\/div>\n              <\/div>\n                          <\/div>\n            <div class=\"item taski-slide\">\n                            <div class=\"its-i\">\n                <div class=\"media-w\">\n                    <div class=\"image\">\n                      <div class=\"image-i\">\n                        <img decoding=\"async\" src=\"https:\/\/staging.taski.com\/wp-content\/uploads\/2020\/12\/profitable-growth.svg\" \/>\n                      <\/div>\n                    <\/div>\n                <\/div>\n                <div class=\"text\">\n                    <div class=\"title\">Crecimiento Rentable<\/div>\n                    <p>Reduce tu factura de mano de obra mecanizando m\u00e1s la limpieza para incrementar los beneficios. \u00bfPor qu\u00e9 caminar cuando puedes conducir? Echa un vistazo a nuestras <strong>\u00faltimas m\u00e1quinas de micromontaje.<\/strong><\/p>\n                                    <\/div>\n              <\/div>\n                          <\/div>\n            <div class=\"item taski-slide\">\n                            <div class=\"its-i\">\n                <div class=\"media-w\">\n                    <div class=\"image\">\n                      <div class=\"image-i\">\n                        <img decoding=\"async\" src=\"https:\/\/staging.taski.com\/wp-content\/uploads\/2020\/12\/continuous-innovation.svg\" \/>\n                      <\/div>\n                    <\/div>\n                <\/div>\n                <div class=\"text\">\n                    <div class=\"title\">Innovaci\u00f3n Continua<\/div>\n                    <p>Usa las \u00faltimas tecnolog\u00edas y la Limpieza en L\u00ednea para mejorar la satisfacci\u00f3n de los clientes y los \u00edndices de retenci\u00f3n. Echa un vistazo a la <strong>telemetr\u00eda IntelliTrail y a IntelliTrail Analytics.<\/strong><\/p>\n                                    <\/div>\n              <\/div>\n                          <\/div>\n            <div class=\"item taski-slide\">\n                            <div class=\"its-i\">\n                <div class=\"media-w\">\n                    <div class=\"image\">\n                      <div class=\"image-i\">\n                        <img decoding=\"async\" src=\"https:\/\/staging.taski.com\/wp-content\/uploads\/2020\/12\/sustainability.svg\" \/>\n                      <\/div>\n                    <\/div>\n                <\/div>\n                <div class=\"text\">\n                    <div class=\"title\">Sostenibilidad<\/div>\n                    <p>Reduce el consumo de energ\u00eda y agua hasta en un 76% para cumplir con tus objetivos de sostenibilidad y los de tus clientes. Echa un vistazo a <strong>IntelliFlow, a IntelliDose y a nuestras \u00faltimas aspiradoras Whisper y con motor digital.<\/strong><\/p>\n                                    <\/div>\n              <\/div>\n                          <\/div>\n            <div class=\"item taski-slide\">\n                            <div class=\"its-i\">\n                <div class=\"media-w\">\n                    <div class=\"image\">\n                      <div class=\"image-i\">\n                        <img decoding=\"async\" src=\"https:\/\/staging.taski.com\/wp-content\/uploads\/2020\/12\/people-safety.svg\" \/>\n                      <\/div>\n                    <\/div>\n                <\/div>\n                <div class=\"text\">\n                    <div class=\"title\">Personas y Seguridad<\/div>\n                    <p>Protege a tu equipo y a tus clientes con una mejor calidad del aire, higiene y secado del suelo. Echa un vistazo a nuestras \u00faltimas <strong>m\u00e1quinas con bater\u00edas de iones de litio y filtros HEPA.<\/strong><\/p>\n                                    <\/div>\n              <\/div>\n                          <\/div>\n            <div class=\"item taski-slide\">\n                            <div class=\"its-i\">\n                <div class=\"media-w\">\n                    <div class=\"image\">\n                      <div class=\"image-i\">\n                        <img decoding=\"async\" src=\"https:\/\/staging.taski.com\/wp-content\/uploads\/2020\/12\/working-capital-optimisation.svg\" \/>\n                      <\/div>\n                    <\/div>\n                <\/div>\n                <div class=\"text\">\n                    <div class=\"title\">Optimizaci\u00f3n del Capital de Trabajo<\/div>\n                    <p>Invierte de forma inteligente. Haz que tu dinero trabaje m\u00e1s por ti. Mejora tu retorno de la inversi\u00f3n y recupera antes tu amortizaci\u00f3n. Echa un vistazo a nuestras flexibles <strong>opciones de financiaci\u00f3n y servicio.<\/strong><\/p>\n                                    <\/div>\n              <\/div>\n                          <\/div>\n                    <\/div>\n\n        <div class=\"taski-carousel-navigation\">\n          <div class=\"nav-left\">\n            <a href=\"#\"><i class=\"fa fa-chevron-left\"><\/i><\/a>\n          <\/div>\n          <div class=\"nav-description\">\n\n          <\/div>\n          <div class=\"nav-right\">\n            <a href=\"#\"><i class=\"fa fa-chevron-right\"><\/i><\/a>\n          <\/div>\n        <\/div>\n       <\/div>\n      <\/div>\n   <\/div>\n  <\/div>\n  <div class=\"cl-fl\"><\/div>\n[\/vc_column][\/vc_row][vc_row css=\u00bb.vc_custom_1609954068367{padding-top: 80px !important;padding-bottom: 80px !important;background-color: #505050 !important;}\u00bb][vc_column][vc_row_inner][vc_column_inner]\n  <div class=\"testimonials-block\">\n    <div class=\"testimonials-block-i\">\n      <div class=\"row\">\n        <div class=\"title-block\">\n            <h2>Lo que dicen nuestros clientes<\/h2>\n        <\/div>\n\n        <div class=\"testimonials-grid\">\n           <div class=\"testimonial-item\">\n            <div class=\"ti-i\">\n             <img decoding=\"async\" src=\"https:\/\/staging.taski.com\/wp-content\/uploads\/2020\/11\/testimonial-1.jpg\" alt=\"Image\" \/>\n             <div class=\"test-item-content\">\n                <div class=\"test-item-title\">Un gran proveedor de FM en<br \/>\nEstados Unidos pidi\u00f3 ayuda a TASKI<br \/>\n<strong>para reducir su enorme factura laboral<\/strong>.<\/div>\n                <div class=\"test-item-text\"><p>\u201cEl tiempo improductivo y el tiempo de inactividad son un asesino para nuestro negocio. Con TASKI IntelliTrail pudimos ver c\u00f3mo utilizar mejor nuestros recursos. Nos sorprendi\u00f3 ver lo infrautilizadas que estaban algunas m\u00e1quinas\u201d.<\/p><\/div>\n             <\/div>\n            <\/div>\n           <\/div>\n           <div class=\"testimonial-item\">\n            <div class=\"ti-i\">\n             <img decoding=\"async\" src=\"https:\/\/staging.taski.com\/wp-content\/uploads\/2020\/11\/testimonial-2.jpg\" alt=\"Image\" \/>\n             <div class=\"test-item-content\">\n                <div class=\"test-item-title\"><strong>Mejora de los m\u00e1rgenes<\/strong><br \/>\nliberando el efectivo bloqueado en los activos.<\/div>\n                <div class=\"test-item-text\"><p>\u201cTomamos la decisi\u00f3n consciente de recortar el valor de los activos de nuestras m\u00e1quinas en nuestro balance. Pasar a la financiaci\u00f3n flexible de TASKI ha liberado el efectivo que tanto necesitamos\u201d.<\/p><\/div>\n             <\/div>\n            <\/div>\n           <\/div>\n           <div class=\"testimonial-item\">\n            <div class=\"ti-i\">\n             <img decoding=\"async\" src=\"https:\/\/staging.taski.com\/wp-content\/uploads\/2020\/11\/testimonial-3.jpg\" alt=\"Image\" \/>\n             <div class=\"test-item-content\">\n                <div class=\"test-item-title\">Un gran BSC recurri\u00f3 a TASKI para que le ayudara a mejorar las tasas de retenci\u00f3n de clientes y a <strong>mejorar sus resultados<\/strong>.<\/div>\n                <div class=\"test-item-text\"><p>\u201cOptamos por las m\u00e1quinas innovadoras de TASKI y las soluciones de Limpieza en L\u00ednea. Incluso hemos modelado contratos en los que los robots TASKI Intellibot son viables. Nos da la ventaja competitiva. La limpieza es un mercado competitivo, por lo que la innovaci\u00f3n es nuestro elemento vital, ya que genera ahorros, mejora las ganancias y nos ayuda a ganar y retener clientes\u201d.<\/p><\/div>\n             <\/div>\n            <\/div>\n           <\/div>\n\n        <\/div>\n\n      <\/div>\n    <\/div>\n  <\/div>\n  <div class=\"cl-fl\"><\/div>\n[\/vc_column_inner][\/vc_row_inner][\/vc_column][\/vc_row][vc_row][vc_column][vc_column_text]<\/p>\n<h2 style=\"text-align: center;\">Si desea mas informaci\u00f3n contacte con su agente TASKI mas cercano<\/h2>\n<p>&nbsp;<\/p>\n<\/div>","protected":false},"excerpt":{"rendered":"<p>Las soluciones de maquinaria de TASKI para el sector del FM y los servicios del sector de la construcci\u00f3n ofrecen eficiencia operativa y control de costes<\/p>\n","protected":false},"author":1,"featured_media":50446,"parent":7685,"menu_order":569,"comment_status":"closed","ping_status":"closed","template":"","meta":{"_acf_changed":false,"_seopress_robots_primary_cat":"","_seopress_titles_title":"","_seopress_titles_desc":"","_seopress_robots_index":"","inline_featured_image":false,"footnotes":""},"class_list":["post-8149","page","type-page","status-publish","has-post-thumbnail","hentry"],"acf":[],"_links":{"self":[{"href":"https:\/\/staging.taski.com\/es\/wp-json\/wp\/v2\/pages\/8149","targetHints":{"allow":["GET"]}}],"collection":[{"href":"https:\/\/staging.taski.com\/es\/wp-json\/wp\/v2\/pages"}],"about":[{"href":"https:\/\/staging.taski.com\/es\/wp-json\/wp\/v2\/types\/page"}],"author":[{"embeddable":true,"href":"https:\/\/staging.taski.com\/es\/wp-json\/wp\/v2\/users\/1"}],"replies":[{"embeddable":true,"href":"https:\/\/staging.taski.com\/es\/wp-json\/wp\/v2\/comments?post=8149"}],"version-history":[{"count":0,"href":"https:\/\/staging.taski.com\/es\/wp-json\/wp\/v2\/pages\/8149\/revisions"}],"up":[{"embeddable":true,"href":"https:\/\/staging.taski.com\/es\/wp-json\/wp\/v2\/pages\/7685"}],"wp:featuredmedia":[{"embeddable":true,"href":"https:\/\/staging.taski.com\/es\/wp-json\/wp\/v2\/media\/50446"}],"wp:attachment":[{"href":"https:\/\/staging.taski.com\/es\/wp-json\/wp\/v2\/media?parent=8149"}],"curies":[{"name":"wp","href":"https:\/\/api.w.org\/{rel}","templated":true}]}}