{"id":7763,"date":"2020-11-30T07:24:29","date_gmt":"2020-11-30T07:24:29","guid":{"rendered":"https:\/\/taski.com\/productos-innovaciones-y-soluciones\/innovaciones\/"},"modified":"2021-07-26T10:38:21","modified_gmt":"2021-07-26T10:38:21","slug":"innovaciones","status":"publish","type":"page","link":"https:\/\/staging.taski.com\/es\/productos-innovaciones-y-soluciones\/innovaciones\/","title":{"rendered":"Innovaciones"},"content":{"rendered":"<div class=\"wpb-content-wrapper\"><p>[vc_row][vc_column]\n  <div class=\"page-intro-block size-original-size style-light font-large\">\n         <div class=\"page-intro-block-i\">\n      <div class=\"row\">\n        <div class=\"page-intro-content\">\n            <div class=\"title-block\">\n                                     <h2>TASKI lidera el mercado con INNOVACI\u00d3N.<br \/>\nEst\u00e1 en nuestro ADN y es expl\u00edcito en nuestros &lt;strong&gt; revolucionarios productos galardonados. &lt;\/strong&gt;<\/h2>\n                    <p>TASKI le ha ofrecido constantemente dise\u00f1os, tecnolog\u00edas y productos innovadores y galardonados durante m\u00e1s de 60 a\u00f1os.<br \/>\nCon cientos de patentes activas, las credenciales de innovaci\u00f3n de TASKI son muy s\u00f3lidas. Y aqu\u00ed est\u00e1 la prueba ...<\/p>\n                             <\/div>\n            <div class=\"page-intro-image\">\n                                <div class=\"page-intro-image-alt\">\n                    \n                    <img decoding=\"async\" src=\"https:\/\/staging.taski.com\/wp-content\/uploads\/2021\/01\/ISSA20-VE-Innovation-of-the-Year-Award-Winner-Logo-43.png\" alt=\"\" \/>\n\n                <\/div>\n            <\/div>\n        <\/div>\n      <\/div>\n\n\n    <\/div>\n  <\/div>\n  <div class=\"cl-fl\"><\/div>\n[\/vc_column][\/vc_row][vc_row css=\u00bb.vc_custom_1608399474529{padding-top: 90px !important;padding-bottom: 90px !important;background-color: #fafafa !important;}\u00bb][vc_column][vc_row_inner][vc_column_inner width=\u00bb1\/3&#8243; offset=\u00bbvc_col-lg-4 vc_col-xs-12&#8243;][vc_column_text]<\/p>\n<h2><span style=\"color: #f18a00;\">Tecnolog\u00edas revolucionarias<\/span><\/h2>\n<h3>Tecnolog\u00edas, dise\u00f1os y productos para mejorar la productividad, lograr la excelencia en la limpieza, ahorrar energ\u00eda, ahorrar agua, reducir los productos qu\u00edmicos y mejorar la calidad del aire.<\/h3>\n<h3>Las llamamos <strong>Soluciones Inteligentes.<\/strong><\/h3>\n<p>[\/vc_column_text][\/vc_column_inner][vc_column_inner width=\u00bb2\/3&#8243; offset=\u00bbvc_col-lg-8 vc_col-md-12&#8243;]\n  <div class=\"taski-innovations-block\">\n    <div class=\"row\">\n\n        <div class=\"taski-innovations-block-i\">\n   \n\n\n     <div class=\"innovations-grid\">\n\n           \n\n\n    <\/div>\n\n        <div class=\"cl-fl\"><\/div>\n    <\/div>\n  <\/div>\n<\/div>\n[\/vc_column_inner][\/vc_row_inner][\/vc_column][\/vc_row][vc_row][vc_column]\n  <div class=\"three-cta-block\">\n    <div class=\"three-cta-block-i\">\n      <div class=\"row\">\n        <div class=\"three-cta-block-grid\">\n           <div class=\"three-cta-item\">\n            <div class=\"tci-i\">\n             <div class=\"tci-item-content\">\n                <h5><strong>Search<\/strong><br \/>\nour TASKI<br \/>\nrange<\/h5>\n                <a href=\"\/products-innovations-solutions\/products\/\"><p>PRODUCTS &amp;<br \/>\nSOLUTIONS<\/p><\/a>\n             <\/div>\n            <\/div>\n           <\/div>\n           <div class=\"three-cta-item\">\n            <div class=\"tci-i\">\n             <div class=\"tci-item-content\">\n                <h5>&lt;strong&gt;Busca en&lt;\/strong&gt;<br \/>\nnuestro selector<br \/>\nTASKI<\/h5>\n                <a href=\"\/taski-selector\/\"><p>ENCUENTRA<br \/>\nTU<br \/>\nTASKI<\/p><\/a>\n             <\/div>\n            <\/div>\n           <\/div>\n           <div class=\"three-cta-item\">\n            <div class=\"tci-i\">\n             <div class=\"tci-item-content\">\n                <h5><strong>Want to<\/strong><br \/>\nget in<br \/>\ntouch<\/h5>\n                <a href=\"\/news-help-contacts\/ask-paul-contact\/\"><p>CONTACTO<br \/>EE.UU.<\/p><\/a>\n             <\/div>\n            <\/div>\n           <\/div>\n        <\/div>\n      <\/div>\n    <\/div>\n  <\/div>\n  <div class=\"cl-fl\"><\/div>\n[\/vc_column][\/vc_row]<\/p>\n<\/div>","protected":false},"excerpt":{"rendered":"<p>[vc_row][vc_column][\/vc_column][\/vc_row][vc_row css=\u00bb.vc_custom_1608399474529{padding-top: 90px !important;padding-bottom: 90px !important;background-color: #fafafa !important;}\u00bb][vc_column][vc_row_inner][vc_column_inner width=\u00bb1\/3&#8243; offset=\u00bbvc_col-lg-4 vc_col-xs-12&#8243;][vc_column_text] Tecnolog\u00edas revolucionarias Tecnolog\u00edas, dise\u00f1os y productos para mejorar la productividad, lograr la excelencia en la limpieza, ahorrar energ\u00eda, ahorrar agua, reducir los productos qu\u00edmicos y mejorar la calidad del aire. Las llamamos Soluciones Inteligentes. [\/vc_column_text][\/vc_column_inner][vc_column_inner width=\u00bb2\/3&#8243; offset=\u00bbvc_col-lg-8 vc_col-md-12&#8243;][\/vc_column_inner][\/vc_row_inner][\/vc_column][\/vc_row][vc_row][vc_column][\/vc_column][\/vc_row]<\/p>\n","protected":false},"author":1,"featured_media":0,"parent":7716,"menu_order":507,"comment_status":"closed","ping_status":"closed","template":"","meta":{"_acf_changed":false,"_seopress_robots_primary_cat":"","_seopress_titles_title":"","_seopress_titles_desc":"","_seopress_robots_index":"","inline_featured_image":false,"footnotes":""},"class_list":["post-7763","page","type-page","status-publish","hentry"],"acf":[],"_links":{"self":[{"href":"https:\/\/staging.taski.com\/es\/wp-json\/wp\/v2\/pages\/7763","targetHints":{"allow":["GET"]}}],"collection":[{"href":"https:\/\/staging.taski.com\/es\/wp-json\/wp\/v2\/pages"}],"about":[{"href":"https:\/\/staging.taski.com\/es\/wp-json\/wp\/v2\/types\/page"}],"author":[{"embeddable":true,"href":"https:\/\/staging.taski.com\/es\/wp-json\/wp\/v2\/users\/1"}],"replies":[{"embeddable":true,"href":"https:\/\/staging.taski.com\/es\/wp-json\/wp\/v2\/comments?post=7763"}],"version-history":[{"count":0,"href":"https:\/\/staging.taski.com\/es\/wp-json\/wp\/v2\/pages\/7763\/revisions"}],"up":[{"embeddable":true,"href":"https:\/\/staging.taski.com\/es\/wp-json\/wp\/v2\/pages\/7716"}],"wp:attachment":[{"href":"https:\/\/staging.taski.com\/es\/wp-json\/wp\/v2\/media?parent=7763"}],"curies":[{"name":"wp","href":"https:\/\/api.w.org\/{rel}","templated":true}]}}