{"id":7723,"date":"2020-12-05T13:16:40","date_gmt":"2020-12-05T13:16:40","guid":{"rendered":"https:\/\/taski.com\/herramientas-electronicas\/"},"modified":"2022-09-14T15:47:37","modified_gmt":"2022-09-14T15:47:37","slug":"herramientas-electronicas","status":"publish","type":"page","link":"https:\/\/staging.taski.com\/es\/por-que-taski\/consejos-de-los-expertos\/herramientas-electronicas\/","title":{"rendered":"Herramientas electr\u00f3nicas"},"content":{"rendered":"<div class=\"wpb-content-wrapper\"><p>[vc_row][vc_column]\n  <div class=\"main-banner-block full-width content-video-no\" style=\"background-image:url(https:\/\/staging.taski.com\/wp-content\/uploads\/2020\/12\/electronic-tools-1.jpg);\">\n         <div class=\"main-banner-block-i\">\n      <div class=\"row\">\n       <div class=\"mbb-fl\">\n        <div class=\"main-banner-block-content\">\n            <h2>Herramientas electr\u00f3nicas para que puedas ser tu propio experto al alcance de tus dedos.<br \/>\n<strong>Selector TASKI \/ APP de TASKI \/ An\u00e1lisis de IntelliTrail \/ Orientaci\u00f3n Remota<\/strong><\/h2>\n            <div class=\"button-wrapper\">\n                        <\/div>\n        <\/div>\n               <\/div>\n      <\/div>\n\n\n    <\/div>\n  <\/div>\n  <div class=\"cl-fl\"><\/div>\n[\/vc_column][\/vc_row][vc_row][vc_column]\n  <div class=\"page-description-block style-dark\">\n    <div class=\"page-description-block-i\">\n      <div class=\"row\">\n        <div class=\"page-description-content\">\n          <p>\n[page_description_block]<\/p>\n<h2>Herramientas electr\u00f3nicas<\/h2>\n<p><span data-sheets-value=\"{\"1\":2,\"2\":\"TASKI Selector\\nA highly sophisticated modelling tool to model the perfect machine selection which even calculates your Total Cleaning Cost\\n\\nTASKI App\\nAccess almost everything TASKI via your phone or tablet in one place. \\n\\nTASKI IntelliTrail\\nAn eletronic analytic tool to help make you a fleet management expert.\\n\\nRemote Guidance\\nFor when our experts cannot be there in person. In real tie they can remotely diagnose and resolve issues in real time.\"}\" data-sheets-userformat=\"{\"2\":897,\"3\":{\"1\":0},\"10\":1,\"11\":4,\"12\":0}\" data-sheets-textstyleruns=\"[null,0,{\"5\":1}]\uee10{\"1\":14}\uee10[null,140,{\"5\":1}]\uee10{\"1\":149}\uee10[null,222,{\"5\":1}]\uee10{\"1\":240}\uee10[null,313,{\"5\":1}]\uee10{\"1\":328}\"><strong><img alt=\"\" loading=\"lazy\" decoding=\"async\" class=\"alignnone wp-image-8477\" src=\"https:\/\/taski.com\/wp-content\/uploads\/2020\/12\/fleet-management.jpg\" alt=\"\" width=\"500\" height=\"340\"\/><\/strong><\/span><\/p>\n<p><span data-sheets-value=\"{\"1\":2,\"2\":\"TASKI Selector\\nA highly sophisticated modelling tool to model the perfect machine selection which even calculates your Total Cleaning Cost\\n\\nTASKI App\\nAccess almost everything TASKI via your phone or tablet in one place. \\n\\nTASKI IntelliTrail\\nAn eletronic analytic tool to help make you a fleet management expert.\\n\\nRemote Guidance\\nFor when our experts cannot be there in person. In real tie they can remotely diagnose and resolve issues in real time.\"}\" data-sheets-userformat=\"{\"2\":897,\"3\":{\"1\":0},\"10\":1,\"11\":4,\"12\":0}\" data-sheets-textstyleruns=\"[null,0,{\"5\":1}]\uee10{\"1\":14}\uee10[null,140,{\"5\":1}]\uee10{\"1\":149}\uee10[null,222,{\"5\":1}]\uee10{\"1\":240}\uee10[null,313,{\"5\":1}]\uee10{\"1\":328}\"><strong>Selector TASKI<\/strong><br \/>\nUna herramienta de modelado muy sofisticada para modelar la selecci\u00f3n de la m\u00e1quina perfecta que incluso calcula tu Coste Total de Limpieza. Haz clic aqu\u00ed para ver el <a href=\"https:\/\/taski.com\/noticias-ayuda-y-contactos\/?lang=es\">Selector TASKI.<\/a><\/span><\/p>\n<p><strong><img alt=\"\" loading=\"lazy\" decoding=\"async\" class=\"alignnone wp-image-7728\" src=\"https:\/\/taski.com\/wp-content\/uploads\/2020\/12\/electronic-tools-1.jpg\" alt=\"\" width=\"500\" height=\"282\" srcset=\"https:\/\/staging.taski.com\/wp-content\/uploads\/2020\/12\/electronic-tools-1.jpg 1920w, https:\/\/staging.taski.com\/wp-content\/uploads\/2020\/12\/electronic-tools-1-600x338.jpg 600w\" sizes=\"auto, (max-width: 500px) 100vw, 500px\" \/><\/strong><\/p>\n<p><strong>App de TASKI<\/strong><br \/>\nAccede a casi todo TASKI a trav\u00e9s de tu tel\u00e9fono o tableta en un solo lugar. Haz clic aqu\u00ed para descargar la <a href=\"https:\/\/taski.com\/noticias-ayuda-y-contactos\/?lang=es\">Aplicaci\u00f3n de TASKI<\/a><\/p>\n<p><strong><img alt=\"\" loading=\"lazy\" decoding=\"async\" class=\"alignnone wp-image-7692\" src=\"https:\/\/taski.com\/wp-content\/uploads\/2020\/12\/internet-of-clean-300x300.jpg\" alt=\"\" width=\"500\" height=\"500\" srcset=\"https:\/\/staging.taski.com\/wp-content\/uploads\/2020\/12\/internet-of-clean-300x300.jpg 300w, https:\/\/staging.taski.com\/wp-content\/uploads\/2020\/12\/internet-of-clean-100x100.jpg 100w, https:\/\/staging.taski.com\/wp-content\/uploads\/2020\/12\/internet-of-clean.jpg 600w\" sizes=\"auto, (max-width: 500px) 100vw, 500px\" \/><\/strong><\/p>\n<p><strong>TASKI IntelliTrail<\/strong><br \/>\nUna herramienta anal\u00edtica electr\u00f3nica que te ayudar\u00e1 a convertirte en un experto en gesti\u00f3n de flotas. Haz clic aqu\u00ed para ver <a href=\"https:\/\/taski.com\/intelligent-solution\/intellitrail-telemetria-avanzada-para-la-gestion-de-flotas\/?lang=es\">IntelliTrail<\/a><\/p>\n<p><strong><img alt=\"\" loading=\"lazy\" decoding=\"async\" class=\"alignnone wp-image-28719\" src=\"https:\/\/taski.com\/wp-content\/uploads\/2020\/12\/taski-helps-300x300.jpg\" alt=\"\" width=\"500\" height=\"500\" srcset=\"https:\/\/staging.taski.com\/wp-content\/uploads\/2020\/12\/taski-helps-300x300.jpg 300w, https:\/\/staging.taski.com\/wp-content\/uploads\/2020\/12\/taski-helps-100x100.jpg 100w, https:\/\/staging.taski.com\/wp-content\/uploads\/2020\/12\/taski-helps.jpg 400w\" sizes=\"auto, (max-width: 500px) 100vw, 500px\" \/><\/strong><\/p>\n<p><strong>Orientaci\u00f3n Remota<\/strong><br \/>\nPara cuando nuestros expertos no puedan estar ah\u00ed en persona. Nuestros expertos diagnosticar\u00e1n y resolver\u00e1n a distancia los problemas en tiempo real.<\/p>\n        <\/div>\n      <\/div>\n    <\/div>\n  <\/div>\n  <div class=\"cl-fl\"><\/div>\n[\/page_description_block][\/vc_column][\/vc_row][vc_row css=\u00bb.vc_custom_1607164076720{padding-top: 90px !important;padding-bottom: 190px !important;}\u00bb][vc_column][vc_column_text css=\u00bb.vc_custom_1608053090976{padding-bottom: 90px !important;}\u00bb]<\/p>\n<h2 style=\"text-align: center;\">Descargas<\/h2>\n<p>[\/vc_column_text][vc_row_inner css=\u00bb.vc_custom_1607161003581{padding-bottom: 50px !important;}\u00bb][vc_column_inner width=\u00bb1\/3&#8243;]  <div class=\"feature-icon-w\">\n    <div class=\"feature-icon-i\">\n     <a href=\"https:\/\/taski.com\/wp-content\/uploads\/2020\/12\/Remote-Guidance-Brochure.pdf\" target=\"_blank\">       <div class=\"feature-tbl\">\n        <div class=\"feature-cell image-cell\">\n          <img decoding=\"async\" class=\"aligncenter size-full\" alt=\"\" src=\"https:\/\/staging.taski.com\/wp-content\/uploads\/2020\/12\/icon-document.png\"\/>\n        <\/div>\n        <div class=\"feature-cell description-cell\">\n          <p>Folleto sobre la Orientaci\u00f3n Remota<\/p>\n        <\/div>\n       <\/div>\n        <\/a>       <div class=\"cl-fl\"><\/div>\n    <\/div>\n  <\/div>\n[\/vc_column_inner][\/vc_row_inner][\/vc_column][\/vc_row][vc_row css=\u00bb.vc_custom_1607327415736{background-color: #fafafa !important;}\u00bb][vc_column]\n  <div class=\"two-cta-block\">\n    <div class=\"two-cta-block-i\">\n      <div class=\"row\">\n        <div class=\"two-cta-block-grid\">\n           <div class=\"two-cta-item\">\n            <div class=\"tci-i\">\n             <div class=\"tci-item-content\">\n                <h5><strong>Want to get in touch or<\/strong> see our Industry white papers<\/h5>\n                <a href=\"\/contact-us\/\"><p>CONTACT US<\/p><\/a>\n             <\/div>\n            <\/div>\n           <\/div>\n           <div class=\"two-cta-item\">\n            <div class=\"tci-i\">\n             <div class=\"tci-item-content\">\n                <h5>Got a question? <strong>Check out our FAQs<\/strong> or get in contact with one of our experts.<\/h5>\n                <a href=\"\/faq\/\"><p>FAQ's<\/p><\/a>\n             <\/div>\n            <\/div>\n           <\/div>\n        <\/div>\n      <\/div>\n    <\/div>\n  <\/div>\n  <div class=\"cl-fl\"><\/div>\n[\/vc_column][\/vc_row]<\/p>\n<\/div>","protected":false},"excerpt":{"rendered":"<p>Herramientas electr\u00f3nicas para que puedas ser tu propio experto al alcance de tu mano.<br \/>\nSelector TASKI \/APP de TASKI\/ IntelliTrail Analytics \/ Orientaci\u00f3n Remota<\/p>\n","protected":false},"author":1,"featured_media":7728,"parent":8345,"menu_order":664,"comment_status":"closed","ping_status":"closed","template":"","meta":{"_acf_changed":false,"_seopress_robots_primary_cat":"","_seopress_titles_title":"","_seopress_titles_desc":"","_seopress_robots_index":"","inline_featured_image":false,"footnotes":""},"class_list":["post-7723","page","type-page","status-publish","has-post-thumbnail","hentry"],"acf":[],"_links":{"self":[{"href":"https:\/\/staging.taski.com\/es\/wp-json\/wp\/v2\/pages\/7723","targetHints":{"allow":["GET"]}}],"collection":[{"href":"https:\/\/staging.taski.com\/es\/wp-json\/wp\/v2\/pages"}],"about":[{"href":"https:\/\/staging.taski.com\/es\/wp-json\/wp\/v2\/types\/page"}],"author":[{"embeddable":true,"href":"https:\/\/staging.taski.com\/es\/wp-json\/wp\/v2\/users\/1"}],"replies":[{"embeddable":true,"href":"https:\/\/staging.taski.com\/es\/wp-json\/wp\/v2\/comments?post=7723"}],"version-history":[{"count":0,"href":"https:\/\/staging.taski.com\/es\/wp-json\/wp\/v2\/pages\/7723\/revisions"}],"up":[{"embeddable":true,"href":"https:\/\/staging.taski.com\/es\/wp-json\/wp\/v2\/pages\/8345"}],"wp:featuredmedia":[{"embeddable":true,"href":"https:\/\/staging.taski.com\/es\/wp-json\/wp\/v2\/media\/7728"}],"wp:attachment":[{"href":"https:\/\/staging.taski.com\/es\/wp-json\/wp\/v2\/media?parent=7723"}],"curies":[{"name":"wp","href":"https:\/\/api.w.org\/{rel}","templated":true}]}}