{"id":7722,"date":"2020-11-30T15:59:44","date_gmt":"2020-11-30T15:59:44","guid":{"rendered":"https:\/\/taski.com\/por-que-taski\/sus-mercados-y-sectores\/asistencia-sanitaria-de-larga-duracion\/"},"modified":"2021-07-13T09:26:39","modified_gmt":"2021-07-13T09:26:39","slug":"asistencia-sanitaria-de-larga-duracion","status":"publish","type":"page","link":"https:\/\/staging.taski.com\/es\/por-que-taski\/sus-mercados-y-sectores\/asistencia-sanitaria-de-larga-duracion\/","title":{"rendered":"Residencias y centros socio sanitarios"},"content":{"rendered":"<div class=\"wpb-content-wrapper\"><p>[vc_row][vc_column]\n  <div class=\"page-intro-block size-fit-image style-dark font-large\">\n         <div class=\"page-intro-block-i\">\n      <div class=\"row\">\n        <div class=\"page-intro-content\">\n            <div class=\"title-block\">\n                                     <h2><span class=\"pt\">Residencias<\/span>\u00bfBuscas formas de mantener tus instalaciones&lt;strong&gt;higi\u00e9nicas y seguras para los residentes? &lt;\/strong&gt;<br \/>\nTASKI puede ayudar.<\/h2>\n                                                 <\/div>\n            <div class=\"page-intro-image\">\n                                <div class=\"page-intro-image-alt\">\n                    \n                    <img decoding=\"async\" src=\"https:\/\/staging.taski.com\/wp-content\/uploads\/2021\/01\/HEALTHCARE_31_Vacuum_carpet-2-1.jpg\" alt=\"\" \/>\n\n                <\/div>\n            <\/div>\n        <\/div>\n      <\/div>\n\n\n    <\/div>\n  <\/div>\n  <div class=\"cl-fl\"><\/div>\n[\/vc_column][\/vc_row][vc_row css=\u00bb.vc_custom_1606587476742{padding-top: 80px !important;padding-bottom: 95px !important;}\u00bb][vc_column][vc_row_inner][vc_column_inner]\n  <div class=\"page-video-block\">\n    <div class=\"page-video-block-i\">\n      <div class=\"row\">\n        <div class=\"page-video-block-content\">\n            <div class=\"title-block\">\n                 <h2>\u00bfCu\u00e1les son tus desaf\u00edos prioritarios?<\/h2>\n            <\/div>\n            <div class=\"page-video-image\">\n                \n              <a href=\"#\" class=\"video-player-link\" data-video-id=\"485944439\" data-src=\"https:\/\/player.vimeo.com\/video\/485944439\">\n                <img decoding=\"async\" src=\"https:\/\/staging.taski.com\/wp-content\/uploads\/2021\/01\/Healthcare-LTC-needs-image.jpg\" alt=\"\u00bfCu\u00e1les son tus desaf\u00edos prioritarios? Image\" \/>\n\n     <div class=\"page-video-video-abs\"><div class=\"video-embed\"><iframe loading=\"lazy\" id=\"\" src=\"\" width=\"100%\" height=\"100%\" frameborder=\"0\" style=\"position:absolute;top:0;left:0;width:100%;height:100%;\"   allow=\"autoplay; fullscreen\" muted webkitallowfullscreen mozallowfullscreen allowfullscreen><\/iframe><\/div><\/div>              <\/a>\n            <\/div>\n        <\/div>\n      <\/div>\n\n\n    <\/div>\n  <\/div>\n  <div class=\"cl-fl\"><\/div>\n[\/vc_column_inner][\/vc_row_inner][\/vc_column][\/vc_row][vc_row css=\u00bb.vc_custom_1606587476742{padding-top: 80px !important;padding-bottom: 95px !important;}\u00bb][vc_column]\n  <div class=\"taski-carousel-block \" style=\"\">\n    <div class=\"taski-carousel-block-i\">\n\n      <div class=\"taski-carousel-title\"><p>Entendemos tus necesidades<\/p><\/div>\n      <div class=\"row\">\n       <div class=\"taski-carousel-holder\">\n        <div class=\"taski-carousel owl-carousel owl-theme\" id=\"taski-carousel\">\n                                    <div class=\"item taski-slide\">\n                            <div class=\"its-i\">\n                <div class=\"media-w\">\n                    <div class=\"image\">\n                      <div class=\"image-i\">\n                        <img decoding=\"async\" src=\"https:\/\/staging.taski.com\/wp-content\/uploads\/2020\/12\/customer-experience.svg\" \/>\n                      <\/div>\n                    <\/div>\n                <\/div>\n                <div class=\"text\">\n                    <div class=\"title\">Experiencia de Residentes<\/div>\n                    <p>Crea un entorno seguro e higi\u00e9nico para tus residentes. Echa un vistazo a nuestros &lt;strong&gt;filtros HEPA y a nuestras microfregadoras secadoras a bater\u00eda&lt;\/strong&gt; para mejorar la calidad del aire y conseguir suelos m\u00e1s seguros e higi\u00e9nicos.<\/p>\n                                    <\/div>\n              <\/div>\n                          <\/div>\n            <div class=\"item taski-slide\">\n                            <div class=\"its-i\">\n                <div class=\"media-w\">\n                    <div class=\"image\">\n                      <div class=\"image-i\">\n                        <img decoding=\"async\" src=\"https:\/\/staging.taski.com\/wp-content\/uploads\/2020\/12\/people-safety.svg\" \/>\n                      <\/div>\n                    <\/div>\n                <\/div>\n                <div class=\"text\">\n                    <div class=\"title\">Personas y Seguridad<\/div>\n                    <p>Protege a tus residentes con una mejor calidad de aire e higiene. &lt;strong&gt;Los filtros HEPA&lt;\/strong&gt; son una mejora sencilla y de bajo coste para mejorar la calidad del aire. Mecaniza m\u00e1s tu limpieza para obtener suelos m\u00e1s seguros e higi\u00e9nicos, consulta nuestras &lt;strong&gt;microfregadoras secadoras a bater\u00eda.&lt;\/strong&gt;<\/p>\n                                    <\/div>\n              <\/div>\n                          <\/div>\n            <div class=\"item taski-slide\">\n                            <div class=\"its-i\">\n                <div class=\"media-w\">\n                    <div class=\"image\">\n                      <div class=\"image-i\">\n                        <img decoding=\"async\" src=\"https:\/\/staging.taski.com\/wp-content\/uploads\/2020\/12\/operational-efficiency.svg\" \/>\n                      <\/div>\n                    <\/div>\n                <\/div>\n                <div class=\"text\">\n                    <div class=\"title\">Eficiencia Operativa<\/div>\n                    <p>Aumenta la eficacia operativa de tu empresa. Dedica menos tiempo a la limpieza y m\u00e1s a la atenci\u00f3n de tus residentes. P\u00e1sate a las &lt;strong&gt;aspiradoras a bater\u00eda AERO sin cables y actualiza las microfregadoras secadoras Swingo.&lt;\/strong&gt; Dos formas sencillas de ahorrar un tiempo precioso.<\/p>\n                                    <\/div>\n              <\/div>\n                          <\/div>\n            <div class=\"item taski-slide\">\n                            <div class=\"its-i\">\n                <div class=\"media-w\">\n                    <div class=\"image\">\n                      <div class=\"image-i\">\n                        <img decoding=\"async\" src=\"https:\/\/staging.taski.com\/wp-content\/uploads\/2020\/12\/infection-prevention.svg\" \/>\n                      <\/div>\n                    <\/div>\n                <\/div>\n                <div class=\"text\">\n                    <div class=\"title\">Prevenci\u00f3n de Infecciones<\/div>\n                    <p>Protege a tus residentes al tiempo que salvaguardas tu marca. Mant\u00e9n los suelos, las alfombras, los tejidos y las tapicer\u00edas limpios y sin olores con las &lt;strong&gt;aspiradoras, vaporizadores y fregadoras TASKI.&lt;\/strong&gt;<\/p>\n                                    <\/div>\n              <\/div>\n                          <\/div>\n                    <\/div>\n\n        <div class=\"taski-carousel-navigation\">\n          <div class=\"nav-left\">\n            <a href=\"#\"><i class=\"fa fa-chevron-left\"><\/i><\/a>\n          <\/div>\n          <div class=\"nav-description\">\n\n          <\/div>\n          <div class=\"nav-right\">\n            <a href=\"#\"><i class=\"fa fa-chevron-right\"><\/i><\/a>\n          <\/div>\n        <\/div>\n       <\/div>\n      <\/div>\n   <\/div>\n  <\/div>\n  <div class=\"cl-fl\"><\/div>\n[\/vc_column][\/vc_row][vc_row css=\u00bb.vc_custom_1606653988515{padding-top: 80px !important;padding-bottom: 80px !important;background-color: #505050 !important;}\u00bb][vc_column][vc_row_inner][vc_column_inner]\n  <div class=\"testimonials-block\">\n    <div class=\"testimonials-block-i\">\n      <div class=\"row\">\n        <div class=\"title-block\">\n            <h2>Lo que dicen nuestros clientes<\/h2>\n        <\/div>\n\n        <div class=\"testimonials-grid\">\n           <div class=\"testimonial-item\">\n            <div class=\"ti-i\">\n             <img decoding=\"async\" src=\"https:\/\/staging.taski.com\/wp-content\/uploads\/2020\/11\/testimonial-1.jpg\" alt=\"Image\" \/>\n             <div class=\"test-item-content\">\n                <div class=\"test-item-title\">Un proveedor de servicios sanitarios del Reino Unido quer\u00eda &lt;strong&gt;mejorar sus \u00edndices de ocupaci\u00f3n y el entorno de sus residentes&lt;\/strong&gt;.<\/div>\n                <div class=\"test-item-text\"><p>\u201cNuestra organizaci\u00f3n tiene el deber de cuidar a sus residentes, buscamos comentarios tanto de la familia como de los residentes. Nos dicen que la higiene est\u00e1 entre los 3 factores principales que son importantes para ellos y sus familias. Hacemos todo lo posible para mantener los m\u00e1s altos est\u00e1ndares. Pasar a los filtros HEPA instalados en todos nuestros equipos de aspiraci\u00f3n fue una decisi\u00f3n que tomamos para mejorar la calidad del aire no solo en las \u00e1reas cl\u00ednicas. Tambi\u00e9n elegimos la TASKI AERO de ruido ultrabajo para minimizar las molestias para el paciente\u201d.<\/p><\/div>\n             <\/div>\n            <\/div>\n           <\/div>\n           <div class=\"testimonial-item\">\n            <div class=\"ti-i\">\n             <img decoding=\"async\" src=\"https:\/\/staging.taski.com\/wp-content\/uploads\/2020\/11\/testimonial-2.jpg\" alt=\"Image\" \/>\n             <div class=\"test-item-content\">\n                <div class=\"test-item-title\">Un grupo sanitario en Europa necesitaba hacer frente a un &lt;strong&gt;n\u00famero creciente de residentes con infecciones intrahospitalarias.&lt;\/strong&gt; Adem\u00e1s de atender a los residentes vulnerables se instauraron medidas adicionales en las normas de higiene<\/div>\n                <div class=\"test-item-text\"><p>\u201cLas infecciones intrahospitalarias est\u00e1n bajo control dentro de nuestras instalaciones. Mediante una capacitaci\u00f3n rigurosa y controles estrictos, nuestros equipos y m\u00e1quinas de limpieza se lavan o descontaminan despu\u00e9s de cada turno de limpieza. Los puntos de limpieza amarillos y las piezas f\u00e1ciles de quitar fueron un elemento clave por el que elegimos a TASKI\u201d.<\/p><\/div>\n             <\/div>\n            <\/div>\n           <\/div>\n           <div class=\"testimonial-item\">\n            <div class=\"ti-i\">\n             <img decoding=\"async\" src=\"https:\/\/staging.taski.com\/wp-content\/uploads\/2020\/11\/testimonial-3.jpg\" alt=\"Image\" \/>\n             <div class=\"test-item-content\">\n                <div class=\"test-item-title\">Un grupo sanitario privado europeo consult\u00f3 a Diversey para entender mejor c\u00f3mo pod\u00eda &lt;strong&gt;mejorar sus m\u00e9todos y procesos de limpieza&lt;\/strong&gt;.<\/div>\n                <div class=\"test-item-text\"><p>\u201cNuestros residentes a menudo son vulnerables e inestables cuando est\u00e1n de pie. Hacemos todo lo posible para garantizar que los suelos no solo est\u00e9n limpios, sino tambi\u00e9n higi\u00e9nicamente limpios y siempre se dejen completamente secos. Fue una decisi\u00f3n consciente dejar de fregar y mecanizar completamente nuestra limpieza de suelos para garantizar que nuestros suelos est\u00e9n secos y m\u00e1s seguros para el p\u00fablico. \u00a1Incluso tenemos una m\u00e1quina para reemplazar a nuestras viejas fregonas!\u201d.<\/p><\/div>\n             <\/div>\n            <\/div>\n           <\/div>\n\n        <\/div>\n\n      <\/div>\n    <\/div>\n  <\/div>\n  <div class=\"cl-fl\"><\/div>\n[\/vc_column_inner][\/vc_row_inner][\/vc_column][\/vc_row][vc_row][vc_column][vc_column_text]<\/p>\n<h3 style=\"text-align: center;\">Si desea mas informaci\u00f3n, contacte con su agente TASKI mas cercano<\/h3>\n<p>&nbsp;<\/p>\n<\/div>","protected":false},"excerpt":{"rendered":"<p>Soluciones de m\u00e1quinas TASKI pensando en tus residentes, para un mayor control de las infecciones y la seguridad en tu centro de cuidado a largo plazo.<\/p>\n","protected":false},"author":1,"featured_media":15589,"parent":7685,"menu_order":591,"comment_status":"closed","ping_status":"closed","template":"","meta":{"_acf_changed":false,"_seopress_robots_primary_cat":"","_seopress_titles_title":"","_seopress_titles_desc":"","_seopress_robots_index":"","inline_featured_image":false,"footnotes":""},"class_list":["post-7722","page","type-page","status-publish","has-post-thumbnail","hentry"],"acf":[],"_links":{"self":[{"href":"https:\/\/staging.taski.com\/es\/wp-json\/wp\/v2\/pages\/7722","targetHints":{"allow":["GET"]}}],"collection":[{"href":"https:\/\/staging.taski.com\/es\/wp-json\/wp\/v2\/pages"}],"about":[{"href":"https:\/\/staging.taski.com\/es\/wp-json\/wp\/v2\/types\/page"}],"author":[{"embeddable":true,"href":"https:\/\/staging.taski.com\/es\/wp-json\/wp\/v2\/users\/1"}],"replies":[{"embeddable":true,"href":"https:\/\/staging.taski.com\/es\/wp-json\/wp\/v2\/comments?post=7722"}],"version-history":[{"count":0,"href":"https:\/\/staging.taski.com\/es\/wp-json\/wp\/v2\/pages\/7722\/revisions"}],"up":[{"embeddable":true,"href":"https:\/\/staging.taski.com\/es\/wp-json\/wp\/v2\/pages\/7685"}],"wp:featuredmedia":[{"embeddable":true,"href":"https:\/\/staging.taski.com\/es\/wp-json\/wp\/v2\/media\/15589"}],"wp:attachment":[{"href":"https:\/\/staging.taski.com\/es\/wp-json\/wp\/v2\/media?parent=7722"}],"curies":[{"name":"wp","href":"https:\/\/api.w.org\/{rel}","templated":true}]}}