{"id":7716,"date":"2020-11-23T12:14:19","date_gmt":"2020-11-23T12:14:19","guid":{"rendered":"https:\/\/taski.com\/productos-innovaciones-y-soluciones\/"},"modified":"2021-07-26T10:43:36","modified_gmt":"2021-07-26T10:43:36","slug":"productos-innovaciones-y-soluciones","status":"publish","type":"page","link":"https:\/\/staging.taski.com\/es\/productos-innovaciones-y-soluciones\/","title":{"rendered":"Productos, innovaciones y soluciones"},"content":{"rendered":"<div class=\"wpb-content-wrapper\"><p>[vc_row el_id=\u00bbmain-banner\u00bb][vc_column]\n  <div class=\"page-intro-block size-fit-image style-light font-large\">\n         <div class=\"page-intro-block-i\">\n      <div class=\"row\">\n        <div class=\"page-intro-content\">\n            <div class=\"title-block\">\n                                     <h2>Tus necesidades empresariales y nuestra Innovaci\u00f3n<\/h2>\n                    <p>Bas\u00e1ndonos en la comprensi\u00f3n de las necesidades de los clientes, creamos innovaciones que impulsan el \u00e9xito de la limpieza.<\/p>\n<p>Mediante pruebas y desarrollos minuciosos, nos aseguramos de que cada producto y servicio que desarrollamos ofrezca la soluci\u00f3n que satisfaga tus necesidades.<\/p>\n                             <\/div>\n            <div class=\"page-intro-image\">\n                                <div class=\"page-intro-image-alt\">\n                    \n                    <img decoding=\"async\" src=\"https:\/\/staging.taski.com\/wp-content\/uploads\/2021\/01\/Robotic-innovation-2-1.jpg\" alt=\"\" \/>\n\n                <\/div>\n            <\/div>\n        <\/div>\n      <\/div>\n\n\n    <\/div>\n  <\/div>\n  <div class=\"cl-fl\"><\/div>\n[\/vc_column][\/vc_row][vc_row][vc_column]\n  <div class=\"page-description-block style-dark\">\n    <div class=\"page-description-block-i\">\n      <div class=\"row\">\n        <div class=\"page-description-content\">\n          <p>\n[page_description_block]<\/p>\n<h2>En cada etapa del proceso de decisi\u00f3n de compra, TASKI est\u00e1 aqu\u00ed para ayudarte. Nuestro enfoque consultivo garantiza que hagas la elecci\u00f3n perfecta.<\/h2>\n<p>Nos aseguraremos de que obtengas la m\u00e1quina de limpieza DEFINITIVA que te proporcionar\u00e1 la excelencia en la limpieza con el servicio y la asistencia que esperas.<\/p>\n        <\/div>\n      <\/div>\n    <\/div>\n  <\/div>\n  <div class=\"cl-fl\"><\/div>\n[\/page_description_block][\/vc_column][\/vc_row][vc_row css=\u00bb.vc_custom_1607451657985{padding-top: 90px !important;}\u00bb el_id=\u00bbfull-width-categories\u00bb][vc_column]\n  <div class=\"taski-carousel-block \" style=\"\">\n    <div class=\"taski-carousel-block-i\">\n\n      \n      <div class=\"row\">\n       <div class=\"taski-carousel-holder\">\n        <div class=\"taski-carousel owl-carousel owl-theme\" id=\"taski-carousel\">\n                                    <div class=\"item taski-slide\">\n                            <div class=\"its-i\">\n                <div class=\"media-w\">\n                    <div class=\"image\">\n                      <div class=\"image-i\">\n                        <img decoding=\"async\" src=\"https:\/\/staging.taski.com\/wp-content\/uploads\/2021\/01\/IntelliSpray-2.jpg\" \/>\n                      <\/div>\n                    <\/div>\n                <\/div>\n                <div class=\"text\">\n                    <div class=\"title\">Soluciones inteligentes<\/div>\n                    <p>Tecnolog\u00edas, dise\u00f1os y productos para mejorar la productividad, lograr la excelencia en la limpieza, ahorrar energ\u00eda, ahorrar agua, reducir los productos qu\u00edmicos y mejorar la calidad del aire. \u00bfQuieres saber m\u00e1s?<\/p>\n                    <div class=\"btn\"><a href=\"\/innovations\/\">Innovaciones<\/a><\/div>                <\/div>\n              <\/div>\n                          <\/div>\n            <div class=\"item taski-slide\">\n                            <div class=\"its-i\">\n                <div class=\"media-w\">\n                    <div class=\"image\">\n                      <div class=\"image-i\">\n                        <img decoding=\"async\" src=\"https:\/\/staging.taski.com\/wp-content\/uploads\/2020\/12\/fleet-management.jpg\" \/>\n                      <\/div>\n                    <\/div>\n                <\/div>\n                <div class=\"text\">\n                    <div class=\"title\">Selector TASKI<\/div>\n                    <p>Hemos ideado 3 formas de ayudarte a elegir tu m\u00e1quina de limpieza Definitiva<\/p>\n                    <div class=\"btn\"><a href=\"\/taski-selector\/\">\u00bfQuieres descubrir m\u00e1s?<\/a><\/div>                <\/div>\n              <\/div>\n                          <\/div>\n            <div class=\"item taski-slide\">\n                            <div class=\"its-i\">\n                <div class=\"media-w\">\n                    <div class=\"image\">\n                      <div class=\"image-i\">\n                        <img decoding=\"async\" src=\"https:\/\/staging.taski.com\/wp-content\/uploads\/2020\/12\/Aero_8_plus_0036g1.jpg\" \/>\n                      <\/div>\n                    <\/div>\n                <\/div>\n                <div class=\"text\">\n                    <div class=\"title\">Productos<\/div>\n                    <p>Encuentra tu m\u00e1quina de limpieza DEFINITIVA. Te guiaremos hacia la elecci\u00f3n perfecta.<\/p>\n                    <div class=\"btn\"><a href=\"\/products-innovations-solutions\/products\/\">Tu TASKI Definitivo<\/a><\/div>                <\/div>\n              <\/div>\n                          <\/div>\n            <div class=\"item taski-slide\">\n                            <div class=\"its-i\">\n                <div class=\"media-w\">\n                    <div class=\"image\">\n                      <div class=\"image-i\">\n                        <img decoding=\"async\" src=\"https:\/\/staging.taski.com\/wp-content\/uploads\/2020\/12\/financial-solutions-intro.jpg\" \/>\n                      <\/div>\n                    <\/div>\n                <\/div>\n                <div class=\"text\">\n                    <div class=\"title\">Soluciones financieras<\/div>\n                    <p>Una gama de opciones de financiaci\u00f3n flexibles que incluyen leasing, alquiler, pago por uso y m\u00e1quinas de segunda mano.<\/p>\n                    <div class=\"btn\"><a href=\"\/financial-solutions\/\">\u00bfQuieres descubrir m\u00e1s?<\/a><\/div>                <\/div>\n              <\/div>\n                          <\/div>\n            <div class=\"item taski-slide\">\n                            <div class=\"its-i\">\n                <div class=\"media-w\">\n                    <div class=\"image\">\n                      <div class=\"image-i\">\n                        <img decoding=\"async\" src=\"https:\/\/staging.taski.com\/wp-content\/uploads\/2020\/12\/virtual-floor-care-expert-1.jpg\" \/>\n                      <\/div>\n                    <\/div>\n                <\/div>\n                <div class=\"text\">\n                    <div class=\"title\">Servicio<\/div>\n                    <p>Los Paquetes de Servicio TASKI est\u00e1n dise\u00f1ados para garantizar un rendimiento \u00f3ptimo de la m\u00e1quina y ofrecer el coste total de propiedad (TCO) m\u00e1s bajo.<\/p>\n                    <div class=\"btn\"><a href=\"\/service\/\">Quieres saber m\u00e1s<\/a><\/div>                <\/div>\n              <\/div>\n                          <\/div>\n                    <\/div>\n\n        <div class=\"taski-carousel-navigation\">\n          <div class=\"nav-left\">\n            <a href=\"#\"><i class=\"fa fa-chevron-left\"><\/i><\/a>\n          <\/div>\n          <div class=\"nav-description\">\n\n          <\/div>\n          <div class=\"nav-right\">\n            <a href=\"#\"><i class=\"fa fa-chevron-right\"><\/i><\/a>\n          <\/div>\n        <\/div>\n       <\/div>\n      <\/div>\n   <\/div>\n  <\/div>\n  <div class=\"cl-fl\"><\/div>\n[\/vc_column][\/vc_row][vc_row css=\u00bb.vc_custom_1606750435278{padding-top: 90px !important;}\u00bb][vc_column]\n  <div class=\"page-description-block style-dark\">\n    <div class=\"page-description-block-i\">\n      <div class=\"row\">\n        <div class=\"page-description-content\">\n          <\/div><\/div><\/div><\/div><\/p>\n<h2><strong>Choosing a TASKI Machine<\/strong><\/h2>\n<p>Choosing your Ultimate cleaning machine.<br \/>\nBrowse our product pages or use our Selector to make the perfect choice.<\/p>\n        <\/div>\n      \n    \n  \n  <div class=\"cl-fl\"><\/div>\n[\/vc_column][\/vc_row][vc_row css=\u00bb.vc_custom_1606750505039{padding-top: 40px !important;padding-bottom: 40px !important;}\u00bb][vc_column]\n  <div class=\"three-cta-block\">\n    <div class=\"three-cta-block-i\">\n      <div class=\"row\">\n        <div class=\"three-cta-block-grid\">\n           <div class=\"three-cta-item\">\n            <div class=\"tci-i\">\n             <div class=\"tci-item-content\">\n                <h5>&lt;strong&gt;Elige tu M\u00e1quina&lt;\/strong&gt;<br \/>\nSelector TASKI<\/h5>\n                <a href=\"\/taski-selector\/\"><p>TASKI<br \/>\nSelector<\/p><\/a>\n             <\/div>\n            <\/div>\n           <\/div>\n           <div class=\"three-cta-item\">\n            <div class=\"tci-i\">\n             <div class=\"tci-item-content\">\n                <h5>&lt;strong&gt;Quieres &lt;\/strong&gt;<br \/>\nComprar<\/h5>\n                <a href=\"\/shop\/\"><p>Mi Tienda TASKI<\/p><\/a>\n             <\/div>\n            <\/div>\n           <\/div>\n           <div class=\"three-cta-item\">\n            <div class=\"tci-i\">\n             <div class=\"tci-item-content\">\n                <h5>&lt;strong&gt;Quieres&lt;\/strong&gt;<br \/>\nponerte en contacto<\/h5>\n                <a href=\"\/news-help-contacts\/ask-paul-contact\/\"><p>Cont\u00e1ctanos<\/p><\/a>\n             <\/div>\n            <\/div>\n           <\/div>\n        <\/div>\n      <\/div>\n    <\/div>\n  <\/div>\n  <div class=\"cl-fl\"><\/div>\n[\/vc_column][\/vc_row]\n","protected":false},"excerpt":{"rendered":"<p>[vc_row el_id=\u00bbmain-banner\u00bb][vc_column][\/vc_column][\/vc_row][vc_row][vc_column][\/page_description_block][\/vc_column][\/vc_row][vc_row css=\u00bb.vc_custom_1607451657985{padding-top: 90px !important;}\u00bb el_id=\u00bbfull-width-categories\u00bb][vc_column][\/vc_column][\/vc_row][vc_row css=\u00bb.vc_custom_1606750435278{padding-top: 90px !important;}\u00bb][vc_column][\/vc_column][\/vc_row][vc_row css=\u00bb.vc_custom_1606750505039{padding-top: 40px !important;padding-bottom: 40px !important;}\u00bb][vc_column][\/vc_column][\/vc_row]<\/p>\n","protected":false},"author":1,"featured_media":0,"parent":0,"menu_order":146,"comment_status":"closed","ping_status":"closed","template":"","meta":{"_acf_changed":false,"_seopress_robots_primary_cat":"","_seopress_titles_title":"","_seopress_titles_desc":"","_seopress_robots_index":"","inline_featured_image":false,"footnotes":""},"class_list":["post-7716","page","type-page","status-publish","hentry"],"acf":[],"_links":{"self":[{"href":"https:\/\/staging.taski.com\/es\/wp-json\/wp\/v2\/pages\/7716","targetHints":{"allow":["GET"]}}],"collection":[{"href":"https:\/\/staging.taski.com\/es\/wp-json\/wp\/v2\/pages"}],"about":[{"href":"https:\/\/staging.taski.com\/es\/wp-json\/wp\/v2\/types\/page"}],"author":[{"embeddable":true,"href":"https:\/\/staging.taski.com\/es\/wp-json\/wp\/v2\/users\/1"}],"replies":[{"embeddable":true,"href":"https:\/\/staging.taski.com\/es\/wp-json\/wp\/v2\/comments?post=7716"}],"version-history":[{"count":0,"href":"https:\/\/staging.taski.com\/es\/wp-json\/wp\/v2\/pages\/7716\/revisions"}],"wp:attachment":[{"href":"https:\/\/staging.taski.com\/es\/wp-json\/wp\/v2\/media?parent=7716"}],"curies":[{"name":"wp","href":"https:\/\/api.w.org\/{rel}","templated":true}]}}