{"id":7707,"date":"2020-11-30T16:15:23","date_gmt":"2020-11-30T16:15:23","guid":{"rendered":"https:\/\/taski.com\/por-que-taski\/sus-mercados-y-sectores\/gobierno-y-educacion\/"},"modified":"2021-07-13T09:41:21","modified_gmt":"2021-07-13T09:41:21","slug":"gobierno-y-educacion","status":"publish","type":"page","link":"https:\/\/staging.taski.com\/es\/por-que-taski\/sus-mercados-y-sectores\/gobierno-y-educacion\/","title":{"rendered":"Sector p\u00fablico y Educaci\u00f3n"},"content":{"rendered":"<div class=\"wpb-content-wrapper\"><p>[vc_row][vc_column]\n  <div class=\"page-intro-block size-fit-image style-dark font-large\">\n         <div class=\"page-intro-block-i\">\n      <div class=\"row\">\n        <div class=\"page-intro-content\">\n            <div class=\"title-block\">\n                                     <h2><span class=\"pt\">Sector p\u00fablico y Educaci\u00f3n<\/span>\u00bfNecesitas &lt;strong&gt;limpiar y mantener&lt;\/strong&gt; tus instalaciones de forma eficiente, pero tambi\u00e9n proteger &lt;strong&gt;la salud y la seguridad&lt;\/strong&gt; de la comunidad?<br \/>\nTASKI puede ayudar.<\/h2>\n                                                 <\/div>\n            <div class=\"page-intro-image\">\n                                <div class=\"page-intro-image-alt\">\n                    \n                    <img decoding=\"async\" src=\"https:\/\/staging.taski.com\/wp-content\/uploads\/2020\/11\/government-education.jpg\" alt=\"\" \/>\n\n                <\/div>\n            <\/div>\n        <\/div>\n      <\/div>\n\n\n    <\/div>\n  <\/div>\n  <div class=\"cl-fl\"><\/div>\n[\/vc_column][\/vc_row][vc_row css=\u00bb.vc_custom_1606587476742{padding-top: 80px !important;padding-bottom: 95px !important;}\u00bb][vc_column][vc_row_inner][vc_column_inner]\n  <div class=\"page-video-block\">\n    <div class=\"page-video-block-i\">\n      <div class=\"row\">\n        <div class=\"page-video-block-content\">\n            <div class=\"title-block\">\n                 <h2>\u00bfCu\u00e1les son tus desaf\u00edos prioritarios?<\/h2>\n            <\/div>\n            <div class=\"page-video-image\">\n                \n              <a href=\"#\" class=\"video-player-link\" data-video-id=\"485944650\" data-src=\"https:\/\/player.vimeo.com\/video\/485944650\">\n                <img decoding=\"async\" src=\"https:\/\/staging.taski.com\/wp-content\/uploads\/2021\/01\/GE-need-image.jpg\" alt=\"\u00bfCu\u00e1les son tus desaf\u00edos prioritarios? Image\" \/>\n\n     <div class=\"page-video-video-abs\"><div class=\"video-embed\"><iframe loading=\"lazy\" id=\"\" src=\"\" width=\"100%\" height=\"100%\" frameborder=\"0\" style=\"position:absolute;top:0;left:0;width:100%;height:100%;\"   allow=\"autoplay; fullscreen\" muted webkitallowfullscreen mozallowfullscreen allowfullscreen><\/iframe><\/div><\/div>              <\/a>\n            <\/div>\n        <\/div>\n      <\/div>\n\n\n    <\/div>\n  <\/div>\n  <div class=\"cl-fl\"><\/div>\n[\/vc_column_inner][\/vc_row_inner][\/vc_column][\/vc_row][vc_row][vc_column]\n  <div class=\"taski-carousel-block \" style=\"\">\n    <div class=\"taski-carousel-block-i\">\n\n      <div class=\"taski-carousel-title\"><p>Entendemos las necesidades de tu sector<\/p><\/div>\n      <div class=\"row\">\n       <div class=\"taski-carousel-holder\">\n        <div class=\"taski-carousel owl-carousel owl-theme\" id=\"taski-carousel\">\n                                    <div class=\"item taski-slide\">\n                            <div class=\"its-i\">\n                <div class=\"media-w\">\n                    <div class=\"image\">\n                      <div class=\"image-i\">\n                        <img decoding=\"async\" src=\"https:\/\/staging.taski.com\/wp-content\/uploads\/2020\/12\/sustainability.svg\" \/>\n                      <\/div>\n                    <\/div>\n                <\/div>\n                <div class=\"text\">\n                    <div class=\"title\">Sostenibilidad<\/div>\n                    <p>Reduce el consumo de energ\u00eda y agua hasta en un 76% para cumplir con tus objetivos de sostenibilidad y los de tus clientes. Echa un vistazo a nuestras &lt;strong&gt;soluciones inteligentes.&lt;\/strong&gt; Productos y tecnolog\u00edas para reducir la energ\u00eda, el agua, los productos qu\u00edmicos y los residuos.<\/p>\n                                    <\/div>\n              <\/div>\n                          <\/div>\n            <div class=\"item taski-slide\">\n                            <div class=\"its-i\">\n                <div class=\"media-w\">\n                    <div class=\"image\">\n                      <div class=\"image-i\">\n                        <img decoding=\"async\" src=\"https:\/\/staging.taski.com\/wp-content\/uploads\/2020\/12\/operational-efficiency.svg\" \/>\n                      <\/div>\n                    <\/div>\n                <\/div>\n                <div class=\"text\">\n                    <div class=\"title\">Eficiencia Operativa<\/div>\n                    <p>Aumenta la eficiencia operativa mediante la innovaci\u00f3n, la productividad superior y la gesti\u00f3n de la flota. Echa un vistazo a nuestras &lt;strong&gt;herramientas de telemetr\u00eda IntelliTrail y de gesti\u00f3n de flotas IntelliTrail Analytics.&lt;\/strong&gt;<\/p>\n                                    <\/div>\n              <\/div>\n                          <\/div>\n            <div class=\"item taski-slide\">\n                            <div class=\"its-i\">\n                <div class=\"media-w\">\n                    <div class=\"image\">\n                      <div class=\"image-i\">\n                        <img decoding=\"async\" src=\"https:\/\/staging.taski.com\/wp-content\/uploads\/2020\/12\/cost-control.svg\" \/>\n                      <\/div>\n                    <\/div>\n                <\/div>\n                <div class=\"text\">\n                    <div class=\"title\">Control de Costes<\/div>\n                    <p>Aumenta la eficiencia operativa mediante la innovaci\u00f3n, la productividad superior y la gesti\u00f3n de la flota. Echa un vistazo a nuestras flexibles opciones de &lt;strong&gt;financiaci\u00f3n y servicio&lt;\/strong&gt;, as\u00ed como a &lt;strong&gt;IntelliTrail .&lt;\/strong&gt;<\/p>\n                                    <\/div>\n              <\/div>\n                          <\/div>\n            <div class=\"item taski-slide\">\n                            <div class=\"its-i\">\n                <div class=\"media-w\">\n                    <div class=\"image\">\n                      <div class=\"image-i\">\n                        <img decoding=\"async\" src=\"https:\/\/staging.taski.com\/wp-content\/uploads\/2020\/12\/cost-control.svg\" \/>\n                      <\/div>\n                    <\/div>\n                <\/div>\n                <div class=\"text\">\n                    <div class=\"title\">Personas y Seguridad<\/div>\n                    <p>Protege a tu equipo y a la comunidad con una mejor calidad del aire, higiene y secado del suelo. Prueba &lt;strong&gt;IntelliSpray y los filtros HEPA&lt;\/strong&gt;. Dos actualizaciones con un gran impacto.<\/p>\n                                    <\/div>\n              <\/div>\n                          <\/div>\n            <div class=\"item taski-slide\">\n                            <div class=\"its-i\">\n                <div class=\"media-w\">\n                    <div class=\"image\">\n                      <div class=\"image-i\">\n                        <img decoding=\"async\" src=\"https:\/\/staging.taski.com\/wp-content\/uploads\/2020\/12\/asset-protection.svg\" \/>\n                      <\/div>\n                    <\/div>\n                <\/div>\n                <div class=\"text\">\n                    <div class=\"title\">Protecci\u00f3n de Activos<\/div>\n                    <p>Tu patrimonio es valioso, protege tus bienes mientras mejoras su apariencia. Las &lt;strong&gt;fregadoras secadoras TASKI swingo y las almohadillas diamantadas Twister&lt;\/strong&gt; ofrecen una limpieza insuperable en una sola pasada. Con o sin productos qu\u00edmicos.<\/p>\n                                    <\/div>\n              <\/div>\n                          <\/div>\n                    <\/div>\n\n        <div class=\"taski-carousel-navigation\">\n          <div class=\"nav-left\">\n            <a href=\"#\"><i class=\"fa fa-chevron-left\"><\/i><\/a>\n          <\/div>\n          <div class=\"nav-description\">\n\n          <\/div>\n          <div class=\"nav-right\">\n            <a href=\"#\"><i class=\"fa fa-chevron-right\"><\/i><\/a>\n          <\/div>\n        <\/div>\n       <\/div>\n      <\/div>\n   <\/div>\n  <\/div>\n  <div class=\"cl-fl\"><\/div>\n[\/vc_column][\/vc_row][vc_row css=\u00bb.vc_custom_1606653988515{padding-top: 80px !important;padding-bottom: 80px !important;background-color: #505050 !important;}\u00bb][vc_column][vc_row_inner][vc_column_inner]\n  <div class=\"testimonials-block\">\n    <div class=\"testimonials-block-i\">\n      <div class=\"row\">\n        <div class=\"title-block\">\n            <h2>Lo que dicen nuestros clientes<\/h2>\n        <\/div>\n\n        <div class=\"testimonials-grid\">\n           <div class=\"testimonial-item\">\n            <div class=\"ti-i\">\n             <img decoding=\"async\" src=\"https:\/\/staging.taski.com\/wp-content\/uploads\/2020\/11\/testimonial-1.jpg\" alt=\"Image\" \/>\n             <div class=\"test-item-content\">\n                <div class=\"test-item-title\">Una universidad alemana necesitaba responder a las presiones de sostenibilidad. &lt;strong&gt;Centr\u00e1ndose en la reducci\u00f3n del consumo de energ\u00eda y agua, TASKI pudo ayudar.&lt;\/strong&gt;<\/div>\n                <div class=\"test-item-text\"><p>\u201cUsando el Selector TASKI y la Caja de Herramientas de Diversey, incluso hemos podido mostrar cu\u00e1nta energ\u00eda y agua hemos ahorrado desde que nos cambiamos a las m\u00e1quinas TASKI y a las almohadillas Twister. Esto ayud\u00f3 a contribuir a nuestra reducci\u00f3n anual de la huella de carbono\u201d.<\/p><\/div>\n             <\/div>\n            <\/div>\n           <\/div>\n           <div class=\"testimonial-item\">\n            <div class=\"ti-i\">\n             <img decoding=\"async\" src=\"https:\/\/staging.taski.com\/wp-content\/uploads\/2020\/11\/testimonial-2.jpg\" alt=\"Image\" \/>\n             <div class=\"test-item-content\">\n                <div class=\"test-item-title\">En una de las instalaciones gubernamentales m\u00e1s antiguas de Londres, el verdadero reto era &lt;strong&gt;ofrecer un programa de limpieza para un edificio de cientos de a\u00f1os de antig\u00fcedad y de valor incalculable. &lt;\/strong&gt;<\/div>\n                <div class=\"test-item-text\"><p>\u201cSolo Diversey pudo darme la confianza de que nuestros prestigiosos edificios estaban en buenas manos. Sus expertos t\u00e9cnicos pudieron crear una soluci\u00f3n de productos qu\u00edmicos y m\u00e1quinas TASKI para mantener nuestros edificios sin riesgo de da\u00f1o o riesgo para el p\u00fablico. Con miles de personas visit\u00e1ndonos cada d\u00eda, esto era una cosa menos de la que preocuparse\u201d.<\/p><\/div>\n             <\/div>\n            <\/div>\n           <\/div>\n           <div class=\"testimonial-item\">\n            <div class=\"ti-i\">\n             <img decoding=\"async\" src=\"https:\/\/staging.taski.com\/wp-content\/uploads\/2020\/11\/testimonial-3.jpg\" alt=\"Image\" \/>\n             <div class=\"test-item-content\">\n                <div class=\"test-item-title\">Una escuela muy grande del centro de la ciudad ten\u00eda grandes problemas para mantener el personal. &lt;strong&gt;La mecanizaci\u00f3n de la limpieza estaba siendo un reto.&lt;\/strong&gt; Los operarios consideraban que las m\u00e1quinas anteriores, pesadas y dif\u00edciles de usar, no mejoraban su resultado.<\/div>\n                <div class=\"test-item-text\"><p>\u201cNuestro equipo adora sus nuevas m\u00e1quinas TASKI. Las encuentran f\u00e1ciles de usar y est\u00e1n felices de pasar de una m\u00e1quina a otra con los mismos controles. Llenar y vaciar el dep\u00f3sito ya no es algo que tengamos que recordarles \u201d.<\/p><\/div>\n             <\/div>\n            <\/div>\n           <\/div>\n\n        <\/div>\n\n      <\/div>\n    <\/div>\n  <\/div>\n  <div class=\"cl-fl\"><\/div>\n[\/vc_column_inner][\/vc_row_inner][\/vc_column][\/vc_row][vc_row][vc_column][vc_column_text]<\/p>\n<h3 style=\"text-align: center;\">Si desea mas informaci\u00f3n, contacte con su agente TASKI mas cercano<\/h3>\n<p>&nbsp;<\/p>\n<\/div>","protected":false},"excerpt":{"rendered":"<p>Soluciones de maquinaria TASKI que ayudan a cuidar de tu edificio a la vez que mantienen el p\u00fablico a salvo. <\/p>\n","protected":false},"author":1,"featured_media":52969,"parent":7685,"menu_order":616,"comment_status":"closed","ping_status":"closed","template":"","meta":{"_acf_changed":false,"_seopress_robots_primary_cat":"","_seopress_titles_title":"","_seopress_titles_desc":"","_seopress_robots_index":"","inline_featured_image":false,"footnotes":""},"class_list":["post-7707","page","type-page","status-publish","has-post-thumbnail","hentry"],"acf":[],"_links":{"self":[{"href":"https:\/\/staging.taski.com\/es\/wp-json\/wp\/v2\/pages\/7707","targetHints":{"allow":["GET"]}}],"collection":[{"href":"https:\/\/staging.taski.com\/es\/wp-json\/wp\/v2\/pages"}],"about":[{"href":"https:\/\/staging.taski.com\/es\/wp-json\/wp\/v2\/types\/page"}],"author":[{"embeddable":true,"href":"https:\/\/staging.taski.com\/es\/wp-json\/wp\/v2\/users\/1"}],"replies":[{"embeddable":true,"href":"https:\/\/staging.taski.com\/es\/wp-json\/wp\/v2\/comments?post=7707"}],"version-history":[{"count":0,"href":"https:\/\/staging.taski.com\/es\/wp-json\/wp\/v2\/pages\/7707\/revisions"}],"up":[{"embeddable":true,"href":"https:\/\/staging.taski.com\/es\/wp-json\/wp\/v2\/pages\/7685"}],"wp:featuredmedia":[{"embeddable":true,"href":"https:\/\/staging.taski.com\/es\/wp-json\/wp\/v2\/media\/52969"}],"wp:attachment":[{"href":"https:\/\/staging.taski.com\/es\/wp-json\/wp\/v2\/media?parent=7707"}],"curies":[{"name":"wp","href":"https:\/\/api.w.org\/{rel}","templated":true}]}}