{"id":7685,"date":"2020-11-30T09:06:53","date_gmt":"2020-11-30T09:06:53","guid":{"rendered":"https:\/\/taski.com\/por-que-taski\/sus-mercados-y-sectores\/"},"modified":"2022-09-15T09:06:02","modified_gmt":"2022-09-15T09:06:02","slug":"sus-mercados-y-sectores","status":"publish","type":"page","link":"https:\/\/staging.taski.com\/es\/por-que-taski\/sus-mercados-y-sectores\/","title":{"rendered":"Tus Mercados y Sectores"},"content":{"rendered":"<div class=\"wpb-content-wrapper\"><p>[vc_row][vc_column]\n  <div class=\"page-intro-block size-fit-image style-dark font-large\">\n         <div class=\"page-intro-block-i\">\n      <div class=\"row\">\n        <div class=\"page-intro-content\">\n            <div class=\"title-block\">\n                                     <h2>Hablamos &lt;strong&gt; el mismo idioma. &lt;\/strong&gt; Sea cual sea su sector, tenemos la &lt;strong&gt; soluci\u00f3n de limpieza para usted. &lt;\/strong&gt;<\/h2>\n                                                 <\/div>\n            <div class=\"page-intro-image\">\n                                <div class=\"page-intro-image-alt\">\n                    \n                    <img decoding=\"async\" src=\"https:\/\/staging.taski.com\/wp-content\/uploads\/2020\/11\/why-taski.jpg\" alt=\"\" \/>\n\n                <\/div>\n            <\/div>\n        <\/div>\n      <\/div>\n\n\n    <\/div>\n  <\/div>\n  <div class=\"cl-fl\"><\/div>\n[\/vc_column][\/vc_row][vc_row css=\u00bb.vc_custom_1606587476742{padding-top: 80px !important;padding-bottom: 95px !important;}\u00bb][vc_column][vc_row_inner][vc_column_inner]\n  <div class=\"categories-grid-block light grid-center contact-no\" style=\"\">\n    <div class=\"categories-grid-block-i\">\n      <div class=\"row\">\n       <div class=\"cat-grid-row\">\n        <div class=\"cat-intro-block\">\n          <p><strong> Usted espera<br \/>\nel mejor,<br \/>\n<\/strong> lo entregamos,<br \/>\nsea  cual sea tu sector.<\/p>\n\n\n\n        <\/div>\n        <div class=\"cat-grid-block\">\n            <div class=\"cat-grid\">\n                            <div class=\"cat-grid-item\">\n               <a href=\"https:\/\/staging.taski.com\/es\/por-que-taski\/sus-mercados-y-sectores\/gestion-de-instalaciones\/\">\n               <div class=\"cgi-i\">\n                <div class=\"front\"><img decoding=\"async\" src=\"https:\/\/staging.taski.com\/wp-content\/uploads\/2025\/02\/Backpack-vacuum-scaled-1-400x400.png\" \/><div class=\"desc\">Gesti\u00f3n de Instalaciones<\/div><\/div>\n                <div class=\"back\"><div class=\"desc\">Gesti\u00f3n de Instalaciones<div class=\"invisi\">Las soluciones de maquinaria de TASKI para el sector del FM y los servicios del sector de la construcci\u00f3n ofrecen eficiencia operativa y control de costes<\/div><\/div><\/div>\n               <\/div>\n               <\/a>\n              <\/div>\n                            <div class=\"cat-grid-item\">\n               <a href=\"https:\/\/staging.taski.com\/es\/por-que-taski\/sus-mercados-y-sectores\/venta-al-por-menor\/\">\n               <div class=\"cgi-i\">\n                <div class=\"front\"><img decoding=\"async\" src=\"https:\/\/staging.taski.com\/wp-content\/uploads\/2022\/11\/Retail-for-Wordpress-400x400.jpg\" \/><div class=\"desc\">Retail<\/div><\/div>\n                <div class=\"back\"><div class=\"desc\">Retail<div class=\"invisi\">Soluciones de maquinaria TASKI para el sector minorista que ofrecen una mejor experiencia para el cliente y un mayor control de los costes<\/div><\/div><\/div>\n               <\/div>\n               <\/a>\n              <\/div>\n                            <div class=\"cat-grid-item\">\n               <a href=\"https:\/\/staging.taski.com\/es\/por-que-taski\/sus-mercados-y-sectores\/sanidad-aguda\/\">\n               <div class=\"cgi-i\">\n                <div class=\"front\"><img decoding=\"async\" src=\"https:\/\/staging.taski.com\/wp-content\/uploads\/2020\/11\/healthcare-acute.jpg\" \/><div class=\"desc\">Hospitales<\/div><\/div>\n                <div class=\"back\"><div class=\"desc\">Hospitales<div class=\"invisi\">Soluciones de m\u00e1quinas TASKI que ofrecen prevenci\u00f3n de infecciones y seguridad para tus pacientes y la comunidad.<\/div><\/div><\/div>\n               <\/div>\n               <\/a>\n              <\/div>\n                            <div class=\"cat-grid-item\">\n               <a href=\"https:\/\/staging.taski.com\/es\/por-que-taski\/sus-mercados-y-sectores\/asistencia-sanitaria-de-larga-duracion\/\">\n               <div class=\"cgi-i\">\n                <div class=\"front\"><img decoding=\"async\" src=\"https:\/\/staging.taski.com\/wp-content\/uploads\/2021\/04\/HEALTHCARE_31_Vacuum_carpet-sq.jpg\" \/><div class=\"desc\">Residencias y centros socio sanitarios<\/div><\/div>\n                <div class=\"back\"><div class=\"desc\">Residencias y centros socio sanitarios<div class=\"invisi\">Soluciones de m\u00e1quinas TASKI pensando en tus residentes, para un mayor control de las infecciones y la seguridad en tu centro de cuidado a largo plazo.<\/div><\/div><\/div>\n               <\/div>\n               <\/a>\n              <\/div>\n                            <div class=\"cat-grid-item\">\n               <a href=\"https:\/\/staging.taski.com\/es\/por-que-taski\/sus-mercados-y-sectores\/hospitalidad\/\">\n               <div class=\"cgi-i\">\n                <div class=\"front\"><img decoding=\"async\" src=\"https:\/\/staging.taski.com\/wp-content\/uploads\/2025\/05\/HOSPITALITY_landscape-full-1-1-scaled-1-400x400.jpg\" \/><div class=\"desc\">Hoteles<\/div><\/div>\n                <div class=\"back\"><div class=\"desc\">Hoteles<div class=\"invisi\">Soluciones de m\u00e1quinas TASKI para mejorar la experiencia de los clientes y proteger tu marca.<\/div><\/div><\/div>\n               <\/div>\n               <\/a>\n              <\/div>\n                            <div class=\"cat-grid-item\">\n               <a href=\"https:\/\/staging.taski.com\/es\/por-que-taski\/sus-mercados-y-sectores\/servicio-de-comidas-catering-por-contrato\/\">\n               <div class=\"cgi-i\">\n                <div class=\"front\"><img decoding=\"async\" src=\"https:\/\/staging.taski.com\/wp-content\/uploads\/2025\/07\/Food-Service-400x400.png\" \/><div class=\"desc\">Restauraci\u00f3n \/ Catering<\/div><\/div>\n                <div class=\"back\"><div class=\"desc\">Restauraci\u00f3n \/ Catering<div class=\"invisi\">Soluciones de m\u00e1quinas TASKI que mantendr\u00e1n los m\u00e1s altos est\u00e1ndares de higiene e impresionar\u00e1n a tus comensales.<\/div><\/div><\/div>\n               <\/div>\n               <\/a>\n              <\/div>\n                            <div class=\"cat-grid-item\">\n               <a href=\"https:\/\/staging.taski.com\/es\/por-que-taski\/sus-mercados-y-sectores\/gobierno-y-educacion\/\">\n               <div class=\"cgi-i\">\n                <div class=\"front\"><img decoding=\"async\" src=\"https:\/\/staging.taski.com\/wp-content\/uploads\/2025\/05\/TASKI_ERGODISC-LR-08299-400x400.jpg\" \/><div class=\"desc\">Sector p\u00fablico y Educaci\u00f3n<\/div><\/div>\n                <div class=\"back\"><div class=\"desc\">Sector p\u00fablico y Educaci\u00f3n<div class=\"invisi\">Soluciones de maquinaria TASKI que ayudan a cuidar de tu edificio a la vez que mantienen el p\u00fablico a salvo. <\/div><\/div><\/div>\n               <\/div>\n               <\/a>\n              <\/div>\n                            <div class=\"cat-grid-item\">\n               <a href=\"https:\/\/staging.taski.com\/es\/por-que-taski\/sus-mercados-y-sectores\/transporte\/\">\n               <div class=\"cgi-i\">\n                <div class=\"front\"><img decoding=\"async\" src=\"https:\/\/staging.taski.com\/wp-content\/uploads\/2020\/11\/transports.jpg\" \/><div class=\"desc\">Transporte<\/div><\/div>\n                <div class=\"back\"><div class=\"desc\">Transporte<div class=\"invisi\">Las soluciones de maquinaria TASKI que ayudan a cuidar tu edificio, proteger tu marca y mantener al p\u00fablico a salvo. <\/div><\/div><\/div>\n               <\/div>\n               <\/a>\n              <\/div>\n                            <div class=\"cat-grid-item\">\n               <a href=\"https:\/\/staging.taski.com\/es\/por-que-taski\/sus-mercados-y-sectores\/almacenamiento-y-logistica\/\">\n               <div class=\"cgi-i\">\n                <div class=\"front\"><img decoding=\"async\" src=\"https:\/\/staging.taski.com\/wp-content\/uploads\/2025\/05\/Warehousing-Logistics-balimat-6500-400x400.jpg\" \/><div class=\"desc\">Almacenaje y Log\u00edstica<\/div><\/div>\n                <div class=\"back\"><div class=\"desc\">Almacenaje y Log\u00edstica<div class=\"invisi\">Las soluciones de maquinaria de TASKI minimizan las interrupciones en tu negocio y maximizan tu eficiencia<\/div><\/div><\/div>\n               <\/div>\n               <\/a>\n              <\/div>\n                            <div class=\"cat-grid-item\">\n               <a href=\"https:\/\/staging.taski.com\/es\/por-que-taski\/sus-mercados-y-sectores\/fabricacion\/\">\n               <div class=\"cgi-i\">\n                <div class=\"front\"><img decoding=\"async\" src=\"https:\/\/staging.taski.com\/wp-content\/uploads\/2020\/11\/manufacturing.jpg\" \/><div class=\"desc\">Fabricaci\u00f3n<\/div><\/div>\n                <div class=\"back\"><div class=\"desc\">Fabricaci\u00f3n<div class=\"invisi\">Las soluciones de maquinaria TASKI minimizan las interrupciones en tu negocio y ayudan a mantener los costes bajo control<\/div><\/div><\/div>\n               <\/div>\n               <\/a>\n              <\/div>\n              \n            <\/div>\n\n            <div class=\"cat-grid-contact\"><a href=\"\">Contacte con<br \/>Nosotros<\/a><\/div>\n\n        <\/div>\n       <\/div>\n\n\n      <\/div>\n\n   <\/div>\n  <\/div>\n  <div class=\"cl-fl\"><\/div>\n[\/vc_column_inner][\/vc_row_inner][\/vc_column][\/vc_row][vc_row css=\u00bb.vc_custom_1606301767295{padding-top: 170px !important;padding-bottom: 170px !important;background-color: #484848 !important;}\u00bb][vc_column][vc_row_inner][vc_column_inner][vc_raw_html el_class=\u00bboutro-block white\u00bb]PGgyPkN1YW5kbyBzZSB0cmF0YSBkZWwgbWVyY2FkbyBkZSBtYXF1aW5hcmlhLCBUQVNLSSBzZSBiZW5lZmljaWEgZGUgbGEgPHN0cm9uZz52aXNpw7NuIGUgaW50ZWxpZ2VuY2lhPC9zdHJvbmc+IHF1ZSB0aWVuZSBEaXZlcnNleS4gQ3VhbmRvIHV0aWxpemFzIHVuYQptw6FxdWluYSBUQVNLSSBlbiB0dXMgaW5zdGFsYWNpb25lcywKdMO6IHRhbWJpw6luIHRlIGJlbmVmaWNpYXMuPC9oMj4KPHA+PHN0cm9uZz5FbCDDiXhpdG8gZGUgbGFzIE3DoXF1aW5hcyBkZSBMaW1waWV6YTwvc3Ryb25nPjwvcD4KPHA+VG9kbyBsbyBxdWUgaGFjZSBUQVNLSSBlc3TDoSBpbXB1bHNhZG8gcG9yIGVsIGRlc2VvIGRlIGV4Y2VsZW5jaWEuIERlc2RlIGxhIHByaW1lcmEgY2hpc3BhIGRlIHVuYSBpZGVhLCBwYXNhbmRvIHBvciBlbCBlbWJ1ZG8gZGUgbGEgaW5ub3ZhY2nDs24geSBsb3MgcHJvY2Vzb3MgZGUgaW52ZXN0aWdhY2nDs24geSBkZXNhcnJvbGxvLCBoYXN0YSBsYSBmYWJyaWNhY2nDs24geSBlbnRyZWdhIGRlIG3DoXF1aW5hcywKaW5jdWxjYW1vcyBsYSBhbHRhIGNhbGlkYWQuPC9wPg==[\/vc_raw_html][\/vc_column_inner][\/vc_row_inner][\/vc_column][\/vc_row]<\/p>\n<\/div>","protected":false},"excerpt":{"rendered":"<p>[vc_row][vc_column][\/vc_column][\/vc_row][vc_row css=\u00bb.vc_custom_1606587476742{padding-top: 80px !important;padding-bottom: 95px !important;}\u00bb][vc_column][vc_row_inner][vc_column_inner][\/vc_column_inner][\/vc_row_inner][\/vc_column][\/vc_row][vc_row css=\u00bb.vc_custom_1606301767295{padding-top: 170px !important;padding-bottom: 170px !important;background-color: #484848 !important;}\u00bb][vc_column][vc_row_inner][vc_column_inner][vc_raw_html el_class=\u00bboutro-block white\u00bb]PGgyPkN1YW5kbyBzZSB0cmF0YSBkZWwgbWVyY2FkbyBkZSBtYXF1aW5hcmlhLCBUQVNLSSBzZSBiZW5lZmljaWEgZGUgbGEgPHN0cm9uZz52aXNpw7NuIGUgaW50ZWxpZ2VuY2lhPC9zdHJvbmc+IHF1ZSB0aWVuZSBEaXZlcnNleS4gQ3VhbmRvIHV0aWxpemFzIHVuYQptw6FxdWluYSBUQVNLSSBlbiB0dXMgaW5zdGFsYWNpb25lcywKdMO6IHRhbWJpw6luIHRlIGJlbmVmaWNpYXMuPC9oMj4KPHA+PHN0cm9uZz5FbCDDiXhpdG8gZGUgbGFzIE3DoXF1aW5hcyBkZSBMaW1waWV6YTwvc3Ryb25nPjwvcD4KPHA+VG9kbyBsbyBxdWUgaGFjZSBUQVNLSSBlc3TDoSBpbXB1bHNhZG8gcG9yIGVsIGRlc2VvIGRlIGV4Y2VsZW5jaWEuIERlc2RlIGxhIHByaW1lcmEgY2hpc3BhIGRlIHVuYSBpZGVhLCBwYXNhbmRvIHBvciBlbCBlbWJ1ZG8gZGUgbGEgaW5ub3ZhY2nDs24geSBsb3MgcHJvY2Vzb3MgZGUgaW52ZXN0aWdhY2nDs24geSBkZXNhcnJvbGxvLCBoYXN0YSBsYSBmYWJyaWNhY2nDs24geSBlbnRyZWdhIGRlIG3DoXF1aW5hcywKaW5jdWxjYW1vcyBsYSBhbHRhIGNhbGlkYWQuPC9wPg==[\/vc_raw_html][\/vc_column_inner][\/vc_row_inner][\/vc_column][\/vc_row]<\/p>\n","protected":false},"author":1,"featured_media":0,"parent":7675,"menu_order":501,"comment_status":"closed","ping_status":"closed","template":"","meta":{"_acf_changed":false,"_seopress_robots_primary_cat":"","_seopress_titles_title":"","_seopress_titles_desc":"","_seopress_robots_index":"","inline_featured_image":false,"footnotes":""},"class_list":["post-7685","page","type-page","status-publish","hentry"],"acf":[],"_links":{"self":[{"href":"https:\/\/staging.taski.com\/es\/wp-json\/wp\/v2\/pages\/7685","targetHints":{"allow":["GET"]}}],"collection":[{"href":"https:\/\/staging.taski.com\/es\/wp-json\/wp\/v2\/pages"}],"about":[{"href":"https:\/\/staging.taski.com\/es\/wp-json\/wp\/v2\/types\/page"}],"author":[{"embeddable":true,"href":"https:\/\/staging.taski.com\/es\/wp-json\/wp\/v2\/users\/1"}],"replies":[{"embeddable":true,"href":"https:\/\/staging.taski.com\/es\/wp-json\/wp\/v2\/comments?post=7685"}],"version-history":[{"count":0,"href":"https:\/\/staging.taski.com\/es\/wp-json\/wp\/v2\/pages\/7685\/revisions"}],"up":[{"embeddable":true,"href":"https:\/\/staging.taski.com\/es\/wp-json\/wp\/v2\/pages\/7675"}],"wp:attachment":[{"href":"https:\/\/staging.taski.com\/es\/wp-json\/wp\/v2\/media?parent=7685"}],"curies":[{"name":"wp","href":"https:\/\/api.w.org\/{rel}","templated":true}]}}