{"id":7680,"date":"2020-11-30T09:06:34","date_gmt":"2020-11-30T09:06:34","guid":{"rendered":"https:\/\/taski.com\/por-que-taski\/competencias-taski\/"},"modified":"2022-09-15T09:06:02","modified_gmt":"2022-09-15T09:06:02","slug":"competencias-taski","status":"publish","type":"page","link":"https:\/\/staging.taski.com\/es\/por-que-taski\/competencias-taski\/","title":{"rendered":"Competencias de TASKI"},"content":{"rendered":"<div class=\"wpb-content-wrapper\"><p>[vc_row][vc_column]\n  <div class=\"page-intro-block size-fit-image style-light font-large\">\n         <div class=\"page-intro-block-i\">\n      <div class=\"row\">\n        <div class=\"page-intro-content\">\n            <div class=\"title-block\">\n                                     <h2>\u00bfPor qu\u00e9 TASKI puede afirmar que<br \/>\nes el fabricante de<br \/>\n&lt;strong&gt;M\u00e1quinas de limpieza DEFINITIVAS?&lt;\/strong&gt;<\/h2>\n                                                 <\/div>\n            <div class=\"page-intro-image\">\n                                <div class=\"page-intro-image-alt\">\n                    \n                    <img decoding=\"async\" src=\"https:\/\/staging.taski.com\/wp-content\/uploads\/2020\/11\/Ultimate-Cleaning-Machines.jpg\" alt=\"\" \/>\n\n                <\/div>\n            <\/div>\n        <\/div>\n      <\/div>\n\n\n    <\/div>\n  <\/div>\n  <div class=\"cl-fl\"><\/div>\n[\/vc_column][\/vc_row][vc_row][vc_column]\n  <div class=\"page-description-block style-dark\">\n    <div class=\"page-description-block-i\">\n      <div class=\"row\">\n        <div class=\"page-description-content\">\n          <\/div><\/div><\/div><\/div><\/p>\n<h3> <strong> En un nivel\u2026<br \/>\n<\/strong> TASKI es una <strong> marca global <\/strong> l\u00edder en limpieza mec\u00e1nica. La reputaci\u00f3n de TASKI como una marca suiza <strong> brillantemente dise\u00f1ada <\/strong> es bien conocida. Nuestros productos est\u00e1n fabricados con componentes de calidad y <strong> dise\u00f1ados para durar. <\/strong><br \/>\nPero la verdad es m\u00e1s profunda que esto &#8230; <\/h3>\n<h3> El ADN de TASKI se resume mejor en <strong> 9 competencias b\u00e1sicas. <\/strong> <\/h3>\n<\/div>\n      \n    \n  \n  <div class=\"cl-fl\"><\/div>\n[\/vc_column][\/vc_row][vc_row css=\u00bb.vc_custom_1606748446025{padding-top: 90px !important;padding-bottom: 90px !important;}\u00bb][vc_column css=\u00bb.vc_custom_1606743732250{margin-top: 0px !important;margin-bottom: 0px !important;padding-top: 0px !important;padding-bottom: 0px !important;}\u00bb]\n  <div class=\"taski-carousel-block \" style=\"\">\n    <div class=\"taski-carousel-block-i\">\n\n      <div class=\"taski-carousel-title\"><p>Todo lo que hacemos est\u00e1 dise\u00f1ado para satisfacer tus necesidades<\/p><\/div>\n      <div class=\"row\">\n       <div class=\"taski-carousel-holder\">\n        <div class=\"taski-carousel owl-carousel owl-theme\" id=\"taski-carousel\">\n                                    <div class=\"item taski-slide\">\n                              <a class=\"video-play\" href=\"#\" data-src=\"https:\/\/player.vimeo.com\/video\/485889180\">\n                    <div class=\"media-w\">\n                        <div class=\"image\">\n                            <img decoding=\"async\" src=\"https:\/\/staging.taski.com\/wp-content\/uploads\/2020\/12\/Customer-market-insight.jpg\" \/>\n                        <\/div>\n                        <div class=\"video-embed\">\n                            <iframe loading=\"lazy\" id=\"\" src=\"\" width=\"100%\" height=\"100%\" frameborder=\"0\" style=\"position:absolute;top:0;left:0;width:100%;height:100%;\"   allow=\"autoplay; fullscreen\" muted webkitallowfullscreen mozallowfullscreen allowfullscreen><\/iframe>\n                        <\/div>\n                    <\/div>\n                <\/a>\n                    <div class=\"text\">\n                        <div class=\"title\">1. Conocimiento sobre el mercado y los clientes<\/div>\n                        <p>Nuestros clientes impulsan nuestro negocio, exigen lo mejor.<\/p>\n                        <div class=\"btn\"><a href=\"\/why-taski\/your-markets-sectors\/\">\u00bfQuieres saber m\u00e1s?<\/a><\/div>                    <\/div>\n                          <\/div>\n            <div class=\"item taski-slide\">\n                              <a class=\"video-play\" href=\"#\" data-src=\"https:\/\/player.vimeo.com\/video\/485889302\">\n                    <div class=\"media-w\">\n                        <div class=\"image\">\n                            <img decoding=\"async\" src=\"https:\/\/staging.taski.com\/wp-content\/uploads\/2020\/12\/2-innovation.jpg\" \/>\n                        <\/div>\n                        <div class=\"video-embed\">\n                            <iframe loading=\"lazy\" id=\"\" src=\"\" width=\"100%\" height=\"100%\" frameborder=\"0\" style=\"position:absolute;top:0;left:0;width:100%;height:100%;\"   allow=\"autoplay; fullscreen\" muted webkitallowfullscreen mozallowfullscreen allowfullscreen><\/iframe>\n                        <\/div>\n                    <\/div>\n                <\/a>\n                    <div class=\"text\">\n                        <div class=\"title\">2. Innovaci\u00f3n<\/div>\n                        <p>Nuestros dise\u00f1adores desaf\u00edan las convenciones, optimizan e innovan.<\/p>\n                        <div class=\"btn\"><a href=\"\/products-innovations-solutions\/innovations\/\">\u00bfQuieres saber m\u00e1s?<\/a><\/div>                    <\/div>\n                          <\/div>\n            <div class=\"item taski-slide\">\n                              <a class=\"video-play\" href=\"#\" data-src=\"https:\/\/player.vimeo.com\/video\/485889311\">\n                    <div class=\"media-w\">\n                        <div class=\"image\">\n                            <img decoding=\"async\" src=\"https:\/\/staging.taski.com\/wp-content\/uploads\/2021\/01\/Swingo-2100-image-scaled.jpg\" \/>\n                        <\/div>\n                        <div class=\"video-embed\">\n                            <iframe loading=\"lazy\" id=\"\" src=\"\" width=\"100%\" height=\"100%\" frameborder=\"0\" style=\"position:absolute;top:0;left:0;width:100%;height:100%;\"   allow=\"autoplay; fullscreen\" muted webkitallowfullscreen mozallowfullscreen allowfullscreen><\/iframe>\n                        <\/div>\n                    <\/div>\n                <\/a>\n                    <div class=\"text\">\n                        <div class=\"title\">3. Los mejores productos de su clase<\/div>\n                        <p>Construido con componentes de la m\u00e1s alta calidad para una excelente productividad y rendimiento de limpieza.<\/p>\n                        <div class=\"btn\"><a href=\"\/products-innovations-solutions\/products\/\">\u00bfQuieres saber m\u00e1s?<\/a><\/div>                    <\/div>\n                          <\/div>\n            <div class=\"item taski-slide\">\n                              <a class=\"video-play\" href=\"#\" data-src=\"https:\/\/player.vimeo.com\/video\/485889423\">\n                    <div class=\"media-w\">\n                        <div class=\"image\">\n                            <img decoding=\"async\" src=\"https:\/\/staging.taski.com\/wp-content\/uploads\/2020\/12\/expert-advice.jpg\" \/>\n                        <\/div>\n                        <div class=\"video-embed\">\n                            <iframe loading=\"lazy\" id=\"\" src=\"\" width=\"100%\" height=\"100%\" frameborder=\"0\" style=\"position:absolute;top:0;left:0;width:100%;height:100%;\"   allow=\"autoplay; fullscreen\" muted webkitallowfullscreen mozallowfullscreen allowfullscreen><\/iframe>\n                        <\/div>\n                    <\/div>\n                <\/a>\n                    <div class=\"text\">\n                        <div class=\"title\">4. Asesoramiento de expertos<\/div>\n                        <p>Adoptamos un enfoque consultivo.<\/p>\n                        <div class=\"btn\"><a href=\"\/expert-advice\/\">\u00bfQuieres saber m\u00e1s?<\/a><\/div>                    <\/div>\n                          <\/div>\n            <div class=\"item taski-slide\">\n                              <a class=\"video-play\" href=\"#\" data-src=\"https:\/\/player.vimeo.com\/video\/485889497\">\n                    <div class=\"media-w\">\n                        <div class=\"image\">\n                            <img decoding=\"async\" src=\"https:\/\/staging.taski.com\/wp-content\/uploads\/2020\/12\/cleaning-excellence.jpg\" \/>\n                        <\/div>\n                        <div class=\"video-embed\">\n                            <iframe loading=\"lazy\" id=\"\" src=\"\" width=\"100%\" height=\"100%\" frameborder=\"0\" style=\"position:absolute;top:0;left:0;width:100%;height:100%;\"   allow=\"autoplay; fullscreen\" muted webkitallowfullscreen mozallowfullscreen allowfullscreen><\/iframe>\n                        <\/div>\n                    <\/div>\n                <\/a>\n                    <div class=\"text\">\n                        <div class=\"title\">5. Excelencia en limpieza<\/div>\n                        <p>Si te tomas la limpieza en serio, elige TASKI.<\/p>\n                        <div class=\"btn\"><a href=\"\/products-innovations-solutions\/products\/\">\u00bfQuieres saber m\u00e1s?<\/a><\/div>                    <\/div>\n                          <\/div>\n            <div class=\"item taski-slide\">\n                              <a class=\"video-play\" href=\"#\" data-src=\"https:\/\/player.vimeo.com\/video\/485889571\">\n                    <div class=\"media-w\">\n                        <div class=\"image\">\n                            <img decoding=\"async\" src=\"https:\/\/staging.taski.com\/wp-content\/uploads\/2020\/12\/internet-of-clean.jpg\" \/>\n                        <\/div>\n                        <div class=\"video-embed\">\n                            <iframe loading=\"lazy\" id=\"\" src=\"\" width=\"100%\" height=\"100%\" frameborder=\"0\" style=\"position:absolute;top:0;left:0;width:100%;height:100%;\"   allow=\"autoplay; fullscreen\" muted webkitallowfullscreen mozallowfullscreen allowfullscreen><\/iframe>\n                        <\/div>\n                    <\/div>\n                <\/a>\n                    <div class=\"text\">\n                        <div class=\"title\">6. Limpieza en l\u00ednea<\/div>\n                        <p>Nadie ha hecho m\u00e1s por desarrollar la Limpieza en L\u00ednea que Diversey.<br \/>\nNadie ha conectado m\u00e1s dispositivos con datos inteligentes que TASKI.<\/p>\n                        <div class=\"btn\"><a href=\"\/products-innovations-solutions\/innovations\/\">\u00bfQuieres saber m\u00e1s?<\/a><\/div>                    <\/div>\n                          <\/div>\n            <div class=\"item taski-slide\">\n                              <a class=\"video-play\" href=\"#\" data-src=\"https:\/\/player.vimeo.com\/video\/485889628\">\n                    <div class=\"media-w\">\n                        <div class=\"image\">\n                            <img decoding=\"async\" src=\"https:\/\/staging.taski.com\/wp-content\/uploads\/2020\/12\/sutainability.jpg\" \/>\n                        <\/div>\n                        <div class=\"video-embed\">\n                            <iframe loading=\"lazy\" id=\"\" src=\"\" width=\"100%\" height=\"100%\" frameborder=\"0\" style=\"position:absolute;top:0;left:0;width:100%;height:100%;\"   allow=\"autoplay; fullscreen\" muted webkitallowfullscreen mozallowfullscreen allowfullscreen><\/iframe>\n                        <\/div>\n                    <\/div>\n                <\/a>\n                    <div class=\"text\">\n                        <div class=\"title\">7. Sostenibilidad<\/div>\n                        <p>La sostenibilidad no s\u00f3lo es verde, en TASKI es naranja. La sostenibilidad est\u00e1 en el centro de todo lo que hacemos.<\/p>\n                        <div class=\"btn\"><a href=\"\/why-taski\/about-taski\/sustainability\/\">\u00bfQuieres saber m\u00e1s?<\/a><\/div>                    <\/div>\n                          <\/div>\n            <div class=\"item taski-slide\">\n                              <a class=\"video-play\" href=\"#\" data-src=\"https:\/\/player.vimeo.com\/video\/485889651\">\n                    <div class=\"media-w\">\n                        <div class=\"image\">\n                            <img decoding=\"async\" src=\"https:\/\/staging.taski.com\/wp-content\/uploads\/2020\/12\/tco.jpg\" \/>\n                        <\/div>\n                        <div class=\"video-embed\">\n                            <iframe loading=\"lazy\" id=\"\" src=\"\" width=\"100%\" height=\"100%\" frameborder=\"0\" style=\"position:absolute;top:0;left:0;width:100%;height:100%;\"   allow=\"autoplay; fullscreen\" muted webkitallowfullscreen mozallowfullscreen allowfullscreen><\/iframe>\n                        <\/div>\n                    <\/div>\n                <\/a>\n                    <div class=\"text\">\n                        <div class=\"title\">8. TCO m\u00e1s bajo<\/div>\n                        <p>Te reducimos los costes en cada etapa de la propiedad.<\/p>\n                        <div class=\"btn\"><a href=\"\/taski-selector\/\">\u00bfQuieres saber m\u00e1s?<\/a><\/div>                    <\/div>\n                          <\/div>\n            <div class=\"item taski-slide\">\n                              <a class=\"video-play\" href=\"#\" data-src=\"https:\/\/player.vimeo.com\/video\/485889723\">\n                    <div class=\"media-w\">\n                        <div class=\"image\">\n                            <img decoding=\"async\" src=\"https:\/\/staging.taski.com\/wp-content\/uploads\/2021\/01\/ISS-Customer-Endorsement.jpg\" \/>\n                        <\/div>\n                        <div class=\"video-embed\">\n                            <iframe loading=\"lazy\" id=\"\" src=\"\" width=\"100%\" height=\"100%\" frameborder=\"0\" style=\"position:absolute;top:0;left:0;width:100%;height:100%;\"   allow=\"autoplay; fullscreen\" muted webkitallowfullscreen mozallowfullscreen allowfullscreen><\/iframe>\n                        <\/div>\n                    <\/div>\n                <\/a>\n                    <div class=\"text\">\n                        <div class=\"title\">9. Respaldo de los clientes<\/div>\n                        <p>El mejor aval son nuestros clientes felices y leales.<\/p>\n                        <div class=\"btn\"><a href=\"\/news-help-contacts\/\">\u00bfQuieres saber m\u00e1s?<\/a><\/div>                    <\/div>\n                          <\/div>\n                    <\/div>\n\n        <div class=\"taski-carousel-navigation\">\n          <div class=\"nav-left\">\n            <a href=\"#\"><i class=\"fa fa-chevron-left\"><\/i><\/a>\n          <\/div>\n          <div class=\"nav-description\">\n\n          <\/div>\n          <div class=\"nav-right\">\n            <a href=\"#\"><i class=\"fa fa-chevron-right\"><\/i><\/a>\n          <\/div>\n        <\/div>\n       <\/div>\n      <\/div>\n   <\/div>\n  <\/div>\n  <div class=\"cl-fl\"><\/div>\n[\/vc_column][\/vc_row][vc_row][vc_column]\n  <div class=\"three-cta-block\">\n    <div class=\"three-cta-block-i\">\n      <div class=\"row\">\n        <div class=\"three-cta-block-grid\">\n           <div class=\"three-cta-item\">\n            <div class=\"tci-i\">\n             <div class=\"tci-item-content\">\n                <h5>&lt;strong&gt;Consulta nuestras&lt;\/strong&gt;<br \/>\nSoluciones<br \/>\npara la industria<\/h5>\n                <a href=\"\/products-innovations-solutions\/\"><p>PRODUCTOS, SOLUCIONES <br \/> E INNOVACIONES <br \/><\/p><\/a>\n             <\/div>\n            <\/div>\n           <\/div>\n           <div class=\"three-cta-item\">\n            <div class=\"tci-i\">\n             <div class=\"tci-item-content\">\n                <h5>&lt;strong&gt;Consulta las \u00faltimas&lt;\/strong&gt;<br \/>\nInnovaciones<br \/>\nde TASKI<\/h5>\n                <a href=\"https:\/\/taski.com\/products-innovations-solutions\/innovations\/\"><p>Innovaciones de TASKI<\/p><\/a>\n             <\/div>\n            <\/div>\n           <\/div>\n           <div class=\"three-cta-item\">\n            <div class=\"tci-i\">\n             <div class=\"tci-item-content\">\n                <h5>&lt;strong&gt;Ponte en contacto&lt;\/strong&gt;<br \/>\ncon<br \/>\nnosotros<\/h5>\n                <a href=\"\/news-help-contacts\/ask-paul-contact\/\"><p>CONTACTO<br \/>EE.UU.<\/p><\/a>\n             <\/div>\n            <\/div>\n           <\/div>\n        <\/div>\n      <\/div>\n    <\/div>\n  <\/div>\n  <div class=\"cl-fl\"><\/div>\n[\/vc_column][\/vc_row]\n","protected":false},"excerpt":{"rendered":"<p>[vc_row][vc_column][\/vc_column][\/vc_row][vc_row][vc_column][\/vc_column][\/vc_row][vc_row css=\u00bb.vc_custom_1606748446025{padding-top: 90px !important;padding-bottom: 90px !important;}\u00bb][vc_column css=\u00bb.vc_custom_1606743732250{margin-top: 0px !important;margin-bottom: 0px !important;padding-top: 0px !important;padding-bottom: 0px !important;}\u00bb][\/vc_column][\/vc_row][vc_row][vc_column][\/vc_column][\/vc_row]<\/p>\n","protected":false},"author":1,"featured_media":0,"parent":7675,"menu_order":680,"comment_status":"closed","ping_status":"closed","template":"","meta":{"_acf_changed":false,"_seopress_robots_primary_cat":"","_seopress_titles_title":"","_seopress_titles_desc":"","_seopress_robots_index":"","inline_featured_image":false,"footnotes":""},"class_list":["post-7680","page","type-page","status-publish","hentry"],"acf":[],"_links":{"self":[{"href":"https:\/\/staging.taski.com\/es\/wp-json\/wp\/v2\/pages\/7680","targetHints":{"allow":["GET"]}}],"collection":[{"href":"https:\/\/staging.taski.com\/es\/wp-json\/wp\/v2\/pages"}],"about":[{"href":"https:\/\/staging.taski.com\/es\/wp-json\/wp\/v2\/types\/page"}],"author":[{"embeddable":true,"href":"https:\/\/staging.taski.com\/es\/wp-json\/wp\/v2\/users\/1"}],"replies":[{"embeddable":true,"href":"https:\/\/staging.taski.com\/es\/wp-json\/wp\/v2\/comments?post=7680"}],"version-history":[{"count":0,"href":"https:\/\/staging.taski.com\/es\/wp-json\/wp\/v2\/pages\/7680\/revisions"}],"up":[{"embeddable":true,"href":"https:\/\/staging.taski.com\/es\/wp-json\/wp\/v2\/pages\/7675"}],"wp:attachment":[{"href":"https:\/\/staging.taski.com\/es\/wp-json\/wp\/v2\/media?parent=7680"}],"curies":[{"name":"wp","href":"https:\/\/api.w.org\/{rel}","templated":true}]}}